{"id":7331,"date":"2023-10-06T10:12:26","date_gmt":"2023-10-06T10:12:26","guid":{"rendered":"https:\/\/archiveyourwords.com\/tilak\/?page_id=7331"},"modified":"2025-09-19T16:44:27","modified_gmt":"2025-09-19T16:44:27","slug":"biologisch-abbaubare-mulchfolie","status":"publish","type":"page","link":"https:\/\/tilakpolypack.com\/de\/biologisch-abbaubare-mulchfolie\/","title":{"rendered":"Biologisch abbaubare Mulchfolie"},"content":{"rendered":"<section class=\"wpb-content-wrapper\"><p>[vc_row][vc_column][vc_column_text css=&#8221;.vc_custom_1756109068312{padding-top: 20px !important;}&#8221;]<\/p>\n<h2>Biologisch abbaubare Mulchfolie<\/h2>\n<p>Tilak Polypack ist ein f\u00fchrender Hersteller von biologisch abbaubaren Mulchfolien und bietet eine Reihe von Merkmalen, die uns von anderen Unternehmen der Branche unterscheiden. Unser Herstellungsprozess gew\u00e4hrleistet die Produktion hochwertiger Mulchfolien, die sowohl effektiv als auch umweltfreundlich sind.<\/p>\n<p>Herk\u00f6mmliche PE-Mulchfolien m\u00fcssen nach der Ernte manuell eingesammelt werden, was eine sehr kostspielige und m\u00fchsame Aufgabe ist. Im Vergleich dazu k\u00f6nnen biologisch abbaubare Mulchfolien nach der Ernte in den Boden eingearbeitet werden. Die im Boden vorhandenen Mikroorganismen zersetzen die Folie. Dies hilft den Landwirten, Zeit und Geld zu sparen.[\/vc_column_text][vc_column_text]<\/p>\n<h2>Herstellung biologisch abbaubarer Kunststoff-Mulchfolie<\/h2>\n<p>Der Herstellungsprozess unserer biologisch abbaubaren <a href=\"https:\/\/tilakpolypack.com\/de\/kunststoff-mulchfolie\/\"><strong>Kunststoff-Mulchfolien<\/strong><\/a> umfasst die folgenden wesentlichen Schritte:<\/p>\n<ol>\n<li><b>Auswahl der Rohstoffe:<\/b>\u00a0Wir w\u00e4hlen sorgf\u00e4ltig biologisch abbaubare Polymere aus, die aus nachwachsenden Rohstoffen gewonnen werden.<\/li>\n<li><b>Folienextrusion:<\/b>\u00a0Die ausgew\u00e4hlten Rohstoffe werden in einer Folienextrusionsmaschine verarbeitet, wo sie geschmolzen und zu einer d\u00fcnnen, flexiblen Folie geformt werden. Diese Folie wird anschlie\u00dfend gek\u00fchlt und verfestigt, um die gew\u00fcnschte Dicke und Festigkeit zu erreichen.<\/li>\n<li><b>Zusatzstoffe:\u00a0<\/b>Diese Zusatzstoffe k\u00f6nnen UV-Stabilisatoren zum Schutz vor Sonneneinstrahlung sowie Farbstoffe zur leichteren Identifizierung und Unterscheidung enthalten.<\/li>\n<li><b>Bedruckung und Perforation<\/b>: Die Mulchfolien k\u00f6nnen individuell bedruckt werden, sodass Markenzeichen, Produktinformationen oder Anweisungen auf der Folie angebracht werden k\u00f6nnen. Eine Perforation sorgt f\u00fcr Wasser- und Luftdurchl\u00e4ssigkeit und f\u00f6rdert so ein gesundes Pflanzenwachstum.<\/li>\n<\/ol>\n<p>Tilak Polypack ist einer der weltweit f\u00fchrenden <a href=\"https:\/\/tilakpolypack.com\/de\/mulchfolie\/\"><strong>Hersteller und Lieferanten von BIOLOGISCH ABBAUBARER MULCHFOLIE<\/strong><\/a>. Mit Niederlassungen in L\u00e4ndern wie den USA, Singapur, Australien, Deutschland, Kanada, Neuseeland, Gro\u00dfbritannien, Irland, Schottland und Norwegen hat sich Tilak Polypack als zuverl\u00e4ssiger Anbieter von hochwertiger BIOLOGISCH ABBAUBARER MULCHFOLIE etabliert.[\/vc_column_text][vc_column_text]<\/p>\n<h2>Zu den Eigenschaften unserer biologisch abbaubaren Kunststoff-Mulchfolien geh\u00f6ren:<\/h2>\n<ol>\n<li>Biologisch abbaubare Mulchfolien weisen im Vergleich zu herk\u00f6mmlichen Folien eine h\u00f6here mechanische Festigkeit auf, sodass die Dicke reduziert werden kann, um die h\u00f6heren Rohstoffkosten auszugleichen.<\/li>\n<li>Unsere biologisch abbaubaren Mulchfolien erf\u00fcllen die Anforderungen der Normen ASTM D6400 und EN 13432.<\/li>\n<li>Unsere Mulchfolien sind so konzipiert, dass sie sich mit der Zeit auf nat\u00fcrliche Weise zersetzen und somit die Umweltbelastung im Vergleich zu herk\u00f6mmlichen Kunststoff-Mulchfolien reduzieren. Sie zerfallen in harmlose Substanzen und hinterlassen keine sch\u00e4dlichen R\u00fcckst\u00e4nde im Boden.<\/li>\n<li>Die Mulchfolien helfen dabei, die Feuchtigkeit im Boden zu halten, f\u00f6rdern ein optimales Pflanzenwachstum und reduzieren den Wasserbedarf.<\/li>\n<li>Die Folien tragen zur Regulierung der Bodentemperatur bei, indem sie in k\u00fchleren Perioden W\u00e4rme speichern und in w\u00e4rmeren Perioden \u00fcbersch\u00fcssige W\u00e4rme reflektieren.<\/li>\n<li>Haltbarkeit und Festigkeit: Obwohl unsere Mulchfolien biologisch abbaubar sind, sind sie dennoch haltbar und rei\u00dffest, sodass sie den harten Anforderungen der Landwirtschaft standhalten.<\/li>\n<\/ol>\n<p>Bei Tilak Polypack sind wir stolz darauf, f\u00fchrend in der Herstellung von <a href=\"https:\/\/tilakpolypack.com\/de\/biologisch-abbaubare-folien\/\"><strong>Biologisch abbaubare Folien <\/strong><\/a> zu sein. Unser Engagement f\u00fcr Qualit\u00e4t, Nachhaltigkeit und Innovation unterscheidet uns von anderen Unternehmen der Branche. Wir sind st\u00e4ndig bestrebt, unsere Produkte weiterzuentwickeln und zu verbessern, um den sich wandelnden Bed\u00fcrfnissen der Landwirte gerecht zu werden und zu einer gr\u00fcneren Zukunft beizutragen.[\/vc_column_text]<section class=\"ts-vc_cta3-container\"><div class=\"ts-vc_general ts-vc_cta3 ts-cta3-only ts-vc_cta3-style-classic ts-vc_cta3-shape-rounded ts-vc_cta3-align-left ts-vc_cta3-color-transparent ts-vc_cta3-icon-size-md ts-vc_cta3-actions-right vc_custom_1696679086816 ts-cta3-with-desc\"><div class=\"ts-vc_cta3_content-container\"><div class=\"ts-vc_cta3-content\"><div class=\"ts-vc_cta3-content-header ts-wrap\"><div class=\"ts-vc_cta3-headers ts-wrap-cell\"><\/div><\/div><div class=\"ts-cta3-content-wrapper\"><p>Please contact us on\u00a0<a href=\"tel:9227422544\">+91-9227422544<\/a>\u00a0or email us\u00a0<a href=\"mailto:info@tilakpolypack.com\">info@tilakpolypack.com<\/a>\u00a0for quotations or other details.<\/p><\/div><\/div><div class=\"ts-vc_cta3-actions\">\r\n\t\t<div class=\"ts-vc_btn3-container  popmake-8197 ts-vc_btn3-inline\"><a class=\"ts-vc_general ts-vc_btn3 ts-vc_btn3-size-md ts-vc_btn3-shape-rounded ts-vc_btn3-style-flat ts-vc_btn3-weight-yes ts-vc_btn3-color-skincolor\" href=\"\" title=\"\">send enquiry<\/a><\/div><\/div><\/div><\/div><\/section>[\/vc_column][\/vc_row]<\/p>\n<\/section>","protected":false},"excerpt":{"rendered":"<p>[vc_row][vc_column][vc_column_text css=&#8221;.vc_custom_1756109068312{padding-top: 20px !important;}&#8221;] Biologisch abbaubare Mulchfolie Tilak Polypack ist ein f\u00fchrender Hersteller von biologisch abbaubaren Mulchfolien und bietet eine Reihe von Merkmalen, die uns von anderen Unternehmen der Branche unterscheiden. Unser Herstellungsprozess gew\u00e4hrleistet die Produktion hochwertiger Mulchfolien, die sowohl effektiv als auch umweltfreundlich sind. Herk\u00f6mmliche PE-Mulchfolien m\u00fcssen nach der Ernte manuell eingesammelt werden, was &hellip; <a href=\"https:\/\/tilakpolypack.com\/de\/biologisch-abbaubare-mulchfolie\/\" class=\"more-link\">Continue reading <span class=\"screen-reader-text\">Biologisch abbaubare Mulchfolie<\/span><\/a><\/p>\n","protected":false},"author":1,"featured_media":732,"parent":0,"menu_order":0,"comment_status":"closed","ping_status":"closed","template":"","meta":{"_acf_changed":false,"om_disable_all_campaigns":false,"_monsterinsights_skip_tracking":false,"_monsterinsights_sitenote_active":false,"_monsterinsights_sitenote_note":"","_monsterinsights_sitenote_category":0,"_uf_show_specific_survey":0,"_uf_disable_surveys":false,"footnotes":""},"class_list":["post-7331","page","type-page","status-publish","has-post-thumbnail","hentry"],"acf":[],"yoast_head":"<!-- This site is optimized with the Yoast SEO plugin v22.3 - https:\/\/yoast.com\/wordpress\/plugins\/seo\/ -->\n<title>Hersteller und Lieferant von biologisch abbaubarer Kunststoffmulchfolie<\/title>\n<meta name=\"description\" content=\"Tilak Polypack bietet biologisch abbaubare Kunststoffmulchfolie an \u2013 umweltfreundlicher PE-Mulch von einem vertrauensw\u00fcrdigen Hersteller und Lieferanten.\" \/>\n<meta name=\"robots\" content=\"index, follow, max-snippet:-1, max-image-preview:large, max-video-preview:-1\" \/>\n<link rel=\"canonical\" href=\"https:\/\/tilakpolypack.com\/de\/biologisch-abbaubare-mulchfolie\/\" \/>\n<meta property=\"og:locale\" content=\"en_US\" \/>\n<meta property=\"og:type\" content=\"article\" \/>\n<meta property=\"og:title\" content=\"Hersteller und Lieferant von biologisch abbaubarer Kunststoffmulchfolie\" \/>\n<meta property=\"og:description\" content=\"Tilak Polypack bietet biologisch abbaubare Kunststoffmulchfolie an \u2013 umweltfreundlicher PE-Mulch von einem vertrauensw\u00fcrdigen Hersteller und Lieferanten.\" \/>\n<meta property=\"og:url\" content=\"https:\/\/tilakpolypack.com\/de\/biologisch-abbaubare-mulchfolie\/\" \/>\n<meta property=\"og:site_name\" content=\"Tilak Polypack\" \/>\n<meta property=\"article:modified_time\" content=\"2025-09-19T16:44:27+00:00\" \/>\n<meta property=\"og:image\" content=\"https:\/\/tilakpolypack.com\/de\/wp-content\/uploads\/2019\/01\/Biodegradable-mulch-film.jpg\" \/>\n\t<meta property=\"og:image:width\" content=\"760\" \/>\n\t<meta property=\"og:image:height\" content=\"510\" \/>\n\t<meta property=\"og:image:type\" content=\"image\/jpeg\" \/>\n<meta name=\"twitter:card\" content=\"summary_large_image\" \/>\n<meta name=\"twitter:label1\" content=\"Est. reading time\" \/>\n\t<meta name=\"twitter:data1\" content=\"3 minutes\" \/>\n<script type=\"application\/ld+json\" class=\"yoast-schema-graph\">{\"@context\":\"https:\/\/schema.org\",\"@graph\":[{\"@type\":\"WebPage\",\"@id\":\"https:\/\/tilakpolypack.com\/de\/biologisch-abbaubare-mulchfolie\/\",\"url\":\"https:\/\/tilakpolypack.com\/de\/biologisch-abbaubare-mulchfolie\/\",\"name\":\"Hersteller und Lieferant von biologisch abbaubarer Kunststoffmulchfolie\",\"isPartOf\":{\"@id\":\"https:\/\/tilakpolypack.com\/de\/#website\"},\"primaryImageOfPage\":{\"@id\":\"https:\/\/tilakpolypack.com\/de\/biologisch-abbaubare-mulchfolie\/#primaryimage\"},\"image\":{\"@id\":\"https:\/\/tilakpolypack.com\/de\/biologisch-abbaubare-mulchfolie\/#primaryimage\"},\"thumbnailUrl\":\"https:\/\/tilakpolypack.com\/de\/wp-content\/uploads\/2019\/01\/Biodegradable-mulch-film.jpg\",\"datePublished\":\"2023-10-06T10:12:26+00:00\",\"dateModified\":\"2025-09-19T16:44:27+00:00\",\"description\":\"Tilak Polypack bietet biologisch abbaubare Kunststoffmulchfolie an \u2013 umweltfreundlicher PE-Mulch von einem vertrauensw\u00fcrdigen Hersteller und Lieferanten.\",\"inLanguage\":\"en-US\",\"potentialAction\":[{\"@type\":\"ReadAction\",\"target\":[\"https:\/\/tilakpolypack.com\/de\/biologisch-abbaubare-mulchfolie\/\"]}]},{\"@type\":\"ImageObject\",\"inLanguage\":\"en-US\",\"@id\":\"https:\/\/tilakpolypack.com\/de\/biologisch-abbaubare-mulchfolie\/#primaryimage\",\"url\":\"https:\/\/tilakpolypack.com\/de\/wp-content\/uploads\/2019\/01\/Biodegradable-mulch-film.jpg\",\"contentUrl\":\"https:\/\/tilakpolypack.com\/de\/wp-content\/uploads\/2019\/01\/Biodegradable-mulch-film.jpg\",\"width\":760,\"height\":510,\"caption\":\"Biodegradable-mulch-film\"},{\"@type\":\"WebSite\",\"@id\":\"https:\/\/tilakpolypack.com\/de\/#website\",\"url\":\"https:\/\/tilakpolypack.com\/de\/\",\"name\":\"Tilak Polypack\",\"description\":\"\",\"potentialAction\":[{\"@type\":\"SearchAction\",\"target\":{\"@type\":\"EntryPoint\",\"urlTemplate\":\"https:\/\/tilakpolypack.com\/de\/?s={search_term_string}\"},\"query-input\":\"required name=search_term_string\"}],\"inLanguage\":\"en-US\"}]}<\/script>\n<!-- \/ Yoast SEO plugin. -->","yoast_head_json":{"title":"Hersteller und Lieferant von biologisch abbaubarer Kunststoffmulchfolie","description":"Tilak Polypack bietet biologisch abbaubare Kunststoffmulchfolie an \u2013 umweltfreundlicher PE-Mulch von einem vertrauensw\u00fcrdigen Hersteller und Lieferanten.","robots":{"index":"index","follow":"follow","max-snippet":"max-snippet:-1","max-image-preview":"max-image-preview:large","max-video-preview":"max-video-preview:-1"},"canonical":"https:\/\/tilakpolypack.com\/de\/biologisch-abbaubare-mulchfolie\/","og_locale":"en_US","og_type":"article","og_title":"Hersteller und Lieferant von biologisch abbaubarer Kunststoffmulchfolie","og_description":"Tilak Polypack bietet biologisch abbaubare Kunststoffmulchfolie an \u2013 umweltfreundlicher PE-Mulch von einem vertrauensw\u00fcrdigen Hersteller und Lieferanten.","og_url":"https:\/\/tilakpolypack.com\/de\/biologisch-abbaubare-mulchfolie\/","og_site_name":"Tilak Polypack","article_modified_time":"2025-09-19T16:44:27+00:00","og_image":[{"width":760,"height":510,"url":"https:\/\/tilakpolypack.com\/de\/wp-content\/uploads\/2019\/01\/Biodegradable-mulch-film.jpg","type":"image\/jpeg"}],"twitter_card":"summary_large_image","twitter_misc":{"Est. reading time":"3 minutes"},"schema":{"@context":"https:\/\/schema.org","@graph":[{"@type":"WebPage","@id":"https:\/\/tilakpolypack.com\/de\/biologisch-abbaubare-mulchfolie\/","url":"https:\/\/tilakpolypack.com\/de\/biologisch-abbaubare-mulchfolie\/","name":"Hersteller und Lieferant von biologisch abbaubarer Kunststoffmulchfolie","isPartOf":{"@id":"https:\/\/tilakpolypack.com\/de\/#website"},"primaryImageOfPage":{"@id":"https:\/\/tilakpolypack.com\/de\/biologisch-abbaubare-mulchfolie\/#primaryimage"},"image":{"@id":"https:\/\/tilakpolypack.com\/de\/biologisch-abbaubare-mulchfolie\/#primaryimage"},"thumbnailUrl":"https:\/\/tilakpolypack.com\/de\/wp-content\/uploads\/2019\/01\/Biodegradable-mulch-film.jpg","datePublished":"2023-10-06T10:12:26+00:00","dateModified":"2025-09-19T16:44:27+00:00","description":"Tilak Polypack bietet biologisch abbaubare Kunststoffmulchfolie an \u2013 umweltfreundlicher PE-Mulch von einem vertrauensw\u00fcrdigen Hersteller und Lieferanten.","inLanguage":"en-US","potentialAction":[{"@type":"ReadAction","target":["https:\/\/tilakpolypack.com\/de\/biologisch-abbaubare-mulchfolie\/"]}]},{"@type":"ImageObject","inLanguage":"en-US","@id":"https:\/\/tilakpolypack.com\/de\/biologisch-abbaubare-mulchfolie\/#primaryimage","url":"https:\/\/tilakpolypack.com\/de\/wp-content\/uploads\/2019\/01\/Biodegradable-mulch-film.jpg","contentUrl":"https:\/\/tilakpolypack.com\/de\/wp-content\/uploads\/2019\/01\/Biodegradable-mulch-film.jpg","width":760,"height":510,"caption":"Biodegradable-mulch-film"},{"@type":"WebSite","@id":"https:\/\/tilakpolypack.com\/de\/#website","url":"https:\/\/tilakpolypack.com\/de\/","name":"Tilak Polypack","description":"","potentialAction":[{"@type":"SearchAction","target":{"@type":"EntryPoint","urlTemplate":"https:\/\/tilakpolypack.com\/de\/?s={search_term_string}"},"query-input":"required name=search_term_string"}],"inLanguage":"en-US"}]}},"_links":{"self":[{"href":"https:\/\/tilakpolypack.com\/de\/wp-json\/wp\/v2\/pages\/7331","targetHints":{"allow":["GET"]}}],"collection":[{"href":"https:\/\/tilakpolypack.com\/de\/wp-json\/wp\/v2\/pages"}],"about":[{"href":"https:\/\/tilakpolypack.com\/de\/wp-json\/wp\/v2\/types\/page"}],"author":[{"embeddable":true,"href":"https:\/\/tilakpolypack.com\/de\/wp-json\/wp\/v2\/users\/1"}],"replies":[{"embeddable":true,"href":"https:\/\/tilakpolypack.com\/de\/wp-json\/wp\/v2\/comments?post=7331"}],"version-history":[{"count":4,"href":"https:\/\/tilakpolypack.com\/de\/wp-json\/wp\/v2\/pages\/7331\/revisions"}],"predecessor-version":[{"id":10272,"href":"https:\/\/tilakpolypack.com\/de\/wp-json\/wp\/v2\/pages\/7331\/revisions\/10272"}],"wp:featuredmedia":[{"embeddable":true,"href":"https:\/\/tilakpolypack.com\/de\/wp-json\/wp\/v2\/media\/732"}],"wp:attachment":[{"href":"https:\/\/tilakpolypack.com\/de\/wp-json\/wp\/v2\/media?parent=7331"}],"curies":[{"name":"wp","href":"https:\/\/api.w.org\/{rel}","templated":true}]}}