{"id":7327,"date":"2023-10-06T10:12:03","date_gmt":"2023-10-06T10:12:03","guid":{"rendered":"https:\/\/archiveyourwords.com\/tilak\/?page_id=7327"},"modified":"2025-09-19T17:23:11","modified_gmt":"2025-09-19T17:23:11","slug":"mulchfolie","status":"publish","type":"page","link":"https:\/\/tilakpolypack.com\/de\/mulchfolie\/","title":{"rendered":"Mulchfolie"},"content":{"rendered":"<section class=\"wpb-content-wrapper\"><p>[vc_row][vc_column][vc_column_text css=&#8221;.vc_custom_1756119766573{padding-top: 20px !important;}&#8221;]<\/p>\n<h2>Mulchfolie \u2013 Die Definition<\/h2>\n<p>The process where the soil is covered to help improve the crop is called mulching[\/vc_column_text][vc_column_text]<\/p>\n<h2>Mulchfolie \/ Mulchvlies<\/h2>\n<p>Mulchfolien werden auch als <strong><a href=\"https:\/\/tilakpolypack.com\/de\/landwirtschaftliche-folien\/\">Landwirtschaftsfolien<\/a><\/strong> bezeichnet. Die von uns angebotenen Landwirtschafts- oder Mulchfolien sind in verschiedenen Farben und St\u00e4rken erh\u00e4ltlich, je nach Kulturpflanze, Wetterbedingungen und Lebenszyklus des Produkts.<\/p>\n<p>Durchsichtige Kunststoff-Mulchfolie ist ideal, wenn Sie maximale und h\u00f6chste W\u00e4rmebedingungen f\u00fcr Ihre Pflanzen ben\u00f6tigen, w\u00e4hrend farbige Mulchfolie den Boden im Vergleich zu durchsichtiger Mulchfolie etwas weniger warm h\u00e4lt. Farbige Mulchfolie begrenzt daher das Wachstum von Unkraut, da sie das Eindringen von Licht in den Boden verhindert.[\/vc_column_text][vc_column_text]<\/p>\n<h2>Vorteile von Mulchfolie<\/h2>\n<p>Geringere Investitionen in Unkrautvernichtungsmittel:<\/p>\n<p>Unkraut ben\u00f6tigt Licht zum Wachsen. Eine farbige Mulchfolienrolle verhindert, dass Licht den Boden erreicht, wodurch die Anzahl der Unkr\u00e4uter reduziert wird. Dies kommt dem Landwirt zugute, da er weniger Unkrautvernichtungsmittel einsetzen muss.<\/p>\n<p>H\u00e4lt die Feuchtigkeit im Boden zur\u00fcck:<\/p>\n<p>Die meisten Nutzpflanzen ben\u00f6tigen nicht viel Wasser, um zu wachsen. Sie ben\u00f6tigen Feuchtigkeit. Die Verwendung von Plastikmulch hilft dabei, die Verdunstung des Wassers zu verhindern.<\/p>\n<p>Sie werden eine fr\u00fchere Ernte haben:<\/p>\n<p>Mit Hilfe dieser Mulchfolien ist eine fr\u00fchere Ernte m\u00f6glich, da die <a href=\"https:\/\/tilakpolypack.com\/de\/kunststoff-mulchfolie\/\"><strong>Kunststoff-Mulchfolie<\/strong><\/a> die Bodentemperatur erh\u00f6ht, wodurch das Wachstum der Pflanzen fr\u00fchzeitig gef\u00f6rdert wird, und au\u00dferdem die Kunststoff-Mulchfolie die Feuchtigkeit im Boden speichert.<\/p>\n<p>Einsatz von D\u00fcngemitteln<\/p>\n<p>Die D\u00fcngemittel werden am besten in Kombination mit Mulchfolien eingesetzt, um maximale Ertr\u00e4ge zu erzielen und ein optimales Wachstum von Nutzpflanzen und Plantagen zu gew\u00e4hrleisten.<\/p>\n<p>Wachstumssteigerung:<\/p>\n<p>Der mit Mulch bedeckte Teil des Bodens minimiert den Luftverlust, was sp\u00e4ter dem Wachstum zugute kommt, da weniger Luft entweichen kann und das erforderliche Kohlendioxid zur\u00fcckgehalten wird, wodurch es warm bleibt. Ein bekannter Name f\u00fcr diesen Prozess ist der Kamineffekt.<\/p>\n<p>Fr\u00fches und quantitativ st\u00e4rkeres Wachstum von Gem\u00fcse<\/p>\n<p>Mit Hilfe von Mulchfolien profitieren viele Gem\u00fcsesorten, darunter Tomaten, Gem\u00fcse, Paprika, Auberginen und viele andere \u00e4hnliche Pflanzen. Mit Mulchfolien kann man diese Gem\u00fcsesorten fr\u00fcher und in gr\u00f6\u00dferen Mengen anbauen.<\/p>\n<p>Tilak Polypack ist einer der weltweit f\u00fchrenden <a href=\"https:\/\/tilakpolypack.com\/de\/biologisch-abbaubare-mulchfolie\/\"><strong>Hersteller und Lieferanten von MULCHFILM<\/strong><\/a>. Mit Niederlassungen in L\u00e4ndern wie den USA, Singapur, Australien, Deutschland, Kanada, Neuseeland, Gro\u00dfbritannien, Irland, Schottland und Norwegen hat sich Tilak Polypack als zuverl\u00e4ssiger Anbieter von hochwertigem MULCHFILM etabliert.[\/vc_column_text][vc_column_text]<\/p>\n<h2>SPEZIFIKATIONEN DER MULCHFOLIE<\/h2>\n<table id=\"profile\" width=\"100%;\">\n<tbody>\n<tr>\n<th>Thickness<\/th>\n<th>Life<\/th>\n<th>Width Available<\/th>\n<th>Colours Available<\/th>\n<\/tr>\n<tr>\n<td>15 Micron-20 Micron<\/td>\n<td>Single Season Crop<\/td>\n<td>600 MM to 1800 MM<\/td>\n<td>Transparent, Black, White, Silver + Black, Red or as per customers requirement<\/td>\n<\/tr>\n<tr>\n<td>20 Micron-30 Micron<\/td>\n<td>2 or 3 Season Crops<\/td>\n<td>600 MM to 1800 MM<\/td>\n<td>Transparent, Black, White, Silver + Black, Red or as per customers requirement<\/td>\n<\/tr>\n<tr>\n<td>50 Micron Onwards<\/td>\n<td>Orchads for longer life<\/td>\n<td>600 MM to 1800 MM<\/td>\n<td>Transparent, Black, White, Silver + Black, Red or as per customers requirement<\/td>\n<\/tr>\n<\/tbody>\n<\/table>\n<p>[\/vc_column_text]<section class=\"ts-vc_cta3-container\"><div class=\"ts-vc_general ts-vc_cta3 ts-cta3-only ts-vc_cta3-style-classic ts-vc_cta3-shape-rounded ts-vc_cta3-align-left ts-vc_cta3-color-transparent ts-vc_cta3-icon-size-md ts-vc_cta3-actions-right vc_custom_1756119870169 ts-cta3-with-desc\"><div class=\"ts-vc_cta3_content-container\"><div class=\"ts-vc_cta3-content\"><div class=\"ts-vc_cta3-content-header ts-wrap\"><div class=\"ts-vc_cta3-headers ts-wrap-cell\"><\/div><\/div><div class=\"ts-cta3-content-wrapper\"><p>Bitte kontaktieren Sie uns unter <a href=\"tel:9227422544\">+91-9227422544<\/a> oder senden Sie uns eine E-Mail an <a href=\"mailto:info@tilakpolypack.com\">info@tilakpolypack.com<\/a>, um Angebote oder weitere Informationen zu erhalten.<\/p><\/div><\/div><div class=\"ts-vc_cta3-actions\">\r\n\t\t<div class=\"ts-vc_btn3-container  popmake-8197 ts-vc_btn3-inline\"><a class=\"ts-vc_general ts-vc_btn3 ts-vc_btn3-size-md ts-vc_btn3-shape-rounded ts-vc_btn3-style-flat ts-vc_btn3-weight-yes ts-vc_btn3-color-skincolor\" href=\"\" title=\"\">Anfrage senden<\/a><\/div><\/div><\/div><\/div><\/section>[\/vc_column][\/vc_row]<\/p>\n<\/section>","protected":false},"excerpt":{"rendered":"<p>[vc_row][vc_column][vc_column_text css=&#8221;.vc_custom_1756119766573{padding-top: 20px !important;}&#8221;] Mulchfolie \u2013 Die Definition The process where the soil is covered to help improve the crop is called mulching[\/vc_column_text][vc_column_text] Mulchfolie \/ Mulchvlies Mulchfolien werden auch als Landwirtschaftsfolien bezeichnet. Die von uns angebotenen Landwirtschafts- oder Mulchfolien sind in verschiedenen Farben und St\u00e4rken erh\u00e4ltlich, je nach Kulturpflanze, Wetterbedingungen und Lebenszyklus des Produkts. Durchsichtige &hellip; <a href=\"https:\/\/tilakpolypack.com\/de\/mulchfolie\/\" class=\"more-link\">Continue reading <span class=\"screen-reader-text\">Mulchfolie<\/span><\/a><\/p>\n","protected":false},"author":1,"featured_media":7960,"parent":0,"menu_order":0,"comment_status":"closed","ping_status":"closed","template":"","meta":{"_acf_changed":false,"om_disable_all_campaigns":false,"_monsterinsights_skip_tracking":false,"_monsterinsights_sitenote_active":false,"_monsterinsights_sitenote_note":"","_monsterinsights_sitenote_category":0,"_uf_show_specific_survey":0,"_uf_disable_surveys":false,"footnotes":""},"class_list":["post-7327","page","type-page","status-publish","has-post-thumbnail","hentry"],"acf":[],"yoast_head":"<!-- This site is optimized with the Yoast SEO plugin v22.3 - https:\/\/yoast.com\/wordpress\/plugins\/seo\/ -->\n<title>Mulchfolienlieferant | Farbige Mulchfolie<\/title>\n<meta name=\"description\" content=\"Hochwertige Mulchfolie f\u00fcr eine bessere Landwirtschaft: H\u00e4lt die Bodenfeuchtigkeit, blockiert Unkraut, reguliert die Temperatur und steigert den Ertrag.\" \/>\n<meta name=\"robots\" content=\"index, follow, max-snippet:-1, max-image-preview:large, max-video-preview:-1\" \/>\n<link rel=\"canonical\" href=\"https:\/\/tilakpolypack.com\/de\/mulchfolie\/\" \/>\n<meta property=\"og:locale\" content=\"en_US\" \/>\n<meta property=\"og:type\" content=\"article\" \/>\n<meta property=\"og:title\" content=\"Mulchfolienlieferant | Farbige Mulchfolie\" \/>\n<meta property=\"og:description\" content=\"Hochwertige Mulchfolie f\u00fcr eine bessere Landwirtschaft: H\u00e4lt die Bodenfeuchtigkeit, blockiert Unkraut, reguliert die Temperatur und steigert den Ertrag.\" \/>\n<meta property=\"og:url\" content=\"https:\/\/tilakpolypack.com\/de\/mulchfolie\/\" \/>\n<meta property=\"og:site_name\" content=\"Tilak Polypack\" \/>\n<meta property=\"article:modified_time\" content=\"2025-09-19T17:23:11+00:00\" \/>\n<meta property=\"og:image\" content=\"https:\/\/tilakpolypack.com\/de\/wp-content\/uploads\/2023\/10\/Mulch_Film_made-768x512-1.jpg\" \/>\n\t<meta property=\"og:image:width\" content=\"768\" \/>\n\t<meta property=\"og:image:height\" content=\"512\" \/>\n\t<meta property=\"og:image:type\" content=\"image\/jpeg\" \/>\n<meta name=\"twitter:card\" content=\"summary_large_image\" \/>\n<meta name=\"twitter:label1\" content=\"Est. reading time\" \/>\n\t<meta name=\"twitter:data1\" content=\"3 minutes\" \/>\n<script type=\"application\/ld+json\" class=\"yoast-schema-graph\">{\"@context\":\"https:\/\/schema.org\",\"@graph\":[{\"@type\":\"WebPage\",\"@id\":\"https:\/\/tilakpolypack.com\/de\/mulchfolie\/\",\"url\":\"https:\/\/tilakpolypack.com\/de\/mulchfolie\/\",\"name\":\"Mulchfolienlieferant | Farbige Mulchfolie\",\"isPartOf\":{\"@id\":\"https:\/\/tilakpolypack.com\/de\/#website\"},\"primaryImageOfPage\":{\"@id\":\"https:\/\/tilakpolypack.com\/de\/mulchfolie\/#primaryimage\"},\"image\":{\"@id\":\"https:\/\/tilakpolypack.com\/de\/mulchfolie\/#primaryimage\"},\"thumbnailUrl\":\"https:\/\/tilakpolypack.com\/de\/wp-content\/uploads\/2023\/10\/Mulch_Film_made-768x512-1.jpg\",\"datePublished\":\"2023-10-06T10:12:03+00:00\",\"dateModified\":\"2025-09-19T17:23:11+00:00\",\"description\":\"Hochwertige Mulchfolie f\u00fcr eine bessere Landwirtschaft: H\u00e4lt die Bodenfeuchtigkeit, blockiert Unkraut, reguliert die Temperatur und steigert den Ertrag.\",\"inLanguage\":\"en-US\",\"potentialAction\":[{\"@type\":\"ReadAction\",\"target\":[\"https:\/\/tilakpolypack.com\/de\/mulchfolie\/\"]}]},{\"@type\":\"ImageObject\",\"inLanguage\":\"en-US\",\"@id\":\"https:\/\/tilakpolypack.com\/de\/mulchfolie\/#primaryimage\",\"url\":\"https:\/\/tilakpolypack.com\/de\/wp-content\/uploads\/2023\/10\/Mulch_Film_made-768x512-1.jpg\",\"contentUrl\":\"https:\/\/tilakpolypack.com\/de\/wp-content\/uploads\/2023\/10\/Mulch_Film_made-768x512-1.jpg\",\"width\":768,\"height\":512},{\"@type\":\"WebSite\",\"@id\":\"https:\/\/tilakpolypack.com\/de\/#website\",\"url\":\"https:\/\/tilakpolypack.com\/de\/\",\"name\":\"Tilak Polypack\",\"description\":\"\",\"potentialAction\":[{\"@type\":\"SearchAction\",\"target\":{\"@type\":\"EntryPoint\",\"urlTemplate\":\"https:\/\/tilakpolypack.com\/de\/?s={search_term_string}\"},\"query-input\":\"required name=search_term_string\"}],\"inLanguage\":\"en-US\"}]}<\/script>\n<!-- \/ Yoast SEO plugin. -->","yoast_head_json":{"title":"Mulchfolienlieferant | Farbige Mulchfolie","description":"Hochwertige Mulchfolie f\u00fcr eine bessere Landwirtschaft: H\u00e4lt die Bodenfeuchtigkeit, blockiert Unkraut, reguliert die Temperatur und steigert den Ertrag.","robots":{"index":"index","follow":"follow","max-snippet":"max-snippet:-1","max-image-preview":"max-image-preview:large","max-video-preview":"max-video-preview:-1"},"canonical":"https:\/\/tilakpolypack.com\/de\/mulchfolie\/","og_locale":"en_US","og_type":"article","og_title":"Mulchfolienlieferant | Farbige Mulchfolie","og_description":"Hochwertige Mulchfolie f\u00fcr eine bessere Landwirtschaft: H\u00e4lt die Bodenfeuchtigkeit, blockiert Unkraut, reguliert die Temperatur und steigert den Ertrag.","og_url":"https:\/\/tilakpolypack.com\/de\/mulchfolie\/","og_site_name":"Tilak Polypack","article_modified_time":"2025-09-19T17:23:11+00:00","og_image":[{"width":768,"height":512,"url":"https:\/\/tilakpolypack.com\/de\/wp-content\/uploads\/2023\/10\/Mulch_Film_made-768x512-1.jpg","type":"image\/jpeg"}],"twitter_card":"summary_large_image","twitter_misc":{"Est. reading time":"3 minutes"},"schema":{"@context":"https:\/\/schema.org","@graph":[{"@type":"WebPage","@id":"https:\/\/tilakpolypack.com\/de\/mulchfolie\/","url":"https:\/\/tilakpolypack.com\/de\/mulchfolie\/","name":"Mulchfolienlieferant | Farbige Mulchfolie","isPartOf":{"@id":"https:\/\/tilakpolypack.com\/de\/#website"},"primaryImageOfPage":{"@id":"https:\/\/tilakpolypack.com\/de\/mulchfolie\/#primaryimage"},"image":{"@id":"https:\/\/tilakpolypack.com\/de\/mulchfolie\/#primaryimage"},"thumbnailUrl":"https:\/\/tilakpolypack.com\/de\/wp-content\/uploads\/2023\/10\/Mulch_Film_made-768x512-1.jpg","datePublished":"2023-10-06T10:12:03+00:00","dateModified":"2025-09-19T17:23:11+00:00","description":"Hochwertige Mulchfolie f\u00fcr eine bessere Landwirtschaft: H\u00e4lt die Bodenfeuchtigkeit, blockiert Unkraut, reguliert die Temperatur und steigert den Ertrag.","inLanguage":"en-US","potentialAction":[{"@type":"ReadAction","target":["https:\/\/tilakpolypack.com\/de\/mulchfolie\/"]}]},{"@type":"ImageObject","inLanguage":"en-US","@id":"https:\/\/tilakpolypack.com\/de\/mulchfolie\/#primaryimage","url":"https:\/\/tilakpolypack.com\/de\/wp-content\/uploads\/2023\/10\/Mulch_Film_made-768x512-1.jpg","contentUrl":"https:\/\/tilakpolypack.com\/de\/wp-content\/uploads\/2023\/10\/Mulch_Film_made-768x512-1.jpg","width":768,"height":512},{"@type":"WebSite","@id":"https:\/\/tilakpolypack.com\/de\/#website","url":"https:\/\/tilakpolypack.com\/de\/","name":"Tilak Polypack","description":"","potentialAction":[{"@type":"SearchAction","target":{"@type":"EntryPoint","urlTemplate":"https:\/\/tilakpolypack.com\/de\/?s={search_term_string}"},"query-input":"required name=search_term_string"}],"inLanguage":"en-US"}]}},"_links":{"self":[{"href":"https:\/\/tilakpolypack.com\/de\/wp-json\/wp\/v2\/pages\/7327","targetHints":{"allow":["GET"]}}],"collection":[{"href":"https:\/\/tilakpolypack.com\/de\/wp-json\/wp\/v2\/pages"}],"about":[{"href":"https:\/\/tilakpolypack.com\/de\/wp-json\/wp\/v2\/types\/page"}],"author":[{"embeddable":true,"href":"https:\/\/tilakpolypack.com\/de\/wp-json\/wp\/v2\/users\/1"}],"replies":[{"embeddable":true,"href":"https:\/\/tilakpolypack.com\/de\/wp-json\/wp\/v2\/comments?post=7327"}],"version-history":[{"count":5,"href":"https:\/\/tilakpolypack.com\/de\/wp-json\/wp\/v2\/pages\/7327\/revisions"}],"predecessor-version":[{"id":10283,"href":"https:\/\/tilakpolypack.com\/de\/wp-json\/wp\/v2\/pages\/7327\/revisions\/10283"}],"wp:featuredmedia":[{"embeddable":true,"href":"https:\/\/tilakpolypack.com\/de\/wp-json\/wp\/v2\/media\/7960"}],"wp:attachment":[{"href":"https:\/\/tilakpolypack.com\/de\/wp-json\/wp\/v2\/media?parent=7327"}],"curies":[{"name":"wp","href":"https:\/\/api.w.org\/{rel}","templated":true}]}}