{"id":7326,"date":"2023-10-06T10:11:50","date_gmt":"2023-10-06T10:11:50","guid":{"rendered":"https:\/\/archiveyourwords.com\/tilak\/?page_id=7326"},"modified":"2025-09-19T17:14:12","modified_gmt":"2025-09-19T17:14:12","slug":"niedrige-tunnelfolie","status":"publish","type":"page","link":"https:\/\/tilakpolypack.com\/de\/niedrige-tunnelfolie\/","title":{"rendered":"Niedrige Tunnelfolie"},"content":{"rendered":"<section class=\"wpb-content-wrapper\"><p>[vc_row][vc_column][vc_column_text css=&#8221;.vc_custom_1758301678112{padding-top: 20px !important;}&#8221;]<\/p>\n<h2>Niedrige Tunnel-Kunststofffolie<\/h2>\n<p>Niedriggew\u00e4chshaus-Kunststofffolien sind d\u00fcnne Kunststoffabdeckungen, die f\u00fcr landwirtschaftliche Anwendungen entwickelt wurden, insbesondere f\u00fcr die Errichtung von Niedriggew\u00e4chsh\u00e4usern zum Schutz von Nutzpflanzen. Diese Folien sind leicht und flexibel, sodass sie sich einfach anbringen und entfernen lassen.<\/p>\n<p>Sie bieten einen Schutz vor widrigen Wetterbedingungen, Sch\u00e4dlingen und Krankheiten und schaffen gleichzeitig ein Mikroklima, das das Pflanzenwachstum f\u00f6rdert.<\/p>\n<p>Bei diesem Verfahren wird die <a href=\"https:\/\/tilakpolypack.com\/de\/kunststoff-mulchfolie\/\"><strong>Kunststoff-Mulchfolie<\/strong><\/a>\u00a0\u00fcber eine Reihe von St\u00fctzen oder Reifen gespannt, um eine tunnelartige Struktur zu bilden, die die darunter liegenden Pflanzen wirksam abschirmt. Niedrige Tunnel-Kunststofffolien sind eine kosteng\u00fcnstige L\u00f6sung, um die Vegetationsperiode zu verl\u00e4ngern, den Ertrag und die Qualit\u00e4t der Pflanzen zu verbessern und die Ressourcennutzung in der Landwirtschaft zu optimieren.<\/p>\n<p>Landwirte und Z\u00fcchter setzen sie h\u00e4ufig ein, um empfindliche Pflanzen zu sch\u00fctzen, die Vegetationsperiode zu verl\u00e4ngern und insgesamt bessere Ernteertr\u00e4ge zu erzielen.[\/vc_column_text][vc_column_text]<\/p>\n<h2>Herstellung von Kunststoff-Tunneln f\u00fcr den Anbau<\/h2>\n<p>Tilak Polypack ist ein f\u00fchrender Hersteller von hochwertigen, niedrigen Tunnelkunststoffen f\u00fcr landwirtschaftliche Anwendungen. Unser fortschrittlicher Herstellungsprozess gew\u00e4hrleistet die Produktion von langlebigen Folien mit optimalen Eigenschaften.<\/p>\n<p>Unsere Low-Tunnel-Kunststofffolien werden mithilfe pr\u00e4ziser Extrusionstechnologie hergestellt, wobei die Materialien sorgf\u00e4ltig gemischt werden, um Festigkeit, Flexibilit\u00e4t und UV-Best\u00e4ndigkeit zu erzielen. Die <a href=\"https:\/\/tilakpolypack.com\/de\/mulchfolie\/\"><strong>Farbige Mulchfolie <\/strong><\/a>bieten eine hervorragende Haltbarkeit, halten den Au\u00dfenbedingungen stand und sch\u00fctzen die Pflanzen. Sie lassen ausreichend Licht durch, um ein gesundes Pflanzenwachstum zu gew\u00e4hrleisten, und sind UV-stabilisiert, um einer Zersetzung durch Sonnenlicht zu widerstehen. Mit ihrer hohen Rei\u00dffestigkeit bieten unsere Folien einen zuverl\u00e4ssigen Schutz der Pflanzen vor Umwelteinfl\u00fcssen.<\/p>\n<p>Die Low-Tunnel-Kunststofffolie von Tilak Polypack ist leicht, einfach zu installieren und zu entfernen und bietet Vielseitigkeit f\u00fcr verschiedene Low-Tunnel-Konstruktionen und Anbauarten. Wir legen Wert auf Qualit\u00e4tssicherung und bieten Anpassungsm\u00f6glichkeiten, um spezifischen Anforderungen gerecht zu werden. P\u00fcnktliche Lieferung, wettbewerbsf\u00e4hige Preise und ein Fokus auf Kundenzufriedenheit heben uns von anderen Anbietern in der Branche ab.<\/p>\n<p>Tilak Polypack ist einer der weltweit f\u00fchrenden <a href=\"https:\/\/tilakpolypack.com\/de\/landwirtschaftliche-folien\/\"><strong>Hersteller und Lieferanten von LOW TUNNEL FILM<\/strong><\/a>. Mit Niederlassungen in L\u00e4ndern wie den USA, Singapur, Australien, Deutschland, Kanada, Neuseeland, Gro\u00dfbritannien, Irland, Schottland und Norwegen hat sich Tilak Polypack als zuverl\u00e4ssiger Anbieter von hochwertigem LOW TUNNEL FILM etabliert.<\/p>\n<ul>\n<li>Low Tunnel Films hilft beim Schutz vor Klimaschwankungen<\/li>\n<li>Hilft beim Schutz vor Insekten<\/li>\n<li>Verk\u00fcrzt die Reifezeit der Pflanzen<\/li>\n<li>Reduziert Temperaturschwankungen zwischen Tag und Nacht (sehr n\u00fctzlich unter extremen Bedingungen)<\/li>\n<li>Verf\u00fcgbare Dicke: 50 \u2013 150 Mikrometer oder gem\u00e4\u00df Ihren Anforderungen<\/li>\n<li>Verf\u00fcgbare Breiten: 1 Meter bis 4,5 Meter<\/li>\n<li>Verf\u00fcgbare Farben: Klar oder Gelblich<\/li>\n<li>Zusatzstoffe: Anti-Beschlag, Lichtstreuung.<\/li>\n<\/ul>\n<p>[\/vc_column_text]<section class=\"ts-vc_cta3-container\"><div class=\"ts-vc_general ts-vc_cta3 ts-cta3-only ts-vc_cta3-style-classic ts-vc_cta3-shape-rounded ts-vc_cta3-align-left ts-vc_cta3-color-transparent ts-vc_cta3-icon-size-md ts-vc_cta3-actions-right vc_custom_1756121669408 ts-cta3-with-desc\"><div class=\"ts-vc_cta3_content-container\"><div class=\"ts-vc_cta3-content\"><div class=\"ts-vc_cta3-content-header ts-wrap\"><div class=\"ts-vc_cta3-headers ts-wrap-cell\"><\/div><\/div><div class=\"ts-cta3-content-wrapper\"><p>Bitte kontaktieren Sie uns unter <a href=\"tel:9227422544\">+91-9227422544<\/a> oder senden Sie uns eine E-Mail an <a href=\"mailto:info@tilakpolypack.com\">info@tilakpolypack.com<\/a>, um Angebote oder weitere Informationen zu erhalten.<\/p><\/div><\/div><div class=\"ts-vc_cta3-actions\">\r\n\t\t<div class=\"ts-vc_btn3-container  popmake-8197 ts-vc_btn3-inline\"><a class=\"ts-vc_general ts-vc_btn3 ts-vc_btn3-size-md ts-vc_btn3-shape-rounded ts-vc_btn3-style-flat ts-vc_btn3-weight-yes ts-vc_btn3-color-skincolor\" href=\"\" title=\"\">Anfrage senden<\/a><\/div><\/div><\/div><\/div><\/section>[\/vc_column][\/vc_row]<\/p>\n<\/section>","protected":false},"excerpt":{"rendered":"<p>[vc_row][vc_column][vc_column_text css=&#8221;.vc_custom_1758301678112{padding-top: 20px !important;}&#8221;] Niedrige Tunnel-Kunststofffolie Niedriggew\u00e4chshaus-Kunststofffolien sind d\u00fcnne Kunststoffabdeckungen, die f\u00fcr landwirtschaftliche Anwendungen entwickelt wurden, insbesondere f\u00fcr die Errichtung von Niedriggew\u00e4chsh\u00e4usern zum Schutz von Nutzpflanzen. Diese Folien sind leicht und flexibel, sodass sie sich einfach anbringen und entfernen lassen. Sie bieten einen Schutz vor widrigen Wetterbedingungen, Sch\u00e4dlingen und Krankheiten und schaffen gleichzeitig ein Mikroklima, &hellip; <a href=\"https:\/\/tilakpolypack.com\/de\/niedrige-tunnelfolie\/\" class=\"more-link\">Continue reading <span class=\"screen-reader-text\">Niedrige Tunnelfolie<\/span><\/a><\/p>\n","protected":false},"author":1,"featured_media":729,"parent":0,"menu_order":0,"comment_status":"closed","ping_status":"closed","template":"","meta":{"_acf_changed":false,"om_disable_all_campaigns":false,"_monsterinsights_skip_tracking":false,"_monsterinsights_sitenote_active":false,"_monsterinsights_sitenote_note":"","_monsterinsights_sitenote_category":0,"_uf_show_specific_survey":0,"_uf_disable_surveys":false,"footnotes":""},"class_list":["post-7326","page","type-page","status-publish","has-post-thumbnail","hentry"],"acf":[],"yoast_head":"<!-- This site is optimized with the Yoast SEO plugin v22.3 - https:\/\/yoast.com\/wordpress\/plugins\/seo\/ -->\n<title>Langlebige Niedrigtunnelfolien f\u00fcr die Landwirtschaft<\/title>\n<meta name=\"description\" content=\"Nachhaltige Tunnelfolien von Tilak Polypack. Sch\u00fctzen Sie Ihre Pflanzen auf nat\u00fcrliche Weise, sparen Sie Wasser, reduzieren Sie den Pestizideinsatz.\" \/>\n<meta name=\"robots\" content=\"index, follow, max-snippet:-1, max-image-preview:large, max-video-preview:-1\" \/>\n<link rel=\"canonical\" href=\"https:\/\/tilakpolypack.com\/de\/niedrige-tunnelfolie\/\" \/>\n<meta property=\"og:locale\" content=\"en_US\" \/>\n<meta property=\"og:type\" content=\"article\" \/>\n<meta property=\"og:title\" content=\"Langlebige Niedrigtunnelfolien f\u00fcr die Landwirtschaft\" \/>\n<meta property=\"og:description\" content=\"Nachhaltige Tunnelfolien von Tilak Polypack. Sch\u00fctzen Sie Ihre Pflanzen auf nat\u00fcrliche Weise, sparen Sie Wasser, reduzieren Sie den Pestizideinsatz.\" \/>\n<meta property=\"og:url\" content=\"https:\/\/tilakpolypack.com\/de\/niedrige-tunnelfolie\/\" \/>\n<meta property=\"og:site_name\" content=\"Tilak Polypack\" \/>\n<meta property=\"article:modified_time\" content=\"2025-09-19T17:14:12+00:00\" \/>\n<meta property=\"og:image\" content=\"https:\/\/tilakpolypack.com\/de\/wp-content\/uploads\/2019\/01\/Low-Tunnel-Film.jpg\" \/>\n\t<meta property=\"og:image:width\" content=\"760\" \/>\n\t<meta property=\"og:image:height\" content=\"510\" \/>\n\t<meta property=\"og:image:type\" content=\"image\/jpeg\" \/>\n<meta name=\"twitter:card\" content=\"summary_large_image\" \/>\n<meta name=\"twitter:label1\" content=\"Est. reading time\" \/>\n\t<meta name=\"twitter:data1\" content=\"3 minutes\" \/>\n<script type=\"application\/ld+json\" class=\"yoast-schema-graph\">{\"@context\":\"https:\/\/schema.org\",\"@graph\":[{\"@type\":\"WebPage\",\"@id\":\"https:\/\/tilakpolypack.com\/de\/niedrige-tunnelfolie\/\",\"url\":\"https:\/\/tilakpolypack.com\/de\/niedrige-tunnelfolie\/\",\"name\":\"Langlebige Niedrigtunnelfolien f\u00fcr die Landwirtschaft\",\"isPartOf\":{\"@id\":\"https:\/\/tilakpolypack.com\/de\/#website\"},\"primaryImageOfPage\":{\"@id\":\"https:\/\/tilakpolypack.com\/de\/niedrige-tunnelfolie\/#primaryimage\"},\"image\":{\"@id\":\"https:\/\/tilakpolypack.com\/de\/niedrige-tunnelfolie\/#primaryimage\"},\"thumbnailUrl\":\"https:\/\/tilakpolypack.com\/de\/wp-content\/uploads\/2019\/01\/Low-Tunnel-Film.jpg\",\"datePublished\":\"2023-10-06T10:11:50+00:00\",\"dateModified\":\"2025-09-19T17:14:12+00:00\",\"description\":\"Nachhaltige Tunnelfolien von Tilak Polypack. Sch\u00fctzen Sie Ihre Pflanzen auf nat\u00fcrliche Weise, sparen Sie Wasser, reduzieren Sie den Pestizideinsatz.\",\"inLanguage\":\"en-US\",\"potentialAction\":[{\"@type\":\"ReadAction\",\"target\":[\"https:\/\/tilakpolypack.com\/de\/niedrige-tunnelfolie\/\"]}]},{\"@type\":\"ImageObject\",\"inLanguage\":\"en-US\",\"@id\":\"https:\/\/tilakpolypack.com\/de\/niedrige-tunnelfolie\/#primaryimage\",\"url\":\"https:\/\/tilakpolypack.com\/de\/wp-content\/uploads\/2019\/01\/Low-Tunnel-Film.jpg\",\"contentUrl\":\"https:\/\/tilakpolypack.com\/de\/wp-content\/uploads\/2019\/01\/Low-Tunnel-Film.jpg\",\"width\":760,\"height\":510},{\"@type\":\"WebSite\",\"@id\":\"https:\/\/tilakpolypack.com\/de\/#website\",\"url\":\"https:\/\/tilakpolypack.com\/de\/\",\"name\":\"Tilak Polypack\",\"description\":\"\",\"potentialAction\":[{\"@type\":\"SearchAction\",\"target\":{\"@type\":\"EntryPoint\",\"urlTemplate\":\"https:\/\/tilakpolypack.com\/de\/?s={search_term_string}\"},\"query-input\":\"required name=search_term_string\"}],\"inLanguage\":\"en-US\"}]}<\/script>\n<!-- \/ Yoast SEO plugin. -->","yoast_head_json":{"title":"Langlebige Niedrigtunnelfolien f\u00fcr die Landwirtschaft","description":"Nachhaltige Tunnelfolien von Tilak Polypack. Sch\u00fctzen Sie Ihre Pflanzen auf nat\u00fcrliche Weise, sparen Sie Wasser, reduzieren Sie den Pestizideinsatz.","robots":{"index":"index","follow":"follow","max-snippet":"max-snippet:-1","max-image-preview":"max-image-preview:large","max-video-preview":"max-video-preview:-1"},"canonical":"https:\/\/tilakpolypack.com\/de\/niedrige-tunnelfolie\/","og_locale":"en_US","og_type":"article","og_title":"Langlebige Niedrigtunnelfolien f\u00fcr die Landwirtschaft","og_description":"Nachhaltige Tunnelfolien von Tilak Polypack. Sch\u00fctzen Sie Ihre Pflanzen auf nat\u00fcrliche Weise, sparen Sie Wasser, reduzieren Sie den Pestizideinsatz.","og_url":"https:\/\/tilakpolypack.com\/de\/niedrige-tunnelfolie\/","og_site_name":"Tilak Polypack","article_modified_time":"2025-09-19T17:14:12+00:00","og_image":[{"width":760,"height":510,"url":"https:\/\/tilakpolypack.com\/de\/wp-content\/uploads\/2019\/01\/Low-Tunnel-Film.jpg","type":"image\/jpeg"}],"twitter_card":"summary_large_image","twitter_misc":{"Est. reading time":"3 minutes"},"schema":{"@context":"https:\/\/schema.org","@graph":[{"@type":"WebPage","@id":"https:\/\/tilakpolypack.com\/de\/niedrige-tunnelfolie\/","url":"https:\/\/tilakpolypack.com\/de\/niedrige-tunnelfolie\/","name":"Langlebige Niedrigtunnelfolien f\u00fcr die Landwirtschaft","isPartOf":{"@id":"https:\/\/tilakpolypack.com\/de\/#website"},"primaryImageOfPage":{"@id":"https:\/\/tilakpolypack.com\/de\/niedrige-tunnelfolie\/#primaryimage"},"image":{"@id":"https:\/\/tilakpolypack.com\/de\/niedrige-tunnelfolie\/#primaryimage"},"thumbnailUrl":"https:\/\/tilakpolypack.com\/de\/wp-content\/uploads\/2019\/01\/Low-Tunnel-Film.jpg","datePublished":"2023-10-06T10:11:50+00:00","dateModified":"2025-09-19T17:14:12+00:00","description":"Nachhaltige Tunnelfolien von Tilak Polypack. Sch\u00fctzen Sie Ihre Pflanzen auf nat\u00fcrliche Weise, sparen Sie Wasser, reduzieren Sie den Pestizideinsatz.","inLanguage":"en-US","potentialAction":[{"@type":"ReadAction","target":["https:\/\/tilakpolypack.com\/de\/niedrige-tunnelfolie\/"]}]},{"@type":"ImageObject","inLanguage":"en-US","@id":"https:\/\/tilakpolypack.com\/de\/niedrige-tunnelfolie\/#primaryimage","url":"https:\/\/tilakpolypack.com\/de\/wp-content\/uploads\/2019\/01\/Low-Tunnel-Film.jpg","contentUrl":"https:\/\/tilakpolypack.com\/de\/wp-content\/uploads\/2019\/01\/Low-Tunnel-Film.jpg","width":760,"height":510},{"@type":"WebSite","@id":"https:\/\/tilakpolypack.com\/de\/#website","url":"https:\/\/tilakpolypack.com\/de\/","name":"Tilak Polypack","description":"","potentialAction":[{"@type":"SearchAction","target":{"@type":"EntryPoint","urlTemplate":"https:\/\/tilakpolypack.com\/de\/?s={search_term_string}"},"query-input":"required name=search_term_string"}],"inLanguage":"en-US"}]}},"_links":{"self":[{"href":"https:\/\/tilakpolypack.com\/de\/wp-json\/wp\/v2\/pages\/7326","targetHints":{"allow":["GET"]}}],"collection":[{"href":"https:\/\/tilakpolypack.com\/de\/wp-json\/wp\/v2\/pages"}],"about":[{"href":"https:\/\/tilakpolypack.com\/de\/wp-json\/wp\/v2\/types\/page"}],"author":[{"embeddable":true,"href":"https:\/\/tilakpolypack.com\/de\/wp-json\/wp\/v2\/users\/1"}],"replies":[{"embeddable":true,"href":"https:\/\/tilakpolypack.com\/de\/wp-json\/wp\/v2\/comments?post=7326"}],"version-history":[{"count":5,"href":"https:\/\/tilakpolypack.com\/de\/wp-json\/wp\/v2\/pages\/7326\/revisions"}],"predecessor-version":[{"id":10279,"href":"https:\/\/tilakpolypack.com\/de\/wp-json\/wp\/v2\/pages\/7326\/revisions\/10279"}],"wp:featuredmedia":[{"embeddable":true,"href":"https:\/\/tilakpolypack.com\/de\/wp-json\/wp\/v2\/media\/729"}],"wp:attachment":[{"href":"https:\/\/tilakpolypack.com\/de\/wp-json\/wp\/v2\/media?parent=7326"}],"curies":[{"name":"wp","href":"https:\/\/api.w.org\/{rel}","templated":true}]}}