{"id":7325,"date":"2023-10-06T10:11:41","date_gmt":"2023-10-06T10:11:41","guid":{"rendered":"https:\/\/archiveyourwords.com\/tilak\/?page_id=7325"},"modified":"2025-09-19T17:19:10","modified_gmt":"2025-09-19T17:19:10","slug":"kunststoff-mulchfolie","status":"publish","type":"page","link":"https:\/\/tilakpolypack.com\/de\/kunststoff-mulchfolie\/","title":{"rendered":"Kunststoff-Mulchfolie"},"content":{"rendered":"<section class=\"wpb-content-wrapper\"><p>[vc_row][vc_column][vc_column_text css=&#8221;.vc_custom_1758302113212{padding-top: 20px !important;}&#8221;]<a href=\"https:\/\/tilakpolypack.com\/de\/mulchfolie\/\"><strong>Kunststoff-Mulchfolien<\/strong><\/a> bieten eine Reihe von Vorteilen in der Landwirtschaft. Sie dienen als Schutzschicht, die das Wachstum von Unkraut verhindert, Feuchtigkeit speichert und die Bodentemperatur reguliert.<\/p>\n<p>Die Folien werden durch Extrudieren von Kunststoff zu d\u00fcnnen Platten hergestellt, anschlie\u00dfend zugeschnitten und zu praktischen Gr\u00f6\u00dfen aufgerollt. Die Kunststoff-Mulchfolien sind auf Langlebigkeit und UV-Best\u00e4ndigkeit ausgelegt und gew\u00e4hrleisten eine dauerhafte Leistungsf\u00e4higkeit unter verschiedenen Wetterbedingungen.<\/p>\n<p>Sie lassen sich leicht auf die Bodenoberfl\u00e4che auftragen und bilden eine Barriere, die das Pflanzenwachstum f\u00f6rdert und den Bedarf an chemischen Unkrautbek\u00e4mpfungsmitteln minimiert. Die Folien tragen auch zu einem besseren Wassermanagement bei, indem sie die Verdunstung reduzieren und Bodenerosion verhindern.<\/p>\n<p>Dar\u00fcber hinaus tragen Kunststoff-Mulchfolien zur Optimierung der Bodentemperatur bei und schaffen so ein g\u00fcnstiges Umfeld f\u00fcr das Pflanzenwachstum und eine fr\u00fche Reifung. Dank ihrer Vielseitigkeit und Wirksamkeit sind Kunststoff-Mulchfolien zu einem unverzichtbaren Hilfsmittel f\u00fcr die moderne Landwirtschaft geworden.[\/vc_column_text][vc_column_text]<\/p>\n<h2>Hersteller von Kunststoffmulch<\/h2>\n<p>[\/vc_column_text][vc_column_text]Bei Tilak Polypack sind wir auf die Herstellung hochwertiger <a href=\"https:\/\/tilakpolypack.com\/de\/niedrige-tunnelfolie\/\"><strong>Kunststofffolie mit niedrigem Tunnel <\/strong><\/a> spezialisiert, die sich durch au\u00dfergew\u00f6hnliche Leistungsf\u00e4higkeit in der Landwirtschaft auszeichnen. Bei unserem Herstellungsprozess wird hochwertiger Kunststoff zu d\u00fcnnen Folien extrudiert, die anschlie\u00dfend sorgf\u00e4ltig zugeschnitten und zu praktischen Gr\u00f6\u00dfen gerollt werden, die sich zum Auslegen auf der Bodenoberfl\u00e4che eignen. Die Kunststoffmulchfolie ist strapazierf\u00e4hig, rei\u00dffest und UV-stabilisiert und gew\u00e4hrleistet so einen lang anhaltenden Schutz f\u00fcr Ihre Pflanzen.<\/p>\n<p>Eines der Hauptmerkmale unserer Kunststoffmulchfolie ist ihre hervorragende Unkrautbek\u00e4mpfungsf\u00e4higkeit. Die Mulchfolie wirkt als Barriere, verhindert das Wachstum von Unkraut und minimiert die Konkurrenz um N\u00e4hrstoffe und Wasser mit Ihren Nutzpflanzen. Dies f\u00fchrt zu ges\u00fcnderen und ertragreicheren Pflanzen.<\/p>\n<p>Unser Kunststoffmulch tr\u00e4gt auch zur Feuchtigkeitsspeicherung bei, indem er die Verdunstung aus dem Boden reduziert. Dies hilft, den Feuchtigkeitsgehalt insbesondere in trockenen und ariden Klimazonen aufrechtzuerhalten, was ein optimales Pflanzenwachstum f\u00f6rdert und den Bedarf an h\u00e4ufiger Bew\u00e4sserung verringert.<\/p>\n<p>Dar\u00fcber hinaus spielt unsere Kunststofffolie eine entscheidende Rolle bei der Regulierung der Bodentemperatur. Durch die Abdeckung der Bodenoberfl\u00e4che tr\u00e4gt sie zur W\u00e4rmespeicherung bei und schafft so ein g\u00fcnstiges Mikroklima f\u00fcr das fr\u00fche Wachstum und die Entwicklung der Pflanzen. Au\u00dferdem sch\u00fctzt sie vor Temperaturschwankungen, die f\u00fcr empfindliche Kulturen sch\u00e4dlich sein k\u00f6nnen.<\/p>\n<p>Tilak Polypack ist einer der weltweit f\u00fchrenden Hersteller und Lieferanten von PLASTIK-MULCHFOLIE. Mit Niederlassungen in L\u00e4ndern wie den USA, Singapur, Australien, Deutschland, Kanada, Neuseeland, Gro\u00dfbritannien, Irland, Schottland und Norwegen hat sich Tilak Polypack als zuverl\u00e4ssiger Anbieter von hochwertiger PLASTIK-MULCHFOLIE etabliert.[\/vc_column_text][vc_column_text]<\/p>\n<h2>Landwirtschaftliche Mulchfolie\/-bahn<\/h2>\n<p>[\/vc_column_text][vc_column_text]Der Einsatz von <a href=\"https:\/\/tilakpolypack.com\/de\/landwirtschaftliche-folien\/\"><strong>landwirtschaftlichen Mulchfolien<\/strong><\/a> wird f\u00fcr Landwirte auf der ganzen Welt immer wichtiger, um:<\/p>\n<ul>\n<li>Erh\u00f6hung der Bodentemperatur<\/li>\n<li>Beschleunigen Sie die Keimung und den Anbauzyklus.<\/li>\n<li>Reduzieren oder vollst\u00e4ndig vermeiden Sie den Einsatz von Herbiziden und Pestiziden.<\/li>\n<li>Wasserverbrauch reduzieren<\/li>\n<li>Halten Sie D\u00fcngemittel und N\u00e4hrstoffe n\u00e4her an der Pflanze.<\/li>\n<li>Verhindern Sie den direkten Kontakt von Obst und Gem\u00fcse mit dem Boden.<\/li>\n<\/ul>\n<h4>Dicke:<\/h4>\n<ul>\n<li>15 Mikron \u2013 Einmalige Ernte<\/li>\n<li>25 oder 30 Mikron \u2013 Zwei- bis dreij\u00e4hrige Kulturpflanze<\/li>\n<li>50 Micron \u2013 Orchards<\/li>\n<li>Breiten: 600 mm bis 1800 mm<\/li>\n<li>Farben: Standard sind Silber + Schwarz, nur Schwarz, Rot + Schwarz, Wei\u00df + Schwarz, Natur.<\/li>\n<\/ul>\n<p>[\/vc_column_text]<section class=\"ts-vc_cta3-container\"><div class=\"ts-vc_general ts-vc_cta3 ts-cta3-only ts-vc_cta3-style-classic ts-vc_cta3-shape-rounded ts-vc_cta3-align-left ts-vc_cta3-color-transparent ts-vc_cta3-icon-size-md ts-vc_cta3-actions-right vc_custom_1756125690309 ts-cta3-with-desc\"><div class=\"ts-vc_cta3_content-container\"><div class=\"ts-vc_cta3-content\"><div class=\"ts-vc_cta3-content-header ts-wrap\"><div class=\"ts-vc_cta3-headers ts-wrap-cell\"><\/div><\/div><div class=\"ts-cta3-content-wrapper\"><p>Bitte kontaktieren Sie uns unter <a href=\"tel:9227422544\">+91-9227422544<\/a> oder senden Sie uns eine E-Mail an <a href=\"mailto:info@tilakpolypack.com\">info@tilakpolypack.com<\/a>, um Angebote oder weitere Informationen zu erhalten.<\/p><\/div><\/div><div class=\"ts-vc_cta3-actions\">\r\n\t\t<div class=\"ts-vc_btn3-container  popmake-8197 ts-vc_btn3-inline\"><a class=\"ts-vc_general ts-vc_btn3 ts-vc_btn3-size-md ts-vc_btn3-shape-rounded ts-vc_btn3-style-flat ts-vc_btn3-weight-yes ts-vc_btn3-color-skincolor\" href=\"\" title=\"\">Anfrage senden<\/a><\/div><\/div><\/div><\/div><\/section>[\/vc_column][\/vc_row]<\/p>\n<\/section>","protected":false},"excerpt":{"rendered":"<p>[vc_row][vc_column][vc_column_text css=&#8221;.vc_custom_1758302113212{padding-top: 20px !important;}&#8221;]Kunststoff-Mulchfolien bieten eine Reihe von Vorteilen in der Landwirtschaft. Sie dienen als Schutzschicht, die das Wachstum von Unkraut verhindert, Feuchtigkeit speichert und die Bodentemperatur reguliert. Die Folien werden durch Extrudieren von Kunststoff zu d\u00fcnnen Platten hergestellt, anschlie\u00dfend zugeschnitten und zu praktischen Gr\u00f6\u00dfen aufgerollt. Die Kunststoff-Mulchfolien sind auf Langlebigkeit und UV-Best\u00e4ndigkeit ausgelegt und &hellip; <a href=\"https:\/\/tilakpolypack.com\/de\/kunststoff-mulchfolie\/\" class=\"more-link\">Continue reading <span class=\"screen-reader-text\">Kunststoff-Mulchfolie<\/span><\/a><\/p>\n","protected":false},"author":1,"featured_media":1347,"parent":0,"menu_order":0,"comment_status":"closed","ping_status":"closed","template":"","meta":{"_acf_changed":false,"om_disable_all_campaigns":false,"_monsterinsights_skip_tracking":false,"_monsterinsights_sitenote_active":false,"_monsterinsights_sitenote_note":"","_monsterinsights_sitenote_category":0,"_uf_show_specific_survey":0,"_uf_disable_surveys":false,"footnotes":""},"class_list":["post-7325","page","type-page","status-publish","has-post-thumbnail","hentry"],"acf":[],"yoast_head":"<!-- This site is optimized with the Yoast SEO plugin v22.3 - https:\/\/yoast.com\/wordpress\/plugins\/seo\/ -->\n<title>Kunststoff-Mulchfolie f\u00fcr die Landwirtschaft | Langlebig &amp; kosteng\u00fcnstig<\/title>\n<meta name=\"description\" content=\"Kaufen Sie hochwertige Mulchfolie aus Kunststoff f\u00fcr besseres Pflanzenwachstum, Feuchtigkeitskontrolle und Unkrautpr\u00e4vention.\" \/>\n<meta name=\"robots\" content=\"index, follow, max-snippet:-1, max-image-preview:large, max-video-preview:-1\" \/>\n<link rel=\"canonical\" href=\"https:\/\/tilakpolypack.com\/de\/kunststoff-mulchfolie\/\" \/>\n<meta property=\"og:locale\" content=\"en_US\" \/>\n<meta property=\"og:type\" content=\"article\" \/>\n<meta property=\"og:title\" content=\"Kunststoff-Mulchfolie f\u00fcr die Landwirtschaft | Langlebig &amp; kosteng\u00fcnstig\" \/>\n<meta property=\"og:description\" content=\"Kaufen Sie hochwertige Mulchfolie aus Kunststoff f\u00fcr besseres Pflanzenwachstum, Feuchtigkeitskontrolle und Unkrautpr\u00e4vention.\" \/>\n<meta property=\"og:url\" content=\"https:\/\/tilakpolypack.com\/de\/kunststoff-mulchfolie\/\" \/>\n<meta property=\"og:site_name\" content=\"Tilak Polypack\" \/>\n<meta property=\"article:modified_time\" content=\"2025-09-19T17:19:10+00:00\" \/>\n<meta property=\"og:image\" content=\"https:\/\/tilakpolypack.com\/de\/wp-content\/uploads\/2020\/02\/Plastic-Mulching-Film-2.jpg\" \/>\n\t<meta property=\"og:image:width\" content=\"760\" \/>\n\t<meta property=\"og:image:height\" content=\"510\" \/>\n\t<meta property=\"og:image:type\" content=\"image\/jpeg\" \/>\n<meta name=\"twitter:card\" content=\"summary_large_image\" \/>\n<meta name=\"twitter:label1\" content=\"Est. reading time\" \/>\n\t<meta name=\"twitter:data1\" content=\"3 minutes\" \/>\n<script type=\"application\/ld+json\" class=\"yoast-schema-graph\">{\"@context\":\"https:\/\/schema.org\",\"@graph\":[{\"@type\":\"WebPage\",\"@id\":\"https:\/\/tilakpolypack.com\/de\/kunststoff-mulchfolie\/\",\"url\":\"https:\/\/tilakpolypack.com\/de\/kunststoff-mulchfolie\/\",\"name\":\"Kunststoff-Mulchfolie f\u00fcr die Landwirtschaft | Langlebig & kosteng\u00fcnstig\",\"isPartOf\":{\"@id\":\"https:\/\/tilakpolypack.com\/de\/#website\"},\"primaryImageOfPage\":{\"@id\":\"https:\/\/tilakpolypack.com\/de\/kunststoff-mulchfolie\/#primaryimage\"},\"image\":{\"@id\":\"https:\/\/tilakpolypack.com\/de\/kunststoff-mulchfolie\/#primaryimage\"},\"thumbnailUrl\":\"https:\/\/tilakpolypack.com\/de\/wp-content\/uploads\/2020\/02\/Plastic-Mulching-Film-2.jpg\",\"datePublished\":\"2023-10-06T10:11:41+00:00\",\"dateModified\":\"2025-09-19T17:19:10+00:00\",\"description\":\"Kaufen Sie hochwertige Mulchfolie aus Kunststoff f\u00fcr besseres Pflanzenwachstum, Feuchtigkeitskontrolle und Unkrautpr\u00e4vention.\",\"inLanguage\":\"en-US\",\"potentialAction\":[{\"@type\":\"ReadAction\",\"target\":[\"https:\/\/tilakpolypack.com\/de\/kunststoff-mulchfolie\/\"]}]},{\"@type\":\"ImageObject\",\"inLanguage\":\"en-US\",\"@id\":\"https:\/\/tilakpolypack.com\/de\/kunststoff-mulchfolie\/#primaryimage\",\"url\":\"https:\/\/tilakpolypack.com\/de\/wp-content\/uploads\/2020\/02\/Plastic-Mulching-Film-2.jpg\",\"contentUrl\":\"https:\/\/tilakpolypack.com\/de\/wp-content\/uploads\/2020\/02\/Plastic-Mulching-Film-2.jpg\",\"width\":760,\"height\":510},{\"@type\":\"WebSite\",\"@id\":\"https:\/\/tilakpolypack.com\/de\/#website\",\"url\":\"https:\/\/tilakpolypack.com\/de\/\",\"name\":\"Tilak Polypack\",\"description\":\"\",\"potentialAction\":[{\"@type\":\"SearchAction\",\"target\":{\"@type\":\"EntryPoint\",\"urlTemplate\":\"https:\/\/tilakpolypack.com\/de\/?s={search_term_string}\"},\"query-input\":\"required name=search_term_string\"}],\"inLanguage\":\"en-US\"}]}<\/script>\n<!-- \/ Yoast SEO plugin. -->","yoast_head_json":{"title":"Kunststoff-Mulchfolie f\u00fcr die Landwirtschaft | Langlebig & kosteng\u00fcnstig","description":"Kaufen Sie hochwertige Mulchfolie aus Kunststoff f\u00fcr besseres Pflanzenwachstum, Feuchtigkeitskontrolle und Unkrautpr\u00e4vention.","robots":{"index":"index","follow":"follow","max-snippet":"max-snippet:-1","max-image-preview":"max-image-preview:large","max-video-preview":"max-video-preview:-1"},"canonical":"https:\/\/tilakpolypack.com\/de\/kunststoff-mulchfolie\/","og_locale":"en_US","og_type":"article","og_title":"Kunststoff-Mulchfolie f\u00fcr die Landwirtschaft | Langlebig & kosteng\u00fcnstig","og_description":"Kaufen Sie hochwertige Mulchfolie aus Kunststoff f\u00fcr besseres Pflanzenwachstum, Feuchtigkeitskontrolle und Unkrautpr\u00e4vention.","og_url":"https:\/\/tilakpolypack.com\/de\/kunststoff-mulchfolie\/","og_site_name":"Tilak Polypack","article_modified_time":"2025-09-19T17:19:10+00:00","og_image":[{"width":760,"height":510,"url":"https:\/\/tilakpolypack.com\/de\/wp-content\/uploads\/2020\/02\/Plastic-Mulching-Film-2.jpg","type":"image\/jpeg"}],"twitter_card":"summary_large_image","twitter_misc":{"Est. reading time":"3 minutes"},"schema":{"@context":"https:\/\/schema.org","@graph":[{"@type":"WebPage","@id":"https:\/\/tilakpolypack.com\/de\/kunststoff-mulchfolie\/","url":"https:\/\/tilakpolypack.com\/de\/kunststoff-mulchfolie\/","name":"Kunststoff-Mulchfolie f\u00fcr die Landwirtschaft | Langlebig & kosteng\u00fcnstig","isPartOf":{"@id":"https:\/\/tilakpolypack.com\/de\/#website"},"primaryImageOfPage":{"@id":"https:\/\/tilakpolypack.com\/de\/kunststoff-mulchfolie\/#primaryimage"},"image":{"@id":"https:\/\/tilakpolypack.com\/de\/kunststoff-mulchfolie\/#primaryimage"},"thumbnailUrl":"https:\/\/tilakpolypack.com\/de\/wp-content\/uploads\/2020\/02\/Plastic-Mulching-Film-2.jpg","datePublished":"2023-10-06T10:11:41+00:00","dateModified":"2025-09-19T17:19:10+00:00","description":"Kaufen Sie hochwertige Mulchfolie aus Kunststoff f\u00fcr besseres Pflanzenwachstum, Feuchtigkeitskontrolle und Unkrautpr\u00e4vention.","inLanguage":"en-US","potentialAction":[{"@type":"ReadAction","target":["https:\/\/tilakpolypack.com\/de\/kunststoff-mulchfolie\/"]}]},{"@type":"ImageObject","inLanguage":"en-US","@id":"https:\/\/tilakpolypack.com\/de\/kunststoff-mulchfolie\/#primaryimage","url":"https:\/\/tilakpolypack.com\/de\/wp-content\/uploads\/2020\/02\/Plastic-Mulching-Film-2.jpg","contentUrl":"https:\/\/tilakpolypack.com\/de\/wp-content\/uploads\/2020\/02\/Plastic-Mulching-Film-2.jpg","width":760,"height":510},{"@type":"WebSite","@id":"https:\/\/tilakpolypack.com\/de\/#website","url":"https:\/\/tilakpolypack.com\/de\/","name":"Tilak Polypack","description":"","potentialAction":[{"@type":"SearchAction","target":{"@type":"EntryPoint","urlTemplate":"https:\/\/tilakpolypack.com\/de\/?s={search_term_string}"},"query-input":"required name=search_term_string"}],"inLanguage":"en-US"}]}},"_links":{"self":[{"href":"https:\/\/tilakpolypack.com\/de\/wp-json\/wp\/v2\/pages\/7325","targetHints":{"allow":["GET"]}}],"collection":[{"href":"https:\/\/tilakpolypack.com\/de\/wp-json\/wp\/v2\/pages"}],"about":[{"href":"https:\/\/tilakpolypack.com\/de\/wp-json\/wp\/v2\/types\/page"}],"author":[{"embeddable":true,"href":"https:\/\/tilakpolypack.com\/de\/wp-json\/wp\/v2\/users\/1"}],"replies":[{"embeddable":true,"href":"https:\/\/tilakpolypack.com\/de\/wp-json\/wp\/v2\/comments?post=7325"}],"version-history":[{"count":5,"href":"https:\/\/tilakpolypack.com\/de\/wp-json\/wp\/v2\/pages\/7325\/revisions"}],"predecessor-version":[{"id":10281,"href":"https:\/\/tilakpolypack.com\/de\/wp-json\/wp\/v2\/pages\/7325\/revisions\/10281"}],"wp:featuredmedia":[{"embeddable":true,"href":"https:\/\/tilakpolypack.com\/de\/wp-json\/wp\/v2\/media\/1347"}],"wp:attachment":[{"href":"https:\/\/tilakpolypack.com\/de\/wp-json\/wp\/v2\/media?parent=7325"}],"curies":[{"name":"wp","href":"https:\/\/api.w.org\/{rel}","templated":true}]}}