{"id":7319,"date":"2023-10-06T10:10:59","date_gmt":"2023-10-06T10:10:59","guid":{"rendered":"https:\/\/archiveyourwords.com\/tilak\/?page_id=7319"},"modified":"2025-09-11T04:49:22","modified_gmt":"2025-09-11T04:49:22","slug":"bodenschutzband-3","status":"publish","type":"page","link":"https:\/\/tilakpolypack.com\/de\/bodenschutzband-3\/","title":{"rendered":"Bodenschutzband"},"content":{"rendered":"<section class=\"wpb-content-wrapper\"><p>[vc_row][vc_column][vc_row_inner][vc_column_inner][vc_column_text]<\/p>\n<h2>Bodenschutzband\/-folie<\/h2>\n<p>Unser Bodenschutzband sch\u00fctzt B\u00f6den und Arbeitsplatten vor Besch\u00e4digungen\/Verschmutzungen w\u00e4hrend Wartungsarbeiten und Malerarbeiten.[\/vc_column_text][\/vc_column_inner][\/vc_row_inner][vc_row_inner][vc_column_inner][vc_column_text]<\/p>\n<h2>Vorteile von Kunststoff-Bodenbelagsbahnen<\/h2>\n<ul>\n<li>Sch\u00fctzt sicher Oberfl\u00e4chen aus Hartholz, Laminat, Marmor und Fliesen.<\/li>\n<li>L\u00e4sst sich leicht entfernen. Hinterl\u00e4sst keine R\u00fcckst\u00e4nde.<\/li>\n<li>Die Polyethylenfolie ist widerstandsf\u00e4hig gegen Risse und Durchstiche durch scharfe Gegenst\u00e4nde.<\/li>\n<li>Wir bieten auch einen Rollenapplikator an, der beim Anbringen des Klebebands hilft und so zur Steigerung der Produktivit\u00e4t beitr\u00e4gt.<\/li>\n<\/ul>\n<p>[\/vc_column_text][\/vc_column_inner][\/vc_row_inner][vc_row_inner][vc_column_inner][vc_column_text]<\/p>\n<h2>Schutzfolien\/-b\u00e4nder f\u00fcr Fertigungsbereiche<\/h2>\n<p>TilakPolypack Bodenschutzfolie eignet sich perfekt zum Schutz von Hartholzb\u00f6den und Fliesen vor:<\/p>\n<p>Schmutz, Staub, Fu\u00dfg\u00e4ngerverkehr, Farbspritzer, Bauschutt und eine Vielzahl anderer Verschmutzungen!<\/p>\n<p>Fachleute verwenden die Tilak Polypack Bodenschutzfolie f\u00fcr verschiedene Anwendungen, darunter:<\/p>\n<p>Bau, Umbau, Renovierung, Restaurierung, Malerarbeiten, Instandhaltung, Musterh\u00e4user und -fahrzeuge, Ausstellungsr\u00e4ume, Tage der offenen T\u00fcr, Partys, Wohnmobile und vieles mehr.<\/p>\n<p>PVC-Bodenschutzfolie kann f\u00fcr Bauarbeiten, Renovierungen, Musterh\u00e4user, Eing\u00e4nge und Ausg\u00e4nge, Ausstellungsr\u00e4ume, Malerarbeiten, Treppen und Partys verwendet werden. Die Polyethylenfolie ist widerstandsf\u00e4hig gegen Risse und Durchstiche durch scharfe Gegenst\u00e4nde.<\/p>\n<p>Tilak Polypack ist einer der weltweit f\u00fchrenden Hersteller und Lieferanten von FLOOR PROTECTION TAPE (Bodenschutzband). Mit Niederlassungen in L\u00e4ndern wie den USA, Singapur, Australien, Deutschland, Kanada, Neuseeland, Gro\u00dfbritannien, Irland, Schottland und Norwegen hat sich Tilak Polypack als zuverl\u00e4ssiger Anbieter von hochwertigem FLOOR PROTECTION TAPE etabliert.[\/vc_column_text][\/vc_column_inner][\/vc_row_inner][vc_row_inner][vc_column_inner][vc_column_text]<\/p>\n<h2>VERF\u00dcGBARE STANDARDGR\u00d6SSEN<\/h2>\n<ul>\n<li>Verf\u00fcgbare Breiten: 300 mm \/ 600 mm \/ 1200 mm \/ 1450 mm (andere Breiten auf Anfrage erh\u00e4ltlich)<\/li>\n<li>Dicke: 70 Mikrometer \/ 100 Mikrometer \/ 150 Mikrometer \/ 200 Mikrometer (andere Dicken auf Anfrage erh\u00e4ltlich)<\/li>\n<li>Farben: Transparent \/ Blau (Andere Farben auf Anfrage erh\u00e4ltlich)<\/li>\n<\/ul>\n<p>[\/vc_column_text][\/vc_column_inner][\/vc_row_inner][vc_row_inner][vc_column_inner width=&#8221;2\/3&#8243;][vc_column_text]Bitte kontaktieren Sie uns unter <a href=\"tel:9227422544\">+91-9227422544<\/a> oder senden Sie uns eine E-Mail an <a href=\"mailto:info@tilakpolypack.com\">info@tilakpolypack.com<\/a>, um Angebote oder weitere Informationen zu erhalten.[\/vc_column_text][\/vc_column_inner][vc_column_inner width=&#8221;1\/3&#8243;]\r\n\t\t<div class=\"ts-vc_btn3-container  popmake-8197 ts-vc_btn3-right\"><a class=\"ts-vc_general ts-vc_btn3 ts-vc_btn3-size-md ts-vc_btn3-shape-square ts-vc_btn3-style-flat ts-vc_btn3-weight-yes ts-vc_btn3-color-skincolor\" href=\"\" title=\"\">Anfrage senden<\/a><\/div>[\/vc_column_inner][\/vc_row_inner][\/vc_column][\/vc_row]<\/p>\n<\/section>","protected":false},"excerpt":{"rendered":"<p>[vc_row][vc_column][vc_row_inner][vc_column_inner][vc_column_text] Bodenschutzband\/-folie Unser Bodenschutzband sch\u00fctzt B\u00f6den und Arbeitsplatten vor Besch\u00e4digungen\/Verschmutzungen w\u00e4hrend Wartungsarbeiten und Malerarbeiten.[\/vc_column_text][\/vc_column_inner][\/vc_row_inner][vc_row_inner][vc_column_inner][vc_column_text] Vorteile von Kunststoff-Bodenbelagsbahnen Sch\u00fctzt sicher Oberfl\u00e4chen aus Hartholz, Laminat, Marmor und Fliesen. L\u00e4sst sich leicht entfernen. Hinterl\u00e4sst keine R\u00fcckst\u00e4nde. Die Polyethylenfolie ist widerstandsf\u00e4hig gegen Risse und Durchstiche durch scharfe Gegenst\u00e4nde. Wir bieten auch einen Rollenapplikator an, der beim Anbringen des Klebebands &hellip; <a href=\"https:\/\/tilakpolypack.com\/de\/bodenschutzband-3\/\" class=\"more-link\">Continue reading <span class=\"screen-reader-text\">Bodenschutzband<\/span><\/a><\/p>\n","protected":false},"author":1,"featured_media":865,"parent":0,"menu_order":0,"comment_status":"closed","ping_status":"closed","template":"","meta":{"_acf_changed":false,"om_disable_all_campaigns":false,"_monsterinsights_skip_tracking":false,"_monsterinsights_sitenote_active":false,"_monsterinsights_sitenote_note":"","_monsterinsights_sitenote_category":0,"_uf_show_specific_survey":0,"_uf_disable_surveys":false,"footnotes":""},"class_list":["post-7319","page","type-page","status-publish","has-post-thumbnail","hentry"],"acf":[],"yoast_head":"<!-- This site is optimized with the Yoast SEO plugin v22.3 - https:\/\/yoast.com\/wordpress\/plugins\/seo\/ -->\n<title>Bodenschutzb\u00e4nder | Anti-Rutsch-PE-Folie<\/title>\n<meta name=\"description\" content=\"Bodenschutzfolie sch\u00fctzt bei Wartungs- oder Renovierungsarbeiten vor versch\u00fctteten Fl\u00fcssigkeiten, Staub und Fu\u00dfabdr\u00fccken.\" \/>\n<meta name=\"robots\" content=\"index, follow, max-snippet:-1, max-image-preview:large, max-video-preview:-1\" \/>\n<link rel=\"canonical\" href=\"https:\/\/tilakpolypack.com\/de\/bodenschutzband-3\/\" \/>\n<meta property=\"og:locale\" content=\"en_US\" \/>\n<meta property=\"og:type\" content=\"article\" \/>\n<meta property=\"og:title\" content=\"Bodenschutzb\u00e4nder | Anti-Rutsch-PE-Folie\" \/>\n<meta property=\"og:description\" content=\"Bodenschutzfolie sch\u00fctzt bei Wartungs- oder Renovierungsarbeiten vor versch\u00fctteten Fl\u00fcssigkeiten, Staub und Fu\u00dfabdr\u00fccken.\" \/>\n<meta property=\"og:url\" content=\"https:\/\/tilakpolypack.com\/de\/bodenschutzband-3\/\" \/>\n<meta property=\"og:site_name\" content=\"Tilak Polypack\" \/>\n<meta property=\"article:modified_time\" content=\"2025-09-11T04:49:22+00:00\" \/>\n<meta property=\"og:image\" content=\"https:\/\/tilakpolypack.com\/de\/wp-content\/uploads\/2019\/01\/FloorProtection_tape.jpg\" \/>\n\t<meta property=\"og:image:width\" content=\"760\" \/>\n\t<meta property=\"og:image:height\" content=\"510\" \/>\n\t<meta property=\"og:image:type\" content=\"image\/jpeg\" \/>\n<meta name=\"twitter:card\" content=\"summary_large_image\" \/>\n<meta name=\"twitter:label1\" content=\"Est. reading time\" \/>\n\t<meta name=\"twitter:data1\" content=\"2 minutes\" \/>\n<script type=\"application\/ld+json\" class=\"yoast-schema-graph\">{\"@context\":\"https:\/\/schema.org\",\"@graph\":[{\"@type\":\"WebPage\",\"@id\":\"https:\/\/tilakpolypack.com\/de\/bodenschutzband-3\/\",\"url\":\"https:\/\/tilakpolypack.com\/de\/bodenschutzband-3\/\",\"name\":\"Bodenschutzb\u00e4nder | Anti-Rutsch-PE-Folie\",\"isPartOf\":{\"@id\":\"https:\/\/tilakpolypack.com\/de\/#website\"},\"primaryImageOfPage\":{\"@id\":\"https:\/\/tilakpolypack.com\/de\/bodenschutzband-3\/#primaryimage\"},\"image\":{\"@id\":\"https:\/\/tilakpolypack.com\/de\/bodenschutzband-3\/#primaryimage\"},\"thumbnailUrl\":\"https:\/\/tilakpolypack.com\/de\/wp-content\/uploads\/2019\/01\/FloorProtection_tape.jpg\",\"datePublished\":\"2023-10-06T10:10:59+00:00\",\"dateModified\":\"2025-09-11T04:49:22+00:00\",\"description\":\"Bodenschutzfolie sch\u00fctzt bei Wartungs- oder Renovierungsarbeiten vor versch\u00fctteten Fl\u00fcssigkeiten, Staub und Fu\u00dfabdr\u00fccken.\",\"inLanguage\":\"en-US\",\"potentialAction\":[{\"@type\":\"ReadAction\",\"target\":[\"https:\/\/tilakpolypack.com\/de\/bodenschutzband-3\/\"]}]},{\"@type\":\"ImageObject\",\"inLanguage\":\"en-US\",\"@id\":\"https:\/\/tilakpolypack.com\/de\/bodenschutzband-3\/#primaryimage\",\"url\":\"https:\/\/tilakpolypack.com\/de\/wp-content\/uploads\/2019\/01\/FloorProtection_tape.jpg\",\"contentUrl\":\"https:\/\/tilakpolypack.com\/de\/wp-content\/uploads\/2019\/01\/FloorProtection_tape.jpg\",\"width\":760,\"height\":510},{\"@type\":\"WebSite\",\"@id\":\"https:\/\/tilakpolypack.com\/de\/#website\",\"url\":\"https:\/\/tilakpolypack.com\/de\/\",\"name\":\"Tilak Polypack\",\"description\":\"\",\"potentialAction\":[{\"@type\":\"SearchAction\",\"target\":{\"@type\":\"EntryPoint\",\"urlTemplate\":\"https:\/\/tilakpolypack.com\/de\/?s={search_term_string}\"},\"query-input\":\"required name=search_term_string\"}],\"inLanguage\":\"en-US\"}]}<\/script>\n<!-- \/ Yoast SEO plugin. -->","yoast_head_json":{"title":"Bodenschutzb\u00e4nder | Anti-Rutsch-PE-Folie","description":"Bodenschutzfolie sch\u00fctzt bei Wartungs- oder Renovierungsarbeiten vor versch\u00fctteten Fl\u00fcssigkeiten, Staub und Fu\u00dfabdr\u00fccken.","robots":{"index":"index","follow":"follow","max-snippet":"max-snippet:-1","max-image-preview":"max-image-preview:large","max-video-preview":"max-video-preview:-1"},"canonical":"https:\/\/tilakpolypack.com\/de\/bodenschutzband-3\/","og_locale":"en_US","og_type":"article","og_title":"Bodenschutzb\u00e4nder | Anti-Rutsch-PE-Folie","og_description":"Bodenschutzfolie sch\u00fctzt bei Wartungs- oder Renovierungsarbeiten vor versch\u00fctteten Fl\u00fcssigkeiten, Staub und Fu\u00dfabdr\u00fccken.","og_url":"https:\/\/tilakpolypack.com\/de\/bodenschutzband-3\/","og_site_name":"Tilak Polypack","article_modified_time":"2025-09-11T04:49:22+00:00","og_image":[{"width":760,"height":510,"url":"https:\/\/tilakpolypack.com\/de\/wp-content\/uploads\/2019\/01\/FloorProtection_tape.jpg","type":"image\/jpeg"}],"twitter_card":"summary_large_image","twitter_misc":{"Est. reading time":"2 minutes"},"schema":{"@context":"https:\/\/schema.org","@graph":[{"@type":"WebPage","@id":"https:\/\/tilakpolypack.com\/de\/bodenschutzband-3\/","url":"https:\/\/tilakpolypack.com\/de\/bodenschutzband-3\/","name":"Bodenschutzb\u00e4nder | Anti-Rutsch-PE-Folie","isPartOf":{"@id":"https:\/\/tilakpolypack.com\/de\/#website"},"primaryImageOfPage":{"@id":"https:\/\/tilakpolypack.com\/de\/bodenschutzband-3\/#primaryimage"},"image":{"@id":"https:\/\/tilakpolypack.com\/de\/bodenschutzband-3\/#primaryimage"},"thumbnailUrl":"https:\/\/tilakpolypack.com\/de\/wp-content\/uploads\/2019\/01\/FloorProtection_tape.jpg","datePublished":"2023-10-06T10:10:59+00:00","dateModified":"2025-09-11T04:49:22+00:00","description":"Bodenschutzfolie sch\u00fctzt bei Wartungs- oder Renovierungsarbeiten vor versch\u00fctteten Fl\u00fcssigkeiten, Staub und Fu\u00dfabdr\u00fccken.","inLanguage":"en-US","potentialAction":[{"@type":"ReadAction","target":["https:\/\/tilakpolypack.com\/de\/bodenschutzband-3\/"]}]},{"@type":"ImageObject","inLanguage":"en-US","@id":"https:\/\/tilakpolypack.com\/de\/bodenschutzband-3\/#primaryimage","url":"https:\/\/tilakpolypack.com\/de\/wp-content\/uploads\/2019\/01\/FloorProtection_tape.jpg","contentUrl":"https:\/\/tilakpolypack.com\/de\/wp-content\/uploads\/2019\/01\/FloorProtection_tape.jpg","width":760,"height":510},{"@type":"WebSite","@id":"https:\/\/tilakpolypack.com\/de\/#website","url":"https:\/\/tilakpolypack.com\/de\/","name":"Tilak Polypack","description":"","potentialAction":[{"@type":"SearchAction","target":{"@type":"EntryPoint","urlTemplate":"https:\/\/tilakpolypack.com\/de\/?s={search_term_string}"},"query-input":"required name=search_term_string"}],"inLanguage":"en-US"}]}},"_links":{"self":[{"href":"https:\/\/tilakpolypack.com\/de\/wp-json\/wp\/v2\/pages\/7319","targetHints":{"allow":["GET"]}}],"collection":[{"href":"https:\/\/tilakpolypack.com\/de\/wp-json\/wp\/v2\/pages"}],"about":[{"href":"https:\/\/tilakpolypack.com\/de\/wp-json\/wp\/v2\/types\/page"}],"author":[{"embeddable":true,"href":"https:\/\/tilakpolypack.com\/de\/wp-json\/wp\/v2\/users\/1"}],"replies":[{"embeddable":true,"href":"https:\/\/tilakpolypack.com\/de\/wp-json\/wp\/v2\/comments?post=7319"}],"version-history":[{"count":2,"href":"https:\/\/tilakpolypack.com\/de\/wp-json\/wp\/v2\/pages\/7319\/revisions"}],"predecessor-version":[{"id":10061,"href":"https:\/\/tilakpolypack.com\/de\/wp-json\/wp\/v2\/pages\/7319\/revisions\/10061"}],"wp:featuredmedia":[{"embeddable":true,"href":"https:\/\/tilakpolypack.com\/de\/wp-json\/wp\/v2\/media\/865"}],"wp:attachment":[{"href":"https:\/\/tilakpolypack.com\/de\/wp-json\/wp\/v2\/media?parent=7319"}],"curies":[{"name":"wp","href":"https:\/\/api.w.org\/{rel}","templated":true}]}}