{"id":7318,"date":"2023-10-06T10:10:45","date_gmt":"2023-10-06T10:10:45","guid":{"rendered":"https:\/\/archiveyourwords.com\/tilak\/?page_id=7318"},"modified":"2025-09-11T04:48:12","modified_gmt":"2025-09-11T04:48:12","slug":"teppichschutzfolie","status":"publish","type":"page","link":"https:\/\/tilakpolypack.com\/de\/teppichschutzfolie\/","title":{"rendered":"Teppichschutzfolie"},"content":{"rendered":"<section class=\"wpb-content-wrapper\"><p>[vc_row][vc_column][vc_row_inner][vc_column_inner][vc_column_text]<\/p>\n<h2>Teppichschutzfolie<\/h2>\n<p>Die Teppichschutzfolie von Tilak Polypack sch\u00fctzt Ihren Teppich mit extrem widerstandsf\u00e4higem Polyethylen, das sich fest an die Oberfl\u00e4che anpasst und so Schmutz und Verunreinigungen fernh\u00e4lt. Einfach ausrollen, zuschneiden und fertig!<\/p>\n<p>Oberfl\u00e4chenschutzfolie wird im Allgemeinen verwendet, um Kratzer auf der Oberfl\u00e4che zu verhindern oder sie vor Staubpartikeln und \u00e4hnlichen Partikeln in der Luft zu sch\u00fctzen. Sie bietet au\u00dferdem Schutz vor Besch\u00e4digungen, Transport und Feuchtigkeit. Diese Folie ist im Grunde eine Schutzfolie gegen starken Abrieb und widerstandsf\u00e4hig gegen Verschlei\u00df durch den t\u00e4glichen Gebrauch.[\/vc_column_text][\/vc_column_inner][\/vc_row_inner][vc_row_inner][vc_column_inner][vc_column_text]<\/p>\n<h2>Vorteile von Kunststoff-Teppichschutz<\/h2>\n<ul>\n<li><strong>Einfach zu verwenden<\/strong> \u2013 einfach ausrollen und unser speziell entwickelter Klebstoff h\u00e4lt es fest. R\u00fcckseitig gewickelt mit Klebstoff auf der Au\u00dfenseite.<\/li>\n<li>Das extrem robuste, hochdehnbare Polyethylen ist rei\u00dffest.<\/li>\n<li>Extrem sicher \u2013 haftet an Schuhen, rutscht und gleitet nicht.<\/li>\n<li>Sparen Sie Zeit mit unserem Teppichfolien-Applikator.<\/li>\n<\/ul>\n<p>[\/vc_column_text][\/vc_column_inner][\/vc_row_inner][vc_row_inner][vc_column_inner][vc_column_text]<\/p>\n<h2>Herstellung von Teppichschutzfolien<\/h2>\n<p>Teppichschutzfolie, die B\u00f6den w\u00e4hrend Bau-, Renovierungs- oder Malerarbeiten sauber und unbesch\u00e4digt h\u00e4lt. Diese selbstklebende Folie verrutscht nicht und ist \u00e4u\u00dferst rei\u00dffest.<\/p>\n<p>Unsere Kunststoff-Teppichschutzfolie ist ideal, um die M\u00e4ngelliste am Ende eines Bau-, Maler- oder Heimwerkerprojekts zu reduzieren. Es handelt sich um eine hochwertige selbstklebende Folie, die speziell zum Abdecken von Teppichen entwickelt wurde. Sie ist besonders beliebt f\u00fcr Dekorationsarbeiten und zum Schutz vor anderen nassen Arbeiten, da sie Sch\u00e4den an Teppichen durch Versch\u00fcttungen und andere Verschmutzungen verhindert und gleichzeitig f\u00fcr starken Fu\u00dfg\u00e4ngerverkehr geeignet ist. Die selbstklebende R\u00fcckseite sorgt daf\u00fcr, dass diese Teppichschutzfolie sicherer in der Anwendung ist als herk\u00f6mmliche Staubschutzfolien und verringert die Stolpergefahr.<\/p>\n<p>Die leichten Rollen sind umgekehrt gewickelt (die Klebeseite ist au\u00dfen), wodurch sich diese Teppichschutzfolie leicht durch \u201eAusrollen\u201c auf dem Boden anbringen l\u00e4sst. Die klebstoffbeschichtete R\u00fcckseite haftet auf den meisten Teppicharten ohne Klebeband und verrutscht nach dem Anbringen nicht. Nach Gebrauch kann sie abgezogen werden, ohne R\u00fcckst\u00e4nde zu hinterlassen, ein h\u00e4ufiges Problem bei minderwertigen Folien. Die Teppichschutzfolie ist so vielseitig und preiswert, dass eine teilweise \u00fcbrig gebliebene Rolle nach dem Umzug zum Schutz eines neuen Teppichs f\u00fcr die wohlverdiente Einweihungsparty verwendet werden kann.<\/p>\n<p>Tilak Polypack ist einer der weltweit f\u00fchrenden Hersteller und Lieferanten von Teppichschutzfolien. Mit Niederlassungen in L\u00e4ndern wie den USA, Singapur, Australien, Deutschland, Kanada, Neuseeland, Gro\u00dfbritannien, Irland, Schottland und Norwegen hat sich Tilak Polypack als zuverl\u00e4ssiger Anbieter hochwertiger Teppichschutzfolien etabliert.[\/vc_column_text][\/vc_column_inner][\/vc_row_inner][vc_row_inner][vc_column_inner width=&#8221;2\/3&#8243;][vc_column_text]Bitte kontaktieren Sie uns unter <a href=\"tel:9227422544\">+91-9227422544<\/a> oder senden Sie uns eine E-Mail an <a href=\"mailto:info@tilakpolypack.com\">info@tilakpolypack.com<\/a>, um Angebote oder weitere Informationen zu erhalten.[\/vc_column_text][\/vc_column_inner][vc_column_inner width=&#8221;1\/3&#8243;]\r\n\t\t<div class=\"ts-vc_btn3-container  popmake-8197 ts-vc_btn3-right\"><a class=\"ts-vc_general ts-vc_btn3 ts-vc_btn3-size-md ts-vc_btn3-shape-square ts-vc_btn3-style-flat ts-vc_btn3-weight-yes ts-vc_btn3-color-skincolor\" href=\"\" title=\"\">Anfrage senden<\/a><\/div>[\/vc_column_inner][\/vc_row_inner]<div class=\"ts-single-image-wrapper \"><\/div>[\/vc_column][\/vc_row]<\/p>\n<\/section>","protected":false},"excerpt":{"rendered":"<p>[vc_row][vc_column][vc_row_inner][vc_column_inner][vc_column_text] Teppichschutzfolie Die Teppichschutzfolie von Tilak Polypack sch\u00fctzt Ihren Teppich mit extrem widerstandsf\u00e4higem Polyethylen, das sich fest an die Oberfl\u00e4che anpasst und so Schmutz und Verunreinigungen fernh\u00e4lt. Einfach ausrollen, zuschneiden und fertig! Oberfl\u00e4chenschutzfolie wird im Allgemeinen verwendet, um Kratzer auf der Oberfl\u00e4che zu verhindern oder sie vor Staubpartikeln und \u00e4hnlichen Partikeln in der Luft zu &hellip; <a href=\"https:\/\/tilakpolypack.com\/de\/teppichschutzfolie\/\" class=\"more-link\">Continue reading <span class=\"screen-reader-text\">Teppichschutzfolie<\/span><\/a><\/p>\n","protected":false},"author":1,"featured_media":1257,"parent":0,"menu_order":0,"comment_status":"closed","ping_status":"closed","template":"","meta":{"_acf_changed":false,"om_disable_all_campaigns":false,"_monsterinsights_skip_tracking":false,"_monsterinsights_sitenote_active":false,"_monsterinsights_sitenote_note":"","_monsterinsights_sitenote_category":0,"_uf_show_specific_survey":0,"_uf_disable_surveys":false,"footnotes":""},"class_list":["post-7318","page","type-page","status-publish","has-post-thumbnail","hentry"],"acf":[],"yoast_head":"<!-- This site is optimized with the Yoast SEO plugin v22.3 - https:\/\/yoast.com\/wordpress\/plugins\/seo\/ -->\n<title>Kunststoff-Teppichschutzfolie | PE-Folie<\/title>\n<meta name=\"description\" content=\"Ultrarobuste PE-Teppichschutzfolie: Rutschfest, leicht auszurollen und zu schneiden, sicher und r\u00fcckstandslos zu entfernen. H\u00e4lt Teppiche beim Renovieren, Streichen oder Umziehen sauber.\" \/>\n<meta name=\"robots\" content=\"index, follow, max-snippet:-1, max-image-preview:large, max-video-preview:-1\" \/>\n<link rel=\"canonical\" href=\"https:\/\/tilakpolypack.com\/de\/teppichschutzfolie\/\" \/>\n<meta property=\"og:locale\" content=\"en_US\" \/>\n<meta property=\"og:type\" content=\"article\" \/>\n<meta property=\"og:title\" content=\"Kunststoff-Teppichschutzfolie | PE-Folie\" \/>\n<meta property=\"og:description\" content=\"Ultrarobuste PE-Teppichschutzfolie: Rutschfest, leicht auszurollen und zu schneiden, sicher und r\u00fcckstandslos zu entfernen. H\u00e4lt Teppiche beim Renovieren, Streichen oder Umziehen sauber.\" \/>\n<meta property=\"og:url\" content=\"https:\/\/tilakpolypack.com\/de\/teppichschutzfolie\/\" \/>\n<meta property=\"og:site_name\" content=\"Tilak Polypack\" \/>\n<meta property=\"article:modified_time\" content=\"2025-09-11T04:48:12+00:00\" \/>\n<meta property=\"og:image\" content=\"https:\/\/tilakpolypack.com\/de\/wp-content\/uploads\/2020\/02\/carpet-protection-film-1.jpg\" \/>\n\t<meta property=\"og:image:width\" content=\"1024\" \/>\n\t<meta property=\"og:image:height\" content=\"842\" \/>\n\t<meta property=\"og:image:type\" content=\"image\/jpeg\" \/>\n<meta name=\"twitter:card\" content=\"summary_large_image\" \/>\n<meta name=\"twitter:label1\" content=\"Est. reading time\" \/>\n\t<meta name=\"twitter:data1\" content=\"2 minutes\" \/>\n<script type=\"application\/ld+json\" class=\"yoast-schema-graph\">{\"@context\":\"https:\/\/schema.org\",\"@graph\":[{\"@type\":\"WebPage\",\"@id\":\"https:\/\/tilakpolypack.com\/de\/teppichschutzfolie\/\",\"url\":\"https:\/\/tilakpolypack.com\/de\/teppichschutzfolie\/\",\"name\":\"Kunststoff-Teppichschutzfolie | PE-Folie\",\"isPartOf\":{\"@id\":\"https:\/\/tilakpolypack.com\/de\/#website\"},\"primaryImageOfPage\":{\"@id\":\"https:\/\/tilakpolypack.com\/de\/teppichschutzfolie\/#primaryimage\"},\"image\":{\"@id\":\"https:\/\/tilakpolypack.com\/de\/teppichschutzfolie\/#primaryimage\"},\"thumbnailUrl\":\"https:\/\/tilakpolypack.com\/de\/wp-content\/uploads\/2020\/02\/carpet-protection-film-1.jpg\",\"datePublished\":\"2023-10-06T10:10:45+00:00\",\"dateModified\":\"2025-09-11T04:48:12+00:00\",\"description\":\"Ultrarobuste PE-Teppichschutzfolie: Rutschfest, leicht auszurollen und zu schneiden, sicher und r\u00fcckstandslos zu entfernen. H\u00e4lt Teppiche beim Renovieren, Streichen oder Umziehen sauber.\",\"inLanguage\":\"en-US\",\"potentialAction\":[{\"@type\":\"ReadAction\",\"target\":[\"https:\/\/tilakpolypack.com\/de\/teppichschutzfolie\/\"]}]},{\"@type\":\"ImageObject\",\"inLanguage\":\"en-US\",\"@id\":\"https:\/\/tilakpolypack.com\/de\/teppichschutzfolie\/#primaryimage\",\"url\":\"https:\/\/tilakpolypack.com\/de\/wp-content\/uploads\/2020\/02\/carpet-protection-film-1.jpg\",\"contentUrl\":\"https:\/\/tilakpolypack.com\/de\/wp-content\/uploads\/2020\/02\/carpet-protection-film-1.jpg\",\"width\":1024,\"height\":842},{\"@type\":\"WebSite\",\"@id\":\"https:\/\/tilakpolypack.com\/de\/#website\",\"url\":\"https:\/\/tilakpolypack.com\/de\/\",\"name\":\"Tilak Polypack\",\"description\":\"\",\"potentialAction\":[{\"@type\":\"SearchAction\",\"target\":{\"@type\":\"EntryPoint\",\"urlTemplate\":\"https:\/\/tilakpolypack.com\/de\/?s={search_term_string}\"},\"query-input\":\"required name=search_term_string\"}],\"inLanguage\":\"en-US\"}]}<\/script>\n<!-- \/ Yoast SEO plugin. -->","yoast_head_json":{"title":"Kunststoff-Teppichschutzfolie | PE-Folie","description":"Ultrarobuste PE-Teppichschutzfolie: Rutschfest, leicht auszurollen und zu schneiden, sicher und r\u00fcckstandslos zu entfernen. H\u00e4lt Teppiche beim Renovieren, Streichen oder Umziehen sauber.","robots":{"index":"index","follow":"follow","max-snippet":"max-snippet:-1","max-image-preview":"max-image-preview:large","max-video-preview":"max-video-preview:-1"},"canonical":"https:\/\/tilakpolypack.com\/de\/teppichschutzfolie\/","og_locale":"en_US","og_type":"article","og_title":"Kunststoff-Teppichschutzfolie | PE-Folie","og_description":"Ultrarobuste PE-Teppichschutzfolie: Rutschfest, leicht auszurollen und zu schneiden, sicher und r\u00fcckstandslos zu entfernen. H\u00e4lt Teppiche beim Renovieren, Streichen oder Umziehen sauber.","og_url":"https:\/\/tilakpolypack.com\/de\/teppichschutzfolie\/","og_site_name":"Tilak Polypack","article_modified_time":"2025-09-11T04:48:12+00:00","og_image":[{"width":1024,"height":842,"url":"https:\/\/tilakpolypack.com\/de\/wp-content\/uploads\/2020\/02\/carpet-protection-film-1.jpg","type":"image\/jpeg"}],"twitter_card":"summary_large_image","twitter_misc":{"Est. reading time":"2 minutes"},"schema":{"@context":"https:\/\/schema.org","@graph":[{"@type":"WebPage","@id":"https:\/\/tilakpolypack.com\/de\/teppichschutzfolie\/","url":"https:\/\/tilakpolypack.com\/de\/teppichschutzfolie\/","name":"Kunststoff-Teppichschutzfolie | PE-Folie","isPartOf":{"@id":"https:\/\/tilakpolypack.com\/de\/#website"},"primaryImageOfPage":{"@id":"https:\/\/tilakpolypack.com\/de\/teppichschutzfolie\/#primaryimage"},"image":{"@id":"https:\/\/tilakpolypack.com\/de\/teppichschutzfolie\/#primaryimage"},"thumbnailUrl":"https:\/\/tilakpolypack.com\/de\/wp-content\/uploads\/2020\/02\/carpet-protection-film-1.jpg","datePublished":"2023-10-06T10:10:45+00:00","dateModified":"2025-09-11T04:48:12+00:00","description":"Ultrarobuste PE-Teppichschutzfolie: Rutschfest, leicht auszurollen und zu schneiden, sicher und r\u00fcckstandslos zu entfernen. H\u00e4lt Teppiche beim Renovieren, Streichen oder Umziehen sauber.","inLanguage":"en-US","potentialAction":[{"@type":"ReadAction","target":["https:\/\/tilakpolypack.com\/de\/teppichschutzfolie\/"]}]},{"@type":"ImageObject","inLanguage":"en-US","@id":"https:\/\/tilakpolypack.com\/de\/teppichschutzfolie\/#primaryimage","url":"https:\/\/tilakpolypack.com\/de\/wp-content\/uploads\/2020\/02\/carpet-protection-film-1.jpg","contentUrl":"https:\/\/tilakpolypack.com\/de\/wp-content\/uploads\/2020\/02\/carpet-protection-film-1.jpg","width":1024,"height":842},{"@type":"WebSite","@id":"https:\/\/tilakpolypack.com\/de\/#website","url":"https:\/\/tilakpolypack.com\/de\/","name":"Tilak Polypack","description":"","potentialAction":[{"@type":"SearchAction","target":{"@type":"EntryPoint","urlTemplate":"https:\/\/tilakpolypack.com\/de\/?s={search_term_string}"},"query-input":"required name=search_term_string"}],"inLanguage":"en-US"}]}},"_links":{"self":[{"href":"https:\/\/tilakpolypack.com\/de\/wp-json\/wp\/v2\/pages\/7318","targetHints":{"allow":["GET"]}}],"collection":[{"href":"https:\/\/tilakpolypack.com\/de\/wp-json\/wp\/v2\/pages"}],"about":[{"href":"https:\/\/tilakpolypack.com\/de\/wp-json\/wp\/v2\/types\/page"}],"author":[{"embeddable":true,"href":"https:\/\/tilakpolypack.com\/de\/wp-json\/wp\/v2\/users\/1"}],"replies":[{"embeddable":true,"href":"https:\/\/tilakpolypack.com\/de\/wp-json\/wp\/v2\/comments?post=7318"}],"version-history":[{"count":3,"href":"https:\/\/tilakpolypack.com\/de\/wp-json\/wp\/v2\/pages\/7318\/revisions"}],"predecessor-version":[{"id":10048,"href":"https:\/\/tilakpolypack.com\/de\/wp-json\/wp\/v2\/pages\/7318\/revisions\/10048"}],"wp:featuredmedia":[{"embeddable":true,"href":"https:\/\/tilakpolypack.com\/de\/wp-json\/wp\/v2\/media\/1257"}],"wp:attachment":[{"href":"https:\/\/tilakpolypack.com\/de\/wp-json\/wp\/v2\/media?parent=7318"}],"curies":[{"name":"wp","href":"https:\/\/api.w.org\/{rel}","templated":true}]}}