{"id":7317,"date":"2023-10-06T10:10:34","date_gmt":"2023-10-06T10:10:34","guid":{"rendered":"https:\/\/archiveyourwords.com\/tilak\/?page_id=7317"},"modified":"2025-08-26T06:16:33","modified_gmt":"2025-08-26T06:16:33","slug":"oberflachenschutzfolien","status":"publish","type":"page","link":"https:\/\/tilakpolypack.com\/de\/oberflachenschutzfolien\/","title":{"rendered":"Oberfl\u00e4chenschutzfolien"},"content":{"rendered":"<section class=\"wpb-content-wrapper\"><p>[vc_row ts_responsive_css=&#8221;86576401|colbreak_no|||||||||colbreak_no|||||||||colbreak_no||||||||||colbreak_no|||||||||&#8221;][vc_column][vc_row_inner][vc_column_inner][vc_column_text]<\/p>\n<h2>Vorteile von Oberfl\u00e4chenschutzfolien<\/h2>\n<p>Unterschiedliche Umgebungen und unterschiedliche Oberfl\u00e4chen erfordern unterschiedliche und geeignete Oberfl\u00e4chenschutzfolien, die einfach den Zweck erf\u00fcllen, die betreffende Oberfl\u00e4che zu sch\u00fctzen.<\/p>\n<p>Oberfl\u00e4chenschutzfolien werden im Allgemeinen verwendet, um Kratzer auf der Oberfl\u00e4che zu verhindern oder sie vor Staubpartikeln und \u00e4hnlichen Partikeln in der Luft zu sch\u00fctzen. Sie bieten auch Schutz vor Besch\u00e4digungen, Transport und Feuchtigkeit. Diese Klebeb\u00e4nder sind im Grunde genommen Schutzklebeb\u00e4nder gegen starken Abrieb und widerstandsf\u00e4hig gegen Verschlei\u00df durch den t\u00e4glichen Gebrauch.[\/vc_column_text][\/vc_column_inner][\/vc_row_inner][vc_row_inner][vc_column_inner][vc_column_text]<\/p>\n<h2>Hersteller von Oberfl\u00e4chenschutzfolien<\/h2>\n<p>Wir bei Tilak Polypack sind bekannt f\u00fcr die Lieferung von Oberfl\u00e4chenschutzfolien f\u00fcr verschiedene metallische und nichtmetallische Oberfl\u00e4chen, FRP-Platten, Polycarbonatplatten, Acrylbadewannen, Aufz\u00fcge und andere dekorative Oberfl\u00e4chen.<\/p>\n<p>Wir bieten hochwertige coextrudierte Folien, die durchsto\u00dffest, rei\u00dffest und jederzeit sto\u00dffest sind. Mit Hilfe unserer coextrudierten Klebeb\u00e4nder erh\u00e4lt Ihr Produkt nach dem \u00d6ffnen eine saubere Oberfl\u00e4che.<\/p>\n<p>Unsere Schutzfolie l\u00e4sst sich sehr leicht anbringen und hinterl\u00e4sst keine R\u00fcckst\u00e4nde. Diese Folien sch\u00fctzen die Oberfl\u00e4che dank ihres geringen Gelgehalts, ihrer hervorragenden Klebekraft und ihrer guten Kompatibilit\u00e4t.[\/vc_column_text][\/vc_column_inner][\/vc_row_inner][vc_row_inner][vc_column_inner][vc_column_text]<\/p>\n<h2>Oberfl\u00e4chenschutzfolien \u2013 Eigenschaften<\/h2>\n<ul>\n<li>Chemikalienbest\u00e4ndig<\/li>\n<li>UV-best\u00e4ndig<\/li>\n<li>Sonderfarben \u2013 Transparent, Wei\u00df, Schwarz + Wei\u00df, Gelb, Gr\u00fcn, Blau<\/li>\n<li>Kratzfest<\/li>\n<li>Breitenbereich: 18 mm \u2013 1500 mm<\/li>\n<li>Dickenbereich: 20 Mikrometer \u2013 200 Mikrometer<\/li>\n<\/ul>\n<p>[\/vc_column_text][\/vc_column_inner][\/vc_row_inner][vc_row_inner][vc_column_inner][vc_column_text]<\/p>\n<h2>So w\u00e4hlen Sie eine Oberfl\u00e4chenschutzfolie aus<\/h2>\n<p>Wir bei Tilak Polypack Pvt. Ltd. stellen Oberfl\u00e4chenschutzfolien her, die vor\u00fcbergehenden Schutz f\u00fcr jede Art von Oberfl\u00e4che bieten. Wir stellen sicher, dass der Klebstoff so ausgew\u00e4hlt wird, dass keine Klebstoff\u00fcbertragung stattfindet.<\/p>\n<p>Je nach Untergrund bieten wir Oberfl\u00e4chenschutzfolien mit verschiedenen Tr\u00e4germaterialien und Klebekr\u00e4ften an, die f\u00fcr den Au\u00dfen- oder Innenbereich geeignet sind. Wir beraten Sie gerne bei der Auswahl des richtigen Produkts.<\/p>\n<p>Tilak Polypack ist einer der weltweit f\u00fchrenden Hersteller und Lieferanten von OBERFL\u00c4CHENSCHUTZFOLIEN. Mit Niederlassungen in L\u00e4ndern wie den USA, Singapur, Australien, Deutschland, Kanada, Neuseeland, Gro\u00dfbritannien, Irland, Schottland und Norwegen hat sich Tilak Polypack als zuverl\u00e4ssiger Anbieter hochwertiger OBERFL\u00c4CHENSCHUTZFOLIEN etabliert.<\/p>\n<p>Einige der wichtigen Faktoren, die bei der Auswahl von Oberfl\u00e4chenschutzfolien zu ber\u00fccksichtigen sind, sind:<\/p>\n<ul>\n<li>Art der Oberfl\u00e4che (Metall, Glas, Kunststoff, Dekorlaminat, Stein, Teppich, beschichtete Oberfl\u00e4che usw.)<\/li>\n<li>Oberfl\u00e4chenstruktur (glatt\/gl\u00e4nzend, matt\/gepr\u00e4gt)<\/li>\n<li>Externe Faktoren, die den Oberfl\u00e4chenschutz beeintr\u00e4chtigen k\u00f6nnen Klebeb\u00e4nder (UV-Strahlung, Sonneneinstrahlung, extreme Temperaturen, Chemikalien)<\/li>\n<li>Dauer, f\u00fcr die Schutz erforderlich ist<\/li>\n<li>Grund f\u00fcr den Schutz der Oberfl\u00e4che (Abrieb, Verschmieren, Kratzer)<\/li>\n<\/ul>\n<p>Bitte wenden Sie sich an unsere Vertriebsabteilung, wir helfen Ihnen gerne bei der Auswahl Ihrer Oberfl\u00e4chenschutzb\u00e4nder.<\/p>\n<p>VERF\u00dcGBARE GR\u00d6SSEN:<\/p>\n<ul>\n<li>BREITE: 25 MM BIS 1500 MM<\/li>\n<li>DICKE: 20 MIKRON \u2013 200 MIKRON<\/li>\n<li>FARBEN: TRANSPARENT \/ SCHWARZ-WEISS \/ WEISS \/ BLAU DRUCK: BIS ZU 4 FARBEN<\/li>\n<\/ul>\n<p>[\/vc_column_text][\/vc_column_inner][\/vc_row_inner][vc_row_inner][vc_column_inner width=&#8221;2\/3&#8243;][vc_column_text]Bitte kontaktieren Sie uns unter <a href=\"tel:9227422544\">+91-9227422544<\/a> oder senden Sie uns eine E-Mail an <a href=\"mailto:info@tilakpolypack.com\">info@tilakpolypack.com<\/a>, um Angebote oder weitere Informationen zu erhalten.[\/vc_column_text][\/vc_column_inner][vc_column_inner width=&#8221;1\/3&#8243;]\r\n\t\t<div class=\"ts-vc_btn3-container  popmake-8197 ts-vc_btn3-right\"><a class=\"ts-vc_general ts-vc_btn3 ts-vc_btn3-size-md ts-vc_btn3-shape-square ts-vc_btn3-style-flat ts-vc_btn3-weight-yes ts-vc_btn3-color-skincolor\" href=\"\" title=\"\">Anfrage senden<\/a><\/div>[\/vc_column_inner][\/vc_row_inner][\/vc_column][\/vc_row]<\/p>\n<\/section>","protected":false},"excerpt":{"rendered":"<p>[vc_row ts_responsive_css=&#8221;86576401|colbreak_no|||||||||colbreak_no|||||||||colbreak_no||||||||||colbreak_no|||||||||&#8221;][vc_column][vc_row_inner][vc_column_inner][vc_column_text] Vorteile von Oberfl\u00e4chenschutzfolien Unterschiedliche Umgebungen und unterschiedliche Oberfl\u00e4chen erfordern unterschiedliche und geeignete Oberfl\u00e4chenschutzfolien, die einfach den Zweck erf\u00fcllen, die betreffende Oberfl\u00e4che zu sch\u00fctzen. Oberfl\u00e4chenschutzfolien werden im Allgemeinen verwendet, um Kratzer auf der Oberfl\u00e4che zu verhindern oder sie vor Staubpartikeln und \u00e4hnlichen Partikeln in der Luft zu sch\u00fctzen. Sie bieten auch Schutz vor Besch\u00e4digungen, &hellip; <a href=\"https:\/\/tilakpolypack.com\/de\/oberflachenschutzfolien\/\" class=\"more-link\">Continue reading <span class=\"screen-reader-text\">Oberfl\u00e4chenschutzfolien<\/span><\/a><\/p>\n","protected":false},"author":1,"featured_media":862,"parent":0,"menu_order":0,"comment_status":"closed","ping_status":"closed","template":"","meta":{"_acf_changed":false,"om_disable_all_campaigns":false,"_monsterinsights_skip_tracking":false,"_monsterinsights_sitenote_active":false,"_monsterinsights_sitenote_note":"","_monsterinsights_sitenote_category":0,"_uf_show_specific_survey":0,"_uf_disable_surveys":false,"footnotes":""},"class_list":["post-7317","page","type-page","status-publish","has-post-thumbnail","hentry"],"acf":[],"yoast_head":"<!-- This site is optimized with the Yoast SEO plugin v22.3 - https:\/\/yoast.com\/wordpress\/plugins\/seo\/ -->\n<title>Hersteller von Oberfl\u00e4chenschutzfolien | Tilak Poly Pack<\/title>\n<meta name=\"description\" content=\"Tilak Poly Pack bietet zuverl\u00e4ssige Oberfl\u00e4chenschutzfolien zum Schutz vor Kratzern, Abrieb und anderen Besch\u00e4digungen. Als f\u00fchrender Hersteller bieten wir hochwertige und langlebige L\u00f6sungen f\u00fcr verschiedene Branchen. Kontaktieren Sie uns, um mehr zu erfahren.\" \/>\n<meta name=\"robots\" content=\"index, follow, max-snippet:-1, max-image-preview:large, max-video-preview:-1\" \/>\n<link rel=\"canonical\" href=\"https:\/\/tilakpolypack.com\/de\/oberflachenschutzfolien\/\" \/>\n<meta property=\"og:locale\" content=\"en_US\" \/>\n<meta property=\"og:type\" content=\"article\" \/>\n<meta property=\"og:title\" content=\"Hersteller von Oberfl\u00e4chenschutzfolien | Tilak Poly Pack\" \/>\n<meta property=\"og:description\" content=\"Tilak Poly Pack bietet zuverl\u00e4ssige Oberfl\u00e4chenschutzfolien zum Schutz vor Kratzern, Abrieb und anderen Besch\u00e4digungen. Als f\u00fchrender Hersteller bieten wir hochwertige und langlebige L\u00f6sungen f\u00fcr verschiedene Branchen. Kontaktieren Sie uns, um mehr zu erfahren.\" \/>\n<meta property=\"og:url\" content=\"https:\/\/tilakpolypack.com\/de\/oberflachenschutzfolien\/\" \/>\n<meta property=\"og:site_name\" content=\"Tilak Polypack\" \/>\n<meta property=\"article:modified_time\" content=\"2025-08-26T06:16:33+00:00\" \/>\n<meta property=\"og:image\" content=\"https:\/\/tilakpolypack.com\/de\/wp-content\/uploads\/2019\/01\/surface-protection-tape.jpg\" \/>\n\t<meta property=\"og:image:width\" content=\"760\" \/>\n\t<meta property=\"og:image:height\" content=\"510\" \/>\n\t<meta property=\"og:image:type\" content=\"image\/jpeg\" \/>\n<meta name=\"twitter:card\" content=\"summary_large_image\" \/>\n<meta name=\"twitter:label1\" content=\"Est. reading time\" \/>\n\t<meta name=\"twitter:data1\" content=\"3 minutes\" \/>\n<script type=\"application\/ld+json\" class=\"yoast-schema-graph\">{\"@context\":\"https:\/\/schema.org\",\"@graph\":[{\"@type\":\"WebPage\",\"@id\":\"https:\/\/tilakpolypack.com\/de\/oberflachenschutzfolien\/\",\"url\":\"https:\/\/tilakpolypack.com\/de\/oberflachenschutzfolien\/\",\"name\":\"Hersteller von Oberfl\u00e4chenschutzfolien | Tilak Poly Pack\",\"isPartOf\":{\"@id\":\"https:\/\/tilakpolypack.com\/de\/#website\"},\"primaryImageOfPage\":{\"@id\":\"https:\/\/tilakpolypack.com\/de\/oberflachenschutzfolien\/#primaryimage\"},\"image\":{\"@id\":\"https:\/\/tilakpolypack.com\/de\/oberflachenschutzfolien\/#primaryimage\"},\"thumbnailUrl\":\"https:\/\/tilakpolypack.com\/de\/wp-content\/uploads\/2019\/01\/surface-protection-tape.jpg\",\"datePublished\":\"2023-10-06T10:10:34+00:00\",\"dateModified\":\"2025-08-26T06:16:33+00:00\",\"description\":\"Tilak Poly Pack bietet zuverl\u00e4ssige Oberfl\u00e4chenschutzfolien zum Schutz vor Kratzern, Abrieb und anderen Besch\u00e4digungen. Als f\u00fchrender Hersteller bieten wir hochwertige und langlebige L\u00f6sungen f\u00fcr verschiedene Branchen. Kontaktieren Sie uns, um mehr zu erfahren.\",\"inLanguage\":\"en-US\",\"potentialAction\":[{\"@type\":\"ReadAction\",\"target\":[\"https:\/\/tilakpolypack.com\/de\/oberflachenschutzfolien\/\"]}]},{\"@type\":\"ImageObject\",\"inLanguage\":\"en-US\",\"@id\":\"https:\/\/tilakpolypack.com\/de\/oberflachenschutzfolien\/#primaryimage\",\"url\":\"https:\/\/tilakpolypack.com\/de\/wp-content\/uploads\/2019\/01\/surface-protection-tape.jpg\",\"contentUrl\":\"https:\/\/tilakpolypack.com\/de\/wp-content\/uploads\/2019\/01\/surface-protection-tape.jpg\",\"width\":760,\"height\":510,\"caption\":\"surface protection tape\"},{\"@type\":\"WebSite\",\"@id\":\"https:\/\/tilakpolypack.com\/de\/#website\",\"url\":\"https:\/\/tilakpolypack.com\/de\/\",\"name\":\"Tilak Polypack\",\"description\":\"\",\"potentialAction\":[{\"@type\":\"SearchAction\",\"target\":{\"@type\":\"EntryPoint\",\"urlTemplate\":\"https:\/\/tilakpolypack.com\/de\/?s={search_term_string}\"},\"query-input\":\"required name=search_term_string\"}],\"inLanguage\":\"en-US\"}]}<\/script>\n<!-- \/ Yoast SEO plugin. -->","yoast_head_json":{"title":"Hersteller von Oberfl\u00e4chenschutzfolien | Tilak Poly Pack","description":"Tilak Poly Pack bietet zuverl\u00e4ssige Oberfl\u00e4chenschutzfolien zum Schutz vor Kratzern, Abrieb und anderen Besch\u00e4digungen. Als f\u00fchrender Hersteller bieten wir hochwertige und langlebige L\u00f6sungen f\u00fcr verschiedene Branchen. Kontaktieren Sie uns, um mehr zu erfahren.","robots":{"index":"index","follow":"follow","max-snippet":"max-snippet:-1","max-image-preview":"max-image-preview:large","max-video-preview":"max-video-preview:-1"},"canonical":"https:\/\/tilakpolypack.com\/de\/oberflachenschutzfolien\/","og_locale":"en_US","og_type":"article","og_title":"Hersteller von Oberfl\u00e4chenschutzfolien | Tilak Poly Pack","og_description":"Tilak Poly Pack bietet zuverl\u00e4ssige Oberfl\u00e4chenschutzfolien zum Schutz vor Kratzern, Abrieb und anderen Besch\u00e4digungen. Als f\u00fchrender Hersteller bieten wir hochwertige und langlebige L\u00f6sungen f\u00fcr verschiedene Branchen. Kontaktieren Sie uns, um mehr zu erfahren.","og_url":"https:\/\/tilakpolypack.com\/de\/oberflachenschutzfolien\/","og_site_name":"Tilak Polypack","article_modified_time":"2025-08-26T06:16:33+00:00","og_image":[{"width":760,"height":510,"url":"https:\/\/tilakpolypack.com\/de\/wp-content\/uploads\/2019\/01\/surface-protection-tape.jpg","type":"image\/jpeg"}],"twitter_card":"summary_large_image","twitter_misc":{"Est. reading time":"3 minutes"},"schema":{"@context":"https:\/\/schema.org","@graph":[{"@type":"WebPage","@id":"https:\/\/tilakpolypack.com\/de\/oberflachenschutzfolien\/","url":"https:\/\/tilakpolypack.com\/de\/oberflachenschutzfolien\/","name":"Hersteller von Oberfl\u00e4chenschutzfolien | Tilak Poly Pack","isPartOf":{"@id":"https:\/\/tilakpolypack.com\/de\/#website"},"primaryImageOfPage":{"@id":"https:\/\/tilakpolypack.com\/de\/oberflachenschutzfolien\/#primaryimage"},"image":{"@id":"https:\/\/tilakpolypack.com\/de\/oberflachenschutzfolien\/#primaryimage"},"thumbnailUrl":"https:\/\/tilakpolypack.com\/de\/wp-content\/uploads\/2019\/01\/surface-protection-tape.jpg","datePublished":"2023-10-06T10:10:34+00:00","dateModified":"2025-08-26T06:16:33+00:00","description":"Tilak Poly Pack bietet zuverl\u00e4ssige Oberfl\u00e4chenschutzfolien zum Schutz vor Kratzern, Abrieb und anderen Besch\u00e4digungen. Als f\u00fchrender Hersteller bieten wir hochwertige und langlebige L\u00f6sungen f\u00fcr verschiedene Branchen. Kontaktieren Sie uns, um mehr zu erfahren.","inLanguage":"en-US","potentialAction":[{"@type":"ReadAction","target":["https:\/\/tilakpolypack.com\/de\/oberflachenschutzfolien\/"]}]},{"@type":"ImageObject","inLanguage":"en-US","@id":"https:\/\/tilakpolypack.com\/de\/oberflachenschutzfolien\/#primaryimage","url":"https:\/\/tilakpolypack.com\/de\/wp-content\/uploads\/2019\/01\/surface-protection-tape.jpg","contentUrl":"https:\/\/tilakpolypack.com\/de\/wp-content\/uploads\/2019\/01\/surface-protection-tape.jpg","width":760,"height":510,"caption":"surface protection tape"},{"@type":"WebSite","@id":"https:\/\/tilakpolypack.com\/de\/#website","url":"https:\/\/tilakpolypack.com\/de\/","name":"Tilak Polypack","description":"","potentialAction":[{"@type":"SearchAction","target":{"@type":"EntryPoint","urlTemplate":"https:\/\/tilakpolypack.com\/de\/?s={search_term_string}"},"query-input":"required name=search_term_string"}],"inLanguage":"en-US"}]}},"_links":{"self":[{"href":"https:\/\/tilakpolypack.com\/de\/wp-json\/wp\/v2\/pages\/7317","targetHints":{"allow":["GET"]}}],"collection":[{"href":"https:\/\/tilakpolypack.com\/de\/wp-json\/wp\/v2\/pages"}],"about":[{"href":"https:\/\/tilakpolypack.com\/de\/wp-json\/wp\/v2\/types\/page"}],"author":[{"embeddable":true,"href":"https:\/\/tilakpolypack.com\/de\/wp-json\/wp\/v2\/users\/1"}],"replies":[{"embeddable":true,"href":"https:\/\/tilakpolypack.com\/de\/wp-json\/wp\/v2\/comments?post=7317"}],"version-history":[{"count":2,"href":"https:\/\/tilakpolypack.com\/de\/wp-json\/wp\/v2\/pages\/7317\/revisions"}],"predecessor-version":[{"id":10156,"href":"https:\/\/tilakpolypack.com\/de\/wp-json\/wp\/v2\/pages\/7317\/revisions\/10156"}],"wp:featuredmedia":[{"embeddable":true,"href":"https:\/\/tilakpolypack.com\/de\/wp-json\/wp\/v2\/media\/862"}],"wp:attachment":[{"href":"https:\/\/tilakpolypack.com\/de\/wp-json\/wp\/v2\/media?parent=7317"}],"curies":[{"name":"wp","href":"https:\/\/api.w.org\/{rel}","templated":true}]}}