{"id":7314,"date":"2023-10-06T10:10:07","date_gmt":"2023-10-06T10:10:07","guid":{"rendered":"https:\/\/archiveyourwords.com\/tilak\/?page_id=7314"},"modified":"2025-09-19T15:42:03","modified_gmt":"2025-09-19T15:42:03","slug":"pharma-qualitat-poly","status":"publish","type":"page","link":"https:\/\/tilakpolypack.com\/de\/pharma-qualitat-poly\/","title":{"rendered":"Pharma-Qualit\u00e4t Poly"},"content":{"rendered":"<section class=\"wpb-content-wrapper\"><p>[vc_row][vc_column][vc_column_text css=&#8221;.vc_custom_1758294126490{padding-top: 20px !important;}&#8221;]<\/p>\n<p data-pm-slice=\"1 1 []\">Pharma-Grade-Poly ist eine spezielle Art von Polyethylen, das in der pharmazeutischen Industrie zur Verpackung und Lagerung von medizinischen Produkten verwendet wird. Es ist bekannt f\u00fcr seine au\u00dfergew\u00f6hnliche Reinheit, chemische Best\u00e4ndigkeit und Vertr\u00e4glichkeit mit pharmazeutischen Substanzen.<\/p>\n<p>Neben Polyethylen kommen in der Pharmaindustrie vielseitige <a href=\"https:\/\/tilakpolypack.com\/de\/laminierung-pe-folie\/\"><strong>Laminierung PE-Folie<\/strong><\/a>\u00a0und Verpackungsfolien zum Einsatz, die als hochbarriere Verpackungsl\u00f6sung mit besonderen Tiefzieheigenschaften, hoher Transparenz und ma\u00dfgeschneiderten L\u00f6sungen \u00fcberzeugen. Diese Folien bieten optimalen Schutz und erm\u00f6glichen eine flexible Anpassung an individuelle Anforderungen.<\/p>\n<p>Der Herstellungsprozess unterliegt strengen Qualit\u00e4tskontrollen, einschlie\u00dflich der Verwendung hochwertiger Rohstoffe und fortschrittlicher Reinigungstechniken, um ein H\u00f6chstma\u00df an Sauberkeit und die Einhaltung der Branchenvorschriften zu gew\u00e4hrleisten. Die Anwendung dieser Folien erstreckt sich \u00fcber verschiedene Bereiche wie den pharmazeutischen, medizinischen und Lebensmittelbereich, wobei sie eine entscheidende Rolle f\u00fcr die Gesundheit und den Schutz der Produkte spielen. Sie eignen sich besonders f\u00fcr die sichere Verpackung und Fixierung von Ampullen, Spritzen und anderen Medizinprodukten. In spezialisierten Verpackungsfolien werden Materialien wie PVdC, ABS und Thermoform eingesetzt, um h\u00f6chste Barriereeigenschaften und Funktionalit\u00e4t zu gew\u00e4hrleisten. Die Verwendung von Tiefziehfolie mit exzellenten Tiefzieheigenschaften bietet Vorteile f\u00fcr die Lagerung und den Schutz von Produkten im Lager. Die Verpackungsl\u00f6sungen von Tilak Poly Pack sind f\u00fcr alle Arten von Lebensmitteln und Speisen geeignet und decken somit s\u00e4mtliche Anforderungen ab. Dar\u00fcber hinaus tragen die Verpackungsfolien ma\u00dfgeblich zur Sicherstellung von Gesundheit und Hygiene w\u00e4hrend der gesamten Lieferkette bei.<\/p>\n<p>Pharmagerechtes Polyethylen ist in verschiedenen Formen erh\u00e4ltlich, beispielsweise als Beutel und Folien. Es wurde speziell f\u00fcr die besonderen Anforderungen pharmazeutischer Verpackungen entwickelt, darunter Schutz vor Feuchtigkeit, Licht und Verunreinigungen. Dank seiner hervorragenden Eigenschaften ist es f\u00fcr Pharmaunternehmen eine zuverl\u00e4ssige Wahl, um die Sicherheit, Wirksamkeit und Haltbarkeit ihrer Produkte zu gew\u00e4hrleisten.<\/p>\n<h2>Einf\u00fchrung in Polybeutel und -t\u00fcten<\/h2>\n<p>Polybeutel und -t\u00fcten sind aus der modernen Verpackungswelt nicht mehr wegzudenken und bieten in zahlreichen Branchen, insbesondere in der Pharmaindustrie, der Medizintechnik und der Lebensmittelbranche, unverzichtbare Vorteile. Als vielseitige Verpackungsl\u00f6sungen sch\u00fctzen sie empfindliche Produkte wie Tabletten, Kapseln und andere Arzneimittel zuverl\u00e4ssig vor \u00e4u\u00dferen Einfl\u00fcssen und tragen ma\u00dfgeblich zur Haltbarkeit und Sicherheit bei.<\/p>\n<p>Als erfahrener Hersteller hochwertiger <a href=\"https:\/\/tilakpolypack.com\/de\/selbstklebende-laminatfolie\/\"><strong>Selbstklebende Laminierfolie <\/strong><\/a> und -materialien bieten wir ein breites Sortiment an Polybeuteln und -t\u00fcten, die speziell auf die Anforderungen der jeweiligen Branche zugeschnitten sind. Unsere Partner aus der Pharmaindustrie und Medizintechnik sch\u00e4tzen die hohe Qualit\u00e4t und die Vielfalt unserer Verpackungsl\u00f6sungen, die sich flexibel an unterschiedliche Anwendungen anpassen lassen. Ob f\u00fcr die sichere Lagerung von pharmazeutischen Produkten, die hygienische Verpackung von Medizinprodukten oder den Schutz von Lebensmitteln \u2013 unsere Polybeutel und -t\u00fcten erf\u00fcllen h\u00f6chste Standards und bieten zuverl\u00e4ssigen Schutz f\u00fcr Ihre Produkte. So unterst\u00fctzen wir unsere Kunden dabei, die spezifischen Anforderungen ihrer Branche zu erf\u00fcllen und die Qualit\u00e4t ihrer Produkte langfristig zu sichern.<\/p>\n<h2>Herstellung von Verpackungsfolien in Pharmaqualit\u00e4t<\/h2>\n<p>Bei <a href=\"https:\/\/tilakpolypack.com\/de\/\"><strong>Tilak Polypack<\/strong><\/a> sind wir stolz darauf, hochwertiges Polyethylen in Pharmaqualit\u00e4t herzustellen, das den strengen Anforderungen der pharmazeutischen Industrie entspricht. Unser Herstellungsprozess umfasst mehrere wichtige Schritte, um die Produktion von au\u00dfergew\u00f6hnlichen Polyethylenmaterialien f\u00fcr pharmazeutische Verpackungen sicherzustellen.<\/p>\n<ol>\n<li><strong>Auswahl der Rohstoffe<\/strong>: Wir w\u00e4hlen sorgf\u00e4ltig hochwertige Rohstoffe aus, die den Industriestandards und Vorschriften entsprechen. Dadurch werden die Reinheit und Qualit\u00e4t des Endprodukts gew\u00e4hrleistet. Die Auswahl von hochwertigem Verpackungsmaterial ist dabei entscheidend, um die besonderen Anforderungen pharmazeutischer Anwendungen zu erf\u00fcllen.<\/li>\n<li><strong>Modernste Produktionsanlagen<\/strong>: Unsere hochmodernen Produktionsanlagen sind mit modernen Maschinen und Technologien ausgestattet, um Polymer in pharmazeutischer Qualit\u00e4t mit Pr\u00e4zision und Konsistenz herzustellen.<\/li>\n<li><strong>Strenge Qualit\u00e4tskontrolle<\/strong>: Wir verf\u00fcgen \u00fcber strenge Qualit\u00e4tskontrollma\u00dfnahmen in jeder Phase des Herstellungsprozesses. Dazu geh\u00f6ren regelm\u00e4\u00dfige Inspektionen, Tests und \u00dcberwachungen, um die h\u00f6chsten Qualit\u00e4ts- und Reinheitsstandards aufrechtzuerhalten.<\/li>\n<li><strong>Einhaltung der Branchenvorschriften<\/strong>: Unser Polyethylen in Pharmaqualit\u00e4t wird gem\u00e4\u00df den Vorschriften und Richtlinien der Aufsichtsbeh\u00f6rden hergestellt. Dadurch wird die Sicherheit und Eignung unserer Produkte f\u00fcr pharmazeutische Anwendungen gew\u00e4hrleistet.<\/li>\n<\/ol>\n<p>Tilak Polypack ist einer der weltweit f\u00fchrenden Hersteller und Lieferanten von PHARMA GRADE POLY-Folien. Mit Niederlassungen in L\u00e4ndern wie den USA, Singapur, Australien, Deutschland, Kanada, Neuseeland, Gro\u00dfbritannien, Irland, Schottland und Norwegen hat sich Tilak Polypack als zuverl\u00e4ssiger Anbieter von hochwertigen PHARMA GRADE POLY-Folien etabliert. Dar\u00fcber hinaus entwickeln wir individuelle L\u00f6sungen, die speziell auf die Anforderungen unserer Kunden im Herstellungsprozess zugeschnitten sind.<\/p>\n<h2>Eigenschaften unseres Polymermaterials f\u00fcr die Pharmaindustrie in Pharmaqualit\u00e4t:<\/h2>\n<p><strong>Au\u00dfergew\u00f6hnliche Reinheit<\/strong>: Unsere Polyethylenmaterialien sind frei von Verunreinigungen und Schadstoffen und gew\u00e4hrleisten so die Unversehrtheit pharmazeutischer Produkte.<\/p>\n<p><strong>Chemische Best\u00e4ndigkeit<\/strong>: Unser Polymer in Pharmaqualit\u00e4t weist eine ausgezeichnete Best\u00e4ndigkeit gegen\u00fcber verschiedenen Chemikalien auf und bietet somit optimalen Schutz f\u00fcr empfindliche pharmazeutische Substanzen.<\/p>\n<p><strong>Kompatibilit\u00e4t<\/strong>: Unsere Polyethylenmaterialien sind so konzipiert, dass sie mit einer Vielzahl von pharmazeutischen Formulierungen kompatibel sind und somit Stabilit\u00e4t und Produktintegrit\u00e4t gew\u00e4hrleisten.<\/p>\n<p><strong>Verbesserte Barriereeigenschaften<\/strong>: Unser Polyethylen in Pharmaqualit\u00e4t bietet hervorragende Feuchtigkeitsbarriereeigenschaften und sch\u00fctzt pharmazeutische Produkte vor Umwelteinfl\u00fcssen.<\/p>\n<p><strong>Hochbarriere-Eigenschaften<\/strong>: Unsere Folien verf\u00fcgen \u00fcber hochbarriere Eigenschaften, die einen effektiven Schutz vor Feuchtigkeit, Sauerstoff und anderen \u00e4u\u00dferen Einfl\u00fcssen bieten und so die Haltbarkeit und Sicherheit pharmazeutischer Produkte erh\u00f6hen.<\/p>\n<p><strong>Verpackungsfolie f\u00fcr pharmazeutische Anwendungen<\/strong>: Unsere Verpackungsfolie ist speziell f\u00fcr pharmazeutische Anwendungen entwickelt und gew\u00e4hrleistet durch ihre Qualit\u00e4t und Sicherheit den optimalen Schutz sensibler Produkte.<\/p>\n<p><strong>Hohe Transparenz<\/strong>: Die Folien zeichnen sich durch eine hohe Transparenz aus, die eine klare Sicht auf das verpackte Produkt erm\u00f6glicht und so eine ansprechende Produktpr\u00e4sentation unterst\u00fctzt.<\/p>\n<p><strong>Ausgezeichnete Tiefzieheigenschaften<\/strong>: Unsere Folien bieten hervorragende Tiefzieheigenschaften, die eine effiziente Verarbeitung und die Herstellung komplexer Verpackungsformen erm\u00f6glichen.<\/p>\n<p><strong>Zuverl\u00e4ssige Qualit\u00e4t<\/strong>: Wir unterziehen unsere Produkte w\u00e4hrend des gesamten Herstellungsprozesses strengen Qualit\u00e4tskontrollen, um ein gleichbleibend zuverl\u00e4ssiges Polymer in Pharmaqualit\u00e4t zu liefern, das den h\u00f6chsten Industriestandards entspricht.<\/p>\n<h2>Warum Tilak Polypack die beste Wahl ist:<\/h2>\n<p><strong>Umfangreiche Erfahrung<\/strong>: Tilak Polypack ist als f\u00fchrendes Unternehmen im Bereich pharmazeutischer Verpackungsl\u00f6sungen bekannt. Dank unserer langj\u00e4hrigen Erfahrung in der Branche haben wir wertvolles Fachwissen in der Herstellung von Polyethylen in Pharmaqualit\u00e4t erworben.<\/p>\n<p><strong>Verpflichtung zur Qualit\u00e4t<\/strong>: Wir legen gr\u00f6\u00dften Wert auf Qualit\u00e4t und halten uns an strenge Fertigungsstandards, um zuverl\u00e4ssige und hochwertige Produkte zu liefern.<\/p>\n<p><strong>Anpassungsm\u00f6glichkeiten<\/strong>: Wir entwickeln individuelle L\u00f6sungen, die exakt auf die Anforderungen verschiedener Branchen und Kunden abgestimmt sind. Wir bieten Flexibilit\u00e4t hinsichtlich der Produktspezifikationen, einschlie\u00dflich Gr\u00f6\u00dfe, Dicke und Anpassung, um den spezifischen Anforderungen unserer Kunden gerecht zu werden.<\/p>\n<p><strong>Sichere Lagerung<\/strong>: Unsere Verpackungsl\u00f6sungen gew\u00e4hrleisten eine sichere Lagerung der Produkte, sch\u00fctzen sie w\u00e4hrend des Transports und unterst\u00fctzen ein effizientes Lagermanagement.<\/p>\n<p><strong>P\u00fcnktliche Lieferung<\/strong>: Wir wissen, wie wichtig eine p\u00fcnktliche Lieferung ist, und sorgen f\u00fcr einen schnellen Versand unserer Produkte, um die Fristen unserer Kunden einzuhalten.<\/p>\n<p><strong>Kundenzufriedenheit<\/strong>: Unser Fokus liegt auf einem exzellenten Kundenservice und dem Aufbau langfristiger Beziehungen zu unseren Kunden.<\/p>\n<h3>Vorteile unserer Verpackungsl\u00f6sungen<\/h3>\n<ul>\n<li>Au\u00dfergew\u00f6hnliche Reinheit und Sauberkeit, die die Unversehrtheit pharmazeutischer Produkte gew\u00e4hrleisten.<\/li>\n<li>Hervorragende chemische Best\u00e4ndigkeit, sch\u00fctzt pharmazeutische Substanzen vor Zersetzung.<\/li>\n<li>Hohe Kompatibilit\u00e4t mit einer Vielzahl von pharmazeutischen Formulierungen.<\/li>\n<li>Verbesserte Feuchtigkeitsbarriereeigenschaften, die Produkte vor feuchtigkeitsbedingten Sch\u00e4den sch\u00fctzen.<\/li>\n<li>Einhaltung der Branchenvorschriften und -richtlinien f\u00fcr pharmazeutische Verpackungen.<\/li>\n<li>Zuverl\u00e4ssige und konsistente Qualit\u00e4tskontrollma\u00dfnahmen w\u00e4hrend des gesamten Herstellungsprozesses.<\/li>\n<li>Sicherheit, Frische und Hygiene haben bei der Verpackung von Lebensmitteln und pharmazeutischen Produkten h\u00f6chste Priorit\u00e4t.<\/li>\n<li>Unsere Folien eignen sich optimal f\u00fcr die Verpackung und Fixierung von Medizinprodukten, Ampullen und Spritzen, auch f\u00fcr Sterilisationsprozesse.<\/li>\n<li>Verwendung von PVdC, ABS und Thermoform-Materialien f\u00fcr spezielle Verpackungsanforderungen und h\u00f6chste Produktsicherheit.<\/li>\n<li>Tiefziehfolie bietet pr\u00e4zise Formgebung und optimalen Schutz f\u00fcr individuelle und technische Anwendungen.<\/li>\n<li>Unsere L\u00f6sungen sind ideal f\u00fcr die Verpackung von Lebensmitteln und bieten eine breite Auswahl an hochwertigem Verpackungsmaterial.<\/li>\n<li>Anpassungsoptionen verf\u00fcgbar, um spezifische Verpackungsanforderungen zu erf\u00fcllen.<\/li>\n<li>Schnelle und zuverl\u00e4ssige Lieferung, um die Termine unserer Kunden einzuhalten.<\/li>\n<li>Hervorragender Kundenservice und langfristige Kundenbeziehungen.<\/li>\n<\/ul>\n<h2>Nachhaltigkeit und Umweltschutz<\/h2>\n<p>Nachhaltigkeit und Umweltschutz stehen bei uns im Mittelpunkt der Entwicklung moderner Verpackungsl\u00f6sungen. Wir setzen auf innovative Folien und <strong><a href=\"https:\/\/tilakpolypack.com\/de\/verpackungsfolien\/\">Verpackungsfolien<\/a><\/strong>, die nicht nur h\u00f6chste Anspr\u00fcche an Qualit\u00e4t und Funktionalit\u00e4t erf\u00fcllen, sondern auch einen verantwortungsvollen Umgang mit Ressourcen erm\u00f6glichen. Unsere Verpackungsmaterialien werden so konzipiert, dass sie recycelbar sind und der Einsatz von Rohstoffen auf ein Minimum reduziert wird.<\/p>\n<p>Durch kontinuierliche Optimierung unserer Produktion und den gezielten Einsatz nachhaltiger Materialien wie Polyethylen (PE), Polypropylen (PP) und Polymilchs\u00e4ure (PLA) leisten wir einen aktiven Beitrag zum Umweltschutz. Diese Materialien eignen sich hervorragend f\u00fcr die Verpackung von Lebensmitteln und Medizinprodukten und bieten gleichzeitig eine umweltfreundliche Alternative zu herk\u00f6mmlichen L\u00f6sungen. Unsere langj\u00e4hrige Erfahrung und Kompetenz in der Herstellung von Verpackungsfolien erm\u00f6glichen es uns, ma\u00dfgeschneiderte L\u00f6sungen zu entwickeln, die sowohl den Anforderungen unserer Kunden als auch den Priorit\u00e4ten des Umweltschutzes gerecht werden. So bieten wir ein breites Spektrum an nachhaltigen Verpackungsl\u00f6sungen, die den Wert Ihrer Produkte unterstreichen und einen positiven Beitrag f\u00fcr die Umwelt leisten.[\/vc_column_text]<section class=\"ts-vc_cta3-container\"><div class=\"ts-vc_general ts-vc_cta3 ts-cta3-only ts-vc_cta3-style-classic ts-vc_cta3-shape-rounded ts-vc_cta3-align-left ts-vc_cta3-color-transparent ts-vc_cta3-icon-size-md ts-vc_cta3-actions-right vc_custom_1756126730549 ts-cta3-with-desc\"><div class=\"ts-vc_cta3_content-container\"><div class=\"ts-vc_cta3-content\"><div class=\"ts-vc_cta3-content-header ts-wrap\"><div class=\"ts-vc_cta3-headers ts-wrap-cell\"><\/div><\/div><div class=\"ts-cta3-content-wrapper\"><p>Bitte kontaktieren Sie uns unter <a href=\"tel:9227422544\">+91-9227422544<\/a> oder senden Sie uns eine E-Mail an <a href=\"mailto:info@tilakpolypack.com\">info@tilakpolypack.com<\/a>, um Angebote oder weitere Informationen zu erhalten.<\/p><\/div><\/div><div class=\"ts-vc_cta3-actions\">\r\n\t\t<div class=\"ts-vc_btn3-container  popmake-8197 ts-vc_btn3-inline\"><a class=\"ts-vc_general ts-vc_btn3 ts-vc_btn3-size-md ts-vc_btn3-shape-rounded ts-vc_btn3-style-flat ts-vc_btn3-weight-yes ts-vc_btn3-color-skincolor\" href=\"\" title=\"\">Anfrage senden<\/a><\/div><\/div><\/div><\/div><\/section>[\/vc_column][\/vc_row]<\/p>\n<\/section>","protected":false},"excerpt":{"rendered":"<p>[vc_row][vc_column][vc_column_text css=&#8221;.vc_custom_1758294126490{padding-top: 20px !important;}&#8221;] Pharma-Grade-Poly ist eine spezielle Art von Polyethylen, das in der pharmazeutischen Industrie zur Verpackung und Lagerung von medizinischen Produkten verwendet wird. Es ist bekannt f\u00fcr seine au\u00dfergew\u00f6hnliche Reinheit, chemische Best\u00e4ndigkeit und Vertr\u00e4glichkeit mit pharmazeutischen Substanzen. Neben Polyethylen kommen in der Pharmaindustrie vielseitige Laminierung PE-Folie\u00a0und Verpackungsfolien zum Einsatz, die als hochbarriere Verpackungsl\u00f6sung &hellip; <a href=\"https:\/\/tilakpolypack.com\/de\/pharma-qualitat-poly\/\" class=\"more-link\">Continue reading <span class=\"screen-reader-text\">Pharma-Qualit\u00e4t Poly<\/span><\/a><\/p>\n","protected":false},"author":1,"featured_media":7924,"parent":0,"menu_order":0,"comment_status":"closed","ping_status":"closed","template":"","meta":{"_acf_changed":false,"om_disable_all_campaigns":false,"_monsterinsights_skip_tracking":false,"_monsterinsights_sitenote_active":false,"_monsterinsights_sitenote_note":"","_monsterinsights_sitenote_category":0,"_uf_show_specific_survey":0,"_uf_disable_surveys":false,"footnotes":""},"class_list":["post-7314","page","type-page","status-publish","has-post-thumbnail","hentry"],"acf":[],"yoast_head":"<!-- This site is optimized with the Yoast SEO plugin v22.3 - https:\/\/yoast.com\/wordpress\/plugins\/seo\/ -->\n<title>PE-Laminierfolie f\u00fcr Pharmaverpackungen<\/title>\n<meta name=\"description\" content=\"Polyethylenfolien und -beutel in Pharmaqualit\u00e4t: rein, sicher und robust. Sch\u00fctzt vor Feuchtigkeit und Verunreinigungen.\" \/>\n<meta name=\"robots\" content=\"index, follow, max-snippet:-1, max-image-preview:large, max-video-preview:-1\" \/>\n<link rel=\"canonical\" href=\"https:\/\/tilakpolypack.com\/de\/pharma-qualitat-poly\/\" \/>\n<meta property=\"og:locale\" content=\"en_US\" \/>\n<meta property=\"og:type\" content=\"article\" \/>\n<meta property=\"og:title\" content=\"PE-Laminierfolie f\u00fcr Pharmaverpackungen\" \/>\n<meta property=\"og:description\" content=\"Polyethylenfolien und -beutel in Pharmaqualit\u00e4t: rein, sicher und robust. Sch\u00fctzt vor Feuchtigkeit und Verunreinigungen.\" \/>\n<meta property=\"og:url\" content=\"https:\/\/tilakpolypack.com\/de\/pharma-qualitat-poly\/\" \/>\n<meta property=\"og:site_name\" content=\"Tilak Polypack\" \/>\n<meta property=\"article:modified_time\" content=\"2025-09-19T15:42:03+00:00\" \/>\n<meta property=\"og:image\" content=\"https:\/\/tilakpolypack.com\/de\/wp-content\/uploads\/2023\/10\/pharma-grade-poly-1.jpg\" \/>\n\t<meta property=\"og:image:width\" content=\"2048\" \/>\n\t<meta property=\"og:image:height\" content=\"1365\" \/>\n\t<meta property=\"og:image:type\" content=\"image\/jpeg\" \/>\n<meta name=\"twitter:card\" content=\"summary_large_image\" \/>\n<meta name=\"twitter:label1\" content=\"Est. reading time\" \/>\n\t<meta name=\"twitter:data1\" content=\"7 minutes\" \/>\n<script type=\"application\/ld+json\" class=\"yoast-schema-graph\">{\"@context\":\"https:\/\/schema.org\",\"@graph\":[{\"@type\":\"WebPage\",\"@id\":\"https:\/\/tilakpolypack.com\/de\/pharma-qualitat-poly\/\",\"url\":\"https:\/\/tilakpolypack.com\/de\/pharma-qualitat-poly\/\",\"name\":\"PE-Laminierfolie f\u00fcr Pharmaverpackungen\",\"isPartOf\":{\"@id\":\"https:\/\/tilakpolypack.com\/de\/#website\"},\"primaryImageOfPage\":{\"@id\":\"https:\/\/tilakpolypack.com\/de\/pharma-qualitat-poly\/#primaryimage\"},\"image\":{\"@id\":\"https:\/\/tilakpolypack.com\/de\/pharma-qualitat-poly\/#primaryimage\"},\"thumbnailUrl\":\"https:\/\/tilakpolypack.com\/de\/wp-content\/uploads\/2023\/10\/pharma-grade-poly-1.jpg\",\"datePublished\":\"2023-10-06T10:10:07+00:00\",\"dateModified\":\"2025-09-19T15:42:03+00:00\",\"description\":\"Polyethylenfolien und -beutel in Pharmaqualit\u00e4t: rein, sicher und robust. Sch\u00fctzt vor Feuchtigkeit und Verunreinigungen.\",\"inLanguage\":\"en-US\",\"potentialAction\":[{\"@type\":\"ReadAction\",\"target\":[\"https:\/\/tilakpolypack.com\/de\/pharma-qualitat-poly\/\"]}]},{\"@type\":\"ImageObject\",\"inLanguage\":\"en-US\",\"@id\":\"https:\/\/tilakpolypack.com\/de\/pharma-qualitat-poly\/#primaryimage\",\"url\":\"https:\/\/tilakpolypack.com\/de\/wp-content\/uploads\/2023\/10\/pharma-grade-poly-1.jpg\",\"contentUrl\":\"https:\/\/tilakpolypack.com\/de\/wp-content\/uploads\/2023\/10\/pharma-grade-poly-1.jpg\",\"width\":2048,\"height\":1365},{\"@type\":\"WebSite\",\"@id\":\"https:\/\/tilakpolypack.com\/de\/#website\",\"url\":\"https:\/\/tilakpolypack.com\/de\/\",\"name\":\"Tilak Polypack\",\"description\":\"\",\"potentialAction\":[{\"@type\":\"SearchAction\",\"target\":{\"@type\":\"EntryPoint\",\"urlTemplate\":\"https:\/\/tilakpolypack.com\/de\/?s={search_term_string}\"},\"query-input\":\"required name=search_term_string\"}],\"inLanguage\":\"en-US\"}]}<\/script>\n<!-- \/ Yoast SEO plugin. -->","yoast_head_json":{"title":"PE-Laminierfolie f\u00fcr Pharmaverpackungen","description":"Polyethylenfolien und -beutel in Pharmaqualit\u00e4t: rein, sicher und robust. Sch\u00fctzt vor Feuchtigkeit und Verunreinigungen.","robots":{"index":"index","follow":"follow","max-snippet":"max-snippet:-1","max-image-preview":"max-image-preview:large","max-video-preview":"max-video-preview:-1"},"canonical":"https:\/\/tilakpolypack.com\/de\/pharma-qualitat-poly\/","og_locale":"en_US","og_type":"article","og_title":"PE-Laminierfolie f\u00fcr Pharmaverpackungen","og_description":"Polyethylenfolien und -beutel in Pharmaqualit\u00e4t: rein, sicher und robust. Sch\u00fctzt vor Feuchtigkeit und Verunreinigungen.","og_url":"https:\/\/tilakpolypack.com\/de\/pharma-qualitat-poly\/","og_site_name":"Tilak Polypack","article_modified_time":"2025-09-19T15:42:03+00:00","og_image":[{"width":2048,"height":1365,"url":"https:\/\/tilakpolypack.com\/de\/wp-content\/uploads\/2023\/10\/pharma-grade-poly-1.jpg","type":"image\/jpeg"}],"twitter_card":"summary_large_image","twitter_misc":{"Est. reading time":"7 minutes"},"schema":{"@context":"https:\/\/schema.org","@graph":[{"@type":"WebPage","@id":"https:\/\/tilakpolypack.com\/de\/pharma-qualitat-poly\/","url":"https:\/\/tilakpolypack.com\/de\/pharma-qualitat-poly\/","name":"PE-Laminierfolie f\u00fcr Pharmaverpackungen","isPartOf":{"@id":"https:\/\/tilakpolypack.com\/de\/#website"},"primaryImageOfPage":{"@id":"https:\/\/tilakpolypack.com\/de\/pharma-qualitat-poly\/#primaryimage"},"image":{"@id":"https:\/\/tilakpolypack.com\/de\/pharma-qualitat-poly\/#primaryimage"},"thumbnailUrl":"https:\/\/tilakpolypack.com\/de\/wp-content\/uploads\/2023\/10\/pharma-grade-poly-1.jpg","datePublished":"2023-10-06T10:10:07+00:00","dateModified":"2025-09-19T15:42:03+00:00","description":"Polyethylenfolien und -beutel in Pharmaqualit\u00e4t: rein, sicher und robust. Sch\u00fctzt vor Feuchtigkeit und Verunreinigungen.","inLanguage":"en-US","potentialAction":[{"@type":"ReadAction","target":["https:\/\/tilakpolypack.com\/de\/pharma-qualitat-poly\/"]}]},{"@type":"ImageObject","inLanguage":"en-US","@id":"https:\/\/tilakpolypack.com\/de\/pharma-qualitat-poly\/#primaryimage","url":"https:\/\/tilakpolypack.com\/de\/wp-content\/uploads\/2023\/10\/pharma-grade-poly-1.jpg","contentUrl":"https:\/\/tilakpolypack.com\/de\/wp-content\/uploads\/2023\/10\/pharma-grade-poly-1.jpg","width":2048,"height":1365},{"@type":"WebSite","@id":"https:\/\/tilakpolypack.com\/de\/#website","url":"https:\/\/tilakpolypack.com\/de\/","name":"Tilak Polypack","description":"","potentialAction":[{"@type":"SearchAction","target":{"@type":"EntryPoint","urlTemplate":"https:\/\/tilakpolypack.com\/de\/?s={search_term_string}"},"query-input":"required name=search_term_string"}],"inLanguage":"en-US"}]}},"_links":{"self":[{"href":"https:\/\/tilakpolypack.com\/de\/wp-json\/wp\/v2\/pages\/7314","targetHints":{"allow":["GET"]}}],"collection":[{"href":"https:\/\/tilakpolypack.com\/de\/wp-json\/wp\/v2\/pages"}],"about":[{"href":"https:\/\/tilakpolypack.com\/de\/wp-json\/wp\/v2\/types\/page"}],"author":[{"embeddable":true,"href":"https:\/\/tilakpolypack.com\/de\/wp-json\/wp\/v2\/users\/1"}],"replies":[{"embeddable":true,"href":"https:\/\/tilakpolypack.com\/de\/wp-json\/wp\/v2\/comments?post=7314"}],"version-history":[{"count":5,"href":"https:\/\/tilakpolypack.com\/de\/wp-json\/wp\/v2\/pages\/7314\/revisions"}],"predecessor-version":[{"id":10269,"href":"https:\/\/tilakpolypack.com\/de\/wp-json\/wp\/v2\/pages\/7314\/revisions\/10269"}],"wp:featuredmedia":[{"embeddable":true,"href":"https:\/\/tilakpolypack.com\/de\/wp-json\/wp\/v2\/media\/7924"}],"wp:attachment":[{"href":"https:\/\/tilakpolypack.com\/de\/wp-json\/wp\/v2\/media?parent=7314"}],"curies":[{"name":"wp","href":"https:\/\/api.w.org\/{rel}","templated":true}]}}