{"id":7313,"date":"2023-10-06T10:09:59","date_gmt":"2023-10-06T10:09:59","guid":{"rendered":"https:\/\/archiveyourwords.com\/tilak\/?page_id=7313"},"modified":"2025-09-19T14:57:38","modified_gmt":"2025-09-19T14:57:38","slug":"selbstklebende-laminatfolie","status":"publish","type":"page","link":"https:\/\/tilakpolypack.com\/de\/selbstklebende-laminatfolie\/","title":{"rendered":"Selbstklebende Laminierfolie"},"content":{"rendered":"<section class=\"wpb-content-wrapper\"><p>[vc_row][vc_column][vc_row_inner css=&#8221;.vc_custom_1696596338029{padding-top: 30px !important;}&#8221;][vc_column_inner][vc_column_text css=&#8221;.vc_custom_1758293719783{padding-top: 20px !important;}&#8221;]Klebefolie ist eine vielseitige L\u00f6sung f\u00fcr alle Ihre Laminieranforderungen. Diese hochwertige Folie wurde entwickelt, um eine starke und dauerhafte Verbindung zu gew\u00e4hrleisten, wodurch sie sich ideal f\u00fcr eine Vielzahl von Anwendungen eignet.<\/p>\n<p>Beim Klebelaminierungsverfahren werden zwei oder mehr Materialschichten mithilfe einer Klebefolie miteinander verbunden. Dadurch entsteht eine Verbundstruktur, die eine h\u00f6here Festigkeit, besseren Schutz und ein attraktiveres Erscheinungsbild bietet.<\/p>\n<p>Unsere Klebefolie <a href=\"https:\/\/tilakpolypack.com\/de\/laminierung-pe-folie\/\"><strong>Laminierung PE-Folie <\/strong><\/a> dient als Haftmittel und verbindet verschiedene Substrate sicher miteinander. Mit unserer Klebefolie erzielen Sie eine nahtlose Haftung zwischen Materialien wie Papier, Kunststoff, Stoff oder Metall. Dies gew\u00e4hrleistet eine zuverl\u00e4ssige und dauerhafte Verbindung, wodurch sie sich f\u00fcr die Verpackungs-, Etikettierungs- und Grafikindustrie eignet.<\/p>\n<p>Einer der wichtigsten Vorteile unserer Klebefolie ist ihre au\u00dfergew\u00f6hnliche Klarheit. Sie sorgt f\u00fcr ein kristallklares Finish, sodass Ihre Druckmotive oder Produktinformationen ohne Verzerrung zur Geltung kommen. Damit eignet sie sich perfekt f\u00fcr Anwendungen, bei denen Sichtbarkeit und \u00c4sthetik entscheidend sind.<\/p>\n<p>Dar\u00fcber hinaus bietet unsere Klebelaminierfolie eine hervorragende Best\u00e4ndigkeit gegen Feuchtigkeit, Chemikalien und UV-Strahlung. Das bedeutet, dass Ihre laminierten Produkte auch in anspruchsvollen Umgebungen gesch\u00fctzt bleiben und ihre Unversehrtheit bewahren.<\/p>\n<p>Ob Sie auff\u00e4llige Verpackungen, haltbare Etiketten oder lebendige Displays erstellen m\u00f6chten, unsere selbstklebende Laminierfolie ist die perfekte Wahl. Dank ihrer Vielseitigkeit, Festigkeit und optischen Klarheit ist sie ein unverzichtbares Hilfsmittel f\u00fcr jedes Projekt, das zuverl\u00e4ssige Haftung und verbesserten Schutz erfordert.[\/vc_column_text][\/vc_column_inner][\/vc_row_inner][vc_column_text]<\/p>\n<h2>Herstellung selbstklebender Laminierrollen<\/h2>\n<p>[\/vc_column_text][vc_column_text]Bei Tilak Polypack sind wir stolz auf unseren Herstellungsprozess und die au\u00dfergew\u00f6hnlichen Eigenschaften unserer Laminierwalzen. Sie sind auf h\u00f6chste Qualit\u00e4t und Leistung ausgelegt und heben uns damit von der Konkurrenz ab.<\/p>\n<p>Der Herstellungsprozess unserer Laminierrollen beginnt mit der Auswahl hochwertiger Materialien. Wir beziehen hochwertige Folien und Klebstoffe, um die Langlebigkeit und Zuverl\u00e4ssigkeit unserer Produkte zu gew\u00e4hrleisten. Unsere selbstklebenden Laminierrollen werden unter Verwendung einer Kombination aus modernsten Maschinen und handwerklichem K\u00f6nnen hergestellt.<\/p>\n<p>Eines der Hauptmerkmale, das unsere <a href=\"https:\/\/tilakpolypack.com\/de\/umwickelbare-etiketten\/\"><strong>Laminierte Rundumetiketten <\/strong><\/a> auszeichnet, sind ihre selbstklebenden Eigenschaften. Das bedeutet, dass keine zus\u00e4tzlichen Klebstoffe oder W\u00e4rmeaktivierung erforderlich sind, wodurch der Laminiervorgang schnell und einfach vonstattengeht. Einfach die Schutzfolie abziehen und die Rolle oder Folie auf die gew\u00fcnschte Oberfl\u00e4che aufbringen, um eine sofortige Haftung zu erzielen.<\/p>\n<p>Unsere selbstklebenden Laminierrollen und -folien bieten eine hervorragende Klarheit, sodass Ihre Dokumente, Fotos oder Kunstwerke mit lebendigen Farben und scharfen Details dargestellt werden k\u00f6nnen. Die transparente Oberfl\u00e4che verbessert die optische Attraktivit\u00e4t und sch\u00fctzt laminierte Gegenst\u00e4nde vor Abnutzung, Feuchtigkeit und UV-Strahlung.<\/p>\n<p>Tilak Polypack ist einer der weltweit f\u00fchrenden <a href=\"https:\/\/tilakpolypack.com\/de\/flexible-laminatrollen-beutel\/\"><strong>Hersteller und Lieferanten von KLEBEFOLIEN<\/strong><\/a>. Mit Niederlassungen in L\u00e4ndern wie den USA, Singapur, Australien, Deutschland, Kanada, Neuseeland, Gro\u00dfbritannien, Irland, Schottland und Norwegen hat sich Tilak Polypack als zuverl\u00e4ssiger Lieferant hochwertiger KLEBEFOLIEN etabliert.[\/vc_column_text][vc_column_text]<\/p>\n<h2>Vorteile von selbstklebenden Laminierfolien ohne S\u00e4ure<\/h2>\n<p>[\/vc_column_text][vc_column_text]Nutzen Sie die Vorteile selbstklebender Laminierfolien mit Tilak Polypack:<\/p>\n<ol>\n<li>Einfach zu verwenden dank selbstklebender R\u00fcckseite.<\/li>\n<li>Vielseitiger Einsatz auf verschiedenen Materialien.<\/li>\n<li>Bietet Schutz vor Feuchtigkeit und Besch\u00e4digungen.<\/li>\n<li>Bietet Langlebigkeit und Widerstandsf\u00e4higkeit gegen Risse und Kratzer.<\/li>\n<li>Sorgt f\u00fcr Klarheit und Sichtbarkeit des Originalinhalts.<\/li>\n<li>Kosteng\u00fcnstig im Vergleich zu anderen Laminierungsverfahren.<\/li>\n<li>Kann leicht angepasst und auf die gew\u00fcnschte Gr\u00f6\u00dfe zugeschnitten werden.<\/li>\n<li>Praktisch zum Laminieren nach Bedarf, ohne dass Maschinen oder Laminierfolie erforderlich sind.<\/li>\n<\/ol>\n<p>[\/vc_column_text][vc_column_text]<\/p>\n<h2>Eigenschaften der selbstklebenden Laminierfolie\/des Laminierblatts<\/h2>\n<p>[\/vc_column_text][vc_column_text]<\/p>\n<ul>\n<li>Verwendet f\u00fcr die Laminierung auf Polyester<\/li>\n<li>Erh\u00e4ltlich in Breiten bis zu 2,25 Metern<\/li>\n<li>Dickenbereich von 18 bis 300 Mikrometern<\/li>\n<li>Farben: Naturfarben, deckendes Wei\u00df. Andere Farben auf Anfrage erh\u00e4ltlich.<\/li>\n<li>Anwendungen: Verpackung von Saatgut, Verpackung von Pestiziden, Milchprodukte, Vakuumbeutel, Verpackung von Kondomen usw.<\/li>\n<\/ul>\n<p>[\/vc_column_text][vc_row_inner][vc_column_inner width=&#8221;2\/3&#8243; css=&#8221;.vc_custom_1696596538402{padding-right: 0px !important;}&#8221;][vc_column_text]Bitte kontaktieren Sie uns unter <a href=\"tel:9227422544\">+91-9227422544<\/a> oder senden Sie uns eine E-Mail an <a href=\"mailto:info@tilakpolypack.com\">info@tilakpolypack.com<\/a>, um Angebote oder weitere Informationen zu erhalten.[\/vc_column_text][\/vc_column_inner][vc_column_inner width=&#8221;1\/3&#8243;]\r\n\t\t<div class=\"ts-vc_btn3-container  popmake-8197 ts-vc_btn3-right\"><a class=\"ts-vc_general ts-vc_btn3 ts-vc_btn3-size-md ts-vc_btn3-shape-square ts-vc_btn3-style-flat ts-vc_btn3-weight-yes ts-vc_btn3-color-skincolor\" href=\"\" title=\"\">Anfrage senden<\/a><\/div>[\/vc_column_inner][\/vc_row_inner][\/vc_column][\/vc_row]<\/p>\n<\/section>","protected":false},"excerpt":{"rendered":"<p>[vc_row][vc_column][vc_row_inner css=&#8221;.vc_custom_1696596338029{padding-top: 30px !important;}&#8221;][vc_column_inner][vc_column_text css=&#8221;.vc_custom_1758293719783{padding-top: 20px !important;}&#8221;]Klebefolie ist eine vielseitige L\u00f6sung f\u00fcr alle Ihre Laminieranforderungen. Diese hochwertige Folie wurde entwickelt, um eine starke und dauerhafte Verbindung zu gew\u00e4hrleisten, wodurch sie sich ideal f\u00fcr eine Vielzahl von Anwendungen eignet. Beim Klebelaminierungsverfahren werden zwei oder mehr Materialschichten mithilfe einer Klebefolie miteinander verbunden. Dadurch entsteht eine Verbundstruktur, die &hellip; <a href=\"https:\/\/tilakpolypack.com\/de\/selbstklebende-laminatfolie\/\" class=\"more-link\">Continue reading <span class=\"screen-reader-text\">Selbstklebende Laminierfolie<\/span><\/a><\/p>\n","protected":false},"author":1,"featured_media":8801,"parent":0,"menu_order":0,"comment_status":"closed","ping_status":"closed","template":"","meta":{"_acf_changed":false,"om_disable_all_campaigns":false,"_monsterinsights_skip_tracking":false,"_monsterinsights_sitenote_active":false,"_monsterinsights_sitenote_note":"","_monsterinsights_sitenote_category":0,"_uf_show_specific_survey":0,"_uf_disable_surveys":false,"footnotes":""},"class_list":["post-7313","page","type-page","status-publish","has-post-thumbnail","hentry"],"acf":[],"yoast_head":"<!-- This site is optimized with the Yoast SEO plugin v22.3 - https:\/\/yoast.com\/wordpress\/plugins\/seo\/ -->\n<title>Hersteller von selbstklebenden Laminierfolien | Tilak Polypack<\/title>\n<meta name=\"description\" content=\"Entdecken Sie unsere selbstklebende Laminierfolie: stark haftend, flexibel und langlebig. Ideal zum Laminieren von Papier, Folie oder Karton.\" \/>\n<meta name=\"robots\" content=\"index, follow, max-snippet:-1, max-image-preview:large, max-video-preview:-1\" \/>\n<link rel=\"canonical\" href=\"https:\/\/tilakpolypack.com\/de\/selbstklebende-laminatfolie\/\" \/>\n<meta property=\"og:locale\" content=\"en_US\" \/>\n<meta property=\"og:type\" content=\"article\" \/>\n<meta property=\"og:title\" content=\"Hersteller von selbstklebenden Laminierfolien | Tilak Polypack\" \/>\n<meta property=\"og:description\" content=\"Entdecken Sie unsere selbstklebende Laminierfolie: stark haftend, flexibel und langlebig. Ideal zum Laminieren von Papier, Folie oder Karton.\" \/>\n<meta property=\"og:url\" content=\"https:\/\/tilakpolypack.com\/de\/selbstklebende-laminatfolie\/\" \/>\n<meta property=\"og:site_name\" content=\"Tilak Polypack\" \/>\n<meta property=\"article:modified_time\" content=\"2025-09-19T14:57:38+00:00\" \/>\n<meta property=\"og:image\" content=\"https:\/\/tilakpolypack.com\/de\/wp-content\/uploads\/2023\/10\/52.png\" \/>\n\t<meta property=\"og:image:width\" content=\"350\" \/>\n\t<meta property=\"og:image:height\" content=\"250\" \/>\n\t<meta property=\"og:image:type\" content=\"image\/png\" \/>\n<meta name=\"twitter:card\" content=\"summary_large_image\" \/>\n<meta name=\"twitter:label1\" content=\"Est. reading time\" \/>\n\t<meta name=\"twitter:data1\" content=\"3 minutes\" \/>\n<script type=\"application\/ld+json\" class=\"yoast-schema-graph\">{\"@context\":\"https:\/\/schema.org\",\"@graph\":[{\"@type\":\"WebPage\",\"@id\":\"https:\/\/tilakpolypack.com\/de\/selbstklebende-laminatfolie\/\",\"url\":\"https:\/\/tilakpolypack.com\/de\/selbstklebende-laminatfolie\/\",\"name\":\"Hersteller von selbstklebenden Laminierfolien | Tilak Polypack\",\"isPartOf\":{\"@id\":\"https:\/\/tilakpolypack.com\/de\/#website\"},\"primaryImageOfPage\":{\"@id\":\"https:\/\/tilakpolypack.com\/de\/selbstklebende-laminatfolie\/#primaryimage\"},\"image\":{\"@id\":\"https:\/\/tilakpolypack.com\/de\/selbstklebende-laminatfolie\/#primaryimage\"},\"thumbnailUrl\":\"https:\/\/tilakpolypack.com\/de\/wp-content\/uploads\/2023\/10\/52.png\",\"datePublished\":\"2023-10-06T10:09:59+00:00\",\"dateModified\":\"2025-09-19T14:57:38+00:00\",\"description\":\"Entdecken Sie unsere selbstklebende Laminierfolie: stark haftend, flexibel und langlebig. Ideal zum Laminieren von Papier, Folie oder Karton.\",\"inLanguage\":\"en-US\",\"potentialAction\":[{\"@type\":\"ReadAction\",\"target\":[\"https:\/\/tilakpolypack.com\/de\/selbstklebende-laminatfolie\/\"]}]},{\"@type\":\"ImageObject\",\"inLanguage\":\"en-US\",\"@id\":\"https:\/\/tilakpolypack.com\/de\/selbstklebende-laminatfolie\/#primaryimage\",\"url\":\"https:\/\/tilakpolypack.com\/de\/wp-content\/uploads\/2023\/10\/52.png\",\"contentUrl\":\"https:\/\/tilakpolypack.com\/de\/wp-content\/uploads\/2023\/10\/52.png\",\"width\":350,\"height\":250},{\"@type\":\"WebSite\",\"@id\":\"https:\/\/tilakpolypack.com\/de\/#website\",\"url\":\"https:\/\/tilakpolypack.com\/de\/\",\"name\":\"Tilak Polypack\",\"description\":\"\",\"potentialAction\":[{\"@type\":\"SearchAction\",\"target\":{\"@type\":\"EntryPoint\",\"urlTemplate\":\"https:\/\/tilakpolypack.com\/de\/?s={search_term_string}\"},\"query-input\":\"required name=search_term_string\"}],\"inLanguage\":\"en-US\"}]}<\/script>\n<!-- \/ Yoast SEO plugin. -->","yoast_head_json":{"title":"Hersteller von selbstklebenden Laminierfolien | Tilak Polypack","description":"Entdecken Sie unsere selbstklebende Laminierfolie: stark haftend, flexibel und langlebig. Ideal zum Laminieren von Papier, Folie oder Karton.","robots":{"index":"index","follow":"follow","max-snippet":"max-snippet:-1","max-image-preview":"max-image-preview:large","max-video-preview":"max-video-preview:-1"},"canonical":"https:\/\/tilakpolypack.com\/de\/selbstklebende-laminatfolie\/","og_locale":"en_US","og_type":"article","og_title":"Hersteller von selbstklebenden Laminierfolien | Tilak Polypack","og_description":"Entdecken Sie unsere selbstklebende Laminierfolie: stark haftend, flexibel und langlebig. Ideal zum Laminieren von Papier, Folie oder Karton.","og_url":"https:\/\/tilakpolypack.com\/de\/selbstklebende-laminatfolie\/","og_site_name":"Tilak Polypack","article_modified_time":"2025-09-19T14:57:38+00:00","og_image":[{"width":350,"height":250,"url":"https:\/\/tilakpolypack.com\/de\/wp-content\/uploads\/2023\/10\/52.png","type":"image\/png"}],"twitter_card":"summary_large_image","twitter_misc":{"Est. reading time":"3 minutes"},"schema":{"@context":"https:\/\/schema.org","@graph":[{"@type":"WebPage","@id":"https:\/\/tilakpolypack.com\/de\/selbstklebende-laminatfolie\/","url":"https:\/\/tilakpolypack.com\/de\/selbstklebende-laminatfolie\/","name":"Hersteller von selbstklebenden Laminierfolien | Tilak Polypack","isPartOf":{"@id":"https:\/\/tilakpolypack.com\/de\/#website"},"primaryImageOfPage":{"@id":"https:\/\/tilakpolypack.com\/de\/selbstklebende-laminatfolie\/#primaryimage"},"image":{"@id":"https:\/\/tilakpolypack.com\/de\/selbstklebende-laminatfolie\/#primaryimage"},"thumbnailUrl":"https:\/\/tilakpolypack.com\/de\/wp-content\/uploads\/2023\/10\/52.png","datePublished":"2023-10-06T10:09:59+00:00","dateModified":"2025-09-19T14:57:38+00:00","description":"Entdecken Sie unsere selbstklebende Laminierfolie: stark haftend, flexibel und langlebig. Ideal zum Laminieren von Papier, Folie oder Karton.","inLanguage":"en-US","potentialAction":[{"@type":"ReadAction","target":["https:\/\/tilakpolypack.com\/de\/selbstklebende-laminatfolie\/"]}]},{"@type":"ImageObject","inLanguage":"en-US","@id":"https:\/\/tilakpolypack.com\/de\/selbstklebende-laminatfolie\/#primaryimage","url":"https:\/\/tilakpolypack.com\/de\/wp-content\/uploads\/2023\/10\/52.png","contentUrl":"https:\/\/tilakpolypack.com\/de\/wp-content\/uploads\/2023\/10\/52.png","width":350,"height":250},{"@type":"WebSite","@id":"https:\/\/tilakpolypack.com\/de\/#website","url":"https:\/\/tilakpolypack.com\/de\/","name":"Tilak Polypack","description":"","potentialAction":[{"@type":"SearchAction","target":{"@type":"EntryPoint","urlTemplate":"https:\/\/tilakpolypack.com\/de\/?s={search_term_string}"},"query-input":"required name=search_term_string"}],"inLanguage":"en-US"}]}},"_links":{"self":[{"href":"https:\/\/tilakpolypack.com\/de\/wp-json\/wp\/v2\/pages\/7313","targetHints":{"allow":["GET"]}}],"collection":[{"href":"https:\/\/tilakpolypack.com\/de\/wp-json\/wp\/v2\/pages"}],"about":[{"href":"https:\/\/tilakpolypack.com\/de\/wp-json\/wp\/v2\/types\/page"}],"author":[{"embeddable":true,"href":"https:\/\/tilakpolypack.com\/de\/wp-json\/wp\/v2\/users\/1"}],"replies":[{"embeddable":true,"href":"https:\/\/tilakpolypack.com\/de\/wp-json\/wp\/v2\/comments?post=7313"}],"version-history":[{"count":11,"href":"https:\/\/tilakpolypack.com\/de\/wp-json\/wp\/v2\/pages\/7313\/revisions"}],"predecessor-version":[{"id":10268,"href":"https:\/\/tilakpolypack.com\/de\/wp-json\/wp\/v2\/pages\/7313\/revisions\/10268"}],"wp:featuredmedia":[{"embeddable":true,"href":"https:\/\/tilakpolypack.com\/de\/wp-json\/wp\/v2\/media\/8801"}],"wp:attachment":[{"href":"https:\/\/tilakpolypack.com\/de\/wp-json\/wp\/v2\/media?parent=7313"}],"curies":[{"name":"wp","href":"https:\/\/api.w.org\/{rel}","templated":true}]}}