{"id":7306,"date":"2023-10-06T09:32:36","date_gmt":"2023-10-06T09:32:36","guid":{"rendered":"https:\/\/archiveyourwords.com\/tilak\/?page_id=7306"},"modified":"2025-09-19T08:17:33","modified_gmt":"2025-09-19T08:17:33","slug":"ldpe-beutel","status":"publish","type":"page","link":"https:\/\/tilakpolypack.com\/de\/ldpe-beutel\/","title":{"rendered":"LDPE-Beutel"},"content":{"rendered":"<section class=\"wpb-content-wrapper\"><p>[vc_section][\/vc_section][vc_row][vc_column][vc_separator border_width=&#8221;2&#8243;][vc_basic_grid post_type=&#8221;ids&#8221; gap=&#8221;25&#8243; item=&#8221;8470&#8243; grid_id=&#8221;vc_gid:1758269482278-37eb061c-f924-0&#8243; include=&#8221;7419, 7420, 7421, 7422, 7428, 7429, 7433, 7671, 7673, 7675, 7677, 7679, 7680&#8243;][vc_separator border_width=&#8221;2&#8243;][\/vc_column][\/vc_row][vc_row][vc_column][vc_column_text]<\/p>\n<p class=\"text-body font-regular text-gray-800 leading-[24px] pt-[9px] pb-[2px]\" dir=\"ltr\">Entdecken Sie eine Welt der Langlebigkeit und Vielseitigkeit mit den hochwertigen LDPE-Beuteln von Tilak Polypack, die speziell auf eine Vielzahl von Verpackungsanforderungen zugeschnitten sind. Unser umfassendes Sortiment umfasst Optionen f\u00fcr jeden Sektor und jede Anwendung und sorgt daf\u00fcr, dass Ihre Artikel nicht nur gut gesch\u00fctzt sind, sondern auch klar und professionell pr\u00e4sentiert werden.<\/p>\n<p class=\"text-body font-regular text-gray-800 leading-[24px] pt-[9px] pb-[2px]\" dir=\"ltr\">Bei <a href=\"https:\/\/tilakpolypack.com\/de\/\"><strong>Tilak Polypack<\/strong><\/a> wissen wir um die Bedeutung von Qualit\u00e4t, Nachhaltigkeit und Kundenzufriedenheit. Als f\u00fchrender Hersteller von LDPE-Beuteln sind unsere Produkte nicht nur Verpackungen, sondern auch ein Ausdruck Ihres Engagements f\u00fcr Pr\u00e4zision und die Integrit\u00e4t Ihrer Marke. Ganz gleich, ob Sie Lebensmittel frisch halten, Industrieteile sicher transportieren oder Einzelhandelsartikel attraktiv pr\u00e4sentieren m\u00f6chten \u2013 wir haben den passenden Beutel f\u00fcr Sie.<\/p>\n<p class=\"text-body font-regular text-gray-800 leading-[24px] pt-[9px] pb-[2px]\" dir=\"ltr\">Jede Variante in unserem Katalog wurde f\u00fcr einen bestimmten Zweck entwickelt, vom Schutz empfindlicher elektronischer Bauteile bis hin zum Transport biologisch gef\u00e4hrlicher Stoffe mit un\u00fcbertroffener Zuverl\u00e4ssigkeit. Unsere LDPE-Beutel sorgen f\u00fcr eine ansprechende Optik im Einzelhandel, w\u00e4hrend strapazierf\u00e4hige <a href=\"https:\/\/tilakpolypack.com\/de\/pe-auskleidungen-und-mullsacke\/\"><strong>M\u00fclls\u00e4cke<\/strong><\/a> selbst den anspruchsvollsten Entsorgungsanforderungen gerecht werden.<\/p>\n<h2 class=\"font-bold text-h3 leading-[36px] pt-[21px] pb-[2px] [&amp;_a]:underline-offset-[6px] [&amp;_.underline]:underline-offset-[6px]\" dir=\"ltr\">Wichtigste Vorteile<\/h2>\n<h3 class=\"font-bold text-h4 leading-[30px] pt-[15px] pb-[2px] [&amp;_a]:underline-offset-[6px] [&amp;_.underline]:underline-offset-[6px]\" dir=\"ltr\">\u00dcberragende Qualit\u00e4t und Langlebigkeit<\/h3>\n<p class=\"text-body font-regular leading-[24px] pt-[9px] pb-[2px]\" dir=\"ltr\">Unsere <a href=\"https:\/\/tilakpolypack.com\/de\/durchsichtige-polyethylen-verpackungsbeutel\/\"><strong>LDPE-Kunststoffbeutel<\/strong><\/a> sind so hergestellt, dass sie eine hohe Festigkeit und Widerstandsf\u00e4higkeit aufweisen und sich somit f\u00fcr den Schutz und die Lagerung einer Vielzahl von Produkten eignen. Ganz gleich, ob Sie die Frische von Lebensmitteln erhalten, empfindliche Gesundheitsprodukte sicher transportieren oder Einzelhandelsprodukte elegant pr\u00e4sentieren m\u00f6chten \u2013 unsere LDPE-Polybeutel eignen sich hervorragend f\u00fcr jede Anwendung.<\/p>\n<h3 class=\"font-bold text-h4 leading-[30px] pt-[15px] pb-[2px] [&amp;_a]:underline-offset-[6px] [&amp;_.underline]:underline-offset-[6px]\" dir=\"ltr\">Nachhaltigkeit<\/h3>\n<p class=\"text-body font-regular leading-[24px] pt-[9px] pb-[2px]\" dir=\"ltr\">Bei Tilak Polypack legen wir gro\u00dfen Wert auf Nachhaltigkeit. Unsere LDPE-Beutel sind recycelbar und unterst\u00fctzen Ihr Engagement f\u00fcr Umweltverantwortung, ohne dabei Kompromisse bei der Leistung einzugehen.<\/p>\n<h3 class=\"font-bold text-h4 leading-[30px] pt-[15px] pb-[2px] [&amp;_a]:underline-offset-[6px] [&amp;_.underline]:underline-offset-[6px]\" dir=\"ltr\">Kundenerfahrung<\/h3>\n<p class=\"text-body font-regular leading-[24px] pt-[9px] pb-[2px]\" dir=\"ltr\">Wir sind bestrebt, unseren Kunden ein herausragendes Erlebnis zu bieten. Unsere LDPE-Polybeutel sind auf Benutzerfreundlichkeit ausgelegt und verf\u00fcgen \u00fcber Funktionen wie leicht zu \u00f6ffnende Verschl\u00fcsse und wiederverschlie\u00dfbare Optionen, um den Komfort f\u00fcr den Endverbraucher zu erh\u00f6hen.<\/p>\n<h2 class=\"font-bold text-h3 leading-[36px] pt-[21px] pb-[2px] [&amp;_a]:underline-offset-[6px] [&amp;_.underline]:underline-offset-[6px]\" dir=\"ltr\">Wettbewerbsvorteil<\/h2>\n<p class=\"text-body font-regular leading-[24px] pt-[9px] pb-[2px]\" dir=\"ltr\">Was Tilak Polypack von der Konkurrenz unterscheidet, ist unser unersch\u00fctterliches Bekenntnis zu drei Grundprinzipien:<\/p>\n<ol class=\"pt-[9px] pb-[2px] pl-[24px] [&amp;_ol]:pt-[5px] list-decimal\">\n<li class=\"text-body font-regular leading-[24px] my-[5px] [&amp;&gt;ol]:!pt-0 [&amp;&gt;ol]:!pb-0 [&amp;&gt;ul]:!pt-0 [&amp;&gt;ul]:!pb-0\" value=\"1\"><b><strong class=\"font-bold\">Qualit\u00e4t<\/strong><\/b>: Wir verwenden ausschlie\u00dflich <a href=\"https:\/\/tilakpolypack.com\/de\/laminierung-pe-folie\/\"><strong>LDPE-Material<\/strong><\/a> h\u00f6chster Qualit\u00e4t, um sicherzustellen, dass unsere Beutel den strengen Standards verschiedener Branchen entsprechen.<\/li>\n<li class=\"text-body font-regular leading-[24px] my-[5px] [&amp;&gt;ol]:!pt-0 [&amp;&gt;ol]:!pb-0 [&amp;&gt;ul]:!pt-0 [&amp;&gt;ul]:!pb-0\" value=\"2\"><b><strong class=\"font-bold\">Nachhaltigkeit<\/strong><\/b>: Unsere umweltfreundlichen Herstellungsverfahren und recycelbaren Produkte stehen im Einklang mit den globalen Nachhaltigkeitszielen.<\/li>\n<li class=\"text-body font-regular leading-[24px] my-[5px] [&amp;&gt;ol]:!pt-0 [&amp;&gt;ol]:!pb-0 [&amp;&gt;ul]:!pt-0 [&amp;&gt;ul]:!pb-0\" value=\"3\"><b><strong class=\"font-bold\">Kundenorientierter Ansatz<\/strong><\/b>: Wir passen unsere L\u00f6sungen an die spezifischen Bed\u00fcrfnisse unserer Kunden an und bieten personalisierten Service und Support.<\/li>\n<\/ol>\n<p>Entscheiden Sie sich f\u00fcr Tilak Polypack, wenn Sie LDPE-Beutel suchen, die sich durch Qualit\u00e4t und Funktionalit\u00e4t auszeichnen. St\u00f6bern Sie auf unserer Kategorieseite, um die perfekte L\u00f6sung f\u00fcr Ihre Verpackungsanforderungen zu finden. Vertrauen Sie uns, wenn es darum geht, Ihre Produkte in hervorragende Verpackungen zu verpacken.<\/p>\n<p class=\"text-body font-regular leading-[24px] pt-[9px] pb-[2px]\" dir=\"ltr\">Wenn Sie sich f\u00fcr Tilak Polypack entscheiden, entscheiden Sie sich f\u00fcr Spitzenqualit\u00e4t im Bereich Verpackungen. Unsere LDPE-Beutel sind mehr als nur Beh\u00e4lter \u2013 sie stehen f\u00fcr Qualit\u00e4t, Nachhaltigkeit und ein erstklassiges Kundenerlebnis. St\u00f6bern Sie noch heute auf unserer Kategorieseite und entdecken Sie die perfekte Verpackungsl\u00f6sung f\u00fcr Ihre Anforderungen. Vertrauen Sie Tilak Polypack, wenn es darum geht, Ihre Produkte in Spitzenqualit\u00e4t zu verpacken.<\/p>\n<p class=\"text-body font-regular leading-[24px] pt-[9px] pb-[2px]\" dir=\"ltr\">Sind Sie bereit, Ihre Verpackungen aufzuwerten? Entdecken Sie unser umfassendes Sortiment an LDPE-Beuteln und finden Sie die ideale L\u00f6sung f\u00fcr Ihre Anforderungen. Kontaktieren Sie uns noch heute, um loszulegen und den Unterschied von Tilak Polypack zu erleben.<\/p>\n<p>[\/vc_column_text][\/vc_column][\/vc_row]<\/p>\n<\/section>","protected":false},"excerpt":{"rendered":"<p>[vc_section][\/vc_section][vc_row][vc_column][vc_separator border_width=&#8221;2&#8243;][vc_basic_grid post_type=&#8221;ids&#8221; gap=&#8221;25&#8243; item=&#8221;8470&#8243; grid_id=&#8221;vc_gid:1758269482278-37eb061c-f924-0&#8243; include=&#8221;7419, 7420, 7421, 7422, 7428, 7429, 7433, 7671, 7673, 7675, 7677, 7679, 7680&#8243;][vc_separator border_width=&#8221;2&#8243;][\/vc_column][\/vc_row][vc_row][vc_column][vc_column_text] Entdecken Sie eine Welt der Langlebigkeit und Vielseitigkeit mit den hochwertigen LDPE-Beuteln von Tilak Polypack, die speziell auf eine Vielzahl von Verpackungsanforderungen zugeschnitten sind. Unser umfassendes Sortiment umfasst Optionen f\u00fcr jeden Sektor und jede Anwendung &hellip; <a href=\"https:\/\/tilakpolypack.com\/de\/ldpe-beutel\/\" class=\"more-link\">Continue reading <span class=\"screen-reader-text\">LDPE-Beutel<\/span><\/a><\/p>\n","protected":false},"author":1,"featured_media":0,"parent":0,"menu_order":0,"comment_status":"closed","ping_status":"closed","template":"","meta":{"_acf_changed":false,"om_disable_all_campaigns":false,"_monsterinsights_skip_tracking":false,"_monsterinsights_sitenote_active":false,"_monsterinsights_sitenote_note":"","_monsterinsights_sitenote_category":0,"_uf_show_specific_survey":0,"_uf_disable_surveys":false,"footnotes":""},"class_list":["post-7306","page","type-page","status-publish","hentry"],"acf":[],"yoast_head":"<!-- This site is optimized with the Yoast SEO plugin v22.3 - https:\/\/yoast.com\/wordpress\/plugins\/seo\/ -->\n<title>Hersteller und Lieferanten von LDPE-Beuteln | Tilak Polypack<\/title>\n<meta name=\"description\" content=\"Tilak Polypack bietet hochwertige LDPE-Beutel und -T\u00fcten f\u00fcr eine Vielzahl von Anwendungen. Unsere LDPE-Kunststoffbeutel sind strapazierf\u00e4hig, zuverl\u00e4ssig und speziell auf Ihre Verpackungsanforderungen zugeschnitten. Kontaktieren Sie uns noch heute, um mehr \u00fcber unsere LDPE-Beutel und -T\u00fcten zu erfahren.\" \/>\n<meta name=\"robots\" content=\"index, follow, max-snippet:-1, max-image-preview:large, max-video-preview:-1\" \/>\n<link rel=\"canonical\" href=\"https:\/\/tilakpolypack.com\/de\/ldpe-beutel\/\" \/>\n<meta property=\"og:locale\" content=\"en_US\" \/>\n<meta property=\"og:type\" content=\"article\" \/>\n<meta property=\"og:title\" content=\"Hersteller und Lieferanten von LDPE-Beuteln | Tilak Polypack\" \/>\n<meta property=\"og:description\" content=\"Tilak Polypack bietet hochwertige LDPE-Beutel und -T\u00fcten f\u00fcr eine Vielzahl von Anwendungen. Unsere LDPE-Kunststoffbeutel sind strapazierf\u00e4hig, zuverl\u00e4ssig und speziell auf Ihre Verpackungsanforderungen zugeschnitten. Kontaktieren Sie uns noch heute, um mehr \u00fcber unsere LDPE-Beutel und -T\u00fcten zu erfahren.\" \/>\n<meta property=\"og:url\" content=\"https:\/\/tilakpolypack.com\/de\/ldpe-beutel\/\" \/>\n<meta property=\"og:site_name\" content=\"Tilak Polypack\" \/>\n<meta property=\"article:modified_time\" content=\"2025-09-19T08:17:33+00:00\" \/>\n<meta name=\"twitter:card\" content=\"summary_large_image\" \/>\n<meta name=\"twitter:label1\" content=\"Est. reading time\" \/>\n\t<meta name=\"twitter:data1\" content=\"3 minutes\" \/>\n<script type=\"application\/ld+json\" class=\"yoast-schema-graph\">{\"@context\":\"https:\/\/schema.org\",\"@graph\":[{\"@type\":\"WebPage\",\"@id\":\"https:\/\/tilakpolypack.com\/de\/ldpe-beutel\/\",\"url\":\"https:\/\/tilakpolypack.com\/de\/ldpe-beutel\/\",\"name\":\"Hersteller und Lieferanten von LDPE-Beuteln | Tilak Polypack\",\"isPartOf\":{\"@id\":\"https:\/\/tilakpolypack.com\/de\/#website\"},\"datePublished\":\"2023-10-06T09:32:36+00:00\",\"dateModified\":\"2025-09-19T08:17:33+00:00\",\"description\":\"Tilak Polypack bietet hochwertige LDPE-Beutel und -T\u00fcten f\u00fcr eine Vielzahl von Anwendungen. Unsere LDPE-Kunststoffbeutel sind strapazierf\u00e4hig, zuverl\u00e4ssig und speziell auf Ihre Verpackungsanforderungen zugeschnitten. Kontaktieren Sie uns noch heute, um mehr \u00fcber unsere LDPE-Beutel und -T\u00fcten zu erfahren.\",\"inLanguage\":\"en-US\",\"potentialAction\":[{\"@type\":\"ReadAction\",\"target\":[\"https:\/\/tilakpolypack.com\/de\/ldpe-beutel\/\"]}]},{\"@type\":\"WebSite\",\"@id\":\"https:\/\/tilakpolypack.com\/de\/#website\",\"url\":\"https:\/\/tilakpolypack.com\/de\/\",\"name\":\"Tilak Polypack\",\"description\":\"\",\"potentialAction\":[{\"@type\":\"SearchAction\",\"target\":{\"@type\":\"EntryPoint\",\"urlTemplate\":\"https:\/\/tilakpolypack.com\/de\/?s={search_term_string}\"},\"query-input\":\"required name=search_term_string\"}],\"inLanguage\":\"en-US\"}]}<\/script>\n<!-- \/ Yoast SEO plugin. -->","yoast_head_json":{"title":"Hersteller und Lieferanten von LDPE-Beuteln | Tilak Polypack","description":"Tilak Polypack bietet hochwertige LDPE-Beutel und -T\u00fcten f\u00fcr eine Vielzahl von Anwendungen. Unsere LDPE-Kunststoffbeutel sind strapazierf\u00e4hig, zuverl\u00e4ssig und speziell auf Ihre Verpackungsanforderungen zugeschnitten. Kontaktieren Sie uns noch heute, um mehr \u00fcber unsere LDPE-Beutel und -T\u00fcten zu erfahren.","robots":{"index":"index","follow":"follow","max-snippet":"max-snippet:-1","max-image-preview":"max-image-preview:large","max-video-preview":"max-video-preview:-1"},"canonical":"https:\/\/tilakpolypack.com\/de\/ldpe-beutel\/","og_locale":"en_US","og_type":"article","og_title":"Hersteller und Lieferanten von LDPE-Beuteln | Tilak Polypack","og_description":"Tilak Polypack bietet hochwertige LDPE-Beutel und -T\u00fcten f\u00fcr eine Vielzahl von Anwendungen. Unsere LDPE-Kunststoffbeutel sind strapazierf\u00e4hig, zuverl\u00e4ssig und speziell auf Ihre Verpackungsanforderungen zugeschnitten. Kontaktieren Sie uns noch heute, um mehr \u00fcber unsere LDPE-Beutel und -T\u00fcten zu erfahren.","og_url":"https:\/\/tilakpolypack.com\/de\/ldpe-beutel\/","og_site_name":"Tilak Polypack","article_modified_time":"2025-09-19T08:17:33+00:00","twitter_card":"summary_large_image","twitter_misc":{"Est. reading time":"3 minutes"},"schema":{"@context":"https:\/\/schema.org","@graph":[{"@type":"WebPage","@id":"https:\/\/tilakpolypack.com\/de\/ldpe-beutel\/","url":"https:\/\/tilakpolypack.com\/de\/ldpe-beutel\/","name":"Hersteller und Lieferanten von LDPE-Beuteln | Tilak Polypack","isPartOf":{"@id":"https:\/\/tilakpolypack.com\/de\/#website"},"datePublished":"2023-10-06T09:32:36+00:00","dateModified":"2025-09-19T08:17:33+00:00","description":"Tilak Polypack bietet hochwertige LDPE-Beutel und -T\u00fcten f\u00fcr eine Vielzahl von Anwendungen. Unsere LDPE-Kunststoffbeutel sind strapazierf\u00e4hig, zuverl\u00e4ssig und speziell auf Ihre Verpackungsanforderungen zugeschnitten. Kontaktieren Sie uns noch heute, um mehr \u00fcber unsere LDPE-Beutel und -T\u00fcten zu erfahren.","inLanguage":"en-US","potentialAction":[{"@type":"ReadAction","target":["https:\/\/tilakpolypack.com\/de\/ldpe-beutel\/"]}]},{"@type":"WebSite","@id":"https:\/\/tilakpolypack.com\/de\/#website","url":"https:\/\/tilakpolypack.com\/de\/","name":"Tilak Polypack","description":"","potentialAction":[{"@type":"SearchAction","target":{"@type":"EntryPoint","urlTemplate":"https:\/\/tilakpolypack.com\/de\/?s={search_term_string}"},"query-input":"required name=search_term_string"}],"inLanguage":"en-US"}]}},"_links":{"self":[{"href":"https:\/\/tilakpolypack.com\/de\/wp-json\/wp\/v2\/pages\/7306","targetHints":{"allow":["GET"]}}],"collection":[{"href":"https:\/\/tilakpolypack.com\/de\/wp-json\/wp\/v2\/pages"}],"about":[{"href":"https:\/\/tilakpolypack.com\/de\/wp-json\/wp\/v2\/types\/page"}],"author":[{"embeddable":true,"href":"https:\/\/tilakpolypack.com\/de\/wp-json\/wp\/v2\/users\/1"}],"replies":[{"embeddable":true,"href":"https:\/\/tilakpolypack.com\/de\/wp-json\/wp\/v2\/comments?post=7306"}],"version-history":[{"count":10,"href":"https:\/\/tilakpolypack.com\/de\/wp-json\/wp\/v2\/pages\/7306\/revisions"}],"predecessor-version":[{"id":10212,"href":"https:\/\/tilakpolypack.com\/de\/wp-json\/wp\/v2\/pages\/7306\/revisions\/10212"}],"wp:attachment":[{"href":"https:\/\/tilakpolypack.com\/de\/wp-json\/wp\/v2\/media?parent=7306"}],"curies":[{"name":"wp","href":"https:\/\/api.w.org\/{rel}","templated":true}]}}