{"id":7305,"date":"2023-10-06T09:32:20","date_gmt":"2023-10-06T09:32:20","guid":{"rendered":"https:\/\/archiveyourwords.com\/tilak\/?page_id=7305"},"modified":"2025-08-25T10:41:31","modified_gmt":"2025-08-25T10:41:31","slug":"farbsublimationspapier","status":"publish","type":"page","link":"https:\/\/tilakpolypack.com\/de\/farbsublimationspapier\/","title":{"rendered":"Farbsublimationspapier"},"content":{"rendered":"<section class=\"wpb-content-wrapper\"><p>[vc_row][vc_column][vc_basic_grid post_type=&#8221;ids&#8221; gap=&#8221;25&#8243; item=&#8221;8470&#8243; grid_id=&#8221;vc_gid:1756118425571-1a7ea65a-37b4-6&#8243; include=&#8221;7414, 7409, 7410&#8243;][\/vc_column][\/vc_row][vc_row css=&#8221;.vc_custom_1698386048516{padding-top: 20px !important;}&#8221;][vc_column][vc_column_text css=&#8221;.vc_custom_1756118482046{padding-right: 15px !important;padding-left: 15px !important;}&#8221;]Unser speziell beschichtetes Farbsublimationspapier ist schnell, effizient und pr\u00e4zise und liefert gleichbleibende Qualit\u00e4t. Unser speziell beschichtetes Farbsublimationspapier hat eine extrem hohe Transferausbeute mit schneller Trocknung und kurzer Transferzeit, um einen effizienten Produktionsprozess zu gew\u00e4hrleisten. Unsere Papiere liefern au\u00dfergew\u00f6hnliche Ergebnisse auf weichen und harten Untergr\u00fcnden wie Textilien, Sportbekleidung, Wohnaccessoires, Merchandising-Produkten usw.<\/p>\n<h2>Energieeffizient<\/h2>\n<p>Aufgrund unserer speziellen Beschichtung ist w\u00e4hrend des Druckvorgangs keine Erw\u00e4rmung zum Trocknen erforderlich, da die Beschichtung die Tinte schnell absorbiert.<\/p>\n<h2>Geringerer Tintenverbrauch<\/h2>\n<p>Dank unserer speziellen Beschichtung lassen sich mit weniger Tinte bessere Druckergebnisse erzielen, wenn die Linearisierung und Profilierung durchgef\u00fchrt wird.<\/p>\n<h2>H\u00f6here Produktivit\u00e4t<\/h2>\n<p>Aufgrund unserer speziellen Beschichtung wird die Tinte bei der W\u00e4rme\u00fcbertragung viel schneller von der Papieroberfl\u00e4che abgel\u00f6st.[\/vc_column_text][\/vc_column][\/vc_row]<\/p>\n<\/section>","protected":false},"excerpt":{"rendered":"<p>[vc_row][vc_column][vc_basic_grid post_type=&#8221;ids&#8221; gap=&#8221;25&#8243; item=&#8221;8470&#8243; grid_id=&#8221;vc_gid:1756118425571-1a7ea65a-37b4-6&#8243; include=&#8221;7414, 7409, 7410&#8243;][\/vc_column][\/vc_row][vc_row css=&#8221;.vc_custom_1698386048516{padding-top: 20px !important;}&#8221;][vc_column][vc_column_text css=&#8221;.vc_custom_1756118482046{padding-right: 15px !important;padding-left: 15px !important;}&#8221;]Unser speziell beschichtetes Farbsublimationspapier ist schnell, effizient und pr\u00e4zise und liefert gleichbleibende Qualit\u00e4t. Unser speziell beschichtetes Farbsublimationspapier hat eine extrem hohe Transferausbeute mit schneller Trocknung und kurzer Transferzeit, um einen effizienten Produktionsprozess zu gew\u00e4hrleisten. Unsere Papiere liefern au\u00dfergew\u00f6hnliche Ergebnisse auf &hellip; <a href=\"https:\/\/tilakpolypack.com\/de\/farbsublimationspapier\/\" class=\"more-link\">Continue reading <span class=\"screen-reader-text\">Farbsublimationspapier<\/span><\/a><\/p>\n","protected":false},"author":1,"featured_media":0,"parent":0,"menu_order":0,"comment_status":"closed","ping_status":"closed","template":"","meta":{"_acf_changed":false,"om_disable_all_campaigns":false,"_monsterinsights_skip_tracking":false,"_monsterinsights_sitenote_active":false,"_monsterinsights_sitenote_note":"","_monsterinsights_sitenote_category":0,"_uf_show_specific_survey":0,"_uf_disable_surveys":false,"footnotes":""},"class_list":["post-7305","page","type-page","status-publish","hentry"],"acf":[],"yoast_head":"<!-- This site is optimized with the Yoast SEO plugin v22.3 - https:\/\/yoast.com\/wordpress\/plugins\/seo\/ -->\n<title>Farbsublimationspapier - Tilak Polypack<\/title>\n<meta name=\"robots\" content=\"index, follow, max-snippet:-1, max-image-preview:large, max-video-preview:-1\" \/>\n<link rel=\"canonical\" href=\"https:\/\/tilakpolypack.com\/de\/farbsublimationspapier\/\" \/>\n<meta property=\"og:locale\" content=\"en_US\" \/>\n<meta property=\"og:type\" content=\"article\" \/>\n<meta property=\"og:title\" content=\"Farbsublimationspapier - Tilak Polypack\" \/>\n<meta property=\"og:description\" content=\"[vc_row][vc_column][vc_basic_grid post_type=&#8221;ids&#8221; gap=&#8221;25&#8243; item=&#8221;8470&#8243; grid_id=&#8221;vc_gid:1756118425571-1a7ea65a-37b4-6&#8243; include=&#8221;7414, 7409, 7410&#8243;][\/vc_column][\/vc_row][vc_row css=&#8221;.vc_custom_1698386048516{padding-top: 20px !important;}&#8221;][vc_column][vc_column_text css=&#8221;.vc_custom_1756118482046{padding-right: 15px !important;padding-left: 15px !important;}&#8221;]Unser speziell beschichtetes Farbsublimationspapier ist schnell, effizient und pr\u00e4zise und liefert gleichbleibende Qualit\u00e4t. Unser speziell beschichtetes Farbsublimationspapier hat eine extrem hohe Transferausbeute mit schneller Trocknung und kurzer Transferzeit, um einen effizienten Produktionsprozess zu gew\u00e4hrleisten. Unsere Papiere liefern au\u00dfergew\u00f6hnliche Ergebnisse auf &hellip; Continue reading Farbsublimationspapier\" \/>\n<meta property=\"og:url\" content=\"https:\/\/tilakpolypack.com\/de\/farbsublimationspapier\/\" \/>\n<meta property=\"og:site_name\" content=\"Tilak Polypack\" \/>\n<meta property=\"article:modified_time\" content=\"2025-08-25T10:41:31+00:00\" \/>\n<meta name=\"twitter:card\" content=\"summary_large_image\" \/>\n<meta name=\"twitter:label1\" content=\"Est. reading time\" \/>\n\t<meta name=\"twitter:data1\" content=\"1 minute\" \/>\n<script type=\"application\/ld+json\" class=\"yoast-schema-graph\">{\"@context\":\"https:\/\/schema.org\",\"@graph\":[{\"@type\":\"WebPage\",\"@id\":\"https:\/\/tilakpolypack.com\/de\/farbsublimationspapier\/\",\"url\":\"https:\/\/tilakpolypack.com\/de\/farbsublimationspapier\/\",\"name\":\"Farbsublimationspapier - Tilak Polypack\",\"isPartOf\":{\"@id\":\"https:\/\/tilakpolypack.com\/de\/#website\"},\"datePublished\":\"2023-10-06T09:32:20+00:00\",\"dateModified\":\"2025-08-25T10:41:31+00:00\",\"inLanguage\":\"en-US\",\"potentialAction\":[{\"@type\":\"ReadAction\",\"target\":[\"https:\/\/tilakpolypack.com\/de\/farbsublimationspapier\/\"]}]},{\"@type\":\"WebSite\",\"@id\":\"https:\/\/tilakpolypack.com\/de\/#website\",\"url\":\"https:\/\/tilakpolypack.com\/de\/\",\"name\":\"Tilak Polypack\",\"description\":\"\",\"potentialAction\":[{\"@type\":\"SearchAction\",\"target\":{\"@type\":\"EntryPoint\",\"urlTemplate\":\"https:\/\/tilakpolypack.com\/de\/?s={search_term_string}\"},\"query-input\":\"required name=search_term_string\"}],\"inLanguage\":\"en-US\"}]}<\/script>\n<!-- \/ Yoast SEO plugin. -->","yoast_head_json":{"title":"Farbsublimationspapier - Tilak Polypack","robots":{"index":"index","follow":"follow","max-snippet":"max-snippet:-1","max-image-preview":"max-image-preview:large","max-video-preview":"max-video-preview:-1"},"canonical":"https:\/\/tilakpolypack.com\/de\/farbsublimationspapier\/","og_locale":"en_US","og_type":"article","og_title":"Farbsublimationspapier - Tilak Polypack","og_description":"[vc_row][vc_column][vc_basic_grid post_type=&#8221;ids&#8221; gap=&#8221;25&#8243; item=&#8221;8470&#8243; grid_id=&#8221;vc_gid:1756118425571-1a7ea65a-37b4-6&#8243; include=&#8221;7414, 7409, 7410&#8243;][\/vc_column][\/vc_row][vc_row css=&#8221;.vc_custom_1698386048516{padding-top: 20px !important;}&#8221;][vc_column][vc_column_text css=&#8221;.vc_custom_1756118482046{padding-right: 15px !important;padding-left: 15px !important;}&#8221;]Unser speziell beschichtetes Farbsublimationspapier ist schnell, effizient und pr\u00e4zise und liefert gleichbleibende Qualit\u00e4t. Unser speziell beschichtetes Farbsublimationspapier hat eine extrem hohe Transferausbeute mit schneller Trocknung und kurzer Transferzeit, um einen effizienten Produktionsprozess zu gew\u00e4hrleisten. Unsere Papiere liefern au\u00dfergew\u00f6hnliche Ergebnisse auf &hellip; Continue reading Farbsublimationspapier","og_url":"https:\/\/tilakpolypack.com\/de\/farbsublimationspapier\/","og_site_name":"Tilak Polypack","article_modified_time":"2025-08-25T10:41:31+00:00","twitter_card":"summary_large_image","twitter_misc":{"Est. reading time":"1 minute"},"schema":{"@context":"https:\/\/schema.org","@graph":[{"@type":"WebPage","@id":"https:\/\/tilakpolypack.com\/de\/farbsublimationspapier\/","url":"https:\/\/tilakpolypack.com\/de\/farbsublimationspapier\/","name":"Farbsublimationspapier - Tilak Polypack","isPartOf":{"@id":"https:\/\/tilakpolypack.com\/de\/#website"},"datePublished":"2023-10-06T09:32:20+00:00","dateModified":"2025-08-25T10:41:31+00:00","inLanguage":"en-US","potentialAction":[{"@type":"ReadAction","target":["https:\/\/tilakpolypack.com\/de\/farbsublimationspapier\/"]}]},{"@type":"WebSite","@id":"https:\/\/tilakpolypack.com\/de\/#website","url":"https:\/\/tilakpolypack.com\/de\/","name":"Tilak Polypack","description":"","potentialAction":[{"@type":"SearchAction","target":{"@type":"EntryPoint","urlTemplate":"https:\/\/tilakpolypack.com\/de\/?s={search_term_string}"},"query-input":"required name=search_term_string"}],"inLanguage":"en-US"}]}},"_links":{"self":[{"href":"https:\/\/tilakpolypack.com\/de\/wp-json\/wp\/v2\/pages\/7305","targetHints":{"allow":["GET"]}}],"collection":[{"href":"https:\/\/tilakpolypack.com\/de\/wp-json\/wp\/v2\/pages"}],"about":[{"href":"https:\/\/tilakpolypack.com\/de\/wp-json\/wp\/v2\/types\/page"}],"author":[{"embeddable":true,"href":"https:\/\/tilakpolypack.com\/de\/wp-json\/wp\/v2\/users\/1"}],"replies":[{"embeddable":true,"href":"https:\/\/tilakpolypack.com\/de\/wp-json\/wp\/v2\/comments?post=7305"}],"version-history":[{"count":2,"href":"https:\/\/tilakpolypack.com\/de\/wp-json\/wp\/v2\/pages\/7305\/revisions"}],"predecessor-version":[{"id":10072,"href":"https:\/\/tilakpolypack.com\/de\/wp-json\/wp\/v2\/pages\/7305\/revisions\/10072"}],"wp:attachment":[{"href":"https:\/\/tilakpolypack.com\/de\/wp-json\/wp\/v2\/media?parent=7305"}],"curies":[{"name":"wp","href":"https:\/\/api.w.org\/{rel}","templated":true}]}}