{"id":7300,"date":"2023-10-06T09:30:09","date_gmt":"2023-10-06T09:30:09","guid":{"rendered":"https:\/\/archiveyourwords.com\/tilak\/?page_id=7300"},"modified":"2025-09-19T11:12:18","modified_gmt":"2025-09-19T11:12:18","slug":"deckel-folien","status":"publish","type":"page","link":"https:\/\/tilakpolypack.com\/de\/deckel-folien\/","title":{"rendered":"Deckel-Folien"},"content":{"rendered":"<section class=\"wpb-content-wrapper\"><p>[vc_row][vc_column][vc_basic_grid post_type=&#8221;ids&#8221; gap=&#8221;25&#8243; item=&#8221;8470&#8243; grid_id=&#8221;vc_gid:1758280308867-26fed22f-ebbd-7&#8243; include=&#8221;7402, 7403, 7404&#8243;][\/vc_column][\/vc_row][vc_row css=&#8221;.vc_custom_1698386182315{padding-top: 20px !important;}&#8221;][vc_column][vc_column_text css=&#8221;.vc_custom_1758280334607{padding-right: 15px !important;padding-left: 15px !important;}&#8221;]Wir bei Tilak Polypack haben eine breite Palette an Deckelfolien entwickelt, die sich f\u00fcr die Versiegelung fast aller Arten von Substraten wie PP, HIPS, A-PET, C-PET, PVC, PE usw. eignen.<\/p>\n<p>Deckelch\u00fcllen sind unverzichtbare Verpackungsmaterialien, die in der Lebensmittel- und Getr\u00e4nkeindustrie zum Abdecken und Verschlie\u00dfen von Beh\u00e4ltern verwendet werden. Diese Folien sind so konzipiert, dass sie eine sichere und zuverl\u00e4ssige Versiegelung gew\u00e4hrleisten und so die Frische und Qualit\u00e4t der verpackten Produkte bewahren.<\/p>\n<p><a href=\"https:\/\/tilakpolypack.com\/de\/leicht-abziehbare-folie\/\"><strong>Leicht abziehbare Folie <\/strong><\/a>werden in der Regel aus flexiblen Materialien wie Kunststoff oder Aluminium hergestellt und bieten hervorragende Barriereeigenschaften gegen Feuchtigkeit, Sauerstoff und andere \u00e4u\u00dfere Einfl\u00fcsse. Sie sind in verschiedenen Formaten erh\u00e4ltlich, darunter vorgeschnittene Deckel und Rollenformen, sodass sie sich leicht auf verschiedenen Beh\u00e4ltertypen wie Schalen, Bechern und Wannen anbringen lassen.<\/p>\n<p>Deckelcharts k\u00f6nnen hei\u00dfversiegelt oder abziehbar sein und bieten Verbrauchern einen bequemen Zugang zum Inhalt. Diese Folien werden h\u00e4ufig f\u00fcr die Verpackung von Milchprodukten, Fertiggerichten, Snacks und anderen verderblichen Waren verwendet. Dank ihrer F\u00e4higkeit, die Haltbarkeit zu verl\u00e4ngern, die Sichtbarkeit der Produkte zu verbessern und eine manipulationssichere Verpackung zu gew\u00e4hrleisten, spielen Deckelcharts eine entscheidende Rolle in der Lebensmittel- und Getr\u00e4nkeindustrie.<\/p>\n<h2>Hersteller von Deckelfolien<\/h2>\n<p>Als einer der f\u00fchrenden <a href=\"https:\/\/tilakpolypack.com\/de\/lidding-foils-and-laminates\/\"><strong>Hersteller von Deckelfolien<\/strong><\/a> hat sich Tilak Polypack der Bereitstellung hochwertiger Verpackungsl\u00f6sungen verschrieben. Mit unserer langj\u00e4hrigen Erfahrung und unserem Fachwissen haben wir uns als vertrauensw\u00fcrdiger Name in der Branche etabliert. Unsere Deckelfolien werden unter Verwendung fortschrittlicher Technologie und hochwertiger Materialien hergestellt, um optimale Leistung und Produktschutz zu gew\u00e4hrleisten.<\/p>\n<p>Bei Tilak Polypack sind wir stolz auf unser Engagement, unseren Kunden die besten Produkte zu liefern. Unsere Deckelfolien sind auf die spezifischen Anforderungen verschiedener Branchen zugeschnitten, darunter Lebensmittel und Getr\u00e4nke, Pharmazeutika und mehr. Sie bieten au\u00dfergew\u00f6hnliche Versiegelungseigenschaften und bewahren die Frische und Unversehrtheit der verpackten Produkte.<\/p>\n<p>Unsere <a href=\"https:\/\/tilakpolypack.com\/de\/huftversiegelungsfolie\/\"><strong>H\u00fcftversiegelungsfolie <\/strong><\/a> finden breite Anwendung bei der Verpackung von Milchprodukten, S\u00fc\u00dfwaren, Fertiggerichten und anderen verderblichen Waren. Sie bieten einen wirksamen Schutz vor Feuchtigkeit, Sauerstoff und Verunreinigungen und gew\u00e4hrleisten so die Sicherheit und Haltbarkeit der Produkte. Dank unserer individuellen Anpassungsm\u00f6glichkeiten k\u00f6nnen Kunden aus verschiedenen Folientypen, Gr\u00f6\u00dfen und Druckoptionen w\u00e4hlen, um ihren spezifischen Anforderungen gerecht zu werden.<\/p>\n<p>Tilak Polypack ist einer der weltweit f\u00fchrenden Hersteller und Lieferanten von Deckelfolien. Mit Niederlassungen in L\u00e4ndern wie den USA, Singapur, Australien, Deutschland, Kanada, Neuseeland, Gro\u00dfbritannien, Irland, Schottland und Norwegen hat sich Tilak Polypack als zuverl\u00e4ssiger Anbieter hochwertiger Deckelfolien etabliert.<\/p>\n<h2>Warum sollten Sie sich f\u00fcr Tilak Polypack entscheiden?<\/h2>\n<p>Wenn Sie auf der Suche nach einer nachhaltigeren Verpackungsl\u00f6sung sind, dann sind die Produkte von Tilak Polypackaging genau das Richtige f\u00fcr Sie! Wir verf\u00fcgen \u00fcber mehr als 20 Jahre Erfahrung in dieser Branche und bieten unseren Kunden die nachhaltigsten, umweltfreundlichsten und individuellsten L\u00f6sungen, die auf ihre Bed\u00fcrfnisse zugeschnitten sind.<\/p>\n<p>Vorteile der Verwendung von Produkten von Tilak Polypack:<\/p>\n<p>\u2705Produkte von h\u00f6chster Qualit\u00e4t<\/p>\n<p>\u2705 Umweltfreundliche L\u00f6sung<\/p>\n<p>\u2705 Ma\u00dfgeschneiderte Verpackungsprodukte nach Ihren Anforderungen<\/p>\n<p>\u2705 Produkte, die den Fertigungs- und Qualit\u00e4tsstandards entsprechen<\/p>\n<p>\u2705 Zuverl\u00e4ssiger Verpackungspartner f\u00fcr Ihr Unternehmen[\/vc_column_text][\/vc_column][\/vc_row]<\/p>\n<\/section>","protected":false},"excerpt":{"rendered":"<p>[vc_row][vc_column][vc_basic_grid post_type=&#8221;ids&#8221; gap=&#8221;25&#8243; item=&#8221;8470&#8243; grid_id=&#8221;vc_gid:1758280308867-26fed22f-ebbd-7&#8243; include=&#8221;7402, 7403, 7404&#8243;][\/vc_column][\/vc_row][vc_row css=&#8221;.vc_custom_1698386182315{padding-top: 20px !important;}&#8221;][vc_column][vc_column_text css=&#8221;.vc_custom_1758280334607{padding-right: 15px !important;padding-left: 15px !important;}&#8221;]Wir bei Tilak Polypack haben eine breite Palette an Deckelfolien entwickelt, die sich f\u00fcr die Versiegelung fast aller Arten von Substraten wie PP, HIPS, A-PET, C-PET, PVC, PE usw. eignen. Deckelch\u00fcllen sind unverzichtbare Verpackungsmaterialien, die in der Lebensmittel- und Getr\u00e4nkeindustrie &hellip; <a href=\"https:\/\/tilakpolypack.com\/de\/deckel-folien\/\" class=\"more-link\">Continue reading <span class=\"screen-reader-text\">Deckel-Folien<\/span><\/a><\/p>\n","protected":false},"author":1,"featured_media":0,"parent":0,"menu_order":0,"comment_status":"closed","ping_status":"closed","template":"","meta":{"_acf_changed":false,"om_disable_all_campaigns":false,"_monsterinsights_skip_tracking":false,"_monsterinsights_sitenote_active":false,"_monsterinsights_sitenote_note":"","_monsterinsights_sitenote_category":0,"_uf_show_specific_survey":0,"_uf_disable_surveys":false,"footnotes":""},"class_list":["post-7300","page","type-page","status-publish","hentry"],"acf":[],"yoast_head":"<!-- This site is optimized with the Yoast SEO plugin v22.3 - https:\/\/yoast.com\/wordpress\/plugins\/seo\/ -->\n<title>Deckelfolien f\u00fcr Lebensmittelverpackungen \u2013 Lieferant &amp; Hersteller<\/title>\n<meta name=\"description\" content=\"Entdecken Sie eine Auswahl an Deckelfolien f\u00fcr Lebensmittelverpackungen. Abziehbare, verschlie\u00dfbare und beschlagfreie Optionen erh\u00e4ltlich.\" \/>\n<meta name=\"robots\" content=\"index, follow, max-snippet:-1, max-image-preview:large, max-video-preview:-1\" \/>\n<link rel=\"canonical\" href=\"https:\/\/tilakpolypack.com\/de\/deckel-folien\/\" \/>\n<meta property=\"og:locale\" content=\"en_US\" \/>\n<meta property=\"og:type\" content=\"article\" \/>\n<meta property=\"og:title\" content=\"Deckelfolien f\u00fcr Lebensmittelverpackungen \u2013 Lieferant &amp; Hersteller\" \/>\n<meta property=\"og:description\" content=\"Entdecken Sie eine Auswahl an Deckelfolien f\u00fcr Lebensmittelverpackungen. Abziehbare, verschlie\u00dfbare und beschlagfreie Optionen erh\u00e4ltlich.\" \/>\n<meta property=\"og:url\" content=\"https:\/\/tilakpolypack.com\/de\/deckel-folien\/\" \/>\n<meta property=\"og:site_name\" content=\"Tilak Polypack\" \/>\n<meta property=\"article:modified_time\" content=\"2025-09-19T11:12:18+00:00\" \/>\n<meta name=\"twitter:card\" content=\"summary_large_image\" \/>\n<meta name=\"twitter:label1\" content=\"Est. reading time\" \/>\n\t<meta name=\"twitter:data1\" content=\"3 minutes\" \/>\n<script type=\"application\/ld+json\" class=\"yoast-schema-graph\">{\"@context\":\"https:\/\/schema.org\",\"@graph\":[{\"@type\":\"WebPage\",\"@id\":\"https:\/\/tilakpolypack.com\/de\/deckel-folien\/\",\"url\":\"https:\/\/tilakpolypack.com\/de\/deckel-folien\/\",\"name\":\"Deckelfolien f\u00fcr Lebensmittelverpackungen \u2013 Lieferant & Hersteller\",\"isPartOf\":{\"@id\":\"https:\/\/tilakpolypack.com\/de\/#website\"},\"datePublished\":\"2023-10-06T09:30:09+00:00\",\"dateModified\":\"2025-09-19T11:12:18+00:00\",\"description\":\"Entdecken Sie eine Auswahl an Deckelfolien f\u00fcr Lebensmittelverpackungen. Abziehbare, verschlie\u00dfbare und beschlagfreie Optionen erh\u00e4ltlich.\",\"inLanguage\":\"en-US\",\"potentialAction\":[{\"@type\":\"ReadAction\",\"target\":[\"https:\/\/tilakpolypack.com\/de\/deckel-folien\/\"]}]},{\"@type\":\"WebSite\",\"@id\":\"https:\/\/tilakpolypack.com\/de\/#website\",\"url\":\"https:\/\/tilakpolypack.com\/de\/\",\"name\":\"Tilak Polypack\",\"description\":\"\",\"potentialAction\":[{\"@type\":\"SearchAction\",\"target\":{\"@type\":\"EntryPoint\",\"urlTemplate\":\"https:\/\/tilakpolypack.com\/de\/?s={search_term_string}\"},\"query-input\":\"required name=search_term_string\"}],\"inLanguage\":\"en-US\"}]}<\/script>\n<!-- \/ Yoast SEO plugin. -->","yoast_head_json":{"title":"Deckelfolien f\u00fcr Lebensmittelverpackungen \u2013 Lieferant & Hersteller","description":"Entdecken Sie eine Auswahl an Deckelfolien f\u00fcr Lebensmittelverpackungen. Abziehbare, verschlie\u00dfbare und beschlagfreie Optionen erh\u00e4ltlich.","robots":{"index":"index","follow":"follow","max-snippet":"max-snippet:-1","max-image-preview":"max-image-preview:large","max-video-preview":"max-video-preview:-1"},"canonical":"https:\/\/tilakpolypack.com\/de\/deckel-folien\/","og_locale":"en_US","og_type":"article","og_title":"Deckelfolien f\u00fcr Lebensmittelverpackungen \u2013 Lieferant & Hersteller","og_description":"Entdecken Sie eine Auswahl an Deckelfolien f\u00fcr Lebensmittelverpackungen. Abziehbare, verschlie\u00dfbare und beschlagfreie Optionen erh\u00e4ltlich.","og_url":"https:\/\/tilakpolypack.com\/de\/deckel-folien\/","og_site_name":"Tilak Polypack","article_modified_time":"2025-09-19T11:12:18+00:00","twitter_card":"summary_large_image","twitter_misc":{"Est. reading time":"3 minutes"},"schema":{"@context":"https:\/\/schema.org","@graph":[{"@type":"WebPage","@id":"https:\/\/tilakpolypack.com\/de\/deckel-folien\/","url":"https:\/\/tilakpolypack.com\/de\/deckel-folien\/","name":"Deckelfolien f\u00fcr Lebensmittelverpackungen \u2013 Lieferant & Hersteller","isPartOf":{"@id":"https:\/\/tilakpolypack.com\/de\/#website"},"datePublished":"2023-10-06T09:30:09+00:00","dateModified":"2025-09-19T11:12:18+00:00","description":"Entdecken Sie eine Auswahl an Deckelfolien f\u00fcr Lebensmittelverpackungen. Abziehbare, verschlie\u00dfbare und beschlagfreie Optionen erh\u00e4ltlich.","inLanguage":"en-US","potentialAction":[{"@type":"ReadAction","target":["https:\/\/tilakpolypack.com\/de\/deckel-folien\/"]}]},{"@type":"WebSite","@id":"https:\/\/tilakpolypack.com\/de\/#website","url":"https:\/\/tilakpolypack.com\/de\/","name":"Tilak Polypack","description":"","potentialAction":[{"@type":"SearchAction","target":{"@type":"EntryPoint","urlTemplate":"https:\/\/tilakpolypack.com\/de\/?s={search_term_string}"},"query-input":"required name=search_term_string"}],"inLanguage":"en-US"}]}},"_links":{"self":[{"href":"https:\/\/tilakpolypack.com\/de\/wp-json\/wp\/v2\/pages\/7300","targetHints":{"allow":["GET"]}}],"collection":[{"href":"https:\/\/tilakpolypack.com\/de\/wp-json\/wp\/v2\/pages"}],"about":[{"href":"https:\/\/tilakpolypack.com\/de\/wp-json\/wp\/v2\/types\/page"}],"author":[{"embeddable":true,"href":"https:\/\/tilakpolypack.com\/de\/wp-json\/wp\/v2\/users\/1"}],"replies":[{"embeddable":true,"href":"https:\/\/tilakpolypack.com\/de\/wp-json\/wp\/v2\/comments?post=7300"}],"version-history":[{"count":5,"href":"https:\/\/tilakpolypack.com\/de\/wp-json\/wp\/v2\/pages\/7300\/revisions"}],"predecessor-version":[{"id":10239,"href":"https:\/\/tilakpolypack.com\/de\/wp-json\/wp\/v2\/pages\/7300\/revisions\/10239"}],"wp:attachment":[{"href":"https:\/\/tilakpolypack.com\/de\/wp-json\/wp\/v2\/media?parent=7300"}],"curies":[{"name":"wp","href":"https:\/\/api.w.org\/{rel}","templated":true}]}}