{"id":7298,"date":"2023-10-06T09:29:53","date_gmt":"2023-10-06T09:29:53","guid":{"rendered":"https:\/\/archiveyourwords.com\/tilak\/?page_id=7298"},"modified":"2025-09-19T06:21:24","modified_gmt":"2025-09-19T06:21:24","slug":"stretchfolie","status":"publish","type":"page","link":"https:\/\/tilakpolypack.com\/de\/stretchfolie\/","title":{"rendered":"Stretchfolie"},"content":{"rendered":"<section class=\"wpb-content-wrapper\"><p>[vc_row][vc_column][vc_basic_grid post_type=&#8221;ids&#8221; gap=&#8221;25&#8243; item=&#8221;8470&#8243; grid_id=&#8221;vc_gid:1758262620872-57da2cac-0470-10&#8243; include=&#8221;7387, 7388, 7389, 7393, 7394, 7395, 7399, 9008, 8800, 9012, 9014&#8243;][\/vc_column][\/vc_row][vc_row css=&#8221;.vc_custom_1698386242536{padding-top: 20px !important;}&#8221;][vc_column][vc_column_text css=&#8221;.vc_custom_1758262850541{padding-right: 15px !important;padding-left: 15px !important;}&#8221;]Stretchfolien, auch bekannt als <a href=\"https:\/\/tilakpolypack.com\/de\/mini-stretchfolienrollen\/\"><strong>Stretchfolienrollen<\/strong><\/a> oder Stretchfolienband, sind vielseitige Verpackungsmaterialien, die in verschiedenen Branchen weit verbreitet sind. Diese Folien werden aus einem hochelastischen und dehnbaren Kunststoffmaterial, in der Regel Polyethylen, hergestellt, wodurch sie gedehnt und fest um Produkte oder Paletten gewickelt werden k\u00f6nnen. Der Hauptzweck von Stretchfolien besteht darin, die Artikel w\u00e4hrend des Transports und der Lagerung zu sichern und zu sch\u00fctzen.<\/p>\n<p>Die Elastizit\u00e4t der Stretchfolienrolle sorgt f\u00fcr einen festen Halt, ohne dass zus\u00e4tzliche Klebstoffe oder Hei\u00dfsiegelungen erforderlich sind. Sie sind sowohl als Handrollen als auch als Maschinenrollen erh\u00e4ltlich und eignen sich f\u00fcr verschiedene Verpackungsvorg\u00e4nge. Einige Stretchfolien verf\u00fcgen au\u00dferdem \u00fcber spezielle Eigenschaften wie UV-Best\u00e4ndigkeit oder ein vorgedehntes Design f\u00fcr mehr Effizienz und Kosteneinsparungen.<\/p>\n<p>Diese Folien finden breite Anwendung in der Logistik-, Lager- und Versandbranche. Sie werden h\u00e4ufig zum Zusammenfassen von Palettenladungen, zum Sichern von Kartons und Paketen sowie zum B\u00fcndeln von Artikeln verwendet. Stretchfolien bieten hervorragenden Schutz vor Staub, Feuchtigkeit und anderen \u00e4u\u00dferen Einfl\u00fcssen, die die Produkte besch\u00e4digen k\u00f6nnten. Dar\u00fcber hinaus bieten sie einen gewissen Schutz vor Manipulationen und tragen zur Verhinderung von Diebstahl bei.<\/p>\n<h2>Hersteller von Stretchfolie<\/h2>\n<p><a href=\"https:\/\/tilakpolypack.com\/\"><strong>Tilak Polypack<\/strong><\/a> ist ein f\u00fchrender Hersteller von Stretchfolien und bietet hochwertige Verpackungsl\u00f6sungen f\u00fcr verschiedene Branchen. Mit unserer langj\u00e4hrigen Erfahrung und Fachkompetenz in diesem Bereich haben wir uns als vertrauensw\u00fcrdiger Name auf dem Markt etabliert.<\/p>\n<p>Einer der wichtigsten Faktoren, der uns von anderen unterscheidet, ist unser Engagement f\u00fcr die individuelle Anpassung. Wir wissen, dass verschiedene Branchen und Anwendungen unterschiedliche Anforderungen an die Verpackung stellen. Deshalb bieten wir eine gro\u00dfe Auswahl an Optionen hinsichtlich Folienst\u00e4rke, -breite und -l\u00e4nge, damit unsere Kunden die perfekte L\u00f6sung f\u00fcr ihre spezifischen Anforderungen finden.<\/p>\n<p>Entscheiden Sie sich f\u00fcr Tilak Polypack, wenn Sie Plastikfolienrollen ben\u00f6tigen, und profitieren Sie von unserer erstklassigen Qualit\u00e4t, unseren Anpassungsm\u00f6glichkeiten, unserem Fokus auf Nachhaltigkeit und unserem hervorragenden Kundensupport. Wir sind bestrebt, Verpackungsl\u00f6sungen zu liefern, die Ihre Erwartungen \u00fcbertreffen und zum Erfolg Ihres Unternehmens beitragen.<\/p>\n<p>Tilak Polypack ist einer der weltweit f\u00fchrenden <a href=\"https:\/\/tilakpolypack.com\/de\/kunststoff-stretchfolie\/\"><strong>Hersteller und Lieferanten von STRETCHFOLIE<\/strong><\/a>. Mit Niederlassungen in L\u00e4ndern wie den USA, Singapur, Australien, Deutschland, Kanada, Neuseeland, Gro\u00dfbritannien, Irland, Schottland und Norwegen hat sich Tilak Polypack als zuverl\u00e4ssiger Anbieter von hochwertiger STRETCHFOLIE etabliert.<\/p>\n<h2>Vorteile von Stretchfolienrollen:<\/h2>\n<p>Hier sind einige Vorteile der Verwendung von Stretchfolienrollen:<\/p>\n<ul>\n<li>Sichere Verpackung und Schutz vor Verrutschen w\u00e4hrend des Transports.<\/li>\n<li>Reduzierter Verpackungsabfall durch hohe Anpassungsf\u00e4higkeit von Stretchfolienrollen f\u00fcr die Verpackung<\/li>\n<li>Vermeidung von Besch\u00e4digungen, Kratzern und Feuchtigkeit.<\/li>\n<li>Verbesserte Ladungsstabilit\u00e4t und Verhinderung des Umkippens.<\/li>\n<li>Kosteng\u00fcnstige L\u00f6sung durch Reduzierung des Bedarfs an zus\u00e4tzlichen Verpackungsmaterialien.<\/li>\n<li>Vielseitige Verwendung f\u00fcr Paletten, B\u00fcndelung und unregelm\u00e4\u00dfig geformte Gegenst\u00e4nde.<\/li>\n<li>Transparente Folien f\u00fcr eine einfache Identifizierung und Inspektion.<\/li>\n<li>Verbesserte Effizienz bei Verpackungs- und Auspackvorg\u00e4ngen.<\/li>\n<li>Umweltvorteile durch recycelbare Optionen.<\/li>\n<li>Verbessertes Handling und kompaktere Bauweise.<\/li>\n<li>Staub- und Schmutzschutz f\u00fcr verpackte Artikel.<\/li>\n<\/ul>\n<h2>Warum sollten Sie sich f\u00fcr Tilak Polypack entscheiden?<\/h2>\n<p>Wenn Sie auf der Suche nach einer nachhaltigeren Verpackungsl\u00f6sung sind, dann sind die Produkte von Tilak Polypackaging genau das Richtige f\u00fcr Sie! Wir verf\u00fcgen \u00fcber mehr als 20 Jahre Erfahrung in dieser Branche und bieten unseren Kunden die nachhaltigsten, umweltfreundlichsten und individuellsten L\u00f6sungen, die auf ihre Bed\u00fcrfnisse zugeschnitten sind.<\/p>\n<p>Vorteile der Verwendung von Produkten von Tilak Polypack:<\/p>\n<p>\u2705Produkte von h\u00f6chster Qualit\u00e4t<\/p>\n<p>\u2705 Umweltfreundliche L\u00f6sung<\/p>\n<p>\u2705 Ma\u00dfgeschneiderte Verpackungsprodukte nach Ihren Anforderungen<\/p>\n<p>\u2705 Produkte, die den Fertigungs- und Qualit\u00e4tsstandards entsprechen<\/p>\n<p>\u2705 Zuverl\u00e4ssiger Verpackungspartner f\u00fcr Ihr Unternehmen[\/vc_column_text][vc_wp_text title=&#8221;Stretch Film Features&#8221;]<\/p>\n<table>\n<thead>\n<tr>\n<th>Funktion<\/th>\n<th>Beschreibung<\/th>\n<\/tr>\n<\/thead>\n<tbody>\n<tr>\n<td>Schutz vor Staub \/ Schmutz<\/td>\n<td>Ja<\/td>\n<\/tr>\n<tr>\n<td>Wasserdichte Verpackung<\/td>\n<td>Hilft dabei, Verpackungen wasserdicht zu machen, wenn sie um Papierbeh\u00e4lter gewickelt werden.<\/td>\n<\/tr>\n<tr>\n<td>Sichtpr\u00fcfung<\/td>\n<td>Hilfsmittel f\u00fcr die Sichtpr\u00fcfung<\/td>\n<\/tr>\n<tr>\n<td>Kosteneffizienz<\/td>\n<td>Kosteng\u00fcnstiger als Umreifungsb\u00e4nder \/ Schrumpffolien \/ Wellpappe<\/td>\n<\/tr>\n<tr>\n<td>Verpackungsoptionen<\/td>\n<td>Verf\u00fcgbar f\u00fcr manuelles Verpacken \/ maschinelles Verpacken<\/td>\n<\/tr>\n<tr>\n<td>Standardbreiten<\/td>\n<td>50 mm \/ 100 mm \/ 150 mm \/ 200 mm \/ 300 mm \/ 450 mm \/ 500 mm \/ 600 mm (Andere Breiten auf Anfrage erh\u00e4ltlich. Maximale Breite 1,5 Meter)<\/td>\n<\/tr>\n<tr>\n<td>Standarddicke<\/td>\n<td>12 Mikrometer \/ 15 Mikrometer \/ 18 Mikrometer \/ 23 Mikrometer \/ 29 Mikrometer (andere St\u00e4rken auf Anfrage erh\u00e4ltlich)<\/td>\n<\/tr>\n<tr>\n<td>Standardfarben<\/td>\n<td>Naturfarben \/ Opakwei\u00df \/ Blau \/ Schwarz (Andere Farben auf Anfrage erh\u00e4ltlich)<\/td>\n<\/tr>\n<tr>\n<td>Standard-Kern-ID<\/td>\n<td>25 mm \/ 31 mm \/ 76,2 mm<\/td>\n<\/tr>\n<tr>\n<td>Spezielle Zusatzstoffe<\/td>\n<td>UV-Schutz \/ VCI \/ Antistatisch<\/td>\n<\/tr>\n<\/tbody>\n<\/table>\n<p>[\/vc_wp_text][\/vc_column][\/vc_row]<\/p>\n<\/section>","protected":false},"excerpt":{"rendered":"<p>[vc_row][vc_column][vc_basic_grid post_type=&#8221;ids&#8221; gap=&#8221;25&#8243; item=&#8221;8470&#8243; grid_id=&#8221;vc_gid:1758262620872-57da2cac-0470-10&#8243; include=&#8221;7387, 7388, 7389, 7393, 7394, 7395, 7399, 9008, 8800, 9012, 9014&#8243;][\/vc_column][\/vc_row][vc_row css=&#8221;.vc_custom_1698386242536{padding-top: 20px !important;}&#8221;][vc_column][vc_column_text css=&#8221;.vc_custom_1758262850541{padding-right: 15px !important;padding-left: 15px !important;}&#8221;]Stretchfolien, auch bekannt als Stretchfolienrollen oder Stretchfolienband, sind vielseitige Verpackungsmaterialien, die in verschiedenen Branchen weit verbreitet sind. Diese Folien werden aus einem hochelastischen und dehnbaren Kunststoffmaterial, in der Regel Polyethylen, hergestellt, wodurch &hellip; <a href=\"https:\/\/tilakpolypack.com\/de\/stretchfolie\/\" class=\"more-link\">Continue reading <span class=\"screen-reader-text\">Stretchfolie<\/span><\/a><\/p>\n","protected":false},"author":1,"featured_media":0,"parent":0,"menu_order":0,"comment_status":"closed","ping_status":"closed","template":"","meta":{"_acf_changed":false,"om_disable_all_campaigns":false,"_monsterinsights_skip_tracking":false,"_monsterinsights_sitenote_active":false,"_monsterinsights_sitenote_note":"","_monsterinsights_sitenote_category":0,"_uf_show_specific_survey":0,"_uf_disable_surveys":false,"footnotes":""},"class_list":["post-7298","page","type-page","status-publish","hentry"],"acf":[],"yoast_head":"<!-- This site is optimized with the Yoast SEO plugin v22.3 - https:\/\/yoast.com\/wordpress\/plugins\/seo\/ -->\n<title>Stretchfolie &amp; Sicherheitsverpackungsfolie Lieferant<\/title>\n<meta name=\"description\" content=\"Entdecken Sie umweltfreundliche Stretchfolie mit UV-Schutz f\u00fcr sichere Verpackungen, Logistik und lebensmittelechte Palettenhersteller.\" \/>\n<meta name=\"robots\" content=\"index, follow, max-snippet:-1, max-image-preview:large, max-video-preview:-1\" \/>\n<link rel=\"canonical\" href=\"https:\/\/tilakpolypack.com\/de\/stretchfolie\/\" \/>\n<meta property=\"og:locale\" content=\"en_US\" \/>\n<meta property=\"og:type\" content=\"article\" \/>\n<meta property=\"og:title\" content=\"Stretchfolie &amp; Sicherheitsverpackungsfolie Lieferant\" \/>\n<meta property=\"og:description\" content=\"Entdecken Sie umweltfreundliche Stretchfolie mit UV-Schutz f\u00fcr sichere Verpackungen, Logistik und lebensmittelechte Palettenhersteller.\" \/>\n<meta property=\"og:url\" content=\"https:\/\/tilakpolypack.com\/de\/stretchfolie\/\" \/>\n<meta property=\"og:site_name\" content=\"Tilak Polypack\" \/>\n<meta property=\"article:modified_time\" content=\"2025-09-19T06:21:24+00:00\" \/>\n<meta name=\"twitter:card\" content=\"summary_large_image\" \/>\n<meta name=\"twitter:label1\" content=\"Est. reading time\" \/>\n\t<meta name=\"twitter:data1\" content=\"3 minutes\" \/>\n<script type=\"application\/ld+json\" class=\"yoast-schema-graph\">{\"@context\":\"https:\/\/schema.org\",\"@graph\":[{\"@type\":\"WebPage\",\"@id\":\"https:\/\/tilakpolypack.com\/de\/stretchfolie\/\",\"url\":\"https:\/\/tilakpolypack.com\/de\/stretchfolie\/\",\"name\":\"Stretchfolie & Sicherheitsverpackungsfolie Lieferant\",\"isPartOf\":{\"@id\":\"https:\/\/tilakpolypack.com\/de\/#website\"},\"datePublished\":\"2023-10-06T09:29:53+00:00\",\"dateModified\":\"2025-09-19T06:21:24+00:00\",\"description\":\"Entdecken Sie umweltfreundliche Stretchfolie mit UV-Schutz f\u00fcr sichere Verpackungen, Logistik und lebensmittelechte Palettenhersteller.\",\"inLanguage\":\"en-US\",\"potentialAction\":[{\"@type\":\"ReadAction\",\"target\":[\"https:\/\/tilakpolypack.com\/de\/stretchfolie\/\"]}]},{\"@type\":\"WebSite\",\"@id\":\"https:\/\/tilakpolypack.com\/de\/#website\",\"url\":\"https:\/\/tilakpolypack.com\/de\/\",\"name\":\"Tilak Polypack\",\"description\":\"\",\"potentialAction\":[{\"@type\":\"SearchAction\",\"target\":{\"@type\":\"EntryPoint\",\"urlTemplate\":\"https:\/\/tilakpolypack.com\/de\/?s={search_term_string}\"},\"query-input\":\"required name=search_term_string\"}],\"inLanguage\":\"en-US\"}]}<\/script>\n<!-- \/ Yoast SEO plugin. -->","yoast_head_json":{"title":"Stretchfolie & Sicherheitsverpackungsfolie Lieferant","description":"Entdecken Sie umweltfreundliche Stretchfolie mit UV-Schutz f\u00fcr sichere Verpackungen, Logistik und lebensmittelechte Palettenhersteller.","robots":{"index":"index","follow":"follow","max-snippet":"max-snippet:-1","max-image-preview":"max-image-preview:large","max-video-preview":"max-video-preview:-1"},"canonical":"https:\/\/tilakpolypack.com\/de\/stretchfolie\/","og_locale":"en_US","og_type":"article","og_title":"Stretchfolie & Sicherheitsverpackungsfolie Lieferant","og_description":"Entdecken Sie umweltfreundliche Stretchfolie mit UV-Schutz f\u00fcr sichere Verpackungen, Logistik und lebensmittelechte Palettenhersteller.","og_url":"https:\/\/tilakpolypack.com\/de\/stretchfolie\/","og_site_name":"Tilak Polypack","article_modified_time":"2025-09-19T06:21:24+00:00","twitter_card":"summary_large_image","twitter_misc":{"Est. reading time":"3 minutes"},"schema":{"@context":"https:\/\/schema.org","@graph":[{"@type":"WebPage","@id":"https:\/\/tilakpolypack.com\/de\/stretchfolie\/","url":"https:\/\/tilakpolypack.com\/de\/stretchfolie\/","name":"Stretchfolie & Sicherheitsverpackungsfolie Lieferant","isPartOf":{"@id":"https:\/\/tilakpolypack.com\/de\/#website"},"datePublished":"2023-10-06T09:29:53+00:00","dateModified":"2025-09-19T06:21:24+00:00","description":"Entdecken Sie umweltfreundliche Stretchfolie mit UV-Schutz f\u00fcr sichere Verpackungen, Logistik und lebensmittelechte Palettenhersteller.","inLanguage":"en-US","potentialAction":[{"@type":"ReadAction","target":["https:\/\/tilakpolypack.com\/de\/stretchfolie\/"]}]},{"@type":"WebSite","@id":"https:\/\/tilakpolypack.com\/de\/#website","url":"https:\/\/tilakpolypack.com\/de\/","name":"Tilak Polypack","description":"","potentialAction":[{"@type":"SearchAction","target":{"@type":"EntryPoint","urlTemplate":"https:\/\/tilakpolypack.com\/de\/?s={search_term_string}"},"query-input":"required name=search_term_string"}],"inLanguage":"en-US"}]}},"_links":{"self":[{"href":"https:\/\/tilakpolypack.com\/de\/wp-json\/wp\/v2\/pages\/7298","targetHints":{"allow":["GET"]}}],"collection":[{"href":"https:\/\/tilakpolypack.com\/de\/wp-json\/wp\/v2\/pages"}],"about":[{"href":"https:\/\/tilakpolypack.com\/de\/wp-json\/wp\/v2\/types\/page"}],"author":[{"embeddable":true,"href":"https:\/\/tilakpolypack.com\/de\/wp-json\/wp\/v2\/users\/1"}],"replies":[{"embeddable":true,"href":"https:\/\/tilakpolypack.com\/de\/wp-json\/wp\/v2\/comments?post=7298"}],"version-history":[{"count":8,"href":"https:\/\/tilakpolypack.com\/de\/wp-json\/wp\/v2\/pages\/7298\/revisions"}],"predecessor-version":[{"id":10191,"href":"https:\/\/tilakpolypack.com\/de\/wp-json\/wp\/v2\/pages\/7298\/revisions\/10191"}],"wp:attachment":[{"href":"https:\/\/tilakpolypack.com\/de\/wp-json\/wp\/v2\/media?parent=7298"}],"curies":[{"name":"wp","href":"https:\/\/api.w.org\/{rel}","templated":true}]}}