{"id":7296,"date":"2023-10-06T09:28:18","date_gmt":"2023-10-06T09:28:18","guid":{"rendered":"https:\/\/archiveyourwords.com\/tilak\/?page_id=7296"},"modified":"2025-09-19T11:32:37","modified_gmt":"2025-09-19T11:32:37","slug":"bedruckte-pe-folien","status":"publish","type":"page","link":"https:\/\/tilakpolypack.com\/de\/bedruckte-pe-folien\/","title":{"rendered":"Bedruckte PE-Folien"},"content":{"rendered":"<section class=\"wpb-content-wrapper\"><p>[vc_row][vc_column][vc_basic_grid post_type=&#8221;ids&#8221; gap=&#8221;25&#8243; item=&#8221;8470&#8243; grid_id=&#8221;vc_gid:1758281510306-37f1b044-2aa2-5&#8243; include=&#8221;7363, 7364, 7365, 7366, 7367&#8243;][\/vc_column][\/vc_row][vc_row css=&#8221;.vc_custom_1698386306087{padding-top: 20px !important;}&#8221;][vc_column][vc_column_text css=&#8221;.vc_custom_1758281553592{padding-right: 15px !important;padding-left: 15px !important;}&#8221;]Bedruckte PE-Folien sind eine vielseitige und beliebte Wahl in der Welt der Verpackungen. Diese Folien werden aus Polyethylen (PE) hergestellt, einem strapazierf\u00e4higen und flexiblen Material, das eine hervorragende Feuchtigkeitsbest\u00e4ndigkeit und Schutz f\u00fcr eine Vielzahl von Produkten bietet.<\/p>\n<p>Was bedruckte <a href=\"https:\/\/tilakpolypack.com\/de\/laminierung-pe-folie\/\"><strong>Laminierung PE-Folie <\/strong><\/a> auszeichnet, ist ihre F\u00e4higkeit, hochwertige Grafiken, Designs und Markenelemente direkt auf der Folienoberfl\u00e4che darzustellen. Dies erm\u00f6glicht es Unternehmen, ihre Produktpr\u00e4sentation zu verbessern, die Markenbekanntheit zu steigern und die Aufmerksamkeit der Verbraucher in den Verkaufsregalen auf sich zu ziehen. Ob f\u00fcr Lebensmittel, K\u00f6rperpflegeprodukte, Haushaltswaren oder industrielle Anwendungen \u2013 bedruckte PE-Folien bieten eine \u00fcberzeugende Kombination aus optischer Wirkung, funktionaler Leistung und zuverl\u00e4ssigem Schutz. Sie sind ein wertvolles Instrument zur Markendifferenzierung, Produktwerbung und zur Gew\u00e4hrleistung der Kundenzufriedenheit.<\/p>\n<h2>Hersteller von bedruckten PE-Folien<\/h2>\n<p>Tilak Polypack ist ein f\u00fchrender Hersteller von bedruckten PE-Folien und bietet eine breite Palette an individuell anpassbaren Verpackungsl\u00f6sungen. Unsere bedruckten PE-Folien wurden entwickelt, um die optische Attraktivit\u00e4t Ihrer Produkte zu steigern und gleichzeitig zuverl\u00e4ssigen Schutz zu bieten. Mit unseren hochmodernen Produktionskapazit\u00e4ten k\u00f6nnen wir die vielf\u00e4ltigen Anforderungen von Unternehmen aus verschiedenen Branchen erf\u00fcllen.<\/p>\n<p>Bei Tilak Polypack setzen wir fortschrittliche Drucktechnologien wie Flexodruck und Tiefdruck ein, um hochwertige Grafiken und lebendige Farben auf unseren Folien zu gew\u00e4hrleisten. So k\u00f6nnen wir auff\u00e4llige Designs, Logos und Markenelemente erstellen, die Ihre Produkte wirkungsvoll pr\u00e4sentieren und die Aufmerksamkeit der Verbraucher auf sich ziehen. Mit einem starken Fokus auf Qualit\u00e4t und Innovation ist Tilak Polypack bestrebt, Verpackungsl\u00f6sungen zu liefern, die den h\u00f6chsten Industriestandards entsprechen.<\/p>\n<p>Tilak Polypack ist einer der weltweit f\u00fchrenden <a href=\"https:\/\/tilakpolypack.com\/de\/pe-auskleidungen-und-mullsacke\/\"><strong>Hersteller und Lieferanten von BEDRUCKTEN PE-FOLIEN<\/strong><\/a>. Mit Niederlassungen in L\u00e4ndern wie den USA, Singapur, Australien, Deutschland, Kanada, Neuseeland, Gro\u00dfbritannien, Irland, Schottland und Norwegen hat sich Tilak Polypack als zuverl\u00e4ssiger Anbieter von hochwertigen BEDRUCKTEN PE-FOLIEN etabliert.<\/p>\n<h2>Vorteile<\/h2>\n<ul>\n<li aria-level=\"1\">Verbessert die Sichtbarkeit der Marke und die Attraktivit\u00e4t des Produkts.<\/li>\n<li aria-level=\"1\">Bietet informative und attraktive Verpackungen.<\/li>\n<li aria-level=\"1\">Erm\u00f6glicht Anpassungs- und Branding-M\u00f6glichkeiten.<\/li>\n<li aria-level=\"1\">Bietet hochwertigen Druck f\u00fcr lebendige und scharfe Grafiken.<\/li>\n<li aria-level=\"1\">Unterst\u00fctzt die Produktdifferenzierung und die Pr\u00e4senz im Regal.<\/li>\n<li aria-level=\"1\">F\u00f6rdert effektives Marketing und Kommunikation.<\/li>\n<li aria-level=\"1\">Steigert das Engagement und die Bekanntheit der Verbraucher.<\/li>\n<li aria-level=\"1\">Sch\u00fctzt das Produkt vor \u00e4u\u00dferen Einfl\u00fcssen.<\/li>\n<li aria-level=\"1\">Sorgt f\u00fcr Produktfrische und verl\u00e4ngert die Haltbarkeit.<\/li>\n<li aria-level=\"1\">Bietet Komfort durch leicht lesbare Etiketten und Anweisungen.<\/li>\n<li aria-level=\"1\">Unterst\u00fctzt die Einhaltung gesetzlicher Vorschriften und Anforderungen an Produktinformationen.<\/li>\n<li aria-level=\"1\">Verbessert die Gesamt\u00e4sthetik der Verpackung und das Kundenerlebnis.<\/li>\n<\/ul>\n<h2>Warum sollten Sie sich f\u00fcr Tilak Polypack entscheiden?<\/h2>\n<p>Wenn Sie auf der Suche nach einer nachhaltigeren Verpackungsl\u00f6sung sind, dann sind die Produkte von <a href=\"https:\/\/tilakpolypack.com\/de\/\"><strong>Tilak Polypack<\/strong><\/a> genau das Richtige f\u00fcr Sie! Wir verf\u00fcgen \u00fcber mehr als 20 Jahre Erfahrung in dieser Branche und bieten unseren Kunden die nachhaltigsten, umweltfreundlichsten und individuellsten L\u00f6sungen, die auf ihre Bed\u00fcrfnisse zugeschnitten sind.<\/p>\n<p>Vorteile der Verwendung von Produkten von Tilak Polypack:<\/p>\n<p>\u2705Produkte von h\u00f6chster Qualit\u00e4t<\/p>\n<p>\u2705 Umweltfreundliche L\u00f6sung<\/p>\n<p>\u2705 Ma\u00dfgeschneiderte Verpackungsprodukte nach Ihren Anforderungen<\/p>\n<p>\u2705 Produkte, die den Fertigungs- und Qualit\u00e4tsstandards entsprechen<\/p>\n<p>\u2705 Zuverl\u00e4ssiger Verpackungspartner f\u00fcr Ihr Unternehmen[\/vc_column_text][\/vc_column][\/vc_row]<\/p>\n<\/section>","protected":false},"excerpt":{"rendered":"<p>[vc_row][vc_column][vc_basic_grid post_type=&#8221;ids&#8221; gap=&#8221;25&#8243; item=&#8221;8470&#8243; grid_id=&#8221;vc_gid:1758281510306-37f1b044-2aa2-5&#8243; include=&#8221;7363, 7364, 7365, 7366, 7367&#8243;][\/vc_column][\/vc_row][vc_row css=&#8221;.vc_custom_1698386306087{padding-top: 20px !important;}&#8221;][vc_column][vc_column_text css=&#8221;.vc_custom_1758281553592{padding-right: 15px !important;padding-left: 15px !important;}&#8221;]Bedruckte PE-Folien sind eine vielseitige und beliebte Wahl in der Welt der Verpackungen. Diese Folien werden aus Polyethylen (PE) hergestellt, einem strapazierf\u00e4higen und flexiblen Material, das eine hervorragende Feuchtigkeitsbest\u00e4ndigkeit und Schutz f\u00fcr eine Vielzahl von Produkten bietet. Was &hellip; <a href=\"https:\/\/tilakpolypack.com\/de\/bedruckte-pe-folien\/\" class=\"more-link\">Continue reading <span class=\"screen-reader-text\">Bedruckte PE-Folien<\/span><\/a><\/p>\n","protected":false},"author":1,"featured_media":1362,"parent":0,"menu_order":0,"comment_status":"closed","ping_status":"closed","template":"","meta":{"_acf_changed":false,"om_disable_all_campaigns":false,"_monsterinsights_skip_tracking":false,"_monsterinsights_sitenote_active":false,"_monsterinsights_sitenote_note":"","_monsterinsights_sitenote_category":0,"_uf_show_specific_survey":0,"_uf_disable_surveys":false,"footnotes":""},"class_list":["post-7296","page","type-page","status-publish","has-post-thumbnail","hentry"],"acf":[],"yoast_head":"<!-- This site is optimized with the Yoast SEO plugin v22.3 - https:\/\/yoast.com\/wordpress\/plugins\/seo\/ -->\n<title>Hersteller bedruckter PE-Folien \u2013 LDPE, HDPE Folien<\/title>\n<meta name=\"description\" content=\"Wir bieten LDPE-, HDPE- und metallisierte Polyethylenfolien sowie Rollenverpackungen mit individuellem Druck f\u00fcr die Lebensmittelindustrie, den Einzelhandel und die Industrie.\" \/>\n<meta name=\"robots\" content=\"index, follow, max-snippet:-1, max-image-preview:large, max-video-preview:-1\" \/>\n<link rel=\"canonical\" href=\"https:\/\/tilakpolypack.com\/de\/bedruckte-pe-folien\/\" \/>\n<meta property=\"og:locale\" content=\"en_US\" \/>\n<meta property=\"og:type\" content=\"article\" \/>\n<meta property=\"og:title\" content=\"Hersteller bedruckter PE-Folien \u2013 LDPE, HDPE Folien\" \/>\n<meta property=\"og:description\" content=\"Wir bieten LDPE-, HDPE- und metallisierte Polyethylenfolien sowie Rollenverpackungen mit individuellem Druck f\u00fcr die Lebensmittelindustrie, den Einzelhandel und die Industrie.\" \/>\n<meta property=\"og:url\" content=\"https:\/\/tilakpolypack.com\/de\/bedruckte-pe-folien\/\" \/>\n<meta property=\"og:site_name\" content=\"Tilak Polypack\" \/>\n<meta property=\"article:modified_time\" content=\"2025-09-19T11:32:37+00:00\" \/>\n<meta property=\"og:image\" content=\"https:\/\/tilakpolypack.com\/de\/wp-content\/uploads\/2020\/02\/Printed-PE-Films.png\" \/>\n\t<meta property=\"og:image:width\" content=\"442\" \/>\n\t<meta property=\"og:image:height\" content=\"209\" \/>\n\t<meta property=\"og:image:type\" content=\"image\/png\" \/>\n<meta name=\"twitter:card\" content=\"summary_large_image\" \/>\n<meta name=\"twitter:label1\" content=\"Est. reading time\" \/>\n\t<meta name=\"twitter:data1\" content=\"3 minutes\" \/>\n<script type=\"application\/ld+json\" class=\"yoast-schema-graph\">{\"@context\":\"https:\/\/schema.org\",\"@graph\":[{\"@type\":\"WebPage\",\"@id\":\"https:\/\/tilakpolypack.com\/de\/bedruckte-pe-folien\/\",\"url\":\"https:\/\/tilakpolypack.com\/de\/bedruckte-pe-folien\/\",\"name\":\"Hersteller bedruckter PE-Folien \u2013 LDPE, HDPE Folien\",\"isPartOf\":{\"@id\":\"https:\/\/tilakpolypack.com\/de\/#website\"},\"primaryImageOfPage\":{\"@id\":\"https:\/\/tilakpolypack.com\/de\/bedruckte-pe-folien\/#primaryimage\"},\"image\":{\"@id\":\"https:\/\/tilakpolypack.com\/de\/bedruckte-pe-folien\/#primaryimage\"},\"thumbnailUrl\":\"https:\/\/tilakpolypack.com\/de\/wp-content\/uploads\/2020\/02\/Printed-PE-Films.png\",\"datePublished\":\"2023-10-06T09:28:18+00:00\",\"dateModified\":\"2025-09-19T11:32:37+00:00\",\"description\":\"Wir bieten LDPE-, HDPE- und metallisierte Polyethylenfolien sowie Rollenverpackungen mit individuellem Druck f\u00fcr die Lebensmittelindustrie, den Einzelhandel und die Industrie.\",\"inLanguage\":\"en-US\",\"potentialAction\":[{\"@type\":\"ReadAction\",\"target\":[\"https:\/\/tilakpolypack.com\/de\/bedruckte-pe-folien\/\"]}]},{\"@type\":\"ImageObject\",\"inLanguage\":\"en-US\",\"@id\":\"https:\/\/tilakpolypack.com\/de\/bedruckte-pe-folien\/#primaryimage\",\"url\":\"https:\/\/tilakpolypack.com\/de\/wp-content\/uploads\/2020\/02\/Printed-PE-Films.png\",\"contentUrl\":\"https:\/\/tilakpolypack.com\/de\/wp-content\/uploads\/2020\/02\/Printed-PE-Films.png\",\"width\":442,\"height\":209,\"caption\":\"Printed PE Films\"},{\"@type\":\"WebSite\",\"@id\":\"https:\/\/tilakpolypack.com\/de\/#website\",\"url\":\"https:\/\/tilakpolypack.com\/de\/\",\"name\":\"Tilak Polypack\",\"description\":\"\",\"potentialAction\":[{\"@type\":\"SearchAction\",\"target\":{\"@type\":\"EntryPoint\",\"urlTemplate\":\"https:\/\/tilakpolypack.com\/de\/?s={search_term_string}\"},\"query-input\":\"required name=search_term_string\"}],\"inLanguage\":\"en-US\"}]}<\/script>\n<!-- \/ Yoast SEO plugin. -->","yoast_head_json":{"title":"Hersteller bedruckter PE-Folien \u2013 LDPE, HDPE Folien","description":"Wir bieten LDPE-, HDPE- und metallisierte Polyethylenfolien sowie Rollenverpackungen mit individuellem Druck f\u00fcr die Lebensmittelindustrie, den Einzelhandel und die Industrie.","robots":{"index":"index","follow":"follow","max-snippet":"max-snippet:-1","max-image-preview":"max-image-preview:large","max-video-preview":"max-video-preview:-1"},"canonical":"https:\/\/tilakpolypack.com\/de\/bedruckte-pe-folien\/","og_locale":"en_US","og_type":"article","og_title":"Hersteller bedruckter PE-Folien \u2013 LDPE, HDPE Folien","og_description":"Wir bieten LDPE-, HDPE- und metallisierte Polyethylenfolien sowie Rollenverpackungen mit individuellem Druck f\u00fcr die Lebensmittelindustrie, den Einzelhandel und die Industrie.","og_url":"https:\/\/tilakpolypack.com\/de\/bedruckte-pe-folien\/","og_site_name":"Tilak Polypack","article_modified_time":"2025-09-19T11:32:37+00:00","og_image":[{"width":442,"height":209,"url":"https:\/\/tilakpolypack.com\/de\/wp-content\/uploads\/2020\/02\/Printed-PE-Films.png","type":"image\/png"}],"twitter_card":"summary_large_image","twitter_misc":{"Est. reading time":"3 minutes"},"schema":{"@context":"https:\/\/schema.org","@graph":[{"@type":"WebPage","@id":"https:\/\/tilakpolypack.com\/de\/bedruckte-pe-folien\/","url":"https:\/\/tilakpolypack.com\/de\/bedruckte-pe-folien\/","name":"Hersteller bedruckter PE-Folien \u2013 LDPE, HDPE Folien","isPartOf":{"@id":"https:\/\/tilakpolypack.com\/de\/#website"},"primaryImageOfPage":{"@id":"https:\/\/tilakpolypack.com\/de\/bedruckte-pe-folien\/#primaryimage"},"image":{"@id":"https:\/\/tilakpolypack.com\/de\/bedruckte-pe-folien\/#primaryimage"},"thumbnailUrl":"https:\/\/tilakpolypack.com\/de\/wp-content\/uploads\/2020\/02\/Printed-PE-Films.png","datePublished":"2023-10-06T09:28:18+00:00","dateModified":"2025-09-19T11:32:37+00:00","description":"Wir bieten LDPE-, HDPE- und metallisierte Polyethylenfolien sowie Rollenverpackungen mit individuellem Druck f\u00fcr die Lebensmittelindustrie, den Einzelhandel und die Industrie.","inLanguage":"en-US","potentialAction":[{"@type":"ReadAction","target":["https:\/\/tilakpolypack.com\/de\/bedruckte-pe-folien\/"]}]},{"@type":"ImageObject","inLanguage":"en-US","@id":"https:\/\/tilakpolypack.com\/de\/bedruckte-pe-folien\/#primaryimage","url":"https:\/\/tilakpolypack.com\/de\/wp-content\/uploads\/2020\/02\/Printed-PE-Films.png","contentUrl":"https:\/\/tilakpolypack.com\/de\/wp-content\/uploads\/2020\/02\/Printed-PE-Films.png","width":442,"height":209,"caption":"Printed PE Films"},{"@type":"WebSite","@id":"https:\/\/tilakpolypack.com\/de\/#website","url":"https:\/\/tilakpolypack.com\/de\/","name":"Tilak Polypack","description":"","potentialAction":[{"@type":"SearchAction","target":{"@type":"EntryPoint","urlTemplate":"https:\/\/tilakpolypack.com\/de\/?s={search_term_string}"},"query-input":"required name=search_term_string"}],"inLanguage":"en-US"}]}},"_links":{"self":[{"href":"https:\/\/tilakpolypack.com\/de\/wp-json\/wp\/v2\/pages\/7296","targetHints":{"allow":["GET"]}}],"collection":[{"href":"https:\/\/tilakpolypack.com\/de\/wp-json\/wp\/v2\/pages"}],"about":[{"href":"https:\/\/tilakpolypack.com\/de\/wp-json\/wp\/v2\/types\/page"}],"author":[{"embeddable":true,"href":"https:\/\/tilakpolypack.com\/de\/wp-json\/wp\/v2\/users\/1"}],"replies":[{"embeddable":true,"href":"https:\/\/tilakpolypack.com\/de\/wp-json\/wp\/v2\/comments?post=7296"}],"version-history":[{"count":5,"href":"https:\/\/tilakpolypack.com\/de\/wp-json\/wp\/v2\/pages\/7296\/revisions"}],"predecessor-version":[{"id":10246,"href":"https:\/\/tilakpolypack.com\/de\/wp-json\/wp\/v2\/pages\/7296\/revisions\/10246"}],"wp:featuredmedia":[{"embeddable":true,"href":"https:\/\/tilakpolypack.com\/de\/wp-json\/wp\/v2\/media\/1362"}],"wp:attachment":[{"href":"https:\/\/tilakpolypack.com\/de\/wp-json\/wp\/v2\/media?parent=7296"}],"curies":[{"name":"wp","href":"https:\/\/api.w.org\/{rel}","templated":true}]}}