{"id":7292,"date":"2023-10-06T09:25:21","date_gmt":"2023-10-06T09:25:21","guid":{"rendered":"https:\/\/archiveyourwords.com\/tilak\/?page_id=7292"},"modified":"2025-09-11T04:23:35","modified_gmt":"2025-09-11T04:23:35","slug":"flexible-laminatrollen-beutel","status":"publish","type":"page","link":"https:\/\/tilakpolypack.com\/de\/flexible-laminatrollen-beutel\/","title":{"rendered":"Flexible Laminatrollen und -beutel"},"content":{"rendered":"<section class=\"wpb-content-wrapper\"><p>[vc_row][vc_column][vc_basic_grid post_type=&#8221;ids&#8221; gap=&#8221;25&#8243; item=&#8221;8470&#8243; grid_id=&#8221;vc_gid:1756115808489-162daf1a-0a01-0&#8243; include=&#8221;7346, 7347, 7352, 7353, 7354, 7358, 7359, 7345&#8243;][\/vc_column][\/vc_row][vc_row css=&#8221;.vc_custom_1698386373726{padding-top: 20px !important;}&#8221;][vc_column][vc_column_text css=&#8221;.vc_custom_1756116155862{padding-right: 15px !important;padding-left: 15px !important;}&#8221;]Flexible Verpackungslaminate in Rollen und Beuteln sind innovative und vielseitige Verpackungsl\u00f6sungen, die die Art und Weise, wie Produkte verpackt und konserviert werden, revolutioniert haben.<\/p>\n<p>Diese Laminate bestehen aus mehreren Schichten flexibler Materialien wie Folien, Folien und Papieren, die zu einer stabilen und dennoch flexiblen Verpackungsstruktur kombiniert werden. Sie werden in verschiedenen Branchen h\u00e4ufig zum Verpacken einer Vielzahl von Produkten verwendet, darunter Lebensmittel, Getr\u00e4nke, Arzneimittel, K\u00f6rperpflegeprodukte und vieles mehr. Diese Laminate bieten eine perfekte Balance zwischen Haltbarkeit, Flexibilit\u00e4t und Barriereeigenschaften und sind somit die ideale Wahl f\u00fcr verschiedene Verpackungsanforderungen.<\/p>\n<p>Flexible Verpackungslaminate bieten hervorragende Barriereeigenschaften und sch\u00fctzen den Inhalt vor Feuchtigkeit, Sauerstoff, Licht und anderen \u00e4u\u00dferen Einfl\u00fcssen, die die Produktqualit\u00e4t beeintr\u00e4chtigen k\u00f6nnten. Sie sind praktisch, langlebig und individuell anpassbar und somit die ideale Wahl f\u00fcr Hersteller und Unternehmen, die nach effizienten und optisch ansprechenden Verpackungsl\u00f6sungen suchen.<\/p>\n<h2>Hersteller von flexiblen Verpackungslaminaten<\/h2>\n<p>Bei Tilak Polypack werden unsere flexiblen Laminatrollen unter Verwendung fortschrittlicher Techniken und hochwertiger Materialien hergestellt, wodurch eine hervorragende Festigkeit und Durchsto\u00dffestigkeit gew\u00e4hrleistet wird.<\/p>\n<p>Unser Produktsortiment deckt vielf\u00e4ltige Verpackungsanforderungen ab und umfasst eine Vielzahl von Laminaten und Beuteln, die f\u00fcr unterschiedliche Anwendungen und Branchen entwickelt wurden.<\/p>\n<h2>Flexibles Verpackungsmaterial<\/h2>\n<p>Wir liefern flexible Verpackungsmaterialien unter Ber\u00fccksichtigung der aktuellen Markttrends und der neuesten Technologien in der Verpackungsindustrie. Wir stellen sicher, dass die Qualit\u00e4t unserer flexiblen Verpackungsfolien den Standards der Branche entspricht. Dieses flexible Verpackungsmaterial wird f\u00fcr die Verpackung verschiedener Arten von Waren und Lebensmitteln verwendet und ist in verschiedenen Gr\u00f6\u00dfen und Formen erh\u00e4ltlich.<\/p>\n<h2>Flexible Laminatrollen und -beutel<\/h2>\n<p>F\u00fchrender Hersteller und Exporteur von flexiblen Laminatrollen und -beuteln, wie z. B. Lebensmittelverpackungslaminate in Beutel- und Rollenform, Agrochemikalienlaminate, einfache Standbeutel, Deckelfolien und -laminate, Rundumetiketten, flexible Verpackungsfolien und viele weitere Artikel aus Kalol.<\/p>\n<h2>Flexible Laminate Verpackungsunternehmen<\/h2>\n<p>Als innovatives Unternehmen f\u00fcr flexible Laminatverpackungen stellt Tilak Verpackungsprodukte aus flexiblen Verpackungsmaterialien her, darunter Lebensmittelverpackungslaminate, Beutel und Rollen, Agrochemikalienlaminate, einfache Standbeutel, Deckelfolien und -laminate, Rundumetiketten, laminierte Beutel aus Indien, polyesterlaminierte Rollen und mehrfarbige laminierte Rollen.<\/p>\n<p>Tilak Polypack ist einer der weltweit f\u00fchrenden Hersteller und Lieferanten von FLEXIBLEN LAMINATROLLEN UND BEUTELN. Mit Niederlassungen in L\u00e4ndern wie den USA, Singapur, Australien, Deutschland, Kanada, Neuseeland, Gro\u00dfbritannien, Irland, Schottland und Norwegen hat sich Tilak Polypack als zuverl\u00e4ssiger Anbieter von hochwertigen FLEXIBLEN LAMINATROLLEN UND BEUTELN etabliert.<\/p>\n<h2>Vorteile<\/h2>\n<p>Hier sind einige Vorteile der Verwendung von flexiblen Verpackungslaminaten, Rollen und Beuteln von Tilak Polypack.<\/p>\n<ul>\n<li>Verbesserte Produktfrische und -qualit\u00e4t<\/li>\n<li>Schutz vor Feuchtigkeit, Sauerstoff und \u00e4u\u00dferen Verunreinigungen<\/li>\n<li>Anpassbare Druckoptionen f\u00fcr Branding und Produktinformationen<\/li>\n<li>Bequeme und benutzerfreundliche Verpackungsl\u00f6sung<\/li>\n<li>Vielseitigkeit f\u00fcr die Verpackung einer breiten Palette von Produkten<\/li>\n<li>Hervorragende Barriereeigenschaften f\u00fcr l\u00e4ngere Haltbarkeit<\/li>\n<li>Effiziente und optisch ansprechende Verpackungsoption<\/li>\n<li>Geeignet f\u00fcr verschiedene Branchen wie Lebensmittel, Getr\u00e4nke, Pharmazeutika und mehr<\/li>\n<li>Langlebiges und zuverl\u00e4ssiges Verpackungsmaterial<\/li>\n<li>Einhaltung der Vorschriften zur Lebensmittelsicherheit<\/li>\n<\/ul>\n<h2>Warum sollten Sie sich f\u00fcr Tilak Polypack entscheiden?<\/h2>\n<p>Wenn Sie auf der Suche nach einer nachhaltigeren Verpackungsl\u00f6sung sind, dann sind die Produkte von Tilak Polypackaging genau das Richtige f\u00fcr Sie! Wir verf\u00fcgen \u00fcber mehr als 20 Jahre Erfahrung in dieser Branche und bieten unseren Kunden die nachhaltigsten, umweltfreundlichsten und individuellsten L\u00f6sungen, die auf ihre Bed\u00fcrfnisse zugeschnitten sind.<\/p>\n<p>Vorteile der Verwendung von Produkten von Tilak Polypack:<\/p>\n<p>\u2705Produkte von h\u00f6chster Qualit\u00e4t<\/p>\n<p>\u2705 Umweltfreundliche L\u00f6sung<\/p>\n<p>\u2705 Ma\u00dfgeschneiderte Verpackungsprodukte nach Ihren Anforderungen<\/p>\n<p>\u2705 Produkte, die den Fertigungs- und Qualit\u00e4tsstandards entsprechen<\/p>\n<p>\u2705 Zuverl\u00e4ssiger Verpackungspartner f\u00fcr Ihr Unternehmen[\/vc_column_text][\/vc_column][\/vc_row]<\/p>\n<\/section>","protected":false},"excerpt":{"rendered":"<p>[vc_row][vc_column][vc_basic_grid post_type=&#8221;ids&#8221; gap=&#8221;25&#8243; item=&#8221;8470&#8243; grid_id=&#8221;vc_gid:1756115808489-162daf1a-0a01-0&#8243; include=&#8221;7346, 7347, 7352, 7353, 7354, 7358, 7359, 7345&#8243;][\/vc_column][\/vc_row][vc_row css=&#8221;.vc_custom_1698386373726{padding-top: 20px !important;}&#8221;][vc_column][vc_column_text css=&#8221;.vc_custom_1756116155862{padding-right: 15px !important;padding-left: 15px !important;}&#8221;]Flexible Verpackungslaminate in Rollen und Beuteln sind innovative und vielseitige Verpackungsl\u00f6sungen, die die Art und Weise, wie Produkte verpackt und konserviert werden, revolutioniert haben. Diese Laminate bestehen aus mehreren Schichten flexibler Materialien wie Folien, Folien &hellip; <a href=\"https:\/\/tilakpolypack.com\/de\/flexible-laminatrollen-beutel\/\" class=\"more-link\">Continue reading <span class=\"screen-reader-text\">Flexible Laminatrollen und -beutel<\/span><\/a><\/p>\n","protected":false},"author":1,"featured_media":2017,"parent":0,"menu_order":0,"comment_status":"closed","ping_status":"closed","template":"","meta":{"_acf_changed":false,"om_disable_all_campaigns":false,"_monsterinsights_skip_tracking":false,"_monsterinsights_sitenote_active":false,"_monsterinsights_sitenote_note":"","_monsterinsights_sitenote_category":0,"_uf_show_specific_survey":0,"_uf_disable_surveys":false,"footnotes":""},"class_list":["post-7292","page","type-page","status-publish","has-post-thumbnail","hentry"],"acf":[],"yoast_head":"<!-- This site is optimized with the Yoast SEO plugin v22.3 - https:\/\/yoast.com\/wordpress\/plugins\/seo\/ -->\n<title>Hersteller flexibler Laminierrollen und -beutel | Tilak Polypack<\/title>\n<meta name=\"description\" content=\"Entdecken Sie bei Tilak Polypack zuverl\u00e4ssige, flexible Laminierrollen und -beutel f\u00fcr Lebensmittel- und Industrieverpackungen.\" \/>\n<meta name=\"robots\" content=\"index, follow, max-snippet:-1, max-image-preview:large, max-video-preview:-1\" \/>\n<link rel=\"canonical\" href=\"https:\/\/tilakpolypack.com\/de\/flexible-laminatrollen-beutel\/\" \/>\n<meta property=\"og:locale\" content=\"en_US\" \/>\n<meta property=\"og:type\" content=\"article\" \/>\n<meta property=\"og:title\" content=\"Hersteller flexibler Laminierrollen und -beutel | Tilak Polypack\" \/>\n<meta property=\"og:description\" content=\"Entdecken Sie bei Tilak Polypack zuverl\u00e4ssige, flexible Laminierrollen und -beutel f\u00fcr Lebensmittel- und Industrieverpackungen.\" \/>\n<meta property=\"og:url\" content=\"https:\/\/tilakpolypack.com\/de\/flexible-laminatrollen-beutel\/\" \/>\n<meta property=\"og:site_name\" content=\"Tilak Polypack\" \/>\n<meta property=\"article:modified_time\" content=\"2025-09-11T04:23:35+00:00\" \/>\n<meta property=\"og:image\" content=\"https:\/\/tilakpolypack.com\/de\/wp-content\/uploads\/2023\/10\/service-image-2.jpg\" \/>\n\t<meta property=\"og:image:width\" content=\"304\" \/>\n\t<meta property=\"og:image:height\" content=\"247\" \/>\n\t<meta property=\"og:image:type\" content=\"image\/jpeg\" \/>\n<meta name=\"twitter:card\" content=\"summary_large_image\" \/>\n<meta name=\"twitter:label1\" content=\"Est. reading time\" \/>\n\t<meta name=\"twitter:data1\" content=\"3 minutes\" \/>\n<script type=\"application\/ld+json\" class=\"yoast-schema-graph\">{\"@context\":\"https:\/\/schema.org\",\"@graph\":[{\"@type\":\"WebPage\",\"@id\":\"https:\/\/tilakpolypack.com\/de\/flexible-laminatrollen-beutel\/\",\"url\":\"https:\/\/tilakpolypack.com\/de\/flexible-laminatrollen-beutel\/\",\"name\":\"Hersteller flexibler Laminierrollen und -beutel | Tilak Polypack\",\"isPartOf\":{\"@id\":\"https:\/\/tilakpolypack.com\/de\/#website\"},\"primaryImageOfPage\":{\"@id\":\"https:\/\/tilakpolypack.com\/de\/flexible-laminatrollen-beutel\/#primaryimage\"},\"image\":{\"@id\":\"https:\/\/tilakpolypack.com\/de\/flexible-laminatrollen-beutel\/#primaryimage\"},\"thumbnailUrl\":\"https:\/\/tilakpolypack.com\/de\/wp-content\/uploads\/2023\/10\/service-image-2.jpg\",\"datePublished\":\"2023-10-06T09:25:21+00:00\",\"dateModified\":\"2025-09-11T04:23:35+00:00\",\"description\":\"Entdecken Sie bei Tilak Polypack zuverl\u00e4ssige, flexible Laminierrollen und -beutel f\u00fcr Lebensmittel- und Industrieverpackungen.\",\"inLanguage\":\"en-US\",\"potentialAction\":[{\"@type\":\"ReadAction\",\"target\":[\"https:\/\/tilakpolypack.com\/de\/flexible-laminatrollen-beutel\/\"]}]},{\"@type\":\"ImageObject\",\"inLanguage\":\"en-US\",\"@id\":\"https:\/\/tilakpolypack.com\/de\/flexible-laminatrollen-beutel\/#primaryimage\",\"url\":\"https:\/\/tilakpolypack.com\/de\/wp-content\/uploads\/2023\/10\/service-image-2.jpg\",\"contentUrl\":\"https:\/\/tilakpolypack.com\/de\/wp-content\/uploads\/2023\/10\/service-image-2.jpg\",\"width\":304,\"height\":247,\"caption\":\"Flexible Laminate Rolls & Pouches\"},{\"@type\":\"WebSite\",\"@id\":\"https:\/\/tilakpolypack.com\/de\/#website\",\"url\":\"https:\/\/tilakpolypack.com\/de\/\",\"name\":\"Tilak Polypack\",\"description\":\"\",\"potentialAction\":[{\"@type\":\"SearchAction\",\"target\":{\"@type\":\"EntryPoint\",\"urlTemplate\":\"https:\/\/tilakpolypack.com\/de\/?s={search_term_string}\"},\"query-input\":\"required name=search_term_string\"}],\"inLanguage\":\"en-US\"}]}<\/script>\n<!-- \/ Yoast SEO plugin. -->","yoast_head_json":{"title":"Hersteller flexibler Laminierrollen und -beutel | Tilak Polypack","description":"Entdecken Sie bei Tilak Polypack zuverl\u00e4ssige, flexible Laminierrollen und -beutel f\u00fcr Lebensmittel- und Industrieverpackungen.","robots":{"index":"index","follow":"follow","max-snippet":"max-snippet:-1","max-image-preview":"max-image-preview:large","max-video-preview":"max-video-preview:-1"},"canonical":"https:\/\/tilakpolypack.com\/de\/flexible-laminatrollen-beutel\/","og_locale":"en_US","og_type":"article","og_title":"Hersteller flexibler Laminierrollen und -beutel | Tilak Polypack","og_description":"Entdecken Sie bei Tilak Polypack zuverl\u00e4ssige, flexible Laminierrollen und -beutel f\u00fcr Lebensmittel- und Industrieverpackungen.","og_url":"https:\/\/tilakpolypack.com\/de\/flexible-laminatrollen-beutel\/","og_site_name":"Tilak Polypack","article_modified_time":"2025-09-11T04:23:35+00:00","og_image":[{"width":304,"height":247,"url":"https:\/\/tilakpolypack.com\/de\/wp-content\/uploads\/2023\/10\/service-image-2.jpg","type":"image\/jpeg"}],"twitter_card":"summary_large_image","twitter_misc":{"Est. reading time":"3 minutes"},"schema":{"@context":"https:\/\/schema.org","@graph":[{"@type":"WebPage","@id":"https:\/\/tilakpolypack.com\/de\/flexible-laminatrollen-beutel\/","url":"https:\/\/tilakpolypack.com\/de\/flexible-laminatrollen-beutel\/","name":"Hersteller flexibler Laminierrollen und -beutel | Tilak Polypack","isPartOf":{"@id":"https:\/\/tilakpolypack.com\/de\/#website"},"primaryImageOfPage":{"@id":"https:\/\/tilakpolypack.com\/de\/flexible-laminatrollen-beutel\/#primaryimage"},"image":{"@id":"https:\/\/tilakpolypack.com\/de\/flexible-laminatrollen-beutel\/#primaryimage"},"thumbnailUrl":"https:\/\/tilakpolypack.com\/de\/wp-content\/uploads\/2023\/10\/service-image-2.jpg","datePublished":"2023-10-06T09:25:21+00:00","dateModified":"2025-09-11T04:23:35+00:00","description":"Entdecken Sie bei Tilak Polypack zuverl\u00e4ssige, flexible Laminierrollen und -beutel f\u00fcr Lebensmittel- und Industrieverpackungen.","inLanguage":"en-US","potentialAction":[{"@type":"ReadAction","target":["https:\/\/tilakpolypack.com\/de\/flexible-laminatrollen-beutel\/"]}]},{"@type":"ImageObject","inLanguage":"en-US","@id":"https:\/\/tilakpolypack.com\/de\/flexible-laminatrollen-beutel\/#primaryimage","url":"https:\/\/tilakpolypack.com\/de\/wp-content\/uploads\/2023\/10\/service-image-2.jpg","contentUrl":"https:\/\/tilakpolypack.com\/de\/wp-content\/uploads\/2023\/10\/service-image-2.jpg","width":304,"height":247,"caption":"Flexible Laminate Rolls & Pouches"},{"@type":"WebSite","@id":"https:\/\/tilakpolypack.com\/de\/#website","url":"https:\/\/tilakpolypack.com\/de\/","name":"Tilak Polypack","description":"","potentialAction":[{"@type":"SearchAction","target":{"@type":"EntryPoint","urlTemplate":"https:\/\/tilakpolypack.com\/de\/?s={search_term_string}"},"query-input":"required name=search_term_string"}],"inLanguage":"en-US"}]}},"_links":{"self":[{"href":"https:\/\/tilakpolypack.com\/de\/wp-json\/wp\/v2\/pages\/7292","targetHints":{"allow":["GET"]}}],"collection":[{"href":"https:\/\/tilakpolypack.com\/de\/wp-json\/wp\/v2\/pages"}],"about":[{"href":"https:\/\/tilakpolypack.com\/de\/wp-json\/wp\/v2\/types\/page"}],"author":[{"embeddable":true,"href":"https:\/\/tilakpolypack.com\/de\/wp-json\/wp\/v2\/users\/1"}],"replies":[{"embeddable":true,"href":"https:\/\/tilakpolypack.com\/de\/wp-json\/wp\/v2\/comments?post=7292"}],"version-history":[{"count":4,"href":"https:\/\/tilakpolypack.com\/de\/wp-json\/wp\/v2\/pages\/7292\/revisions"}],"predecessor-version":[{"id":10059,"href":"https:\/\/tilakpolypack.com\/de\/wp-json\/wp\/v2\/pages\/7292\/revisions\/10059"}],"wp:featuredmedia":[{"embeddable":true,"href":"https:\/\/tilakpolypack.com\/de\/wp-json\/wp\/v2\/media\/2017"}],"wp:attachment":[{"href":"https:\/\/tilakpolypack.com\/de\/wp-json\/wp\/v2\/media?parent=7292"}],"curies":[{"name":"wp","href":"https:\/\/api.w.org\/{rel}","templated":true}]}}