{"id":7288,"date":"2023-10-06T09:24:06","date_gmt":"2023-10-06T09:24:06","guid":{"rendered":"https:\/\/archiveyourwords.com\/tilak\/?page_id=7288"},"modified":"2025-09-19T12:04:02","modified_gmt":"2025-09-19T12:04:02","slug":"verpackungsfolien","status":"publish","type":"page","link":"https:\/\/tilakpolypack.com\/de\/verpackungsfolien\/","title":{"rendered":"Verpackungsfolien"},"content":{"rendered":"<section class=\"wpb-content-wrapper\"><p>[vc_row][vc_column][vc_basic_grid post_type=&#8221;ids&#8221; gap=&#8221;25&#8243; item=&#8221;8470&#8243; grid_id=&#8221;vc_gid:1758282976834-6c11e8a3-f9ce-0&#8243; include=&#8221;7337, 7338, 7339, 7340&#8243;][\/vc_column][\/vc_row][vc_row][vc_column][vc_column_text css=&#8221;.vc_custom_1758283170091{padding-right: 15px !important;padding-left: 15px !important;}&#8221;]<\/p>\n<h2>Verpackungsfolien<\/h2>\n<p>Verpackungsfolien spielen in der Welt der modernen Konsumg\u00fcter eine zentrale Rolle und bieten eine vielseitige und effiziente L\u00f6sung f\u00fcr den Schutz, die Konservierung und die Pr\u00e4sentation verschiedener Produkte.<\/p>\n<p>Verpackungsfolien sind speziell f\u00fcr Verpackungsanwendungen konzipiert und bieten sowohl Herstellern als auch Verbrauchern eine Vielzahl von Vorteilen. Durch ihre F\u00e4higkeit, eine Schutzbarriere gegen \u00e4u\u00dfere Einfl\u00fcsse zu bilden, sch\u00fctzen Verpackungsfolien Produkte vor Feuchtigkeit, Sauerstoff, Licht und anderen potenziellen Gefahren, gew\u00e4hrleisten ihre Frische und verl\u00e4ngern ihre Haltbarkeit.<\/p>\n<p><a href=\"https:\/\/tilakpolypack.com\/de\/kunststoff-stretchfolie\/\"><strong>Kunststoff-Stretchfolie <\/strong><\/a> tragen auch zur allgemeinen optischen Attraktivit\u00e4t der Verpackung bei und begeistern die Verbraucher mit ihren leuchtenden Farben, gl\u00e4nzenden Oberfl\u00e4chen und ihrer Klarheit. Dar\u00fcber hinaus k\u00f6nnen Verpackungsfolien individuell gestaltet werden, um Markenelemente, Produktinformationen und manipulationssichere Merkmale zu integrieren, was das Vertrauen der Verbraucher f\u00f6rdert und das gesamte Produkterlebnis verbessert. Von leicht abziehbaren Folien f\u00fcr einen bequemen Zugriff bis hin zu HIPS-Versiegelungsfolien f\u00fcr eine sichere Aufbewahrung bietet die Welt der Verpackungsfolien eine Vielzahl von L\u00f6sungen, um den individuellen Anforderungen verschiedener Branchen und Produkte gerecht zu werden.<\/p>\n<h2>Hersteller von Verpackungsfolienrollen<\/h2>\n<p>Tilak Polypack: Ihr f\u00fchrender Hersteller von Verpackungsfolienrollen f\u00fcr jeden Bedarf<\/p>\n<p>Wir bei Tilak Polypack sind stolz darauf, ein vertrauensw\u00fcrdiger und zuverl\u00e4ssiger Hersteller einer umfassenden Palette von Verpackungsfolien zu sein. Mit unserem Engagement f\u00fcr Qualit\u00e4t, Innovation und Kundenzufriedenheit bieten wir eine vielf\u00e4ltige Auswahl an Verpackungsfolienrollen, die auf die spezifischen Anforderungen verschiedener Branchen zugeschnitten sind.<\/p>\n<p>Von leistungsstarken <a href=\"https:\/\/tilakpolypack.com\/de\/deckel-folien\/\"><strong>Deckelfolien<\/strong><\/a>, die eine hervorragende Siegelintegrit\u00e4t und einfache Abziehbarkeit bieten, bis hin zu <a href=\"https:\/\/tilakpolypack.com\/de\/huftversiegelungsfolie\/\"><strong>HIPS-Siegel-Folien<\/strong><\/a>, die eine sichere Aufbewahrung gew\u00e4hrleisten, haben wir f\u00fcr jede Verpackungsherausforderung eine L\u00f6sung.<\/p>\n<p>Tilak Polypack ist einer der weltweit f\u00fchrenden Hersteller und Lieferanten von VERPACKUNGSFOLIEN. Mit Niederlassungen in L\u00e4ndern wie den USA, Singapur, Australien, Deutschland, Kanada, Neuseeland, Gro\u00dfbritannien, Irland, Schottland und Norwegen hat sich Tilak Polypack als zuverl\u00e4ssiger Anbieter hochwertiger VERPACKUNGSFOLIEN etabliert.<\/p>\n<h2>Warum sollten Sie sich f\u00fcr Tilak Polypack entscheiden?<\/h2>\n<p>Wenn Sie auf der Suche nach einer nachhaltigeren Verpackungsl\u00f6sung sind, dann sind die Produkte von Tilak Polypackaging genau das Richtige f\u00fcr Sie! Wir verf\u00fcgen \u00fcber mehr als 20 Jahre Erfahrung in dieser Branche und bieten unseren Kunden die nachhaltigsten, umweltfreundlichsten und individuellsten L\u00f6sungen, die auf ihre Bed\u00fcrfnisse zugeschnitten sind.<\/p>\n<p>Vorteile der Verwendung von Produkten von Tilak Polypack:<\/p>\n<p>\u2705Hochwertige Produkte<br \/>\n\u2705 Umweltfreundliche L\u00f6sung<br \/>\n\u2705 Ma\u00dfgeschneiderte Verpackungsprodukte nach Ihren Anforderungen<br \/>\n\u2705 Produkte, die den Fertigungs- und Qualit\u00e4tsstandards entsprechen<br \/>\n\u2705 Zuverl\u00e4ssiger Verpackungspartner f\u00fcr Ihr Unternehmen[\/vc_column_text][\/vc_column][\/vc_row]<\/p>\n<\/section>","protected":false},"excerpt":{"rendered":"<p>[vc_row][vc_column][vc_basic_grid post_type=&#8221;ids&#8221; gap=&#8221;25&#8243; item=&#8221;8470&#8243; grid_id=&#8221;vc_gid:1758282976834-6c11e8a3-f9ce-0&#8243; include=&#8221;7337, 7338, 7339, 7340&#8243;][\/vc_column][\/vc_row][vc_row][vc_column][vc_column_text css=&#8221;.vc_custom_1758283170091{padding-right: 15px !important;padding-left: 15px !important;}&#8221;] Verpackungsfolien Verpackungsfolien spielen in der Welt der modernen Konsumg\u00fcter eine zentrale Rolle und bieten eine vielseitige und effiziente L\u00f6sung f\u00fcr den Schutz, die Konservierung und die Pr\u00e4sentation verschiedener Produkte. Verpackungsfolien sind speziell f\u00fcr Verpackungsanwendungen konzipiert und bieten sowohl Herstellern als auch &hellip; <a href=\"https:\/\/tilakpolypack.com\/de\/verpackungsfolien\/\" class=\"more-link\">Continue reading <span class=\"screen-reader-text\">Verpackungsfolien<\/span><\/a><\/p>\n","protected":false},"author":1,"featured_media":8097,"parent":0,"menu_order":0,"comment_status":"closed","ping_status":"closed","template":"","meta":{"_acf_changed":false,"om_disable_all_campaigns":false,"_monsterinsights_skip_tracking":false,"_monsterinsights_sitenote_active":false,"_monsterinsights_sitenote_note":"","_monsterinsights_sitenote_category":0,"_uf_show_specific_survey":0,"_uf_disable_surveys":false,"footnotes":""},"class_list":["post-7288","page","type-page","status-publish","has-post-thumbnail","hentry"],"acf":[],"yoast_head":"<!-- This site is optimized with the Yoast SEO plugin v22.3 - https:\/\/yoast.com\/wordpress\/plugins\/seo\/ -->\n<title>Hersteller von Verpackungsfolienrollen \u2013 HIPS | Tilak Polypack<\/title>\n<meta name=\"description\" content=\"Tilak Polypack ist ein zuverl\u00e4ssiger Hersteller von Verpackungsfolienrollen. Wir bieten HIPS-Siegelfolien, Barrierefolien, Thermoformfolien.\" \/>\n<meta name=\"robots\" content=\"index, follow, max-snippet:-1, max-image-preview:large, max-video-preview:-1\" \/>\n<link rel=\"canonical\" href=\"https:\/\/tilakpolypack.com\/de\/verpackungsfolien\/\" \/>\n<meta property=\"og:locale\" content=\"en_US\" \/>\n<meta property=\"og:type\" content=\"article\" \/>\n<meta property=\"og:title\" content=\"Hersteller von Verpackungsfolienrollen \u2013 HIPS | Tilak Polypack\" \/>\n<meta property=\"og:description\" content=\"Tilak Polypack ist ein zuverl\u00e4ssiger Hersteller von Verpackungsfolienrollen. Wir bieten HIPS-Siegelfolien, Barrierefolien, Thermoformfolien.\" \/>\n<meta property=\"og:url\" content=\"https:\/\/tilakpolypack.com\/de\/verpackungsfolien\/\" \/>\n<meta property=\"og:site_name\" content=\"Tilak Polypack\" \/>\n<meta property=\"article:modified_time\" content=\"2025-09-19T12:04:02+00:00\" \/>\n<meta property=\"og:image\" content=\"https:\/\/tilakpolypack.com\/de\/wp-content\/uploads\/2023\/10\/service-5-1.jpg\" \/>\n\t<meta property=\"og:image:width\" content=\"338\" \/>\n\t<meta property=\"og:image:height\" content=\"228\" \/>\n\t<meta property=\"og:image:type\" content=\"image\/jpeg\" \/>\n<meta name=\"twitter:card\" content=\"summary_large_image\" \/>\n<meta name=\"twitter:label1\" content=\"Est. reading time\" \/>\n\t<meta name=\"twitter:data1\" content=\"2 minutes\" \/>\n<script type=\"application\/ld+json\" class=\"yoast-schema-graph\">{\"@context\":\"https:\/\/schema.org\",\"@graph\":[{\"@type\":\"WebPage\",\"@id\":\"https:\/\/tilakpolypack.com\/de\/verpackungsfolien\/\",\"url\":\"https:\/\/tilakpolypack.com\/de\/verpackungsfolien\/\",\"name\":\"Hersteller von Verpackungsfolienrollen \u2013 HIPS | Tilak Polypack\",\"isPartOf\":{\"@id\":\"https:\/\/tilakpolypack.com\/de\/#website\"},\"primaryImageOfPage\":{\"@id\":\"https:\/\/tilakpolypack.com\/de\/verpackungsfolien\/#primaryimage\"},\"image\":{\"@id\":\"https:\/\/tilakpolypack.com\/de\/verpackungsfolien\/#primaryimage\"},\"thumbnailUrl\":\"https:\/\/tilakpolypack.com\/de\/wp-content\/uploads\/2023\/10\/service-5-1.jpg\",\"datePublished\":\"2023-10-06T09:24:06+00:00\",\"dateModified\":\"2025-09-19T12:04:02+00:00\",\"description\":\"Tilak Polypack ist ein zuverl\u00e4ssiger Hersteller von Verpackungsfolienrollen. Wir bieten HIPS-Siegelfolien, Barrierefolien, Thermoformfolien.\",\"inLanguage\":\"en-US\",\"potentialAction\":[{\"@type\":\"ReadAction\",\"target\":[\"https:\/\/tilakpolypack.com\/de\/verpackungsfolien\/\"]}]},{\"@type\":\"ImageObject\",\"inLanguage\":\"en-US\",\"@id\":\"https:\/\/tilakpolypack.com\/de\/verpackungsfolien\/#primaryimage\",\"url\":\"https:\/\/tilakpolypack.com\/de\/wp-content\/uploads\/2023\/10\/service-5-1.jpg\",\"contentUrl\":\"https:\/\/tilakpolypack.com\/de\/wp-content\/uploads\/2023\/10\/service-5-1.jpg\",\"width\":338,\"height\":228,\"caption\":\"Packaging Films\"},{\"@type\":\"WebSite\",\"@id\":\"https:\/\/tilakpolypack.com\/de\/#website\",\"url\":\"https:\/\/tilakpolypack.com\/de\/\",\"name\":\"Tilak Polypack\",\"description\":\"\",\"potentialAction\":[{\"@type\":\"SearchAction\",\"target\":{\"@type\":\"EntryPoint\",\"urlTemplate\":\"https:\/\/tilakpolypack.com\/de\/?s={search_term_string}\"},\"query-input\":\"required name=search_term_string\"}],\"inLanguage\":\"en-US\"}]}<\/script>\n<!-- \/ Yoast SEO plugin. -->","yoast_head_json":{"title":"Hersteller von Verpackungsfolienrollen \u2013 HIPS | Tilak Polypack","description":"Tilak Polypack ist ein zuverl\u00e4ssiger Hersteller von Verpackungsfolienrollen. Wir bieten HIPS-Siegelfolien, Barrierefolien, Thermoformfolien.","robots":{"index":"index","follow":"follow","max-snippet":"max-snippet:-1","max-image-preview":"max-image-preview:large","max-video-preview":"max-video-preview:-1"},"canonical":"https:\/\/tilakpolypack.com\/de\/verpackungsfolien\/","og_locale":"en_US","og_type":"article","og_title":"Hersteller von Verpackungsfolienrollen \u2013 HIPS | Tilak Polypack","og_description":"Tilak Polypack ist ein zuverl\u00e4ssiger Hersteller von Verpackungsfolienrollen. Wir bieten HIPS-Siegelfolien, Barrierefolien, Thermoformfolien.","og_url":"https:\/\/tilakpolypack.com\/de\/verpackungsfolien\/","og_site_name":"Tilak Polypack","article_modified_time":"2025-09-19T12:04:02+00:00","og_image":[{"width":338,"height":228,"url":"https:\/\/tilakpolypack.com\/de\/wp-content\/uploads\/2023\/10\/service-5-1.jpg","type":"image\/jpeg"}],"twitter_card":"summary_large_image","twitter_misc":{"Est. reading time":"2 minutes"},"schema":{"@context":"https:\/\/schema.org","@graph":[{"@type":"WebPage","@id":"https:\/\/tilakpolypack.com\/de\/verpackungsfolien\/","url":"https:\/\/tilakpolypack.com\/de\/verpackungsfolien\/","name":"Hersteller von Verpackungsfolienrollen \u2013 HIPS | Tilak Polypack","isPartOf":{"@id":"https:\/\/tilakpolypack.com\/de\/#website"},"primaryImageOfPage":{"@id":"https:\/\/tilakpolypack.com\/de\/verpackungsfolien\/#primaryimage"},"image":{"@id":"https:\/\/tilakpolypack.com\/de\/verpackungsfolien\/#primaryimage"},"thumbnailUrl":"https:\/\/tilakpolypack.com\/de\/wp-content\/uploads\/2023\/10\/service-5-1.jpg","datePublished":"2023-10-06T09:24:06+00:00","dateModified":"2025-09-19T12:04:02+00:00","description":"Tilak Polypack ist ein zuverl\u00e4ssiger Hersteller von Verpackungsfolienrollen. Wir bieten HIPS-Siegelfolien, Barrierefolien, Thermoformfolien.","inLanguage":"en-US","potentialAction":[{"@type":"ReadAction","target":["https:\/\/tilakpolypack.com\/de\/verpackungsfolien\/"]}]},{"@type":"ImageObject","inLanguage":"en-US","@id":"https:\/\/tilakpolypack.com\/de\/verpackungsfolien\/#primaryimage","url":"https:\/\/tilakpolypack.com\/de\/wp-content\/uploads\/2023\/10\/service-5-1.jpg","contentUrl":"https:\/\/tilakpolypack.com\/de\/wp-content\/uploads\/2023\/10\/service-5-1.jpg","width":338,"height":228,"caption":"Packaging Films"},{"@type":"WebSite","@id":"https:\/\/tilakpolypack.com\/de\/#website","url":"https:\/\/tilakpolypack.com\/de\/","name":"Tilak Polypack","description":"","potentialAction":[{"@type":"SearchAction","target":{"@type":"EntryPoint","urlTemplate":"https:\/\/tilakpolypack.com\/de\/?s={search_term_string}"},"query-input":"required name=search_term_string"}],"inLanguage":"en-US"}]}},"_links":{"self":[{"href":"https:\/\/tilakpolypack.com\/de\/wp-json\/wp\/v2\/pages\/7288","targetHints":{"allow":["GET"]}}],"collection":[{"href":"https:\/\/tilakpolypack.com\/de\/wp-json\/wp\/v2\/pages"}],"about":[{"href":"https:\/\/tilakpolypack.com\/de\/wp-json\/wp\/v2\/types\/page"}],"author":[{"embeddable":true,"href":"https:\/\/tilakpolypack.com\/de\/wp-json\/wp\/v2\/users\/1"}],"replies":[{"embeddable":true,"href":"https:\/\/tilakpolypack.com\/de\/wp-json\/wp\/v2\/comments?post=7288"}],"version-history":[{"count":4,"href":"https:\/\/tilakpolypack.com\/de\/wp-json\/wp\/v2\/pages\/7288\/revisions"}],"predecessor-version":[{"id":10257,"href":"https:\/\/tilakpolypack.com\/de\/wp-json\/wp\/v2\/pages\/7288\/revisions\/10257"}],"wp:featuredmedia":[{"embeddable":true,"href":"https:\/\/tilakpolypack.com\/de\/wp-json\/wp\/v2\/media\/8097"}],"wp:attachment":[{"href":"https:\/\/tilakpolypack.com\/de\/wp-json\/wp\/v2\/media?parent=7288"}],"curies":[{"name":"wp","href":"https:\/\/api.w.org\/{rel}","templated":true}]}}