{"id":7285,"date":"2023-10-06T09:22:32","date_gmt":"2023-10-06T09:22:32","guid":{"rendered":"https:\/\/archiveyourwords.com\/tilak\/?page_id=7285"},"modified":"2025-09-19T16:36:33","modified_gmt":"2025-09-19T16:36:33","slug":"biologisch-abbaubare-folien","status":"publish","type":"page","link":"https:\/\/tilakpolypack.com\/de\/biologisch-abbaubare-folien\/","title":{"rendered":"Biologisch abbaubare Folien"},"content":{"rendered":"<section class=\"wpb-content-wrapper\"><p>[vc_row][vc_column][vc_basic_grid post_type=&#8221;ids&#8221; gap=&#8221;25&#8243; item=&#8221;8470&#8243; grid_id=&#8221;vc_gid:1758299733573-353a0f0f-9b37-9&#8243; include=&#8221;7331, 7332, 7333&#8243; css=&#8221;.vc_custom_1698386600263{margin-top: 20px !important;margin-bottom: 30px !important;}&#8221;][\/vc_column][\/vc_row][vc_row][vc_column][vc_column_text css=&#8221;.vc_custom_1758299791194{padding-right: 15px !important;padding-left: 15px !important;}&#8221;]<\/p>\n<h2>Biologisch abbaubare Folien<\/h2>\n<p>Bringen Sie Ihren umweltfreundlichen Lebensstil mit biologisch abbaubaren Folien auf die n\u00e4chste Stufe!<\/p>\n<p>Biologisch abbaubare Folien sind eine Art von Verpackungsmaterial, das aus pflanzlichen Rohstoffen wie St\u00e4rke und Zellulose hergestellt wird. Im Gegensatz zu herk\u00f6mmlichen Kunststoffen auf Erd\u00f6lbasis sind <a href=\"https:\/\/tilakpolypack.com\/de\/biologisch-abbaubare-folien\/\"><strong>Biologisch abbaubare Mulchfolie <\/strong><\/a> so zusammengesetzt, dass sie auf Deponien innerhalb von Monaten statt erst nach Jahrzehnten oder Jahrhunderten zerfallen. Biologisch abbaubare Folien gewinnen als praktikabelste Alternative zu herk\u00f6mmlichen Plastikt\u00fcten zunehmend an Bedeutung. Statistiken zeigen, dass biologisch abbaubare Folien das Potenzial haben, die Plastikverschmutzung zu reduzieren und uns auf dem Weg zu einer nachhaltigeren Zukunft zu unterst\u00fctzen.<\/p>\n<h2>Ein stolzer Hersteller biologisch abbaubarer Kunststofffolien: Tilak Polypack<\/h2>\n<p>Ein Schritt in Richtung eines umweltfreundlichen Lebensstils \u2013 das macht uns zu einem stolzen Hersteller <a href=\"https:\/\/tilakpolypack.com\/de\/biologisch-abbaubare-einkaufstasche\/\"><strong>Biologisch abbaubare Einkaufstasche<\/strong><\/a>. Tilak Polypack ist davon \u00fcberzeugt, dass Produkte nicht nur umweltfreundlich, sondern auch kosteng\u00fcnstig und zuverl\u00e4ssig sein sollten. Seit mehr als 20 Jahren sind wir in diesem Bereich t\u00e4tig und bieten ma\u00dfgeschneiderte L\u00f6sungen in verschiedenen Gr\u00f6\u00dfen und Formen, die den Bed\u00fcrfnissen unserer Kunden entsprechen.<\/p>\n<p>Wie wir wissen, ist die Verpackung ein wichtiger Bereich, unabh\u00e4ngig davon, welchem Zweck sie dient. Es ist wichtig, dass Verpackungsprodukte alle Standard-Qualit\u00e4tsanforderungen erf\u00fcllen. Mit Tilak Polypack m\u00fcssen Sie sich keine Sorgen um die Qualit\u00e4t der Produkte machen. Wir glauben an die Herstellung hochwertiger Produkte, um die Umwelt zu schonen und unseren Kunden die bestm\u00f6glichen L\u00f6sungen der Branche zu bieten.<\/p>\n<p>Tilak Polypack ist einer der weltweit f\u00fchrenden <a href=\"https:\/\/tilakpolypack.com\/de\/biologisch-abbaubare-stretchfoli\/\"><strong>Hersteller und Lieferanten von BIOLOGISCH ABBAUBAREN FOLIEN<\/strong><\/a>. Mit Niederlassungen in L\u00e4ndern wie den USA, Singapur, Australien, Deutschland, Kanada, Neuseeland, Gro\u00dfbritannien, Irland, Schottland und Norwegen hat sich Tilak Polypack als zuverl\u00e4ssiger Anbieter von hochwertigen BIOLOGISCH ABBAUBAREN FOLIEN etabliert.<\/p>\n<p>Biologisch abbaubare Folien k\u00f6nnen f\u00fcr eine Vielzahl von Zwecken verwendet werden, beispielsweise<\/p>\n<ol>\n<li aria-level=\"1\"><b>Lebensmittelverpackungen:<\/b>\u00a0Biologisch abbaubare Folien sind eine hervorragende Alternative zu Kunststoff f\u00fcr die Verpackung von Lebensmitteln wie Obst, Gem\u00fcse, Fleisch usw.<\/li>\n<li aria-level=\"1\"><b>Geschenke einpacken:<\/b>\u00a0Eine umweltfreundliche Alternative zu biologisch abbaubaren Kunststofffolien zum Verpacken von Geschenken und Waren.<\/li>\n<li aria-level=\"1\"><b>Einkaufstaschen:<\/b>\u00a0Ma\u00dfgeschneiderte biologisch abbaubare Folien k\u00f6nnen als Einkaufstaschen f\u00fcr Marken und Unternehmen verwendet werden, um einen Beitrag zum Umweltschutz zu leisten.<\/li>\n<li aria-level=\"1\"><b>Medizinische Verpackungen:<\/b>\u00a0Sie k\u00f6nnen f\u00fcr die Verpackung von medizinischen Produkten wie Bandagen, Handschuhen und Spritzen verwendet werden.<\/li>\n<li aria-level=\"1\"><b>Bauwesen:<\/b>\u00a0Biologisch abbaubare Kunststofffolien k\u00f6nnen im Bauwesen zur Herstellung von Membranen, D\u00e4mmstoffen und Dachbaustoffen verwendet werden.<\/li>\n<li aria-level=\"1\"><b>Konsumg\u00fcter:<\/b>\u00a0Bei der Verpackung von Produkten wie Spielzeug, Elektronik, M\u00f6beln usw. sind biologisch abbaubare Folien eine nachhaltigere Wahl f\u00fcr die Verpackung.<\/li>\n<li aria-level=\"1\"><b>Industrieverpackungen:<\/b>\u00a0Biologisch abbaubare Kunststofffolien k\u00f6nnen f\u00fcr die Verpackung von Industrieprodukten wie Chemikalien, Batterien usw. verwendet werden.<\/li>\n<li aria-level=\"1\"><b>Landwirtschaft:<\/b> Biologisch abbaubare Folien k\u00f6nnen in der Landwirtschaft zum Schutz von Nutzpflanzen vor Sch\u00e4dlingen und Krankheiten eingesetzt werden.<\/li>\n<\/ol>\n<h2>Vorteile der Verwendung biologisch abbaubarer Folien<\/h2>\n<p>Biologisch abbaubare Folien bieten eine Reihe von Vorteilen gegen\u00fcber herk\u00f6mmlichen Kunststofffolien. Zum Beispiel:<\/p>\n<ol>\n<li aria-level=\"1\">Besser f\u00fcr die Umwelt.<\/li>\n<li aria-level=\"1\">Sie k\u00f6nnen kompostiert werden, was bedeutet, dass sie ohne Schaden f\u00fcr die Umwelt in den Boden zur\u00fcckgef\u00fchrt werden k\u00f6nnen.<\/li>\n<li aria-level=\"1\">St\u00e4rker und haltbarer als herk\u00f6mmliche Kunststofffolien.<\/li>\n<li aria-level=\"1\">Eine kosteng\u00fcnstige L\u00f6sung f\u00fcr Verpackungen.<\/li>\n<li aria-level=\"1\">Breites Anwendungsspektrum<\/li>\n<li aria-level=\"1\">Bezahlbar und nachhaltig<\/li>\n<\/ol>\n<h2>Warum sollten Sie sich f\u00fcr Tilak Polypack entscheiden?<\/h2>\n<p>Wenn Sie auf der Suche nach einer nachhaltigeren Verpackungsl\u00f6sung sind, dann sind die Produkte von Tilak Polypackaging genau das Richtige f\u00fcr Sie! Wir verf\u00fcgen \u00fcber mehr als 20 Jahre Erfahrung in dieser Branche und bieten unseren Kunden die nachhaltigsten, umweltfreundlichsten und individuellsten L\u00f6sungen, die auf ihre Bed\u00fcrfnisse zugeschnitten sind.<\/p>\n<p><strong>Vorteile der Verwendung von Produkten von Tilak Polypack:<\/strong><\/p>\n<p>\u2705Produkte von h\u00f6chster Qualit\u00e4t<\/p>\n<p>\u2705 Umweltfreundliche L\u00f6sung<\/p>\n<p>\u2705 Ma\u00dfgeschneiderte Verpackungsprodukte nach Ihren Anforderungen<\/p>\n<p>\u2705 Produkte, die den Fertigungs- und Qualit\u00e4tsstandards entsprechen<\/p>\n<p>\u2705 Zuverl\u00e4ssiger Verpackungspartner f\u00fcr Ihr Unternehmen[\/vc_column_text][\/vc_column][\/vc_row]<\/p>\n<\/section>","protected":false},"excerpt":{"rendered":"<p>[vc_row][vc_column][vc_basic_grid post_type=&#8221;ids&#8221; gap=&#8221;25&#8243; item=&#8221;8470&#8243; grid_id=&#8221;vc_gid:1758299733573-353a0f0f-9b37-9&#8243; include=&#8221;7331, 7332, 7333&#8243; css=&#8221;.vc_custom_1698386600263{margin-top: 20px !important;margin-bottom: 30px !important;}&#8221;][\/vc_column][\/vc_row][vc_row][vc_column][vc_column_text css=&#8221;.vc_custom_1758299791194{padding-right: 15px !important;padding-left: 15px !important;}&#8221;] Biologisch abbaubare Folien Bringen Sie Ihren umweltfreundlichen Lebensstil mit biologisch abbaubaren Folien auf die n\u00e4chste Stufe! Biologisch abbaubare Folien sind eine Art von Verpackungsmaterial, das aus pflanzlichen Rohstoffen wie St\u00e4rke und Zellulose hergestellt wird. Im Gegensatz zu &hellip; <a href=\"https:\/\/tilakpolypack.com\/de\/biologisch-abbaubare-folien\/\" class=\"more-link\">Continue reading <span class=\"screen-reader-text\">Biologisch abbaubare Folien<\/span><\/a><\/p>\n","protected":false},"author":1,"featured_media":0,"parent":0,"menu_order":0,"comment_status":"closed","ping_status":"closed","template":"","meta":{"_acf_changed":false,"om_disable_all_campaigns":false,"_monsterinsights_skip_tracking":false,"_monsterinsights_sitenote_active":false,"_monsterinsights_sitenote_note":"","_monsterinsights_sitenote_category":0,"_uf_show_specific_survey":0,"_uf_disable_surveys":false,"footnotes":""},"class_list":["post-7285","page","type-page","status-publish","hentry"],"acf":[],"yoast_head":"<!-- This site is optimized with the Yoast SEO plugin v22.3 - https:\/\/yoast.com\/wordpress\/plugins\/seo\/ -->\n<title>Hersteller biologisch abbaubarer Folien | Tilak Polypack<\/title>\n<meta name=\"description\" content=\"Tilak Polypack ist ein vertrauensw\u00fcrdiger Hersteller und Lieferant biologisch abbaubarer Folien. Unsere umweltfreundlichen Folien aus pflanzlichen Materialien.\" \/>\n<meta name=\"robots\" content=\"index, follow, max-snippet:-1, max-image-preview:large, max-video-preview:-1\" \/>\n<link rel=\"canonical\" href=\"https:\/\/tilakpolypack.com\/de\/biologisch-abbaubare-folien\/\" \/>\n<meta property=\"og:locale\" content=\"en_US\" \/>\n<meta property=\"og:type\" content=\"article\" \/>\n<meta property=\"og:title\" content=\"Hersteller biologisch abbaubarer Folien | Tilak Polypack\" \/>\n<meta property=\"og:description\" content=\"Tilak Polypack ist ein vertrauensw\u00fcrdiger Hersteller und Lieferant biologisch abbaubarer Folien. Unsere umweltfreundlichen Folien aus pflanzlichen Materialien.\" \/>\n<meta property=\"og:url\" content=\"https:\/\/tilakpolypack.com\/de\/biologisch-abbaubare-folien\/\" \/>\n<meta property=\"og:site_name\" content=\"Tilak Polypack\" \/>\n<meta property=\"article:modified_time\" content=\"2025-09-19T16:36:33+00:00\" \/>\n<meta name=\"twitter:card\" content=\"summary_large_image\" \/>\n<meta name=\"twitter:label1\" content=\"Est. reading time\" \/>\n\t<meta name=\"twitter:data1\" content=\"3 minutes\" \/>\n<script type=\"application\/ld+json\" class=\"yoast-schema-graph\">{\"@context\":\"https:\/\/schema.org\",\"@graph\":[{\"@type\":\"WebPage\",\"@id\":\"https:\/\/tilakpolypack.com\/de\/biologisch-abbaubare-folien\/\",\"url\":\"https:\/\/tilakpolypack.com\/de\/biologisch-abbaubare-folien\/\",\"name\":\"Hersteller biologisch abbaubarer Folien | Tilak Polypack\",\"isPartOf\":{\"@id\":\"https:\/\/tilakpolypack.com\/de\/#website\"},\"datePublished\":\"2023-10-06T09:22:32+00:00\",\"dateModified\":\"2025-09-19T16:36:33+00:00\",\"description\":\"Tilak Polypack ist ein vertrauensw\u00fcrdiger Hersteller und Lieferant biologisch abbaubarer Folien. Unsere umweltfreundlichen Folien aus pflanzlichen Materialien.\",\"inLanguage\":\"en-US\",\"potentialAction\":[{\"@type\":\"ReadAction\",\"target\":[\"https:\/\/tilakpolypack.com\/de\/biologisch-abbaubare-folien\/\"]}]},{\"@type\":\"WebSite\",\"@id\":\"https:\/\/tilakpolypack.com\/de\/#website\",\"url\":\"https:\/\/tilakpolypack.com\/de\/\",\"name\":\"Tilak Polypack\",\"description\":\"\",\"potentialAction\":[{\"@type\":\"SearchAction\",\"target\":{\"@type\":\"EntryPoint\",\"urlTemplate\":\"https:\/\/tilakpolypack.com\/de\/?s={search_term_string}\"},\"query-input\":\"required name=search_term_string\"}],\"inLanguage\":\"en-US\"}]}<\/script>\n<!-- \/ Yoast SEO plugin. -->","yoast_head_json":{"title":"Hersteller biologisch abbaubarer Folien | Tilak Polypack","description":"Tilak Polypack ist ein vertrauensw\u00fcrdiger Hersteller und Lieferant biologisch abbaubarer Folien. Unsere umweltfreundlichen Folien aus pflanzlichen Materialien.","robots":{"index":"index","follow":"follow","max-snippet":"max-snippet:-1","max-image-preview":"max-image-preview:large","max-video-preview":"max-video-preview:-1"},"canonical":"https:\/\/tilakpolypack.com\/de\/biologisch-abbaubare-folien\/","og_locale":"en_US","og_type":"article","og_title":"Hersteller biologisch abbaubarer Folien | Tilak Polypack","og_description":"Tilak Polypack ist ein vertrauensw\u00fcrdiger Hersteller und Lieferant biologisch abbaubarer Folien. Unsere umweltfreundlichen Folien aus pflanzlichen Materialien.","og_url":"https:\/\/tilakpolypack.com\/de\/biologisch-abbaubare-folien\/","og_site_name":"Tilak Polypack","article_modified_time":"2025-09-19T16:36:33+00:00","twitter_card":"summary_large_image","twitter_misc":{"Est. reading time":"3 minutes"},"schema":{"@context":"https:\/\/schema.org","@graph":[{"@type":"WebPage","@id":"https:\/\/tilakpolypack.com\/de\/biologisch-abbaubare-folien\/","url":"https:\/\/tilakpolypack.com\/de\/biologisch-abbaubare-folien\/","name":"Hersteller biologisch abbaubarer Folien | Tilak Polypack","isPartOf":{"@id":"https:\/\/tilakpolypack.com\/de\/#website"},"datePublished":"2023-10-06T09:22:32+00:00","dateModified":"2025-09-19T16:36:33+00:00","description":"Tilak Polypack ist ein vertrauensw\u00fcrdiger Hersteller und Lieferant biologisch abbaubarer Folien. Unsere umweltfreundlichen Folien aus pflanzlichen Materialien.","inLanguage":"en-US","potentialAction":[{"@type":"ReadAction","target":["https:\/\/tilakpolypack.com\/de\/biologisch-abbaubare-folien\/"]}]},{"@type":"WebSite","@id":"https:\/\/tilakpolypack.com\/de\/#website","url":"https:\/\/tilakpolypack.com\/de\/","name":"Tilak Polypack","description":"","potentialAction":[{"@type":"SearchAction","target":{"@type":"EntryPoint","urlTemplate":"https:\/\/tilakpolypack.com\/de\/?s={search_term_string}"},"query-input":"required name=search_term_string"}],"inLanguage":"en-US"}]}},"_links":{"self":[{"href":"https:\/\/tilakpolypack.com\/de\/wp-json\/wp\/v2\/pages\/7285","targetHints":{"allow":["GET"]}}],"collection":[{"href":"https:\/\/tilakpolypack.com\/de\/wp-json\/wp\/v2\/pages"}],"about":[{"href":"https:\/\/tilakpolypack.com\/de\/wp-json\/wp\/v2\/types\/page"}],"author":[{"embeddable":true,"href":"https:\/\/tilakpolypack.com\/de\/wp-json\/wp\/v2\/users\/1"}],"replies":[{"embeddable":true,"href":"https:\/\/tilakpolypack.com\/de\/wp-json\/wp\/v2\/comments?post=7285"}],"version-history":[{"count":4,"href":"https:\/\/tilakpolypack.com\/de\/wp-json\/wp\/v2\/pages\/7285\/revisions"}],"predecessor-version":[{"id":10271,"href":"https:\/\/tilakpolypack.com\/de\/wp-json\/wp\/v2\/pages\/7285\/revisions\/10271"}],"wp:attachment":[{"href":"https:\/\/tilakpolypack.com\/de\/wp-json\/wp\/v2\/media?parent=7285"}],"curies":[{"name":"wp","href":"https:\/\/api.w.org\/{rel}","templated":true}]}}