{"id":7278,"date":"2023-10-06T09:19:54","date_gmt":"2023-10-06T09:19:54","guid":{"rendered":"https:\/\/archiveyourwords.com\/tilak\/?page_id=7278"},"modified":"2025-09-19T17:05:29","modified_gmt":"2025-09-19T17:05:29","slug":"landwirtschaftliche-folien","status":"publish","type":"page","link":"https:\/\/tilakpolypack.com\/de\/landwirtschaftliche-folien\/","title":{"rendered":"Landwirtschaftliche Folie"},"content":{"rendered":"<section class=\"wpb-content-wrapper\"><p>[vc_row][vc_column][vc_basic_grid post_type=&#8221;ids&#8221; gap=&#8221;25&#8243; item=&#8221;8470&#8243; grid_id=&#8221;vc_gid:1758301270758-b2539d94-1e6f-4&#8243; include=&#8221;7325, 7326, 7327&#8243; css=&#8221;.vc_custom_1698386542750{margin-top: 20px !important;margin-bottom: 30px !important;}&#8221;][\/vc_column][\/vc_row][vc_row][vc_column][vc_column_text css=&#8221;.vc_custom_1758301464485{padding-right: 15px !important;padding-left: 15px !important;}&#8221;]<\/p>\n<h2><span data-sheets-value=\"{&quot;1&quot;:2,&quot;2&quot;:&quot;agricultural film\\r&quot;}\" data-sheets-userformat=\"{&quot;2&quot;:29249,&quot;3&quot;:{&quot;1&quot;:0},&quot;9&quot;:0,&quot;12&quot;:0,&quot;15&quot;:&quot;Calibri&quot;,&quot;16&quot;:11,&quot;17&quot;:1}\">Landwirtschaftliche Folie<\/span><\/h2>\n<p>Der Schutz Ihrer Pflanzen ist f\u00fcr eine erfolgreiche Ernte unerl\u00e4sslich. Unsere hochwertigen Agrarfolien aus hochwertigem Polyethylen sch\u00fctzen Ihre Pflanzen vor Witterungseinfl\u00fcssen. Diese Folien sind auf Langlebigkeit ausgelegt und bieten Strapazierf\u00e4higkeit, Flexibilit\u00e4t und Widerstandsf\u00e4higkeit gegen Risse und Durchstiche. Investieren Sie in das Beste f\u00fcr den Erfolg Ihrer Pflanzen.<\/p>\n<p>Eine der Hauptanwendungen von Agrarfolien ist die Verwendung als Mulch, der dabei hilft, Unkraut zu bek\u00e4mpfen, Feuchtigkeit zu speichern und die Bodentemperatur zu regulieren. Durch das Abdecken des Bodens mit einer Schicht <a href=\"https:\/\/tilakpolypack.com\/de\/kunststoff-mulchfolie\/\"><strong>Kunststoff-Mulchfolie <\/strong><\/a>k\u00f6nnen Landwirte ein g\u00fcnstigeres Umfeld f\u00fcr ihre Pflanzen schaffen, was zu h\u00f6heren Ertr\u00e4gen und einer besseren Qualit\u00e4t der Erzeugnisse f\u00fchren kann.<\/p>\n<p>Landwirtschaftliche Folien werden auch f\u00fcr verschiedene Zwecke verwendet, wie zum Beispiel:<\/p>\n<ol>\n<li>Gew\u00e4chshausabdeckungen<\/li>\n<li>Silage-S\u00e4cke<\/li>\n<li>Begasungsfolien<\/li>\n<\/ol>\n<p>Au\u00dferdem sind sie in einer Vielzahl von Farben, St\u00e4rken und Breiten erh\u00e4ltlich, um unterschiedlichen Anwendungsbereichen und Wachstumsbedingungen gerecht zu werden.<\/p>\n<h2>Hersteller von Agrarfolien<\/h2>\n<p>Tilak Polypack ist einer der f\u00fchrenden Hersteller von Agrarfolien in der Branche und bietet eine breite Palette hochwertiger Agrarfolien an, die speziell auf die Bed\u00fcrfnisse von Landwirten und Erzeugern zugeschnitten sind. Unsere Folien werden aus den besten Materialien hergestellt und streng getestet, um sicherzustellen, dass sie den h\u00f6chsten Qualit\u00e4ts- und Leistungsstandards entsprechen.<\/p>\n<p>Wir suchen st\u00e4ndig nach neuen M\u00f6glichkeiten, unsere Produkte und Dienstleistungen zu verbessern. Unser Expertenteam ist bestrebt, unseren Kunden die bestm\u00f6glichen L\u00f6sungen f\u00fcr ihre landwirtschaftlichen Anforderungen zu bieten, und wir arbeiten eng mit ihnen zusammen, um ihre individuellen Anforderungen und Herausforderungen zu verstehen.<\/p>\n<p>Bei Tilak Polypack bieten wir eine breite Palette an Folien an, darunter landwirtschaftliche Kunststoff-Mulchfolien, Mulchfolien und <a href=\"https:\/\/tilakpolypack.com\/de\/niedrige-tunnelfolie\/\"><strong>Folien f\u00fcr niedrige Tunnel<\/strong><\/a>.<\/p>\n<p>Unsere landwirtschaftlichen Mulchfolien sind in verschiedenen Farben, St\u00e4rken und Breiten erh\u00e4ltlich, um unterschiedlichen Anwendungsbereichen und Anbaubedingungen gerecht zu werden. Sie dienen der Unkrautbek\u00e4mpfung, der Feuchtigkeitsspeicherung und der Regulierung der Bodentemperatur und helfen Landwirten dabei, h\u00f6here Ertr\u00e4ge und eine bessere Produktqualit\u00e4t zu erzielen.<\/p>\n<p>Insgesamt ist Tilak Polypack die beste Wahl f\u00fcr Landwirte und Erzeuger, die auf der Suche nach hochwertigen Agrarfolien sind, die speziell auf ihre individuellen Bed\u00fcrfnisse und Herausforderungen zugeschnitten sind. Mit unserem Engagement f\u00fcr Innovation, Spitzenleistung und Kundenzufriedenheit sind wir zuversichtlich, Ihnen die bestm\u00f6glichen L\u00f6sungen f\u00fcr Ihre landwirtschaftlichen Anforderungen bieten zu k\u00f6nnen.<\/p>\n<p>Investieren Sie in unsere <a href=\"https:\/\/tilakpolypack.com\/de\/mulchfolie\/\"><strong>Farbige Mulchfolie<\/strong><\/a>, um h\u00f6here Ernteertr\u00e4ge, bessere Unkrautbek\u00e4mpfung, bessere Feuchtigkeitsspeicherung und insgesamt eine h\u00f6here Effizienz in der Landwirtschaft zu erzielen.<\/p>\n<p>Tilak Polypack ist einer der weltweit f\u00fchrenden Hersteller und Lieferanten von AGRARFOLIEN. Mit Niederlassungen in L\u00e4ndern wie den USA, Singapur, Australien, Deutschland, Kanada, Neuseeland, Gro\u00dfbritannien, Irland, Schottland und Norwegen hat sich Tilak Polypack als zuverl\u00e4ssiger Anbieter hochwertiger AGRARFOLIEN etabliert.[\/vc_column_text][\/vc_column][\/vc_row]<\/p>\n<\/section>","protected":false},"excerpt":{"rendered":"<p>[vc_row][vc_column][vc_basic_grid post_type=&#8221;ids&#8221; gap=&#8221;25&#8243; item=&#8221;8470&#8243; grid_id=&#8221;vc_gid:1758301270758-b2539d94-1e6f-4&#8243; include=&#8221;7325, 7326, 7327&#8243; css=&#8221;.vc_custom_1698386542750{margin-top: 20px !important;margin-bottom: 30px !important;}&#8221;][\/vc_column][\/vc_row][vc_row][vc_column][vc_column_text css=&#8221;.vc_custom_1758301464485{padding-right: 15px !important;padding-left: 15px !important;}&#8221;] Landwirtschaftliche Folie Der Schutz Ihrer Pflanzen ist f\u00fcr eine erfolgreiche Ernte unerl\u00e4sslich. Unsere hochwertigen Agrarfolien aus hochwertigem Polyethylen sch\u00fctzen Ihre Pflanzen vor Witterungseinfl\u00fcssen. Diese Folien sind auf Langlebigkeit ausgelegt und bieten Strapazierf\u00e4higkeit, Flexibilit\u00e4t und Widerstandsf\u00e4higkeit gegen Risse &hellip; <a href=\"https:\/\/tilakpolypack.com\/de\/landwirtschaftliche-folien\/\" class=\"more-link\">Continue reading <span class=\"screen-reader-text\">Landwirtschaftliche Folie<\/span><\/a><\/p>\n","protected":false},"author":1,"featured_media":0,"parent":0,"menu_order":0,"comment_status":"closed","ping_status":"closed","template":"","meta":{"_acf_changed":false,"om_disable_all_campaigns":false,"_monsterinsights_skip_tracking":false,"_monsterinsights_sitenote_active":false,"_monsterinsights_sitenote_note":"","_monsterinsights_sitenote_category":0,"_uf_show_specific_survey":0,"_uf_disable_surveys":false,"footnotes":""},"class_list":["post-7278","page","type-page","status-publish","hentry"],"acf":[],"yoast_head":"<!-- This site is optimized with the Yoast SEO plugin v22.3 - https:\/\/yoast.com\/wordpress\/plugins\/seo\/ -->\n<title>Tilak Polypack \u2013 Agrarfolien | Mulch, Gew\u00e4chshaus, Silage<\/title>\n<meta name=\"description\" content=\"Entdecken Sie die langlebigen Agrarfolien von Tilak Polypack: Mulch-, Flachtunnel-, Gew\u00e4chshaus- und Silagefolien.\" \/>\n<meta name=\"robots\" content=\"index, follow, max-snippet:-1, max-image-preview:large, max-video-preview:-1\" \/>\n<link rel=\"canonical\" href=\"https:\/\/tilakpolypack.com\/de\/landwirtschaftliche-folien\/\" \/>\n<meta property=\"og:locale\" content=\"en_US\" \/>\n<meta property=\"og:type\" content=\"article\" \/>\n<meta property=\"og:title\" content=\"Tilak Polypack \u2013 Agrarfolien | Mulch, Gew\u00e4chshaus, Silage\" \/>\n<meta property=\"og:description\" content=\"Entdecken Sie die langlebigen Agrarfolien von Tilak Polypack: Mulch-, Flachtunnel-, Gew\u00e4chshaus- und Silagefolien.\" \/>\n<meta property=\"og:url\" content=\"https:\/\/tilakpolypack.com\/de\/landwirtschaftliche-folien\/\" \/>\n<meta property=\"og:site_name\" content=\"Tilak Polypack\" \/>\n<meta property=\"article:modified_time\" content=\"2025-09-19T17:05:29+00:00\" \/>\n<meta name=\"twitter:card\" content=\"summary_large_image\" \/>\n<meta name=\"twitter:label1\" content=\"Est. reading time\" \/>\n\t<meta name=\"twitter:data1\" content=\"2 minutes\" \/>\n<script type=\"application\/ld+json\" class=\"yoast-schema-graph\">{\"@context\":\"https:\/\/schema.org\",\"@graph\":[{\"@type\":\"WebPage\",\"@id\":\"https:\/\/tilakpolypack.com\/de\/landwirtschaftliche-folien\/\",\"url\":\"https:\/\/tilakpolypack.com\/de\/landwirtschaftliche-folien\/\",\"name\":\"Tilak Polypack \u2013 Agrarfolien | Mulch, Gew\u00e4chshaus, Silage\",\"isPartOf\":{\"@id\":\"https:\/\/tilakpolypack.com\/de\/#website\"},\"datePublished\":\"2023-10-06T09:19:54+00:00\",\"dateModified\":\"2025-09-19T17:05:29+00:00\",\"description\":\"Entdecken Sie die langlebigen Agrarfolien von Tilak Polypack: Mulch-, Flachtunnel-, Gew\u00e4chshaus- und Silagefolien.\",\"inLanguage\":\"en-US\",\"potentialAction\":[{\"@type\":\"ReadAction\",\"target\":[\"https:\/\/tilakpolypack.com\/de\/landwirtschaftliche-folien\/\"]}]},{\"@type\":\"WebSite\",\"@id\":\"https:\/\/tilakpolypack.com\/de\/#website\",\"url\":\"https:\/\/tilakpolypack.com\/de\/\",\"name\":\"Tilak Polypack\",\"description\":\"\",\"potentialAction\":[{\"@type\":\"SearchAction\",\"target\":{\"@type\":\"EntryPoint\",\"urlTemplate\":\"https:\/\/tilakpolypack.com\/de\/?s={search_term_string}\"},\"query-input\":\"required name=search_term_string\"}],\"inLanguage\":\"en-US\"}]}<\/script>\n<!-- \/ Yoast SEO plugin. -->","yoast_head_json":{"title":"Tilak Polypack \u2013 Agrarfolien | Mulch, Gew\u00e4chshaus, Silage","description":"Entdecken Sie die langlebigen Agrarfolien von Tilak Polypack: Mulch-, Flachtunnel-, Gew\u00e4chshaus- und Silagefolien.","robots":{"index":"index","follow":"follow","max-snippet":"max-snippet:-1","max-image-preview":"max-image-preview:large","max-video-preview":"max-video-preview:-1"},"canonical":"https:\/\/tilakpolypack.com\/de\/landwirtschaftliche-folien\/","og_locale":"en_US","og_type":"article","og_title":"Tilak Polypack \u2013 Agrarfolien | Mulch, Gew\u00e4chshaus, Silage","og_description":"Entdecken Sie die langlebigen Agrarfolien von Tilak Polypack: Mulch-, Flachtunnel-, Gew\u00e4chshaus- und Silagefolien.","og_url":"https:\/\/tilakpolypack.com\/de\/landwirtschaftliche-folien\/","og_site_name":"Tilak Polypack","article_modified_time":"2025-09-19T17:05:29+00:00","twitter_card":"summary_large_image","twitter_misc":{"Est. reading time":"2 minutes"},"schema":{"@context":"https:\/\/schema.org","@graph":[{"@type":"WebPage","@id":"https:\/\/tilakpolypack.com\/de\/landwirtschaftliche-folien\/","url":"https:\/\/tilakpolypack.com\/de\/landwirtschaftliche-folien\/","name":"Tilak Polypack \u2013 Agrarfolien | Mulch, Gew\u00e4chshaus, Silage","isPartOf":{"@id":"https:\/\/tilakpolypack.com\/de\/#website"},"datePublished":"2023-10-06T09:19:54+00:00","dateModified":"2025-09-19T17:05:29+00:00","description":"Entdecken Sie die langlebigen Agrarfolien von Tilak Polypack: Mulch-, Flachtunnel-, Gew\u00e4chshaus- und Silagefolien.","inLanguage":"en-US","potentialAction":[{"@type":"ReadAction","target":["https:\/\/tilakpolypack.com\/de\/landwirtschaftliche-folien\/"]}]},{"@type":"WebSite","@id":"https:\/\/tilakpolypack.com\/de\/#website","url":"https:\/\/tilakpolypack.com\/de\/","name":"Tilak Polypack","description":"","potentialAction":[{"@type":"SearchAction","target":{"@type":"EntryPoint","urlTemplate":"https:\/\/tilakpolypack.com\/de\/?s={search_term_string}"},"query-input":"required name=search_term_string"}],"inLanguage":"en-US"}]}},"_links":{"self":[{"href":"https:\/\/tilakpolypack.com\/de\/wp-json\/wp\/v2\/pages\/7278","targetHints":{"allow":["GET"]}}],"collection":[{"href":"https:\/\/tilakpolypack.com\/de\/wp-json\/wp\/v2\/pages"}],"about":[{"href":"https:\/\/tilakpolypack.com\/de\/wp-json\/wp\/v2\/types\/page"}],"author":[{"embeddable":true,"href":"https:\/\/tilakpolypack.com\/de\/wp-json\/wp\/v2\/users\/1"}],"replies":[{"embeddable":true,"href":"https:\/\/tilakpolypack.com\/de\/wp-json\/wp\/v2\/comments?post=7278"}],"version-history":[{"count":4,"href":"https:\/\/tilakpolypack.com\/de\/wp-json\/wp\/v2\/pages\/7278\/revisions"}],"predecessor-version":[{"id":10276,"href":"https:\/\/tilakpolypack.com\/de\/wp-json\/wp\/v2\/pages\/7278\/revisions\/10276"}],"wp:attachment":[{"href":"https:\/\/tilakpolypack.com\/de\/wp-json\/wp\/v2\/media?parent=7278"}],"curies":[{"name":"wp","href":"https:\/\/api.w.org\/{rel}","templated":true}]}}