{"id":7275,"date":"2023-10-06T09:18:15","date_gmt":"2023-10-06T09:18:15","guid":{"rendered":"https:\/\/archiveyourwords.com\/tilak\/?page_id=7275"},"modified":"2025-09-11T04:47:00","modified_gmt":"2025-09-11T04:47:00","slug":"oberflachenschutzbander","status":"publish","type":"page","link":"https:\/\/tilakpolypack.com\/de\/oberflachenschutzbander\/","title":{"rendered":"Oberfl\u00e4chenschutzb\u00e4nder"},"content":{"rendered":"<section class=\"wpb-content-wrapper\"><p>[vc_row][vc_column][vc_basic_grid post_type=&#8221;ids&#8221; gap=&#8221;25&#8243; item=&#8221;8470&#8243; grid_id=&#8221;vc_gid:1756127534453-3a7ca063-c338-2&#8243; include=&#8221;7317, 7318, 7319, 7320&#8243; css=&#8221;.vc_custom_1698386457391{margin-top: 20px !important;margin-bottom: 30px !important;}&#8221;][\/vc_column][\/vc_row][vc_row ts_responsive_css=&#8221;40614141|colbreak_no|30px||||||||colbreak_no|||||||||colbreak_no||||||||||colbreak_no|||||||||&#8221;][vc_column ts_responsive_css=&#8221;78785991|colbreak_no|||||30||||colbreak_no|||||||||colbreak_no||||||||||colbreak_no|||||||||&#8221;][vc_column_text css=&#8221;.vc_custom_1756188755138{margin-top: 30px !important;}&#8221;]<\/p>\n<div class=\"innerpage-container\">\n<div class=\"container\">\n<div class=\"row\">\n<div class=\"col-md-12\">\n<p>Oberfl\u00e4chenschutzb\u00e4nder, auch bekannt als <strong><a href=\"https:\/\/tilakpolypack.com\/de\/surface-protection-films\/\">Oberfl\u00e4chenschutzfolien<\/a><\/strong>, sind speziell entwickelte <strong><a href=\"https:\/\/tilakpolypack.com\/de\/adhesive-lamination-film\/\">Klebefolien<\/a> <\/strong>, die verschiedene Oberfl\u00e4chen vor Kratzern, Abrieb und anderen m\u00f6glichen Besch\u00e4digungen w\u00e4hrend der Handhabung, des Transports oder von Bauprozessen sch\u00fctzen. Diese B\u00e4nder bilden eine vor\u00fcbergehende Schutzbarriere, die sicher auf Oberfl\u00e4chen haftet und diese vor Schmutz, Staub, Feuchtigkeit und St\u00f6\u00dfen sch\u00fctzt.<\/p>\n<p>Oberfl\u00e4chenschutzb\u00e4nder sind vielseitig einsetzbar und k\u00f6nnen auf einer Vielzahl von Materialien angebracht werden, darunter Kunststoffe, Metalle, Glas, lackierte Oberfl\u00e4chen und vieles mehr. Dank ihrer starken Klebekraft und einfachen Anbringung bieten sie zuverl\u00e4ssigen Oberfl\u00e4chenschutz in Branchen wie Fertigung, Automobilindustrie, Bauwesen und Renovierung. Ganz gleich, ob Sie empfindliche Oberfl\u00e4chen, sensible Ger\u00e4te oder wertvolle Verm\u00f6genswerte sch\u00fctzen m\u00fcssen \u2013 Oberfl\u00e4chenschutzb\u00e4nder sind eine effektive L\u00f6sung, um Oberfl\u00e4chen in makellosem Zustand zu erhalten.<\/p>\n<h2>Hersteller von Oberfl\u00e4chenschutzb\u00e4ndern<\/h2>\n<p>Tilak Polypack ist ein f\u00fchrender Hersteller von Oberfl\u00e4chenschutzb\u00e4ndern und hat sich auf hochwertige Oberfl\u00e4chenschutzb\u00e4nder spezialisiert. Unsere B\u00e4nder bieten zuverl\u00e4ssigen Schutz f\u00fcr verschiedene Oberfl\u00e4chen w\u00e4hrend des Transports, der Handhabung und der Lagerung. Mit modernen Fertigungsanlagen und einem Fokus auf Individualisierung liefern wir ma\u00dfgeschneiderte L\u00f6sungen f\u00fcr spezifische Anforderungen. Verlassen Sie sich auf uns, wenn es um au\u00dfergew\u00f6hnliche Qualit\u00e4t, Individualisierungsm\u00f6glichkeiten und erstklassigen Kundenservice geht. Entscheiden Sie sich f\u00fcr Tilak Polypack, wenn Sie Oberfl\u00e4chenschutzb\u00e4nder ben\u00f6tigen.<\/p>\n<h2>Vorteile:<\/h2>\n<ul>\n<li>Sch\u00fctzt Oberfl\u00e4chen vor Kratzern, Abrieb und Sto\u00dfsch\u00e4den.<\/li>\n<li>Erh\u00e4lt die urspr\u00fcngliche Oberfl\u00e4che und das Aussehen der gesch\u00fctzten Fl\u00e4chen.<\/li>\n<li>Verhindert, dass Flecken, Schmutz und Ablagerungen die Oberfl\u00e4che beeintr\u00e4chtigen.<\/li>\n<li>Bietet vor\u00fcbergehenden Schutz w\u00e4hrend Transport, Lagerung und Installation.<\/li>\n<li>Einfach anzubringen und zu entfernen, ohne R\u00fcckst\u00e4nde zu hinterlassen oder die Oberfl\u00e4che zu besch\u00e4digen.<\/li>\n<li>Bietet Widerstand gegen Feuchtigkeit, Chemikalien und UV-Strahlung.<\/li>\n<li>Reduziert den Bedarf an teuren Reparaturen oder Ersatzteilen.<\/li>\n<li>Erh\u00f6ht die Lebensdauer und Haltbarkeit von Oberfl\u00e4chen und spart langfristig Kosten.<\/li>\n<li>Steigert die Effizienz durch Reduzierung der Ausfallzeiten f\u00fcr die Oberfl\u00e4chenwartung.<\/li>\n<li>Geeignet f\u00fcr verschiedene Oberfl\u00e4chen wie Fu\u00dfb\u00f6den, Teppiche, M\u00f6bel, Haushaltsger\u00e4te und vieles mehr.<\/li>\n<\/ul>\n<h2>Warum sollten Sie sich f\u00fcr Tilak Polypack entscheiden?<\/h2>\n<p>Wenn Sie auf der Suche nach einer nachhaltigeren Verpackungsl\u00f6sung sind, dann sind die Produkte von Tilak Polypackaging genau das Richtige f\u00fcr Sie! Wir verf\u00fcgen \u00fcber mehr als 20 Jahre Erfahrung in dieser Branche und bieten unseren Kunden die nachhaltigsten, umweltfreundlichsten und individuellsten L\u00f6sungen, die auf ihre Bed\u00fcrfnisse zugeschnitten sind.<\/p>\n<p>Tilak Polypack ist einer der weltweit f\u00fchrenden Hersteller und Lieferanten von OBERFL\u00c4CHENSCHUTZB\u00c4NDERN. Mit Niederlassungen in L\u00e4ndern wie den USA, Singapur, Australien, Deutschland, Kanada, Neuseeland, Gro\u00dfbritannien, Irland, Schottland und Norwegen hat sich Tilak Polypack als zuverl\u00e4ssiger Anbieter von hochwertigen OBERFL\u00c4CHENSCHUTZB\u00c4NDERN etabliert.<\/p>\n<p>Vorteile der Verwendung von Produkten von Tilak Polypack:<\/p>\n<p>\u2705Produkte von h\u00f6chster Qualit\u00e4t<\/p>\n<p>\u2705 Umweltfreundliche L\u00f6sung<\/p>\n<p>\u2705 Ma\u00dfgeschneiderte Verpackungsprodukte nach Ihren Anforderungen<\/p>\n<p>\u2705 Produkte, die den Fertigungs- und Qualit\u00e4tsstandards entsprechen<\/p>\n<p>\u2705 Zuverl\u00e4ssiger Verpackungspartner f\u00fcr Ihr Unternehmen<\/p>\n<\/div>\n<\/div>\n<\/div>\n<\/div>\n<div class=\"innerpage-container lightbg\">\n<div class=\"container\">\n<div class=\"row\">\n<div class=\"col-md-4\">\n<div class=\"prod-category-section two\">\n<h2><\/h2>\n<\/div>\n<\/div>\n<\/div>\n<\/div>\n<\/div>\n<p>[\/vc_column_text][\/vc_column][\/vc_row]<\/p>\n<\/section>","protected":false},"excerpt":{"rendered":"<p>[vc_row][vc_column][vc_basic_grid post_type=&#8221;ids&#8221; gap=&#8221;25&#8243; item=&#8221;8470&#8243; grid_id=&#8221;vc_gid:1756127534453-3a7ca063-c338-2&#8243; include=&#8221;7317, 7318, 7319, 7320&#8243; css=&#8221;.vc_custom_1698386457391{margin-top: 20px !important;margin-bottom: 30px !important;}&#8221;][\/vc_column][\/vc_row][vc_row ts_responsive_css=&#8221;40614141|colbreak_no|30px||||||||colbreak_no|||||||||colbreak_no||||||||||colbreak_no|||||||||&#8221;][vc_column ts_responsive_css=&#8221;78785991|colbreak_no|||||30||||colbreak_no|||||||||colbreak_no||||||||||colbreak_no|||||||||&#8221;][vc_column_text css=&#8221;.vc_custom_1756188755138{margin-top: 30px !important;}&#8221;] Oberfl\u00e4chenschutzb\u00e4nder, auch bekannt als Oberfl\u00e4chenschutzfolien, sind speziell entwickelte Klebefolien , die verschiedene Oberfl\u00e4chen vor Kratzern, Abrieb und anderen m\u00f6glichen Besch\u00e4digungen w\u00e4hrend der Handhabung, des Transports oder von Bauprozessen sch\u00fctzen. Diese B\u00e4nder bilden eine vor\u00fcbergehende Schutzbarriere, die &hellip; <a href=\"https:\/\/tilakpolypack.com\/de\/oberflachenschutzbander\/\" class=\"more-link\">Continue reading <span class=\"screen-reader-text\">Oberfl\u00e4chenschutzb\u00e4nder<\/span><\/a><\/p>\n","protected":false},"author":1,"featured_media":0,"parent":0,"menu_order":0,"comment_status":"closed","ping_status":"closed","template":"","meta":{"_acf_changed":false,"om_disable_all_campaigns":false,"_monsterinsights_skip_tracking":false,"_monsterinsights_sitenote_active":false,"_monsterinsights_sitenote_note":"","_monsterinsights_sitenote_category":0,"_uf_show_specific_survey":0,"_uf_disable_surveys":false,"footnotes":""},"class_list":["post-7275","page","type-page","status-publish","hentry"],"acf":[],"yoast_head":"<!-- This site is optimized with the Yoast SEO plugin v22.3 - https:\/\/yoast.com\/wordpress\/plugins\/seo\/ -->\n<title>Hersteller von Oberfl\u00e4chenschutzfolien \u2013 Tilak Polypack<\/title>\n<meta name=\"description\" content=\"Zuverl\u00e4ssiger Oberfl\u00e4chenschutz von Tilak Polypack: Einfach anzubringen, UV- und chemikalienbest\u00e4ndig, sch\u00fctzt vor Kratzern und Staub.\" \/>\n<meta name=\"robots\" content=\"index, follow, max-snippet:-1, max-image-preview:large, max-video-preview:-1\" \/>\n<link rel=\"canonical\" href=\"https:\/\/tilakpolypack.com\/de\/oberflachenschutzbander\/\" \/>\n<meta property=\"og:locale\" content=\"en_US\" \/>\n<meta property=\"og:type\" content=\"article\" \/>\n<meta property=\"og:title\" content=\"Hersteller von Oberfl\u00e4chenschutzfolien \u2013 Tilak Polypack\" \/>\n<meta property=\"og:description\" content=\"Zuverl\u00e4ssiger Oberfl\u00e4chenschutz von Tilak Polypack: Einfach anzubringen, UV- und chemikalienbest\u00e4ndig, sch\u00fctzt vor Kratzern und Staub.\" \/>\n<meta property=\"og:url\" content=\"https:\/\/tilakpolypack.com\/de\/oberflachenschutzbander\/\" \/>\n<meta property=\"og:site_name\" content=\"Tilak Polypack\" \/>\n<meta property=\"article:modified_time\" content=\"2025-09-11T04:47:00+00:00\" \/>\n<meta name=\"twitter:card\" content=\"summary_large_image\" \/>\n<meta name=\"twitter:label1\" content=\"Est. reading time\" \/>\n\t<meta name=\"twitter:data1\" content=\"2 minutes\" \/>\n<script type=\"application\/ld+json\" class=\"yoast-schema-graph\">{\"@context\":\"https:\/\/schema.org\",\"@graph\":[{\"@type\":\"WebPage\",\"@id\":\"https:\/\/tilakpolypack.com\/de\/oberflachenschutzbander\/\",\"url\":\"https:\/\/tilakpolypack.com\/de\/oberflachenschutzbander\/\",\"name\":\"Hersteller von Oberfl\u00e4chenschutzfolien \u2013 Tilak Polypack\",\"isPartOf\":{\"@id\":\"https:\/\/tilakpolypack.com\/de\/#website\"},\"datePublished\":\"2023-10-06T09:18:15+00:00\",\"dateModified\":\"2025-09-11T04:47:00+00:00\",\"description\":\"Zuverl\u00e4ssiger Oberfl\u00e4chenschutz von Tilak Polypack: Einfach anzubringen, UV- und chemikalienbest\u00e4ndig, sch\u00fctzt vor Kratzern und Staub.\",\"inLanguage\":\"en-US\",\"potentialAction\":[{\"@type\":\"ReadAction\",\"target\":[\"https:\/\/tilakpolypack.com\/de\/oberflachenschutzbander\/\"]}]},{\"@type\":\"WebSite\",\"@id\":\"https:\/\/tilakpolypack.com\/de\/#website\",\"url\":\"https:\/\/tilakpolypack.com\/de\/\",\"name\":\"Tilak Polypack\",\"description\":\"\",\"potentialAction\":[{\"@type\":\"SearchAction\",\"target\":{\"@type\":\"EntryPoint\",\"urlTemplate\":\"https:\/\/tilakpolypack.com\/de\/?s={search_term_string}\"},\"query-input\":\"required name=search_term_string\"}],\"inLanguage\":\"en-US\"}]}<\/script>\n<!-- \/ Yoast SEO plugin. -->","yoast_head_json":{"title":"Hersteller von Oberfl\u00e4chenschutzfolien \u2013 Tilak Polypack","description":"Zuverl\u00e4ssiger Oberfl\u00e4chenschutz von Tilak Polypack: Einfach anzubringen, UV- und chemikalienbest\u00e4ndig, sch\u00fctzt vor Kratzern und Staub.","robots":{"index":"index","follow":"follow","max-snippet":"max-snippet:-1","max-image-preview":"max-image-preview:large","max-video-preview":"max-video-preview:-1"},"canonical":"https:\/\/tilakpolypack.com\/de\/oberflachenschutzbander\/","og_locale":"en_US","og_type":"article","og_title":"Hersteller von Oberfl\u00e4chenschutzfolien \u2013 Tilak Polypack","og_description":"Zuverl\u00e4ssiger Oberfl\u00e4chenschutz von Tilak Polypack: Einfach anzubringen, UV- und chemikalienbest\u00e4ndig, sch\u00fctzt vor Kratzern und Staub.","og_url":"https:\/\/tilakpolypack.com\/de\/oberflachenschutzbander\/","og_site_name":"Tilak Polypack","article_modified_time":"2025-09-11T04:47:00+00:00","twitter_card":"summary_large_image","twitter_misc":{"Est. reading time":"2 minutes"},"schema":{"@context":"https:\/\/schema.org","@graph":[{"@type":"WebPage","@id":"https:\/\/tilakpolypack.com\/de\/oberflachenschutzbander\/","url":"https:\/\/tilakpolypack.com\/de\/oberflachenschutzbander\/","name":"Hersteller von Oberfl\u00e4chenschutzfolien \u2013 Tilak Polypack","isPartOf":{"@id":"https:\/\/tilakpolypack.com\/de\/#website"},"datePublished":"2023-10-06T09:18:15+00:00","dateModified":"2025-09-11T04:47:00+00:00","description":"Zuverl\u00e4ssiger Oberfl\u00e4chenschutz von Tilak Polypack: Einfach anzubringen, UV- und chemikalienbest\u00e4ndig, sch\u00fctzt vor Kratzern und Staub.","inLanguage":"en-US","potentialAction":[{"@type":"ReadAction","target":["https:\/\/tilakpolypack.com\/de\/oberflachenschutzbander\/"]}]},{"@type":"WebSite","@id":"https:\/\/tilakpolypack.com\/de\/#website","url":"https:\/\/tilakpolypack.com\/de\/","name":"Tilak Polypack","description":"","potentialAction":[{"@type":"SearchAction","target":{"@type":"EntryPoint","urlTemplate":"https:\/\/tilakpolypack.com\/de\/?s={search_term_string}"},"query-input":"required name=search_term_string"}],"inLanguage":"en-US"}]}},"_links":{"self":[{"href":"https:\/\/tilakpolypack.com\/de\/wp-json\/wp\/v2\/pages\/7275","targetHints":{"allow":["GET"]}}],"collection":[{"href":"https:\/\/tilakpolypack.com\/de\/wp-json\/wp\/v2\/pages"}],"about":[{"href":"https:\/\/tilakpolypack.com\/de\/wp-json\/wp\/v2\/types\/page"}],"author":[{"embeddable":true,"href":"https:\/\/tilakpolypack.com\/de\/wp-json\/wp\/v2\/users\/1"}],"replies":[{"embeddable":true,"href":"https:\/\/tilakpolypack.com\/de\/wp-json\/wp\/v2\/comments?post=7275"}],"version-history":[{"count":5,"href":"https:\/\/tilakpolypack.com\/de\/wp-json\/wp\/v2\/pages\/7275\/revisions"}],"predecessor-version":[{"id":10154,"href":"https:\/\/tilakpolypack.com\/de\/wp-json\/wp\/v2\/pages\/7275\/revisions\/10154"}],"wp:attachment":[{"href":"https:\/\/tilakpolypack.com\/de\/wp-json\/wp\/v2\/media?parent=7275"}],"curies":[{"name":"wp","href":"https:\/\/api.w.org\/{rel}","templated":true}]}}