{"id":7269,"date":"2023-10-06T09:15:25","date_gmt":"2023-10-06T09:15:25","guid":{"rendered":"https:\/\/archiveyourwords.com\/tilak\/?page_id=7269"},"modified":"2025-09-19T14:51:05","modified_gmt":"2025-09-19T14:51:05","slug":"laminierung-pe-folie","status":"publish","type":"page","link":"https:\/\/tilakpolypack.com\/de\/laminierung-pe-folie\/","title":{"rendered":"Laminierung PE-Folie"},"content":{"rendered":"<section class=\"wpb-content-wrapper\"><p>[vc_row][vc_column][vc_basic_grid post_type=&#8221;ids&#8221; gap=&#8221;25&#8243; item=&#8221;8470&#8243; grid_id=&#8221;vc_gid:1758293259017-dfe3a22e-0b5b-6&#8243; include=&#8221;7313, 7314&#8243;][\/vc_column][\/vc_row][vc_row css=&#8221;.vc_custom_1698385956862{padding-top: 20px !important;}&#8221;][vc_column][vc_column_text css=&#8221;.vc_custom_1758293462579{padding-right: 15px !important;padding-left: 15px !important;}&#8221;]Laminierte PE-Folie ist ein vielseitiger und unverzichtbarer Bestandteil im Bereich der Verpackungsl\u00f6sungen. Diese hochwertige <a href=\"https:\/\/tilakpolypack.com\/de\/pharma-qualitat-poly\/\"><strong>Polyethylen-Laminierfolien<\/strong><\/a>\u00a0zeichnet sich durch au\u00dfergew\u00f6hnliche Klarheit, Festigkeit und Flexibilit\u00e4t aus. Sie wird h\u00e4ufig als Schutzschicht verwendet, um die Haltbarkeit und Optik verschiedener Produkte zu verbessern.<\/p>\n<p>Der Laminierungsprozess umfasst das Aufbringen der Folie auf Oberfl\u00e4chen wie Papier, Karton oder andere Materialien, um einen zus\u00e4tzlichen Schutz vor Feuchtigkeit, Schmutz und Abnutzung zu bieten. Dies erm\u00f6glicht es Unternehmen aus verschiedenen Branchen, ihre Waren w\u00e4hrend der Handhabung, Lagerung und des Transports zu sch\u00fctzen.<\/p>\n<p>Mit seinem breiten Anwendungsspektrum, darunter Verpackungen f\u00fcr Lebensmittel, Pharmazeutika, Textilien und Industrieprodukte, ist die Laminierung ein unverzichtbarer Bestandteil. Seine Vielseitigkeit, Festigkeit und zuverl\u00e4ssigen Barriereeigenschaften machen es zu einer unverzichtbaren Wahl f\u00fcr Unternehmen, die nach optimalen Verpackungsl\u00f6sungen im B2B-Bereich suchen.<\/p>\n<h2><span data-sheets-userformat=\"{&quot;2&quot;:29249,&quot;3&quot;:{&quot;1&quot;:0},&quot;9&quot;:0,&quot;12&quot;:0,&quot;15&quot;:&quot;Calibri&quot;,&quot;16&quot;:11,&quot;17&quot;:1}\" data-sheets-value=\"{&quot;1&quot;:2,&quot;2&quot;:&quot;lamination roll&quot;}\">Laminierung PE-Folie\u00a0<\/span>Hersteller<\/h2>\n<p>Wir bei Tilak Polypack sind sehr stolz darauf, der f\u00fchrende Hersteller von PE-Laminierfolien zu sein und die vielf\u00e4ltigen Anforderungen von Unternehmen aus verschiedenen Branchen zu erf\u00fcllen. Mit unserem unerm\u00fcdlichen Streben nach Spitzenleistungen haben wir uns als beste Wahl f\u00fcr alle Ihre Anforderungen im Bereich Laminierfolien etabliert.<\/p>\n<p>Wir bieten ein umfassendes Sortiment an PE-Laminierfolien, darunter hochwertige Folienlaminierungsoptionen, um Ihren spezifischen Verpackungsanforderungen gerecht zu werden.<\/p>\n<h2>Vorteile der PE-Laminierrolle:<\/h2>\n<p>Hier sind einige Vorteile der Verwendung von PE-Laminierfolien:<\/p>\n<p>\u2705 Verbesserte Haltbarkeit und Schutz f\u00fcr Produkte.<\/p>\n<p>\u2705 Zuverl\u00e4ssige Barriere gegen Feuchtigkeit, Sauerstoff und Verunreinigungen.<\/p>\n<p>\u2705 Vielseitig und anpassbar f\u00fcr verschiedene Verpackungsanforderungen.<\/p>\n<p>\u2705 Verbessertes Produktdesign und optische Attraktivit\u00e4t.<\/p>\n<p>\u2705 Verl\u00e4ngerte Haltbarkeit f\u00fcr verderbliche Waren.<\/p>\n<p>\u2705 Kompatibilit\u00e4t mit verschiedenen Laminierungstechniken.<\/p>\n<p>\u2705 Benutzerfreundlichkeit und effiziente Produktionsabl\u00e4ufe.<\/p>\n<p>\u2705 Gro\u00dfe Auswahl an St\u00e4rken f\u00fcr individuelle Anpassungen.<\/p>\n<p>\u2705 Kosteng\u00fcnstige L\u00f6sung f\u00fcr Verpackungsanforderungen.<\/p>\n<p>\u2705 Entspricht den Branchenstandards und Vorschriften.<\/p>\n<h2>Warum sollten Sie sich f\u00fcr Tilak Polypack entscheiden?<\/h2>\n<p>Wenn Sie auf der Suche nach einer nachhaltigeren Verpackungsl\u00f6sung sind, dann sind die Produkte von Tilak Polypack genau das Richtige f\u00fcr Sie! Wir verf\u00fcgen \u00fcber mehr als 20 Jahre Erfahrung in dieser Branche und bieten unseren Kunden die nachhaltigsten, umweltfreundlichsten und individuellsten L\u00f6sungen, die auf ihre Bed\u00fcrfnisse zugeschnitten sind.<\/p>\n<p>Tilak Polypack ist einer der weltweit f\u00fchrenden <a href=\"https:\/\/tilakpolypack.com\/de\/pe-auskleidungen-und-mullsacke\/\"><strong>Hersteller und Lieferanten von PE-Laminierfolien<\/strong><\/a>. Mit Niederlassungen in L\u00e4ndern wie den USA, Singapur, Australien, Deutschland, Kanada, Neuseeland, Gro\u00dfbritannien, Irland, Schottland und Norwegen hat sich Tilak Polypack als zuverl\u00e4ssiger Anbieter von hochwertigen PE-Laminierfolien etabliert.[\/vc_column_text][\/vc_column][\/vc_row]<\/p>\n<\/section>","protected":false},"excerpt":{"rendered":"<p>[vc_row][vc_column][vc_basic_grid post_type=&#8221;ids&#8221; gap=&#8221;25&#8243; item=&#8221;8470&#8243; grid_id=&#8221;vc_gid:1758293259017-dfe3a22e-0b5b-6&#8243; include=&#8221;7313, 7314&#8243;][\/vc_column][\/vc_row][vc_row css=&#8221;.vc_custom_1698385956862{padding-top: 20px !important;}&#8221;][vc_column][vc_column_text css=&#8221;.vc_custom_1758293462579{padding-right: 15px !important;padding-left: 15px !important;}&#8221;]Laminierte PE-Folie ist ein vielseitiger und unverzichtbarer Bestandteil im Bereich der Verpackungsl\u00f6sungen. Diese hochwertige Polyethylen-Laminierfolien\u00a0zeichnet sich durch au\u00dfergew\u00f6hnliche Klarheit, Festigkeit und Flexibilit\u00e4t aus. Sie wird h\u00e4ufig als Schutzschicht verwendet, um die Haltbarkeit und Optik verschiedener Produkte zu verbessern. Der Laminierungsprozess umfasst &hellip; <a href=\"https:\/\/tilakpolypack.com\/de\/laminierung-pe-folie\/\" class=\"more-link\">Continue reading <span class=\"screen-reader-text\">Laminierung PE-Folie<\/span><\/a><\/p>\n","protected":false},"author":1,"featured_media":8015,"parent":0,"menu_order":0,"comment_status":"closed","ping_status":"closed","template":"","meta":{"_acf_changed":false,"om_disable_all_campaigns":false,"_monsterinsights_skip_tracking":false,"_monsterinsights_sitenote_active":false,"_monsterinsights_sitenote_note":"","_monsterinsights_sitenote_category":0,"_uf_show_specific_survey":0,"_uf_disable_surveys":false,"footnotes":""},"class_list":["post-7269","page","type-page","status-publish","has-post-thumbnail","hentry"],"acf":[],"yoast_head":"<!-- This site is optimized with the Yoast SEO plugin v22.3 - https:\/\/yoast.com\/wordpress\/plugins\/seo\/ -->\n<title>Hersteller von Laminierfolien aus PE | Verpackungsfolie aus Polyethylen<\/title>\n<meta name=\"description\" content=\"Our PE lamination film offers moisture and oxygen barrier, customizable thickness, and widths up to 2.25 m.\" \/>\n<meta name=\"robots\" content=\"index, follow, max-snippet:-1, max-image-preview:large, max-video-preview:-1\" \/>\n<link rel=\"canonical\" href=\"https:\/\/tilakpolypack.com\/de\/laminierung-pe-folie\/\" \/>\n<meta property=\"og:locale\" content=\"en_US\" \/>\n<meta property=\"og:type\" content=\"article\" \/>\n<meta property=\"og:title\" content=\"Hersteller von Laminierfolien aus PE | Verpackungsfolie aus Polyethylen\" \/>\n<meta property=\"og:description\" content=\"Our PE lamination film offers moisture and oxygen barrier, customizable thickness, and widths up to 2.25 m.\" \/>\n<meta property=\"og:url\" content=\"https:\/\/tilakpolypack.com\/de\/laminierung-pe-folie\/\" \/>\n<meta property=\"og:site_name\" content=\"Tilak Polypack\" \/>\n<meta property=\"article:modified_time\" content=\"2025-09-19T14:51:05+00:00\" \/>\n<meta property=\"og:image\" content=\"https:\/\/tilakpolypack.com\/de\/wp-content\/uploads\/2023\/10\/flexible-laminate-rolls-pouches-1.jpg\" \/>\n\t<meta property=\"og:image:width\" content=\"1200\" \/>\n\t<meta property=\"og:image:height\" content=\"795\" \/>\n\t<meta property=\"og:image:type\" content=\"image\/jpeg\" \/>\n<meta name=\"twitter:card\" content=\"summary_large_image\" \/>\n<meta name=\"twitter:label1\" content=\"Est. reading time\" \/>\n\t<meta name=\"twitter:data1\" content=\"2 minutes\" \/>\n<script type=\"application\/ld+json\" class=\"yoast-schema-graph\">{\"@context\":\"https:\/\/schema.org\",\"@graph\":[{\"@type\":\"WebPage\",\"@id\":\"https:\/\/tilakpolypack.com\/de\/laminierung-pe-folie\/\",\"url\":\"https:\/\/tilakpolypack.com\/de\/laminierung-pe-folie\/\",\"name\":\"Hersteller von Laminierfolien aus PE | Verpackungsfolie aus Polyethylen\",\"isPartOf\":{\"@id\":\"https:\/\/tilakpolypack.com\/de\/#website\"},\"primaryImageOfPage\":{\"@id\":\"https:\/\/tilakpolypack.com\/de\/laminierung-pe-folie\/#primaryimage\"},\"image\":{\"@id\":\"https:\/\/tilakpolypack.com\/de\/laminierung-pe-folie\/#primaryimage\"},\"thumbnailUrl\":\"https:\/\/tilakpolypack.com\/de\/wp-content\/uploads\/2023\/10\/flexible-laminate-rolls-pouches-1.jpg\",\"datePublished\":\"2023-10-06T09:15:25+00:00\",\"dateModified\":\"2025-09-19T14:51:05+00:00\",\"description\":\"Our PE lamination film offers moisture and oxygen barrier, customizable thickness, and widths up to 2.25 m.\",\"inLanguage\":\"en-US\",\"potentialAction\":[{\"@type\":\"ReadAction\",\"target\":[\"https:\/\/tilakpolypack.com\/de\/laminierung-pe-folie\/\"]}]},{\"@type\":\"ImageObject\",\"inLanguage\":\"en-US\",\"@id\":\"https:\/\/tilakpolypack.com\/de\/laminierung-pe-folie\/#primaryimage\",\"url\":\"https:\/\/tilakpolypack.com\/de\/wp-content\/uploads\/2023\/10\/flexible-laminate-rolls-pouches-1.jpg\",\"contentUrl\":\"https:\/\/tilakpolypack.com\/de\/wp-content\/uploads\/2023\/10\/flexible-laminate-rolls-pouches-1.jpg\",\"width\":1200,\"height\":795},{\"@type\":\"WebSite\",\"@id\":\"https:\/\/tilakpolypack.com\/de\/#website\",\"url\":\"https:\/\/tilakpolypack.com\/de\/\",\"name\":\"Tilak Polypack\",\"description\":\"\",\"potentialAction\":[{\"@type\":\"SearchAction\",\"target\":{\"@type\":\"EntryPoint\",\"urlTemplate\":\"https:\/\/tilakpolypack.com\/de\/?s={search_term_string}\"},\"query-input\":\"required name=search_term_string\"}],\"inLanguage\":\"en-US\"}]}<\/script>\n<!-- \/ Yoast SEO plugin. -->","yoast_head_json":{"title":"Hersteller von Laminierfolien aus PE | Verpackungsfolie aus Polyethylen","description":"Our PE lamination film offers moisture and oxygen barrier, customizable thickness, and widths up to 2.25 m.","robots":{"index":"index","follow":"follow","max-snippet":"max-snippet:-1","max-image-preview":"max-image-preview:large","max-video-preview":"max-video-preview:-1"},"canonical":"https:\/\/tilakpolypack.com\/de\/laminierung-pe-folie\/","og_locale":"en_US","og_type":"article","og_title":"Hersteller von Laminierfolien aus PE | Verpackungsfolie aus Polyethylen","og_description":"Our PE lamination film offers moisture and oxygen barrier, customizable thickness, and widths up to 2.25 m.","og_url":"https:\/\/tilakpolypack.com\/de\/laminierung-pe-folie\/","og_site_name":"Tilak Polypack","article_modified_time":"2025-09-19T14:51:05+00:00","og_image":[{"width":1200,"height":795,"url":"https:\/\/tilakpolypack.com\/de\/wp-content\/uploads\/2023\/10\/flexible-laminate-rolls-pouches-1.jpg","type":"image\/jpeg"}],"twitter_card":"summary_large_image","twitter_misc":{"Est. reading time":"2 minutes"},"schema":{"@context":"https:\/\/schema.org","@graph":[{"@type":"WebPage","@id":"https:\/\/tilakpolypack.com\/de\/laminierung-pe-folie\/","url":"https:\/\/tilakpolypack.com\/de\/laminierung-pe-folie\/","name":"Hersteller von Laminierfolien aus PE | Verpackungsfolie aus Polyethylen","isPartOf":{"@id":"https:\/\/tilakpolypack.com\/de\/#website"},"primaryImageOfPage":{"@id":"https:\/\/tilakpolypack.com\/de\/laminierung-pe-folie\/#primaryimage"},"image":{"@id":"https:\/\/tilakpolypack.com\/de\/laminierung-pe-folie\/#primaryimage"},"thumbnailUrl":"https:\/\/tilakpolypack.com\/de\/wp-content\/uploads\/2023\/10\/flexible-laminate-rolls-pouches-1.jpg","datePublished":"2023-10-06T09:15:25+00:00","dateModified":"2025-09-19T14:51:05+00:00","description":"Our PE lamination film offers moisture and oxygen barrier, customizable thickness, and widths up to 2.25 m.","inLanguage":"en-US","potentialAction":[{"@type":"ReadAction","target":["https:\/\/tilakpolypack.com\/de\/laminierung-pe-folie\/"]}]},{"@type":"ImageObject","inLanguage":"en-US","@id":"https:\/\/tilakpolypack.com\/de\/laminierung-pe-folie\/#primaryimage","url":"https:\/\/tilakpolypack.com\/de\/wp-content\/uploads\/2023\/10\/flexible-laminate-rolls-pouches-1.jpg","contentUrl":"https:\/\/tilakpolypack.com\/de\/wp-content\/uploads\/2023\/10\/flexible-laminate-rolls-pouches-1.jpg","width":1200,"height":795},{"@type":"WebSite","@id":"https:\/\/tilakpolypack.com\/de\/#website","url":"https:\/\/tilakpolypack.com\/de\/","name":"Tilak Polypack","description":"","potentialAction":[{"@type":"SearchAction","target":{"@type":"EntryPoint","urlTemplate":"https:\/\/tilakpolypack.com\/de\/?s={search_term_string}"},"query-input":"required name=search_term_string"}],"inLanguage":"en-US"}]}},"_links":{"self":[{"href":"https:\/\/tilakpolypack.com\/de\/wp-json\/wp\/v2\/pages\/7269","targetHints":{"allow":["GET"]}}],"collection":[{"href":"https:\/\/tilakpolypack.com\/de\/wp-json\/wp\/v2\/pages"}],"about":[{"href":"https:\/\/tilakpolypack.com\/de\/wp-json\/wp\/v2\/types\/page"}],"author":[{"embeddable":true,"href":"https:\/\/tilakpolypack.com\/de\/wp-json\/wp\/v2\/users\/1"}],"replies":[{"embeddable":true,"href":"https:\/\/tilakpolypack.com\/de\/wp-json\/wp\/v2\/comments?post=7269"}],"version-history":[{"count":4,"href":"https:\/\/tilakpolypack.com\/de\/wp-json\/wp\/v2\/pages\/7269\/revisions"}],"predecessor-version":[{"id":10266,"href":"https:\/\/tilakpolypack.com\/de\/wp-json\/wp\/v2\/pages\/7269\/revisions\/10266"}],"wp:featuredmedia":[{"embeddable":true,"href":"https:\/\/tilakpolypack.com\/de\/wp-json\/wp\/v2\/media\/8015"}],"wp:attachment":[{"href":"https:\/\/tilakpolypack.com\/de\/wp-json\/wp\/v2\/media?parent=7269"}],"curies":[{"name":"wp","href":"https:\/\/api.w.org\/{rel}","templated":true}]}}