{"id":6157,"date":"2018-07-09T08:20:12","date_gmt":"2018-07-09T08:20:12","guid":{"rendered":"http:\/\/industco-demo.pbminfotech.com\/?page_id=6157"},"modified":"2025-08-26T06:31:14","modified_gmt":"2025-08-26T06:31:14","slug":"produkte","status":"publish","type":"page","link":"https:\/\/tilakpolypack.com\/de\/produkte\/","title":{"rendered":"Produkte"},"content":{"rendered":"<section class=\"wpb-content-wrapper\"><p>[vc_row full_width=&#8221;stretch_row&#8221; css=&#8221;.vc_custom_1696573165863{background-image: url(https:\/\/tilakpolypack.com\/de\/wp-content\/uploads\/2023\/10\/product-bg.png?id=2001) !important;}&#8221;][vc_column][vc_row_inner][vc_column_inner][vc_column_text]<\/p>\n<h1 style=\"text-align: left;\">Multilayer Films<\/h1>\n<p>[\/vc_column_text][vc_separator][\/vc_column_inner][\/vc_row_inner][vc_row_inner][vc_column_inner][vc_column_text css=&#8221;.vc_custom_1756128243013{padding-top: 0px !important;padding-bottom: 0px !important;}&#8221;]Gegr\u00fcndet im Jahr 1995, sind wir, \u201eTilak Polypack Private Limited\u201c, eines der f\u00fchrenden Unternehmen, das sich mit der Herstellung, Lieferung und dem Export einer breiten Palette von Mehrschichtfolien und flexiblen Laminaten in Rollen und Beuteln besch\u00e4ftigt. Unser Sortiment umfasst unbedruckte PE-Folien, bedruckte PE-Folien, flexible laminierte Rollen und Beutel, Schrumpffolien, Rundumetiketten, Deckelfolien usw. Wir stellen alle unsere Produkte aus hochwertigen Rohstoffen her, die wir von vertrauensw\u00fcrdigen Lieferanten auf dem Markt beziehen. Alle unsere Produkte werden in verschiedenen Branchen f\u00fcr Verpackungszwecke eingesetzt und sind f\u00fcr ihre Langlebigkeit, nahtlose Verarbeitung und Rei\u00df- und Verschlei\u00dffestigkeit bekannt.<\/p>\n<p>Unterst\u00fctzt von Technokraten mit 30 Jahren Erfahrung in diesem Bereich, beliefern wir unsere Kunden erfolgreich mit hochwertigen Produkten, die genau ihren Anforderungen entsprechen. Unsere moderne Produktionsst\u00e4tte, ausgestattet mit den neuesten Werkzeugen, Maschinen und Technologien, erm\u00f6glicht es uns, alle unsere Produkte gem\u00e4\u00df den Vorgaben unserer Kunden herzustellen. Dar\u00fcber hinaus arbeitet unser Team aus erfahrenen Fachleuten eng mit unseren Kunden zusammen, um ihre genauen Anforderungen besser zu verstehen.[\/vc_column_text][\/vc_column_inner][\/vc_row_inner][\/vc_column][\/vc_row][vc_row full_width=&#8221;stretch_row&#8221; css=&#8221;.vc_custom_1696576877956{background-image: url(https:\/\/tilakpolypack.com\/de\/wp-content\/uploads\/2023\/09\/8515a6d64d.jpg?id=1905) !important;background-position: center !important;background-repeat: no-repeat !important;background-size: cover !important;}&#8221;][vc_column width=&#8221;1\/2&#8243;][\/vc_column][vc_column width=&#8221;1\/2&#8243;][vc_row_inner css=&#8221;.vc_custom_1531991175334{padding-top: 60px !important;padding-right: 60px !important;padding-bottom: 30px !important;padding-left: 60px !important;background-color: rgba(255,255,255,0.85) !important;*background-color: rgb(255,255,255) !important;}&#8221; ts_responsive_css=&#8221;80641299|colbreak_no|||||||||colbreak_no|||||||||colbreak_no|||||30|0|30|0||colbreak_no|||||||||&#8221;][vc_column_inner]<div class=\"ts-element-heading-wrapper ts-heading-inner ts-element-align-left ts-seperator-none \"><section class=\"ts-vc_cta3-container\"><div class=\"ts-vc_general ts-vc_cta3 ts-cta3-only ts-vc_cta3-style-classic ts-vc_cta3-shape-rounded ts-vc_cta3-align-left ts-vc_cta3-color-transparent ts-vc_cta3-icon-size-md ts-vc_cta3-actions-no ts-cta3-without-desc\"><div class=\"ts-vc_cta3_content-container\"><div class=\"ts-vc_cta3-content\"><div class=\"ts-vc_cta3-content-header ts-wrap\"><div class=\"ts-vc_cta3-headers ts-wrap-cell\"><h4 class=\"ts-custom-heading \" >Was wir tun<\/h4>\n<h2 class=\"ts-custom-heading \" ><\/p>\n<h1>Hersteller von Verpackungsmaterialien<\/h1>\n<p><\/h2>\n<\/div><\/div><\/div><\/div><\/div><\/section><\/div> <!-- .ts-element-heading-wrapper container --> [vc_column_text css=&#8221;.vc_custom_1756128265950{padding-top: 0px !important;padding-bottom: 0px !important;}&#8221;]Seit der Gr\u00fcndung von Tilak Polypack Pvt. Ltd. als Hersteller von Verpackungsmaterialien haben wir nichts unversucht gelassen, um die Bed\u00fcrfnisse unserer Kunden aus verschiedenen Industriebereichen zu verbessern und zu identifizieren. Die weltweite Lieferung hochwertiger Verpackungsprodukte mit erfolgreicher Anwendung und einem zufriedenen Kundenstamm sind das R\u00fcckgrat unseres Unternehmens.<\/p>\n<p>Die von Tilak Polypack Pvt. Ltd. hergestellten Produkte umfassen: Hips-Versiegelungsfolie, Maschinenstretchfolie, Oberfl\u00e4chenschutzfolie, flexibles Verpackungsmaterial, laminierte Beutel, Milchverpackungsfolie, Wasserverpackungsfolie, Sammelschrumpffolie und vieles mehr.[\/vc_column_text][\/vc_column_inner][\/vc_row_inner][\/vc_column][\/vc_row][vc_row ts_bgcolor=&#8221;grey&#8221; full_width=&#8221;stretch_row&#8221; css=&#8221;.vc_custom_1697013637499{padding-top: 70px !important;padding-bottom: 70px !important;background-color: #1d3982 !important;}&#8221; el_class=&#8221;ts-two-colum-view&#8221;][vc_column width=&#8221;1\/4&#8243;]\n<div class=\"ts-fid inside ts-fid-boxstyle-without-icon ts-fidbox-style-3\">\n\t<div class=\"ts-fld-contents\">\n\t\t<h3 class=\"ts-fid-inner\">\n\t\t\t\t\t\t<span\n\t\t\t\tdata-appear-animation = \"animateDigits\"\n\t\t\t\tdata-from             = \"0\"\n\t\t\t\tdata-to               = \"90\"\n\t\t\t\tdata-interval         = \"5\"\n\t\t\t\t>\n\t\t\t\t\t90\t\t\t<\/span>\n\t\t\t<sub>+<\/sub>\t\t<\/h3>\n\t\t<h6 class=\"ts-fid-title\"><span>FACILITIES<br><\/span><\/h6>\n\t<\/div><!-- .ts-fld-contents -->\n<\/div>\n\n[\/vc_column][vc_column width=&#8221;1\/4&#8243;]\n<div class=\"ts-fid inside ts-fid-boxstyle-without-icon ts-fidbox-style-3\">\n\t<div class=\"ts-fld-contents\">\n\t\t<h3 class=\"ts-fid-inner\">\n\t\t\t\t\t\t<span\n\t\t\t\tdata-appear-animation = \"animateDigits\"\n\t\t\t\tdata-from             = \"0\"\n\t\t\t\tdata-to               = \"750\"\n\t\t\t\tdata-interval         = \"5\"\n\t\t\t\t>\n\t\t\t\t\t750\t\t\t<\/span>\n\t\t\t<sub>+<\/sub>\t\t<\/h3>\n\t\t<h6 class=\"ts-fid-title\"><span>EMPLOYEES<br><\/span><\/h6>\n\t<\/div><!-- .ts-fld-contents -->\n<\/div>\n\n[\/vc_column][vc_column width=&#8221;1\/4&#8243;]\n<div class=\"ts-fid inside ts-fid-boxstyle-without-icon ts-fidbox-style-3\">\n\t<div class=\"ts-fld-contents\">\n\t\t<h3 class=\"ts-fid-inner\">\n\t\t\t\t\t\t<span\n\t\t\t\tdata-appear-animation = \"animateDigits\"\n\t\t\t\tdata-from             = \"0\"\n\t\t\t\tdata-to               = \"165\"\n\t\t\t\tdata-interval         = \"5\"\n\t\t\t\t>\n\t\t\t\t\t165\t\t\t<\/span>\n\t\t\t<sub>+<\/sub>\t\t<\/h3>\n\t\t<h6 class=\"ts-fid-title\"><span>MACHINE<br><\/span><\/h6>\n\t<\/div><!-- .ts-fld-contents -->\n<\/div>\n\n[\/vc_column][vc_column width=&#8221;1\/4&#8243;]\n<div class=\"ts-fid inside ts-fid-boxstyle-without-icon ts-fidbox-style-3\">\n\t<div class=\"ts-fld-contents\">\n\t\t<h3 class=\"ts-fid-inner\">\n\t\t\t\t\t\t<span\n\t\t\t\tdata-appear-animation = \"animateDigits\"\n\t\t\t\tdata-from             = \"0\"\n\t\t\t\tdata-to               = \"345\"\n\t\t\t\tdata-interval         = \"5\"\n\t\t\t\t>\n\t\t\t\t\t345\t\t\t<\/span>\n\t\t\t<sub>+<\/sub>\t\t<\/h3>\n\t\t<h6 class=\"ts-fid-title\"><span>GLOBAL PROJECTS<br><\/span><\/h6>\n\t<\/div><!-- .ts-fld-contents -->\n<\/div>\n\n[\/vc_column][\/vc_row][vc_row full_width=&#8221;stretch_row&#8221;][vc_column][vc_row_inner ts_responsive_css=&#8221;16851330|colbreak_no|||||||||colbreak_yes|||||||||colbreak_no||||||||||colbreak_no|||||||||&#8221;][vc_column_inner width=&#8221;1\/2&#8243; css=&#8221;.vc_custom_1697028102916{padding-top: 18px !important;padding-right: 0px !important;padding-left: 0px !important;}&#8221;]<div class=\"ts-single-image-wrapper \"><div class=\"ts-single-image-img-w ts_align_left\"><img decoding=\"async\" src=\"https:\/\/tilakpolypack.com\/de\/wp-content\/uploads\/2020\/02\/lidding-film.jpg\" class=\"ts-single-image-img\" alt=\"\" \/><\/div><\/div>[\/vc_column_inner][vc_column_inner width=&#8221;1\/2&#8243; css=&#8221;.vc_custom_1696573480407{padding-top: 50px !important;padding-left: 50px !important;}&#8221; ts_responsive_css=&#8221;83777515|colbreak_no|||||||||colbreak_no|||||20|20||20|colbreak_no||||||||||colbreak_no|||||||||&#8221;]<div class=\"ts-element-heading-wrapper ts-heading-inner ts-element-align-left ts-seperator-none \"><section class=\"ts-vc_cta3-container\"><div class=\"ts-vc_general ts-vc_cta3 ts-cta3-only ts-vc_cta3-style-classic ts-vc_cta3-shape-rounded ts-vc_cta3-align-left ts-vc_cta3-color-transparent ts-vc_cta3-icon-size-md ts-vc_cta3-actions-no ts-cta3-without-desc\"><div class=\"ts-vc_cta3_content-container\"><div class=\"ts-vc_cta3-content\"><div class=\"ts-vc_cta3-content-header ts-wrap\"><div class=\"ts-vc_cta3-headers ts-wrap-cell\"><h2 style=\"font-size:36px;line-height:46px;\" class=\"ts-custom-heading \" ><\/p>\n<h1>Lebensmitteltaugliches Verpackungsmaterial<\/h1>\n<p><\/h2>\n<\/div><\/div><\/div><\/div><\/div><\/section><\/div> <!-- .ts-element-heading-wrapper container --> [vc_column_text]Alle von uns hergestellten Verpackungsmaterialien werden einer Qualit\u00e4tspr\u00fcfung unterzogen und aus hochwertigen Rohstoffen hergestellt. Nach der Herstellung werden sie als lebensmittelecht gekennzeichnet.<\/p>\n<p>Als einer der gr\u00f6\u00dften Anbieter von Verpackungsprodukten in Indien und weltweit hat Tilak Polypack Pvt. Ltd. daf\u00fcr gesorgt, dass den Kunden nur das Beste geboten wird \u2013 dank modernster Technik und einem Team aus erfahrenen Experten.[\/vc_column_text][\/vc_column_inner][\/vc_row_inner][vc_row_inner ts_bgcolor=&#8221;skincolor&#8221; equal_height=&#8221;yes&#8221; ts_responsive_css=&#8221;67104211|colbreak_no|||||||||colbreak_yes|||||||||colbreak_no||||||||||colbreak_no|||||||||&#8221;][vc_column_inner width=&#8221;1\/2&#8243; css=&#8221;.vc_custom_1531890391922{padding-top: 60px !important;padding-right: 60px !important;padding-left: 45px !important;}&#8221; ts_responsive_css=&#8221;91393759|colbreak_no|||||||||colbreak_no|||||20|20||20|colbreak_no||||||||||colbreak_no|||||||||&#8221;]<div class=\"ts-element-heading-wrapper ts-heading-inner ts-element-align-left ts-seperator-none \"><section class=\"ts-vc_cta3-container\"><div class=\"ts-vc_general ts-vc_cta3 ts-cta3-only ts-vc_cta3-style-classic ts-vc_cta3-shape-rounded ts-vc_cta3-align-left ts-vc_cta3-color-transparent ts-vc_cta3-icon-size-md ts-vc_cta3-actions-no ts-cta3-with-desc\"><div class=\"ts-vc_cta3_content-container\"><div class=\"ts-vc_cta3-content\"><div class=\"ts-vc_cta3-content-header ts-wrap\"><div class=\"ts-vc_cta3-headers ts-wrap-cell\"><h2 style=\"font-size:30px;line-height:40px;font-family:'Oswald',Arial,Helvetica;font-weight:500;\" class=\"ts-custom-heading \" >Lebensmittelverpackungen Indien<\/h2>\n<\/div><\/div><div class=\"ts-cta3-content-wrapper\"><p>Wir liefern Lebensmittelverpackungsmaterialien gem\u00e4\u00df den Anforderungen unserer Kunden in Indien und weltweit. Wir passen die Verpackungsprodukte gem\u00e4\u00df den Vorgaben unserer Kunden an, um deren maximale Zufriedenheit zu gew\u00e4hrleisten.<\/p>\n<p>Durch den Einsatz modernster Technologie stellen wir sicher, dass die Qualit\u00e4t unserer Verpackungsprodukte bei der Herstellung niemals beeintr\u00e4chtigt wird. Wir verf\u00fcgen \u00fcber eine Vielzahl exklusiver Designmuster, aus denen der Kunde das Verpackungsdesign ausw\u00e4hlen kann, das seinen Anforderungen am besten entspricht. Unser Verpackungsmaterial verf\u00fcgt \u00fcber Eigenschaften wie Mehrfachbarriere-Versiegelung, eine gute, intakte Versiegelung sorgt f\u00fcr eine l\u00e4ngere Frische der Lebensmittel. Wir bieten bedruckte Verpackungsmaterialien an, die mit Ihrem Firmenlogo, Ihren Farben und Designs versehen werden k\u00f6nnen.<\/p>\n<p>Das von uns verwendete Verpackungsmaterial ist von h\u00f6chster Qualit\u00e4t, da wir in Indien nur das Beste f\u00fcr Lebensmittelverpackungen verwenden.<\/p><\/div><\/div><\/div><\/div><\/section><\/div> <!-- .ts-element-heading-wrapper container --> [\/vc_column_inner][vc_column_inner width=&#8221;1\/2&#8243; css=&#8221;.vc_custom_1531890348498{padding-right: 0px !important;padding-left: 0px !important;}&#8221; ts_responsive_css=&#8221;64046217|colbreak_no|||||||||colbreak_no|||||||||colbreak_no||||||||||colbreak_no|||||||||&#8221;]<div class=\"ts-single-image-wrapper Img-1\"><div class=\"ts-single-image-img-w ts_align_left\"><img decoding=\"async\" src=\"https:\/\/tilakpolypack.com\/de\/wp-content\/uploads\/2023\/10\/product-4.png\" class=\"ts-single-image-img\" alt=\"\" \/><\/div><\/div>[\/vc_column_inner][\/vc_row_inner][vc_row_inner css=&#8221;.vc_custom_1696575319168{background-image: url(https:\/\/tilakpolypack.com\/de\/wp-content\/uploads\/2023\/10\/product-bg.png?id=2001) !important;}&#8221;][vc_column_inner width=&#8221;1\/2&#8243; css=&#8221;.vc_custom_1696576349065{padding-right: 0px !important;padding-left: 0px !important;}&#8221;]<div class=\"ts-single-image-wrapper \"><div class=\"ts-single-image-img-w ts_align_right\"><img decoding=\"async\" src=\"https:\/\/tilakpolypack.com\/de\/wp-content\/uploads\/2023\/09\/87fda29b15.jpg\" class=\"ts-single-image-img\" alt=\"\" \/><\/div><\/div>[\/vc_column_inner][vc_column_inner width=&#8221;1\/2&#8243; css=&#8221;.vc_custom_1696576414745{padding-top: 50px !important;padding-left: 50px !important;}&#8221;][vc_column_text]<\/p>\n<h1>Verpackungsmaterial Indien<\/h1>\n<p>[\/vc_column_text][vc_column_text]<\/p>\n<p style=\"text-align: left;\">Indien ist ein idealer Standort f\u00fcr Hersteller von Verpackungsmaterialien. Tilak Polypack Pvt. Ltd. ist hier f\u00fchrend in der Verpackungsindustrie und bietet hervorragende Verpackungsl\u00f6sungen, die den vielf\u00e4ltigen Anforderungen der Industrie gerecht werden.<\/p>\n<p style=\"text-align: left;\">Nachdem Tilak Polypack in der Verpackungsindustrie an Dynamik gewonnen hat, hat das Unternehmen neue Ideen und Strategien eingef\u00fchrt, um Verpackungen f\u00fcr Lebensmittel, Pharmazeutika und viele andere Branchen einfacher und sicherer zu machen.<\/p>\n<p>[\/vc_column_text][\/vc_column_inner][\/vc_row_inner][\/vc_column][\/vc_row][vc_row gap=&#8221;30&#8243; post_type=&#8221;ids&#8221; max_items=&#8221;10&#8243; style=&#8221;all&#8221; items_per_page=&#8221;10&#8243; show_filter=&#8221;&#8221; element_width=&#8221;3&#8243; orderby=&#8221;date&#8221; order=&#8221;DESC&#8221; filter_style=&#8221;default&#8221; filter_default_title=&#8221;All&#8221; filter_align=&#8221;center&#8221; filter_color=&#8221;grey&#8221; filter_size=&#8221;md&#8221; arrows_design=&#8221;none&#8221; arrows_position=&#8221;inside&#8221; arrows_color=&#8221;blue&#8221; paging_design=&#8221;radio_dots&#8221; paging_color=&#8221;grey&#8221; loop=&#8221;&#8221; autoplay=&#8221;-1&#8243; item=&#8221;8715&#8243; initial_loading_animation=&#8221;fadeIn&#8221; button_style=&#8221;&#8221; button_color=&#8221;&#8221; button_size=&#8221;&#8221; btn_title=&#8221;Load more&#8221; btn_style=&#8221;flat&#8221; btn_gradient_color_1=&#8221;turquoise&#8221; btn_gradient_color_2=&#8221;blue&#8221; btn_gradient_custom_color_1=&#8221;#dd3333&#8243; btn_gradient_custom_color_2=&#8221;#eeee22&#8243; btn_gradient_text_color=&#8221;#ffffff&#8221; btn_custom_background=&#8221;#ededed&#8221; btn_custom_text=&#8221;#666&#8243; btn_outline_custom_color=&#8221;#666&#8243; btn_outline_custom_hover_background=&#8221;#666&#8243; btn_outline_custom_hover_text=&#8221;#fff&#8221; btn_shape=&#8221;rounded&#8221; btn_color=&#8221;blue&#8221; btn_size=&#8221;md&#8221; btn_align=&#8221;inline&#8221; btn_button_block=&#8221;&#8221; btn_add_icon=&#8221;&#8221; btn_i_align=&#8221;left&#8221; btn_i_type=&#8221;fontawesome&#8221; btn_i_icon_fontawesome=&#8221;fas fa-adjust&#8221; btn_i_icon_openiconic=&#8221;vc-oi vc-oi-dial&#8221; btn_i_icon_typicons=&#8221;typcn typcn-adjust-brightness&#8221; btn_i_icon_entypo=&#8221;entypo-icon entypo-icon-note&#8221; btn_i_icon_linecons=&#8221;vc_li vc_li-heart&#8221; btn_i_icon_monosocial=&#8221;vc-mono vc-mono-fivehundredpx&#8221; btn_i_icon_material=&#8221;vc-material vc-material-cake&#8221; btn_i_icon_pixelicons=&#8221;vc_pixel_icon vc_pixel_icon-alert&#8221; btn_custom_onclick=&#8221;&#8221; grid_id=&#8221;vc_gid:1697010165681-fadb3c4b-ed2b-9&#8243; include=&#8221;7292, 7288, 7296, 7269, 64, 65, 7402, 8838&#8243; custom_query=&#8221;&#8221; taxonomies=&#8221;&#8221; meta_key=&#8221;&#8221; offset=&#8221;&#8221; exclude=&#8221;&#8221; filter_source=&#8221;category&#8221; exclude_filter=&#8221;&#8221; paging_animation_in=&#8221;&#8221; paging_animation_out=&#8221;&#8221; btn_el_id=&#8221;&#8221; btn_custom_onclick_code=&#8221;&#8221;][vc_column][vc_basic_grid post_type=&#8221;ids&#8221; element_width=&#8221;3&#8243; item=&#8221;8715&#8243; grid_id=&#8221;vc_gid:1756189819826-faf1595e916f56ed920da29d3d23e3cc-3&#8243; include=&#8221;7292, 7288, 7296, 7269, 64, 65, 7402, 8838&#8243;][\/vc_column][\/vc_row]<\/p>\n<\/section>","protected":false},"excerpt":{"rendered":"<p>[vc_row full_width=&#8221;stretch_row&#8221; css=&#8221;.vc_custom_1696573165863{background-image: url(https:\/\/tilakpolypack.com\/de\/wp-content\/uploads\/2023\/10\/product-bg.png?id=2001) !important;}&#8221;][vc_column][vc_row_inner][vc_column_inner][vc_column_text] Multilayer Films [\/vc_column_text][vc_separator][\/vc_column_inner][\/vc_row_inner][vc_row_inner][vc_column_inner][vc_column_text css=&#8221;.vc_custom_1756128243013{padding-top: 0px !important;padding-bottom: 0px !important;}&#8221;]Gegr\u00fcndet im Jahr 1995, sind wir, \u201eTilak Polypack Private Limited\u201c, eines der f\u00fchrenden Unternehmen, das sich mit der Herstellung, Lieferung und dem Export einer breiten Palette von Mehrschichtfolien und flexiblen Laminaten in Rollen und Beuteln besch\u00e4ftigt. Unser Sortiment umfasst unbedruckte PE-Folien, bedruckte PE-Folien, &hellip; <a href=\"https:\/\/tilakpolypack.com\/de\/produkte\/\" class=\"more-link\">Continue reading <span class=\"screen-reader-text\">Produkte<\/span><\/a><\/p>\n","protected":false},"author":1,"featured_media":0,"parent":0,"menu_order":17,"comment_status":"closed","ping_status":"closed","template":"","meta":{"_acf_changed":false,"om_disable_all_campaigns":false,"_monsterinsights_skip_tracking":false,"_monsterinsights_sitenote_active":false,"_monsterinsights_sitenote_note":"","_monsterinsights_sitenote_category":0,"_uf_show_specific_survey":0,"_uf_disable_surveys":false,"footnotes":""},"class_list":["post-6157","page","type-page","status-publish","hentry"],"acf":[],"yoast_head":"<!-- This site is optimized with the Yoast SEO plugin v22.3 - https:\/\/yoast.com\/wordpress\/plugins\/seo\/ -->\n<title>Produkte - Tilak Polypack<\/title>\n<meta name=\"description\" content=\"Wir sind ein Hersteller von Verpackungsmaterialien, der Lebensmittelverpackungsmaterialien in Indien anbietet. Wir sind im ganzen Land t\u00e4tig und haben uns durch zufriedene Kunden einen guten Ruf erarbeitet.\" \/>\n<meta name=\"robots\" content=\"index, follow, max-snippet:-1, max-image-preview:large, max-video-preview:-1\" \/>\n<link rel=\"canonical\" href=\"https:\/\/tilakpolypack.com\/de\/produkte\/\" \/>\n<meta property=\"og:locale\" content=\"en_US\" \/>\n<meta property=\"og:type\" content=\"article\" \/>\n<meta property=\"og:title\" content=\"Produkte - Tilak Polypack\" \/>\n<meta property=\"og:description\" content=\"Wir sind ein Hersteller von Verpackungsmaterialien, der Lebensmittelverpackungsmaterialien in Indien anbietet. Wir sind im ganzen Land t\u00e4tig und haben uns durch zufriedene Kunden einen guten Ruf erarbeitet.\" \/>\n<meta property=\"og:url\" content=\"https:\/\/tilakpolypack.com\/de\/produkte\/\" \/>\n<meta property=\"og:site_name\" content=\"Tilak Polypack\" \/>\n<meta property=\"article:modified_time\" content=\"2025-08-26T06:31:14+00:00\" \/>\n<meta name=\"twitter:card\" content=\"summary_large_image\" \/>\n<meta name=\"twitter:label1\" content=\"Est. reading time\" \/>\n\t<meta name=\"twitter:data1\" content=\"4 minutes\" \/>\n<script type=\"application\/ld+json\" class=\"yoast-schema-graph\">{\"@context\":\"https:\/\/schema.org\",\"@graph\":[{\"@type\":\"WebPage\",\"@id\":\"https:\/\/tilakpolypack.com\/de\/produkte\/\",\"url\":\"https:\/\/tilakpolypack.com\/de\/produkte\/\",\"name\":\"Produkte - Tilak Polypack\",\"isPartOf\":{\"@id\":\"https:\/\/tilakpolypack.com\/de\/#website\"},\"datePublished\":\"2018-07-09T08:20:12+00:00\",\"dateModified\":\"2025-08-26T06:31:14+00:00\",\"description\":\"Wir sind ein Hersteller von Verpackungsmaterialien, der Lebensmittelverpackungsmaterialien in Indien anbietet. Wir sind im ganzen Land t\u00e4tig und haben uns durch zufriedene Kunden einen guten Ruf erarbeitet.\",\"inLanguage\":\"en-US\",\"potentialAction\":[{\"@type\":\"ReadAction\",\"target\":[\"https:\/\/tilakpolypack.com\/de\/produkte\/\"]}]},{\"@type\":\"WebSite\",\"@id\":\"https:\/\/tilakpolypack.com\/de\/#website\",\"url\":\"https:\/\/tilakpolypack.com\/de\/\",\"name\":\"Tilak Polypack\",\"description\":\"\",\"potentialAction\":[{\"@type\":\"SearchAction\",\"target\":{\"@type\":\"EntryPoint\",\"urlTemplate\":\"https:\/\/tilakpolypack.com\/de\/?s={search_term_string}\"},\"query-input\":\"required name=search_term_string\"}],\"inLanguage\":\"en-US\"}]}<\/script>\n<!-- \/ Yoast SEO plugin. -->","yoast_head_json":{"title":"Produkte - Tilak Polypack","description":"Wir sind ein Hersteller von Verpackungsmaterialien, der Lebensmittelverpackungsmaterialien in Indien anbietet. Wir sind im ganzen Land t\u00e4tig und haben uns durch zufriedene Kunden einen guten Ruf erarbeitet.","robots":{"index":"index","follow":"follow","max-snippet":"max-snippet:-1","max-image-preview":"max-image-preview:large","max-video-preview":"max-video-preview:-1"},"canonical":"https:\/\/tilakpolypack.com\/de\/produkte\/","og_locale":"en_US","og_type":"article","og_title":"Produkte - Tilak Polypack","og_description":"Wir sind ein Hersteller von Verpackungsmaterialien, der Lebensmittelverpackungsmaterialien in Indien anbietet. Wir sind im ganzen Land t\u00e4tig und haben uns durch zufriedene Kunden einen guten Ruf erarbeitet.","og_url":"https:\/\/tilakpolypack.com\/de\/produkte\/","og_site_name":"Tilak Polypack","article_modified_time":"2025-08-26T06:31:14+00:00","twitter_card":"summary_large_image","twitter_misc":{"Est. reading time":"4 minutes"},"schema":{"@context":"https:\/\/schema.org","@graph":[{"@type":"WebPage","@id":"https:\/\/tilakpolypack.com\/de\/produkte\/","url":"https:\/\/tilakpolypack.com\/de\/produkte\/","name":"Produkte - Tilak Polypack","isPartOf":{"@id":"https:\/\/tilakpolypack.com\/de\/#website"},"datePublished":"2018-07-09T08:20:12+00:00","dateModified":"2025-08-26T06:31:14+00:00","description":"Wir sind ein Hersteller von Verpackungsmaterialien, der Lebensmittelverpackungsmaterialien in Indien anbietet. Wir sind im ganzen Land t\u00e4tig und haben uns durch zufriedene Kunden einen guten Ruf erarbeitet.","inLanguage":"en-US","potentialAction":[{"@type":"ReadAction","target":["https:\/\/tilakpolypack.com\/de\/produkte\/"]}]},{"@type":"WebSite","@id":"https:\/\/tilakpolypack.com\/de\/#website","url":"https:\/\/tilakpolypack.com\/de\/","name":"Tilak Polypack","description":"","potentialAction":[{"@type":"SearchAction","target":{"@type":"EntryPoint","urlTemplate":"https:\/\/tilakpolypack.com\/de\/?s={search_term_string}"},"query-input":"required name=search_term_string"}],"inLanguage":"en-US"}]}},"_links":{"self":[{"href":"https:\/\/tilakpolypack.com\/de\/wp-json\/wp\/v2\/pages\/6157","targetHints":{"allow":["GET"]}}],"collection":[{"href":"https:\/\/tilakpolypack.com\/de\/wp-json\/wp\/v2\/pages"}],"about":[{"href":"https:\/\/tilakpolypack.com\/de\/wp-json\/wp\/v2\/types\/page"}],"author":[{"embeddable":true,"href":"https:\/\/tilakpolypack.com\/de\/wp-json\/wp\/v2\/users\/1"}],"replies":[{"embeddable":true,"href":"https:\/\/tilakpolypack.com\/de\/wp-json\/wp\/v2\/comments?post=6157"}],"version-history":[{"count":3,"href":"https:\/\/tilakpolypack.com\/de\/wp-json\/wp\/v2\/pages\/6157\/revisions"}],"predecessor-version":[{"id":10160,"href":"https:\/\/tilakpolypack.com\/de\/wp-json\/wp\/v2\/pages\/6157\/revisions\/10160"}],"wp:attachment":[{"href":"https:\/\/tilakpolypack.com\/de\/wp-json\/wp\/v2\/media?parent=6157"}],"curies":[{"name":"wp","href":"https:\/\/api.w.org\/{rel}","templated":true}]}}