{"id":1181,"date":"2019-11-04T11:28:54","date_gmt":"2019-11-04T11:28:54","guid":{"rendered":"https:\/\/tilakpolypack.com\/de\/?page_id=1181"},"modified":"2025-08-25T12:20:56","modified_gmt":"2025-08-25T12:20:56","slug":"datenschutzerklarung","status":"publish","type":"page","link":"https:\/\/tilakpolypack.com\/de\/datenschutzerklarung\/","title":{"rendered":"Datenschutzerkl\u00e4rung"},"content":{"rendered":"<section class=\"wpb-content-wrapper\"><p>[vc_row][vc_column][vc_column_text]<\/p>\n<h1>Datenschutzerkl\u00e4rung von Tilak Polypack Pvt. Ltd.<\/h1>\n<p>&nbsp;<\/p>\n<p><span class=\"highlight preview_company_name\">Tilak Polypack Pvt. Ltd.<\/span>\u00a0betreibt die\u00a0<span class=\"highlight preview_website_name\">tilakpolypack<\/span> Website, die den SERVICE anbietet.<\/p>\n<p>Diese Seite dient dazu, Website-Besucher \u00fcber unsere Richtlinien zur Erfassung, Verwendung und Weitergabe personenbezogener Daten zu informieren, wenn jemand sich entscheidet, unseren Service, die Website <span class=\"highlight preview_website_name\">tilakpolypack<\/span>, zu nutzen.<\/p>\n<p>Wenn Sie sich f\u00fcr die Nutzung unseres Dienstes entscheiden, stimmen Sie der Erfassung und Verwendung von Daten im Zusammenhang mit dieser Richtlinie zu. Die von uns erfassten personenbezogenen Daten werden zur Bereitstellung und Verbesserung des Dienstes verwendet. Wir werden Ihre Daten nicht verwenden oder an Dritte weitergeben, au\u00dfer wie in dieser Datenschutzrichtlinie beschrieben.<\/p>\n<p>Die in dieser Datenschutzerkl\u00e4rung verwendeten Begriffe haben dieselbe Bedeutung wie in unseren Allgemeinen Gesch\u00e4ftsbedingungen, die unter <span class=\"highlight preview_website_url\">https:\/\/tilakpolypack.com\/de<\/span> abgerufen werden k\u00f6nnen, sofern in dieser Datenschutzerkl\u00e4rung nichts anderes definiert ist.<\/p>\n<h1>Erhebung und Verwendung von Informationen<\/h1>\n<p>Um Ihnen eine bessere Nutzung unseres Dienstes zu erm\u00f6glichen, bitten wir Sie m\u00f6glicherweise um die Angabe bestimmter personenbezogener Daten, darunter unter anderem Ihren Namen, Ihre Telefonnummer und Ihre Postanschrift. Die von uns erfassten Daten werden verwendet, um Sie zu kontaktieren oder zu identifizieren.<\/p>\n<h1>Protokolldaten<\/h1>\n<p>Wir m\u00f6chten Sie dar\u00fcber informieren, dass wir bei jedem Besuch unseres Dienstes Informationen sammeln, die Ihr Browser an uns sendet und die als Protokolldaten bezeichnet werden. Diese Protokolldaten k\u00f6nnen Informationen wie die Internetprotokolladresse (\u201eIP-Adresse\u201c) Ihres Computers, die Browserversion, die von Ihnen besuchten Seiten unseres Dienstes, die Uhrzeit und das Datum Ihres Besuchs, die auf diesen Seiten verbrachte Zeit und andere statistische Daten enthalten.<\/p>\n<h1>Cookies<\/h1>\n<p>Cookies sind Dateien mit kleinen Datenmengen, die h\u00e4ufig als anonyme eindeutige Kennung verwendet werden. Diese werden von der Website, die Sie besuchen, an Ihren Browser gesendet und auf der Festplatte Ihres Computers gespeichert.<\/p>\n<p>Unsere Website verwendet diese \u201eCookies\u201c, um Informationen zu sammeln und unseren Service zu verbessern. Sie haben die M\u00f6glichkeit, diese Cookies entweder zu akzeptieren oder abzulehnen und zu erfahren, wann ein Cookie an Ihren Computer gesendet wird. Wenn Sie sich daf\u00fcr entscheiden, unsere Cookies abzulehnen, k\u00f6nnen Sie m\u00f6glicherweise einige Teile unseres Service nicht nutzen.<\/p>\n<h1>Dienstleister<\/h1>\n<p>Wir k\u00f6nnen aus folgenden Gr\u00fcnden Drittunternehmen und Einzelpersonen beauftragen:<\/p>\n<ul>\n<li>Zur Erleichterung unseres Dienstes;<\/li>\n<li>Um den Dienst in unserem Namen bereitzustellen;<\/li>\n<li>Zur Erbringung von Dienstleistungen im Zusammenhang mit dem Service; oder<\/li>\n<li>Um uns bei der Analyse der Nutzung unseres Dienstes zu unterst\u00fctzen.<\/li>\n<\/ul>\n<p>Wir m\u00f6chten die Nutzer unseres Dienstes dar\u00fcber informieren, dass diese Dritten Zugriff auf Ihre personenbezogenen Daten haben. Der Grund daf\u00fcr ist, dass sie die ihnen von uns \u00fcbertragenen Aufgaben ausf\u00fchren. Sie sind jedoch verpflichtet, die Daten nicht weiterzugeben oder f\u00fcr andere Zwecke zu verwenden.<\/p>\n<h1>Sicherheit<\/h1>\n<p>Wir sch\u00e4tzen Ihr Vertrauen, das Sie uns mit der Bereitstellung Ihrer personenbezogenen Daten entgegenbringen, und bem\u00fchen uns daher, diese mit wirtschaftlich vertretbaren Mitteln zu sch\u00fctzen. Beachten Sie jedoch, dass keine Methode der \u00dcbertragung \u00fcber das Internet oder der elektronischen Speicherung zu 100 % sicher und zuverl\u00e4ssig ist und wir keine absolute Sicherheit garantieren k\u00f6nnen.<\/p>\n<h3>Links zu anderen Websites<\/h3>\n<p>Unser Service kann Links zu anderen Websites enthalten. Wenn Sie auf einen Link eines Drittanbieters klicken, werden Sie zu dieser Website weitergeleitet. Bitte beachten Sie, dass diese externen Websites nicht von uns betrieben werden. Wir empfehlen Ihnen daher dringend, die Datenschutzrichtlinien dieser Websites zu \u00fcberpr\u00fcfen. Wir haben keine Kontrolle \u00fcber den Inhalt, die Datenschutzrichtlinien oder die Praktiken von Websites oder Diensten Dritter und \u00fcbernehmen keine Verantwortung daf\u00fcr.<\/p>\n<p>Datenschutz f\u00fcr Kinder<\/p>\n<p>Unsere Dienste richten sich nicht an Personen unter 13 Jahren. Wir sammeln wissentlich keine personenbezogenen Daten von Kindern unter 13 Jahren. Sollten wir feststellen, dass ein Kind unter 13 Jahren uns personenbezogene Daten zur Verf\u00fcgung gestellt hat, l\u00f6schen wir diese unverz\u00fcglich von unseren Servern. Wenn Sie als Elternteil oder Erziehungsberechtigter feststellen, dass Ihr Kind uns personenbezogene Daten zur Verf\u00fcgung gestellt hat, kontaktieren Sie uns bitte, damit wir die erforderlichen Ma\u00dfnahmen ergreifen k\u00f6nnen.<\/p>\n<h1>\u00c4nderungen dieser Datenschutzerkl\u00e4rung<\/h1>\n<p>Wir k\u00f6nnen unsere Datenschutzerkl\u00e4rung von Zeit zu Zeit aktualisieren. Wir empfehlen Ihnen daher, diese Seite regelm\u00e4\u00dfig auf \u00c4nderungen zu \u00fcberpr\u00fcfen. Wir werden Sie \u00fcber alle \u00c4nderungen informieren, indem wir die neue Datenschutzerkl\u00e4rung auf dieser Seite ver\u00f6ffentlichen. Diese \u00c4nderungen treten sofort nach ihrer Ver\u00f6ffentlichung auf dieser Seite in Kraft.<\/p>\n<h1>Kontaktieren Sie uns<\/h1>\n<p>Wenn Sie Fragen oder Anregungen zu unserer Datenschutzerkl\u00e4rung haben, z\u00f6gern Sie bitte nicht, uns zu kontaktieren.[\/vc_column_text][\/vc_column][\/vc_row]<\/p>\n<\/section>","protected":false},"excerpt":{"rendered":"<p>[vc_row][vc_column][vc_column_text] Datenschutzerkl\u00e4rung von Tilak Polypack Pvt. Ltd. &nbsp; Tilak Polypack Pvt. Ltd.\u00a0betreibt die\u00a0tilakpolypack Website, die den SERVICE anbietet. Diese Seite dient dazu, Website-Besucher \u00fcber unsere Richtlinien zur Erfassung, Verwendung und Weitergabe personenbezogener Daten zu informieren, wenn jemand sich entscheidet, unseren Service, die Website tilakpolypack, zu nutzen. Wenn Sie sich f\u00fcr die Nutzung unseres Dienstes entscheiden, &hellip; <a href=\"https:\/\/tilakpolypack.com\/de\/datenschutzerklarung\/\" class=\"more-link\">Continue reading <span class=\"screen-reader-text\">Datenschutzerkl\u00e4rung<\/span><\/a><\/p>\n","protected":false},"author":1,"featured_media":0,"parent":0,"menu_order":0,"comment_status":"closed","ping_status":"closed","template":"","meta":{"_acf_changed":false,"om_disable_all_campaigns":false,"_monsterinsights_skip_tracking":false,"_monsterinsights_sitenote_active":false,"_monsterinsights_sitenote_note":"","_monsterinsights_sitenote_category":0,"_uf_show_specific_survey":0,"_uf_disable_surveys":false,"footnotes":""},"class_list":["post-1181","page","type-page","status-publish","hentry"],"acf":[],"yoast_head":"<!-- This site is optimized with the Yoast SEO plugin v22.3 - https:\/\/yoast.com\/wordpress\/plugins\/seo\/ -->\n<title>Datenschutzerkl\u00e4rung - Tilak Polypack<\/title>\n<meta name=\"robots\" content=\"index, follow, max-snippet:-1, max-image-preview:large, max-video-preview:-1\" \/>\n<link rel=\"canonical\" href=\"https:\/\/tilakpolypack.com\/de\/datenschutzerklarung\/\" \/>\n<meta property=\"og:locale\" content=\"en_US\" \/>\n<meta property=\"og:type\" content=\"article\" \/>\n<meta property=\"og:title\" content=\"Datenschutzerkl\u00e4rung - Tilak Polypack\" \/>\n<meta property=\"og:description\" content=\"[vc_row][vc_column][vc_column_text] Datenschutzerkl\u00e4rung von Tilak Polypack Pvt. Ltd. &nbsp; Tilak Polypack Pvt. Ltd.\u00a0betreibt die\u00a0tilakpolypack Website, die den SERVICE anbietet. Diese Seite dient dazu, Website-Besucher \u00fcber unsere Richtlinien zur Erfassung, Verwendung und Weitergabe personenbezogener Daten zu informieren, wenn jemand sich entscheidet, unseren Service, die Website tilakpolypack, zu nutzen. Wenn Sie sich f\u00fcr die Nutzung unseres Dienstes entscheiden, &hellip; Continue reading Datenschutzerkl\u00e4rung\" \/>\n<meta property=\"og:url\" content=\"https:\/\/tilakpolypack.com\/de\/datenschutzerklarung\/\" \/>\n<meta property=\"og:site_name\" content=\"Tilak Polypack\" \/>\n<meta property=\"article:modified_time\" content=\"2025-08-25T12:20:56+00:00\" \/>\n<meta name=\"twitter:card\" content=\"summary_large_image\" \/>\n<meta name=\"twitter:label1\" content=\"Est. reading time\" \/>\n\t<meta name=\"twitter:data1\" content=\"3 minutes\" \/>\n<script type=\"application\/ld+json\" class=\"yoast-schema-graph\">{\"@context\":\"https:\/\/schema.org\",\"@graph\":[{\"@type\":\"WebPage\",\"@id\":\"https:\/\/tilakpolypack.com\/de\/datenschutzerklarung\/\",\"url\":\"https:\/\/tilakpolypack.com\/de\/datenschutzerklarung\/\",\"name\":\"Datenschutzerkl\u00e4rung - Tilak Polypack\",\"isPartOf\":{\"@id\":\"https:\/\/tilakpolypack.com\/de\/#website\"},\"datePublished\":\"2019-11-04T11:28:54+00:00\",\"dateModified\":\"2025-08-25T12:20:56+00:00\",\"inLanguage\":\"en-US\",\"potentialAction\":[{\"@type\":\"ReadAction\",\"target\":[\"https:\/\/tilakpolypack.com\/de\/datenschutzerklarung\/\"]}]},{\"@type\":\"WebSite\",\"@id\":\"https:\/\/tilakpolypack.com\/de\/#website\",\"url\":\"https:\/\/tilakpolypack.com\/de\/\",\"name\":\"Tilak Polypack\",\"description\":\"\",\"potentialAction\":[{\"@type\":\"SearchAction\",\"target\":{\"@type\":\"EntryPoint\",\"urlTemplate\":\"https:\/\/tilakpolypack.com\/de\/?s={search_term_string}\"},\"query-input\":\"required name=search_term_string\"}],\"inLanguage\":\"en-US\"}]}<\/script>\n<!-- \/ Yoast SEO plugin. -->","yoast_head_json":{"title":"Datenschutzerkl\u00e4rung - Tilak Polypack","robots":{"index":"index","follow":"follow","max-snippet":"max-snippet:-1","max-image-preview":"max-image-preview:large","max-video-preview":"max-video-preview:-1"},"canonical":"https:\/\/tilakpolypack.com\/de\/datenschutzerklarung\/","og_locale":"en_US","og_type":"article","og_title":"Datenschutzerkl\u00e4rung - Tilak Polypack","og_description":"[vc_row][vc_column][vc_column_text] Datenschutzerkl\u00e4rung von Tilak Polypack Pvt. Ltd. &nbsp; Tilak Polypack Pvt. Ltd.\u00a0betreibt die\u00a0tilakpolypack Website, die den SERVICE anbietet. Diese Seite dient dazu, Website-Besucher \u00fcber unsere Richtlinien zur Erfassung, Verwendung und Weitergabe personenbezogener Daten zu informieren, wenn jemand sich entscheidet, unseren Service, die Website tilakpolypack, zu nutzen. Wenn Sie sich f\u00fcr die Nutzung unseres Dienstes entscheiden, &hellip; Continue reading Datenschutzerkl\u00e4rung","og_url":"https:\/\/tilakpolypack.com\/de\/datenschutzerklarung\/","og_site_name":"Tilak Polypack","article_modified_time":"2025-08-25T12:20:56+00:00","twitter_card":"summary_large_image","twitter_misc":{"Est. reading time":"3 minutes"},"schema":{"@context":"https:\/\/schema.org","@graph":[{"@type":"WebPage","@id":"https:\/\/tilakpolypack.com\/de\/datenschutzerklarung\/","url":"https:\/\/tilakpolypack.com\/de\/datenschutzerklarung\/","name":"Datenschutzerkl\u00e4rung - Tilak Polypack","isPartOf":{"@id":"https:\/\/tilakpolypack.com\/de\/#website"},"datePublished":"2019-11-04T11:28:54+00:00","dateModified":"2025-08-25T12:20:56+00:00","inLanguage":"en-US","potentialAction":[{"@type":"ReadAction","target":["https:\/\/tilakpolypack.com\/de\/datenschutzerklarung\/"]}]},{"@type":"WebSite","@id":"https:\/\/tilakpolypack.com\/de\/#website","url":"https:\/\/tilakpolypack.com\/de\/","name":"Tilak Polypack","description":"","potentialAction":[{"@type":"SearchAction","target":{"@type":"EntryPoint","urlTemplate":"https:\/\/tilakpolypack.com\/de\/?s={search_term_string}"},"query-input":"required name=search_term_string"}],"inLanguage":"en-US"}]}},"_links":{"self":[{"href":"https:\/\/tilakpolypack.com\/de\/wp-json\/wp\/v2\/pages\/1181","targetHints":{"allow":["GET"]}}],"collection":[{"href":"https:\/\/tilakpolypack.com\/de\/wp-json\/wp\/v2\/pages"}],"about":[{"href":"https:\/\/tilakpolypack.com\/de\/wp-json\/wp\/v2\/types\/page"}],"author":[{"embeddable":true,"href":"https:\/\/tilakpolypack.com\/de\/wp-json\/wp\/v2\/users\/1"}],"replies":[{"embeddable":true,"href":"https:\/\/tilakpolypack.com\/de\/wp-json\/wp\/v2\/comments?post=1181"}],"version-history":[{"count":2,"href":"https:\/\/tilakpolypack.com\/de\/wp-json\/wp\/v2\/pages\/1181\/revisions"}],"predecessor-version":[{"id":10108,"href":"https:\/\/tilakpolypack.com\/de\/wp-json\/wp\/v2\/pages\/1181\/revisions\/10108"}],"wp:attachment":[{"href":"https:\/\/tilakpolypack.com\/de\/wp-json\/wp\/v2\/media?parent=1181"}],"curies":[{"name":"wp","href":"https:\/\/api.w.org\/{rel}","templated":true}]}}